{"id":10864,"date":"2018-06-11T15:35:02","date_gmt":"2018-06-11T14:35:02","guid":{"rendered":"https:\/\/www.apiagentura.gov.cz\/?page_id=10864"},"modified":"2019-06-21T10:12:08","modified_gmt":"2019-06-21T08:12:08","slug":"uspory-energie-v-szt-vyzva-iii","status":"publish","type":"page","link":"https:\/\/apiagentura.gov.cz\/cs\/programy-podpory\/uspory-energie-v-szt\/uspory-energie-v-szt-vyzva-iii\/","title":{"rendered":"\u00daspory energie v SZT &#8211; V\u00fdzva III"},"content":{"rendered":"<p><\/p>\n<h3>Upozorn\u011bn\u00ed pro \u017eadatele:<\/h3>\n<p><strong>Aktualizace ke dni 18.4.2019<\/strong><\/p>\n<p>V\u00e1\u017een\u00ed \u017eadatel\u00e9,<\/p>\n<p>z pokynu \u0158\u00edd\u00edc\u00edho org\u00e1nu si v\u00e1s dovolujeme informovat, \u017ee v\u00a0souvislosti s\u00a0chybn\u00fdm rozpadem financov\u00e1n\u00ed na \u017e\u00e1dostech o podporu a d\u00e9lce \u0159e\u0161en\u00ed tohoto probl\u00e9mu byl <strong>prodlou\u017een p\u0159\u00edjem \u017e\u00e1dost\u00ed o podporu u V\u00fdzvy III programu \u00daspory energie v SZT do 30. 4. 2019 do 12 hodin<\/strong>.<\/p>\n<p>Za zp\u016fsoben\u00e9 probl\u00e9my se omlouv\u00e1me.<\/p>\n<p><strong>Novinka z 1.4.2019:<\/strong><\/p>\n<p>V\u00e1\u017een\u00ed \u017eadatel\u00e9,<\/p>\n<p>z\u00a0titulu chybn\u00e9ho fungov\u00e1n\u00ed modulu pro rozpad financov\u00e1n\u00ed a nefunk\u010dn\u00edho v\u00fdb\u011bru re\u017eimu ve\u0159ejn\u00e9 podpory na \u00farovni pod\u00e1van\u00fdch projekt\u016f do V\u00fdzvy III programu \u00daspory energie v\u00a0SZT rozhodl poskytovatel dotace o <strong>prodlou\u017een\u00ed term\u00ednu pro pod\u00e1v\u00e1n\u00ed \u017e\u00e1dost\u00ed do 4. 4. 2019 (23:59:59), pokud nedojde do t\u00e9 doby k\u00a0n\u00e1prav\u011b a zprovozn\u011bn\u00ed modulu v\u00a0IS KP14+, bude lh\u016fta op\u011bt adekv\u00e1tn\u011b prodlou\u017eena.<\/strong><\/p>\n<p>Omlouv\u00e1me se za zp\u016fsoben\u00e9 probl\u00e9my.<\/p>\n<hr \/>\n<h3>Z\u00e1kladn\u00ed charakteristiky:<\/h3>\n<p><strong>Kdo m\u016f\u017ee \u017e\u00e1dat<\/strong>\u00a0(p\u0159\u00edjemci podpory):<\/p>\n<ul>\n<li>fyzick\u00e9 \u010di pr\u00e1vnick\u00e9 osoby na z\u00e1klad\u011b licence na v\u00fdrobu tepeln\u00e9 energie a\/nebo elektrick\u00e9 energie a licence na rozvod tepeln\u00e9 energie, kter\u00e9 ud\u011bluje Energetick\u00fd regula\u010dn\u00ed \u00fa\u0159ad (ER\u00da) podle \u00a7 5 z\u00e1kona \u010d. 458\/2000 Sb., o podm\u00ednk\u00e1ch podnik\u00e1n\u00ed a o v\u00fdkonu st\u00e1tn\u00ed spr\u00e1vy v energetick\u00fdch odv\u011btv\u00edch a o zm\u011bn\u011b n\u011bkter\u00fdch z\u00e1kon\u016f (energetick\u00fd z\u00e1kon) ve zn\u011bn\u00ed pozd\u011bj\u0161\u00edch p\u0159edpis\u016f<\/li>\n<li>v p\u0159\u00edpad\u011b, kdy \u017eadatel nen\u00ed vlastn\u00edkem licence na v\u00fdrobu tepeln\u00e9 energie a\/nebo elektrick\u00e9 energie, p\u0159edlo\u017e\u00ed \u017eadatel licenci na v\u00fdrobu tepeln\u00e9 energie a\/nebo elektrick\u00e9 energie a licenci na rozvod tepeln\u00e9 energie podle \u00a7 5 z\u00e1kona \u010d. 458\/2000 Sb. nejpozd\u011bji v dob\u011b pod\u00e1n\u00ed \u017e\u00e1dosti o platbu za posledn\u00ed etapu<\/li>\n<li>typy podporovan\u00fdch subjekt\u016f: Podnikatelsk\u00e9 subjekty, v\u010detn\u011b t\u011bch, kter\u00e9 jsou a\u017e ze 100 % vlastn\u011bny ve\u0159ejn\u00fdm sektorem<\/li>\n<\/ul>\n<p><strong>Kolik lze z\u00edskat na jeden projekt\u00a0<\/strong>(forma a v\u00fd\u0161e podpory):<\/p>\n<ul>\n<li>m\u00edra podpory:<\/li>\n<\/ul>\n<p>V p\u0159\u00edpad\u011b opat\u0159en\u00ed t\u00fdkaj\u00edc\u00ed se energeticky \u00fa\u010dinn\u00e9ho d\u00e1lkov\u00e9 vyt\u00e1p\u011bn\u00ed a chlazen\u00ed v\u010detn\u011b instalace plynov\u00fdch KVET\u00a0a pro projekty vyu\u017e\u00edvaj\u00edc\u00ed pouze podpory de minimis plat\u00ed:<\/p>\n<p>\u2013 je-li p\u0159\u00edjemcem mal\u00fd podnik, je podpora poskytov\u00e1na a\u017e do v\u00fd\u0161e 50 % ZV<\/p>\n<p>\u2013 je-li p\u0159\u00edjemcem st\u0159edn\u00ed podnik, je podpora poskytov\u00e1na a\u017e do v\u00fd\u0161e 45 % ZV<\/p>\n<p>\u2013 je-li p\u0159\u00edjemcem velk\u00fd podnik, je podpora poskytov\u00e1na a\u017e do v\u00fd\u0161e 40 % ZV<\/p>\n<ul>\n<li>m\u00edra podpory na Energetick\u00fd posudek a projektovou dokumentaci:<\/li>\n<\/ul>\n<p>\u2013 je-li p\u0159\u00edjemcem mal\u00fd podnik, je podpora poskytov\u00e1na a\u017e do v\u00fd\u0161e 50 % ZV<\/p>\n<p>\u2013 je-li p\u0159\u00edjemcem st\u0159edn\u00ed podnik, je podpora poskytov\u00e1na a\u017e do v\u00fd\u0161e 45 % ZV<\/p>\n<p>\u2013 je-li p\u0159\u00edjemcem velk\u00fd podnik, je podpora poskytov\u00e1na a\u017e do v\u00fd\u0161e 40 % ZV<\/p>\n<ul>\n<li>podpora na projekt je poskytov\u00e1na minim\u00e1ln\u011b ve v\u00fd\u0161i 0,5 mil. K\u010d a maxim\u00e1ln\u011b do v\u00fd\u0161e 500 mil. K\u010d,\u00a0av\u0161ak sou\u010dasn\u011b maxim\u00e1ln\u011b do v\u00fd\u0161e 20 mil. EUR<\/li>\n<li>maxim\u00e1ln\u00ed absolutn\u00ed v\u00fd\u0161e podpory na energetick\u00fd posudek podle \u00a7 9a odst. 1 pism. e) z\u00e1kona \u010d. 406\/2000 Sb., o hospoda\u0159en\u00ed energi\u00ed, v platn\u00e9m zn\u011bn\u00ed a energetick\u00fd posudek podle \u00a7 9a, odst. 1, p\u00edsmeno b), c) nebo d) z\u00e1kona \u010d.406\/2000 Sb. v platn\u00e9m zn\u011bn\u00ed \u010din\u00ed 350 tis. K\u010d<\/li>\n<li>pokud je projekt podpo\u0159en pouze podporou de minimis, tak dotace na projekt je poskytov\u00e1na minim\u00e1ln\u011b ve v\u00fd\u0161i 0,5 mil. K\u010d a maxim\u00e1ln\u011b do v\u00fd\u0161e 200 tis. \u20ac dle Na\u0159\u00edzen\u00ed Komise (EU) \u010d. 1407\/2013<\/li>\n<\/ul>\n<p><strong>Na co lze z\u00edskat podporu\u00a0<\/strong>(podporovan\u00e9 aktivity):<\/p>\n<ul>\n<li>v\u00fdstavba, rozvoj a propojov\u00e1n\u00ed existuj\u00edc\u00edch soustav z\u00e1sobov\u00e1n\u00ed tepelnou energi\u00ed v\u010detn\u011b p\u0159ed\u00e1vac\u00edch stanic za \u00fa\u010delem vy\u0161\u0161\u00edho vyu\u017eit\u00ed vysoko\u00fa\u010dinn\u00e9 kombinovan\u00e9 v\u00fdroby elekt\u0159iny a tepla s c\u00edlem dosa\u017een\u00ed \u00faspor prim\u00e1rn\u00ed energie<\/li>\n<li>rekonstrukce st\u00e1vaj\u00edc\u00edch soustav z\u00e1sobov\u00e1n\u00ed tepelnou energi\u00ed v\u010detn\u011b p\u0159ed\u00e1vac\u00edch stanic s c\u00edlem maxim\u00e1ln\u00edho dosa\u017een\u00ed \u00faspor prim\u00e1rn\u00ed energie, p\u0159\u00edpadn\u011b vyu\u017eit\u00ed tepla z vysoko\u00fa\u010dinn\u00e9 kombinovan\u00e9 v\u00fdroby elekt\u0159iny a tepla nebo odpadn\u00edho tepla z pr\u016fmyslov\u00fdch proces\u016f<\/li>\n<li>instalace a modernizace technologick\u00fdch za\u0159\u00edzen\u00ed souvisej\u00edc\u00ed s distribuc\u00ed v\u010detn\u011b m\u011b\u0159en\u00ed a regulace v soustav\u00e1ch z\u00e1sobov\u00e1n\u00ed tepelnou energi\u00ed<\/li>\n<li>instalace a rekonstrukce vysoko\u00fa\u010dinn\u00fdch plynov\u00fdch kogenera\u010dn\u00edch jednotek v soustav\u00e1ch z\u00e1sobov\u00e1n\u00ed tepelnou energi\u00ed<\/li>\n<li>instalace sol\u00e1rn\u00edch kolektor\u016f a tepeln\u00fdch \u010derpadel pro p\u0159edeh\u0159ev TV, kter\u00e9 budou sou\u010d\u00e1st\u00ed soustav z\u00e1sobov\u00e1n\u00ed tepelnou energi\u00ed. Toto opat\u0159en\u00ed bude zp\u016fsobil\u00e9, pokud bude sou\u010d\u00e1st\u00ed jak\u00e9koliv kombinace v\u00fd\u0161e podporovan\u00fdch aktivit a); b); c); d) kter\u00e9 budou v r\u00e1mci zp\u016fsobil\u00fdch v\u00fddaj\u016f p\u0159eva\u017eovat<\/li>\n<li>Instalace a rekonstrukce v\u00fdtopen na zemn\u00ed plyn, ale pouze v re\u017eimu de minimis<\/li>\n<\/ul>\n<p><strong>Jak\u00e9 v\u00fddaje je mo\u017en\u00e9 podpo\u0159it<\/strong>\u00a0(zp\u016fsobil\u00e9 v\u00fddaje):<\/p>\n<ul>\n<li>v\u00fddaje na stavbu a technologick\u00e1 za\u0159\u00edzen\u00ed v\u010detn\u011b m\u011b\u0159en\u00ed a regulace v soustav\u00e1ch z\u00e1sobov\u00e1n\u00ed tepelnou energi\u00ed nezbytn\u00e1 pro dosa\u017een\u00ed \u00faspor prim\u00e1rn\u00ed energie<\/li>\n<li>dlouhodob\u00fd hmotn\u00fd majetek<\/li>\n<li>dlouhodob\u00fd nehmotn\u00fd majetek (pokud je nezbytn\u00fd k \u0159\u00e1dn\u00e9mu provozov\u00e1n\u00ed dlouhodob\u00e9ho hmotn\u00e9ho majetku)<\/li>\n<li>energetick\u00fd posudek (podpora se neposkytuje na energetick\u00e9 audity pro velk\u00e9 podniky v p\u0159\u00edpad\u011b, \u017ee se jedn\u00e1 o audity prov\u00e1d\u011bn\u00e9 podle \u010dl. 8 odst. 4 Sm\u011brnice 2012\/27\/EU)<\/li>\n<\/ul>\n<p><strong>Specifika a omezen\u00ed:<\/strong><\/p>\n<ul>\n<li>projekt mus\u00ed b\u00fdt realizov\u00e1n na \u00fazem\u00ed \u010cR mimo NUTS II Praha; v r\u00e1mci projektu lze uplatnit pouze jedno m\u00edsto realizace<\/li>\n<li>m\u00edsto realizace\u00a0by m\u011blo b\u00fdt sou\u010d\u00e1st\u00ed jedn\u00e9 soustavy d\u00e1lkov\u00e9ho vyt\u00e1p\u011bn\u00ed a chlazen\u00ed<\/li>\n<li>v r\u00e1mci t\u00e9to V\u00fdzvy lze na jeden ekonomick\u00fd subjekt (jedno I\u010c) podat maxim\u00e1ln\u011b 8 \u017d\u00e1dost\u00ed o podporu<\/li>\n<\/ul>\n<p><strong>Syst\u00e9m sb\u011bru \u017e\u00e1dost\u00ed:<\/strong><\/p>\n<ul>\n<li>pr\u016fb\u011b\u017en\u00fd<\/li>\n<\/ul>\n<p><\/p>","protected":false},"excerpt":{"rendered":"<p>C\u00edlem programu \u00daspory energie v SZT je podpora konkurenceschopnosti a udr\u017eitelnosti \u010desk\u00e9 ekonomiky prost\u0159ednictv\u00edm maxim\u00e1ln\u00edho vyu\u017eit\u00ed kombinovan\u00e9 v\u00fdroby elekt\u0159iny a tepla.<\/p>\n","protected":false},"author":1,"featured_media":0,"parent":144,"menu_order":0,"comment_status":"closed","ping_status":"closed","template":"","meta":{"inline_featured_image":false,"footnotes":""},"class_list":["post-10864","page","type-page","status-publish","hentry"],"publishpress_future_action":{"enabled":false,"date":"2026-05-07 01:43:31","action":"change-status","newStatus":"draft","terms":[],"taxonomy":"","extraData":[]},"publishpress_future_workflow_manual_trigger":{"enabledWorkflows":[]},"_links":{"self":[{"href":"https:\/\/apiagentura.gov.cz\/cs\/wp-json\/wp\/v2\/pages\/10864","targetHints":{"allow":["GET"]}}],"collection":[{"href":"https:\/\/apiagentura.gov.cz\/cs\/wp-json\/wp\/v2\/pages"}],"about":[{"href":"https:\/\/apiagentura.gov.cz\/cs\/wp-json\/wp\/v2\/types\/page"}],"author":[{"embeddable":true,"href":"https:\/\/apiagentura.gov.cz\/cs\/wp-json\/wp\/v2\/users\/1"}],"replies":[{"embeddable":true,"href":"https:\/\/apiagentura.gov.cz\/cs\/wp-json\/wp\/v2\/comments?post=10864"}],"version-history":[{"count":0,"href":"https:\/\/apiagentura.gov.cz\/cs\/wp-json\/wp\/v2\/pages\/10864\/revisions"}],"up":[{"embeddable":true,"href":"https:\/\/apiagentura.gov.cz\/cs\/wp-json\/wp\/v2\/pages\/144"}],"wp:attachment":[{"href":"https:\/\/apiagentura.gov.cz\/cs\/wp-json\/wp\/v2\/media?parent=10864"}],"curies":[{"name":"wp","href":"https:\/\/api.w.org\/{rel}","templated":true}]}}