{"id":10935,"date":"2018-06-14T12:01:57","date_gmt":"2018-06-14T11:01:57","guid":{"rendered":"https:\/\/www.apiagentura.gov.cz\/?page_id=10935"},"modified":"2020-10-08T16:00:22","modified_gmt":"2020-10-08T14:00:22","slug":"spoluprace-klastry-vyzva-v","status":"publish","type":"page","link":"https:\/\/apiagentura.gov.cz\/cs\/programy-podpory\/spoluprace\/spoluprace-klastry-vyzva-v\/","title":{"rendered":"Spolupr\u00e1ce &#8211; Klastry &#8211; V\u00fdzva V"},"content":{"rendered":"<p><\/p>\n<h3>Ozn\u00e1men\u00ed pro \u017eadatele<\/h3>\n<p style=\"text-align: justify;\">Pokud jsou v\u00a0r\u00e1mci \u017d\u00e1dosti o platbu n\u00e1rokov\u00e1ny osobn\u00ed n\u00e1klady zam\u011bstnanc\u016f ve zp\u016fsobil\u00fdch v\u00fddaj\u00edch projektu, <strong>jsou \u017eadatel\u00e9 od <\/strong><strong>6.10.2020 povinni dolo\u017eit na z\u00e1klad\u011b v\u00fdzvy projektov\u00e9ho mana\u017eera vzorek mzdov\u00fdch list\u016f<\/strong> n\u00e1rokovan\u00fdch zam\u011bstnanc\u016f.\u00a0Jedn\u00e1 se o n\u00e1pravn\u00e9 opat\u0159en\u00ed pro sn\u00ed\u017een\u00ed chybovosti p\u0159i vypl\u0148ov\u00e1n\u00ed mzdov\u00e9 tabulky ze strany \u017eadatel\u016f.<\/p>\n<p>&nbsp;<\/p>\n<h3>Z\u00e1kladn\u00ed charakteristiky:<\/h3>\n<p><strong>Kdo m\u016f\u017ee \u017e\u00e1dat<\/strong>\u00a0(p\u0159\u00edjemci podpory):<\/p>\n<ul>\n<li>podnikatelsk\u00e9 subjekty (zejm\u00e9na MSP), v\u00fdzkumn\u00e9 organizace<\/li>\n<\/ul>\n<p><strong>Kolik lze z\u00edskat na jeden projekt<\/strong>\u00a0(forma a v\u00fd\u0161e podpory):<\/p>\n<p><span style=\"text-decoration: underline;\">M\u00edra podpory:<\/span><\/p>\n<ul>\n<li>pro aktivitu 3.1a)\u00a045% ze zp\u016fsobil\u00fdch v\u00fddaj\u016f pro mal\u00e9 podniky a 35% ze zp\u016fsobil\u00fdch v\u00fddaj\u016f pro\u00a0st\u0159edn\u00ed podniky pro kategorii experiment\u00e1ln\u00ed v\u00fdvoj,\u00a070% ze zp\u016fsobil\u00fdch v\u00fddaj\u016f pro mal\u00e9 podniky a 60% ze zp\u016fsobil\u00fdch v\u00fddaj\u016f pro\u00a0st\u0159edn\u00ed podniky pro kategorii pr\u016fmyslov\u00fd v\u00fdzkum<\/li>\n<li>pro aktivitu 3.1b), c) a d)\u00a050% ze zp\u016fsobil\u00fdch v\u00fddaj\u016f<\/li>\n<\/ul>\n<p><span style=\"text-decoration: underline;\">V\u00fd\u0161e dotace:<\/span><\/p>\n<ul>\n<li>min. absolutn\u00ed dotace pro jeden projekt: 500 000 K\u010d<\/li>\n<li>max. absolutn\u00ed dotace pro jeden projekt v r\u00e1mci aktivity 3.1a)\u00a040 000 000 K\u010d pro excelentn\u00ed klastry\/na 1 podprojekt max. 15 000 000 K\u010d,\u00a020 000 000 K\u010d pro rozvinut\u00e9 klastry\/na 1 podprojekt max. 10 000 000 K\u010d<\/li>\n<li>max. absolutn\u00ed dotace pro jeden projekt v r\u00e1mci aktivity 3.1b)\u00a015 000 000 K\u010d pro excelentn\u00ed klastry, 10 000 000 K\u010d pro rozvinut\u00e9 klastry<\/li>\n<li>max. absolutn\u00ed dotace pro jeden projekt v r\u00e1mci aktivity 3.1c) a 3.1d)\u00a05 000 000 K\u010d pro excelentn\u00ed klastry, 4 000 000 K\u010d pro rozvinut\u00e9 klastry, 3 000 000 K\u010d pro\u00a0nezral\u00e9 klastry<\/li>\n<\/ul>\n<p><strong>Na co lze z\u00edskat podporu<\/strong>\u00a0(podporovan\u00e9 aktivity):<\/p>\n<ul>\n<li>3.1 a) kolektivn\u00ed v\u00fdzkum<\/li>\n<li>3.1 b) sd\u00edlen\u00e1 infrastruktura<\/li>\n<li>3.1 c) internacionalizace klastru<\/li>\n<li>3.1 d) rozvoj klastrov\u00e9 organizace<\/li>\n<\/ul>\n<p><strong>Jak\u00e9 v\u00fddaje je mo\u017en\u00e9 podpo\u0159it<\/strong>\u00a0(zp\u016fsobil\u00e9 v\u00fddaje):<\/p>\n<ul>\n<li>pro aktivitu 3.1a)\u00a0mzdy a pojistn\u00e9, extern\u011b po\u0159izovan\u00e9 slu\u017eby ve v\u00fdzkumu a v\u00fdvoji (smluvn\u00ed v\u00fdzkum,\u00a0konzulta\u010dn\u00ed slu\u017eby), materi\u00e1l, dodate\u010dn\u00e9 re\u017eijn\u00ed n\u00e1klady<\/li>\n<li>pro aktivitu 3.1b) n\u00e1kup staveb, technick\u00e9 zhodnocen\u00ed staveb, stroje a za\u0159\u00edzen\u00ed v\u010detn\u011b hardware a s\u00edt\u00ed,\u00a0software a data, pr\u00e1va du\u0161evn\u00edho vlastnictv\u00ed, n\u00e1jem<\/li>\n<li>pro aktivitu 3.1c) mzdy a pojistn\u00e9, cestovn\u00e9, slu\u017eby poradc\u016f, expert\u016f, studie, marketing a propagace,\u00a0semin\u00e1\u0159e, konference.<\/li>\n<li>pro aktivitu 3.1d) mzdy a pojistn\u00e9, cestovn\u00e9, marketing a propagace, semin\u00e1\u0159e, konference, n\u00e1jem, spr\u00e1va za\u0159\u00edzen\u00ed klastru, materi\u00e1l<\/li>\n<\/ul>\n<p><strong>Specifika a omezen\u00ed:<\/strong><\/p>\n<ul>\n<li>projekt mus\u00ed b\u00fdt realizov\u00e1n na \u00fazem\u00ed \u010cR mimo NUTS II Praha<\/li>\n<li>shoda projektu s N\u00e1rodn\u00ed v\u00fdzkumnou a inova\u010dn\u00ed strategi\u00ed pro inteligentn\u00ed specializaci \u010cesk\u00e9\u00a0republiky bude ov\u011b\u0159ena v r\u00e1mci hodnocen\u00ed projektu<\/li>\n<li>ka\u017ed\u00fd \u017eadatel (1 I\u010c) je v t\u00e9to V\u00fdzv\u011b opr\u00e1vn\u011bn p\u0159edlo\u017eit maxim\u00e1ln\u011b 4 projekty (tzn. 4 aktivn\u00ed \u017e\u00e1dosti, ve kter\u00fdch vystupuje jako p\u0159\u00edjemce), a to v\u017edy pouze 1 projekt na ka\u017edou podporovanou aktivitu<\/li>\n<\/ul>\n<p><strong>Syst\u00e9m sb\u011bru \u017e\u00e1dost\u00ed:<\/strong><\/p>\n<ul>\n<li>kolov\u00fd<\/li>\n<\/ul>\n<p><\/p>","protected":false},"excerpt":{"rendered":"<p>C\u00edlem programu je podpo\u0159it rozvoj inova\u010dn\u00edch s\u00edt\u00ed \u2013 klastr\u016f jako n\u00e1stroje pro zv\u00fd\u0161en\u00ed intenzity spole\u010dn\u00fdch v\u00fdzkumn\u00fdch, v\u00fdvojov\u00fdch a inova\u010dn\u00edch aktivit mezi podnikatelsk\u00fdmi subjekty a v\u00fdzkumnou sf\u00e9rou.<\/p>\n","protected":false},"author":1,"featured_media":0,"parent":118,"menu_order":0,"comment_status":"closed","ping_status":"closed","template":"","meta":{"inline_featured_image":false,"footnotes":""},"class_list":["post-10935","page","type-page","status-publish","hentry"],"publishpress_future_action":{"enabled":false,"date":"2026-05-06 18:19:43","action":"change-status","newStatus":"draft","terms":[],"taxonomy":"","extraData":[]},"publishpress_future_workflow_manual_trigger":{"enabledWorkflows":[]},"_links":{"self":[{"href":"https:\/\/apiagentura.gov.cz\/cs\/wp-json\/wp\/v2\/pages\/10935","targetHints":{"allow":["GET"]}}],"collection":[{"href":"https:\/\/apiagentura.gov.cz\/cs\/wp-json\/wp\/v2\/pages"}],"about":[{"href":"https:\/\/apiagentura.gov.cz\/cs\/wp-json\/wp\/v2\/types\/page"}],"author":[{"embeddable":true,"href":"https:\/\/apiagentura.gov.cz\/cs\/wp-json\/wp\/v2\/users\/1"}],"replies":[{"embeddable":true,"href":"https:\/\/apiagentura.gov.cz\/cs\/wp-json\/wp\/v2\/comments?post=10935"}],"version-history":[{"count":0,"href":"https:\/\/apiagentura.gov.cz\/cs\/wp-json\/wp\/v2\/pages\/10935\/revisions"}],"up":[{"embeddable":true,"href":"https:\/\/apiagentura.gov.cz\/cs\/wp-json\/wp\/v2\/pages\/118"}],"wp:attachment":[{"href":"https:\/\/apiagentura.gov.cz\/cs\/wp-json\/wp\/v2\/media?parent=10935"}],"curies":[{"name":"wp","href":"https:\/\/api.w.org\/{rel}","templated":true}]}}