{"id":10940,"date":"2018-06-14T12:04:20","date_gmt":"2018-06-14T11:04:20","guid":{"rendered":"https:\/\/www.apiagentura.gov.cz\/?page_id=10940"},"modified":"2021-04-13T18:36:30","modified_gmt":"2021-04-13T16:36:30","slug":"potencial-vyzva-v","status":"publish","type":"page","link":"https:\/\/apiagentura.gov.cz\/cs\/programy-podpory\/potencial\/potencial-vyzva-v\/","title":{"rendered":"Potenci\u00e1l &#8211; V\u00fdzva V"},"content":{"rendered":"<p><\/p>\n<h3>Upozorn\u011bn\u00ed pro \u017eadatele<\/h3>\n<p><strong>13.4.2021:<\/strong> Aktualizoval se dokument P\u0159\u00edloha \u010d. 1 &#8211; Vymezen\u00ed zp\u016fsobil\u00fdch v\u00fddaj\u016f. D\u016fvodem je\u00a0novelizace tzv. da\u0148ov\u00e9ho bal\u00ed\u010dku, kter\u00fdm do\u0161lo k \u00faprav\u00e1m limit\u016f pro dlouhodob\u00fd hmotn\u00fd a nehmotn\u00fd majetek.<\/p>\n<p>&nbsp;<\/p>\n<p>\u0158\u00eddic\u00ed org\u00e1n OP PIK si dovoluje informovat, \u017ee\u00a0z d\u016fvodu zachov\u00e1n\u00ed transparentnosti a rovn\u00e9ho p\u0159\u00edstupu k \u017eadatel\u016fm o dotaci budou pro v\u0161echny potenci\u00e1ln\u00ed z\u00e1jemce platit stejn\u00e9 podm\u00ednky pro vyd\u00e1n\u00ed Rozhodnut\u00ed o poskytnut\u00ed dotace, tj. po\u017eadavek na dolo\u017een\u00ed v\u0161ech povinn\u00fdch p\u0159\u00edloh k Rozhodnut\u00ed o poskytnut\u00ed dotace s nejzaz\u0161\u00edm term\u00ednem pro p\u0159edlo\u017een\u00ed do 1.10.2019 (pl\u00e1novan\u00fd term\u00edn p\u0159\u00edjmu \u017e\u00e1dost\u00ed o podporu do V\u00fdzvy VI. Potenci\u00e1l).<\/p>\n<hr \/>\n<h3>Z\u00e1kladn\u00ed charakteristiky:<\/h3>\n<p><strong>Kdo m\u016f\u017ee \u017e\u00e1dat<\/strong>\u00a0(p\u0159\u00edjemci podpory):<\/p>\n<ul>\n<li>mal\u00e9 a st\u0159edn\u00ed podniky (MSP); typy podporovan\u00fdch pr\u00e1vn\u00edch forem stanovuje text V\u00fdzvy<\/li>\n<li>velk\u00e9 podniky (VP) pouze za p\u0159edpokladu:<\/li>\n<\/ul>\n<p>1. projekt m\u00e1 v\u00fdznamn\u00fd pozitivn\u00edm dopad na \u017eivotn\u00ed prost\u0159ed\u00ed, tedy se zam\u011b\u0159en\u00edm na n\u00edzkouhl\u00edkov\u00e9 hospod\u00e1\u0159stv\u00ed a na odolnost v\u016f\u010di zm\u011bn\u011b klimatu (k\u00f3d intervence 065);<br \/>\n2. hlavn\u00edm \u00fa\u010delem projektu je p\u0159\u00edm\u00e1 spolupr\u00e1ce mezi VP a MSP na konkr\u00e9tn\u00edm projektu v\u00fdzkumu a v\u00fdvoje. V tomto p\u0159\u00edpad\u011b je nutn\u00e9, aby spole\u010dn\u011b podan\u00fd projekt obsahoval specifikaci projektu spole\u010dn\u00e9ho v\u00fdzkumu a v\u00fdvoje a smluvn\u00ed z\u00e1vazek \u017eadatele &#8211; VP spolupracovat s MSP na realizaci tohoto projektu. VP m\u016f\u017ee v tomto p\u0159\u00edpad\u011b pokr\u00fdt v\u0161echny n\u00e1klady projektu infrastruktury v\u00fdzkumu a v\u00fdvoje (k\u00f3d intervence 063). Podm\u00ednkou p\u0159\u00edm\u00e9 spolupr\u00e1ce je z\u00e1vazek MSP vyu\u017e\u00edvat minim\u00e1ln\u011b z 30 % strojn\u00edho \u010dasu po\u0159\u00edzenou infrastrukturu po dobu udr\u017eitelnosti projektu (5 let).<\/p>\n<p><strong>Kolik lze z\u00edskat na jeden projekt<\/strong>\u00a0(forma a v\u00fd\u0161e podpory):<\/p>\n<ul>\n<li>dotace bude poskytov\u00e1na ve v\u00fd\u0161i 50 % celkov\u00fdch zp\u016fsobil\u00fdch v\u00fddaj\u016f bez ohledu na velikost podniku a m\u00edsto realizace<\/li>\n<li>dotace na projekt je poskytov\u00e1na minim\u00e1ln\u011b ve v\u00fd\u0161i 2 mil. K\u010d a maxim\u00e1ln\u011b do v\u00fd\u0161e 30 mil. K\u010d<\/li>\n<\/ul>\n<p><strong>Na co lze z\u00edskat podporu\u00a0<\/strong>(podporovan\u00e9 aktivity):<\/p>\n<ul>\n<li>zalo\u017een\u00ed nebo rozvoj center pr\u016fmyslov\u00e9ho v\u00fdzkumu, v\u00fdvoje a inovac\u00ed spo\u010d\u00edvaj\u00edc\u00ed v po\u0159\u00edzen\u00ed pozemk\u016f, budov, stroj\u016f\/za\u0159\u00edzen\u00ed a jin\u00e9ho vybaven\u00ed centra nezbytn\u00e9ho pro zaji\u0161t\u011bn\u00ed aktivit tohoto centra<\/li>\n<\/ul>\n<p><strong>Jak\u00e9 v\u00fddaje je mo\u017en\u00e9 podpo\u0159it\u00a0<\/strong>(zp\u016fsobil\u00e9 v\u00fddaje):<\/p>\n<ul>\n<li>v\u00fddaje na po\u0159\u00edzen\u00ed pro \u010dinnost VaV nezbytn\u00e9ho dlouhodob\u00e9ho hmotn\u00e9ho majetku, n\u00e1kup pozemk\u016f, budov, stroj\u016f a jin\u00e9ho za\u0159\u00edzen\u00ed nezbytn\u00e9ho pro vybaven\u00ed v\u00fdzkumn\u00e9 infrastruktury za podm\u00ednky, \u017ee se jedn\u00e1 o odepisovateln\u00e1 aktiva (mimo pozemek)<\/li>\n<li>dlouhodob\u00fd hmotn\u00fd majetek (n\u00e1kup pozemk\u016f, budov, novostavby \u010di technick\u00e9 zhodnocen\u00ed budov, n\u00e1kup stroj\u016f a jin\u00e9ho za\u0159\u00edzen\u00ed nezbytn\u00e9ho pro vybaven\u00ed centra pro VaV)<\/li>\n<li>dlouhodob\u00fd nehmotn\u00fd majetek za p\u0159edpokladu, \u017ee tento majetek spln\u00ed podm\u00ednky stanoven\u00e9 V\u00fdzvou<\/li>\n<li>n\u00e1klady na povinnou publicitu projektu jsou zp\u016fsobil\u00e9 pouze tehdy, pokud napl\u0148uj\u00ed znaky povinn\u00e9 publicity uveden\u00e9 v pravidlech ur\u010den\u00fdch spr\u00e1vcem programu<\/li>\n<\/ul>\n<p><strong>Specifika a omezen\u00ed:<\/strong><\/p>\n<ul>\n<li>projekt mus\u00ed b\u00fdt realizov\u00e1n na \u00fazem\u00ed \u010cR mimo NUTS II Praha,\u00a0rozhodn\u00e9 je um\u00edst\u011bn\u00ed provozovny podniku, ve kter\u00e9 je projekt realizov\u00e1n<\/li>\n<li>shoda projektu s\u00a0N\u00e1rodn\u00ed v\u00fdzkumnou a\u00a0inova\u010dn\u00ed strategi\u00ed pro inteligentn\u00ed specializaci \u010cesk\u00e9 republiky bude ov\u011b\u0159ena v\u00a0r\u00e1mci hodnocen\u00ed projektu; pro ov\u011b\u0159en\u00ed bude \u017eadatel pou\u017e\u00edvat p\u0159\u00edlohu v\u00fdzvy s n\u00e1zvem \u201ePodkladov\u00fd materi\u00e1l pro implementaci N\u00e1rodn\u00ed RIS3 strategie\u201c<\/li>\n<li>ka\u017ed\u00fd \u017eadatel (1 I\u010c) je v t\u00e9to V\u00fdzv\u011b opr\u00e1vn\u011bn p\u0159edlo\u017eit maxim\u00e1ln\u011b jeden projekt (tzn. jednu aktivn\u00ed \u017e\u00e1dosti o podporu, ve kter\u00e9 vystupuje jako p\u0159\u00edjemce)<\/li>\n<li>minim\u00e1ln\u00ed v\u00fd\u0161e investice do dlouhodob\u00e9ho majetku, vyu\u017e\u00edvan\u00e9ho pro \u00fa\u010dely zaji\u0161t\u011bn\u00ed aktivit projektu, \u010din\u00ed pro MSP 4 mil. K\u010d; v p\u0159\u00edpad\u011b velk\u00fdch podnik\u016f napl\u0148uj\u00edc\u00edch k\u00f3d intervence 063<br \/>\n(projekty p\u0159\u00edm\u00e9 spolupr\u00e1ce VP s MSP) a 065 (projekty s v\u00fdznamn\u00fdm pozitivn\u00edm dopadem na \u017eivotn\u00ed prost\u0159ed\u00ed) \u010din\u00ed 10 mil.<\/li>\n<li>p\u0159\u00edjemce je povinen umo\u017enit p\u0159\u00edstup k v\u00fdzkumn\u00e9 infrastruktu\u0159e v\u00edce u\u017eivatel\u016fm za transparentn\u00edch a nediskrimina\u010dn\u00edch podm\u00ednek<\/li>\n<\/ul>\n<p><strong>Syst\u00e9m sb\u011bru \u017e\u00e1dost\u00ed:<\/strong><\/p>\n<ul>\n<li>kolov\u00fd<\/li>\n<\/ul>\n<p><\/p>","protected":false},"excerpt":{"rendered":"<p>Rozhodli jste se zav\u00e9st \u010di roz\u0161\u00ed\u0159it vlastn\u00ed v\u00fdzkumn\u00e9 a v\u00fdvojov\u00e9 kapacity a za\u0159adit se tak do skupiny podnikatelsk\u00fdch subjekt\u016f, kter\u00e9 prov\u00e1d\u011bj\u00ed vlastn\u00ed v\u00fdzkum a v\u00fdvoj? Jestli\u017ee ano, pak je program Potenci\u00e1l ur\u010den pr\u00e1v\u011b v\u00e1m.<\/p>\n","protected":false},"author":1,"featured_media":0,"parent":110,"menu_order":0,"comment_status":"closed","ping_status":"closed","template":"","meta":{"inline_featured_image":false,"footnotes":""},"class_list":["post-10940","page","type-page","status-publish","hentry"],"publishpress_future_action":{"enabled":false,"date":"2026-05-02 06:18:52","action":"change-status","newStatus":"draft","terms":[],"taxonomy":"","extraData":[]},"publishpress_future_workflow_manual_trigger":{"enabledWorkflows":[]},"_links":{"self":[{"href":"https:\/\/apiagentura.gov.cz\/cs\/wp-json\/wp\/v2\/pages\/10940","targetHints":{"allow":["GET"]}}],"collection":[{"href":"https:\/\/apiagentura.gov.cz\/cs\/wp-json\/wp\/v2\/pages"}],"about":[{"href":"https:\/\/apiagentura.gov.cz\/cs\/wp-json\/wp\/v2\/types\/page"}],"author":[{"embeddable":true,"href":"https:\/\/apiagentura.gov.cz\/cs\/wp-json\/wp\/v2\/users\/1"}],"replies":[{"embeddable":true,"href":"https:\/\/apiagentura.gov.cz\/cs\/wp-json\/wp\/v2\/comments?post=10940"}],"version-history":[{"count":0,"href":"https:\/\/apiagentura.gov.cz\/cs\/wp-json\/wp\/v2\/pages\/10940\/revisions"}],"up":[{"embeddable":true,"href":"https:\/\/apiagentura.gov.cz\/cs\/wp-json\/wp\/v2\/pages\/110"}],"wp:attachment":[{"href":"https:\/\/apiagentura.gov.cz\/cs\/wp-json\/wp\/v2\/media?parent=10940"}],"curies":[{"name":"wp","href":"https:\/\/api.w.org\/{rel}","templated":true}]}}