{"id":10942,"date":"2018-06-14T12:05:30","date_gmt":"2018-06-14T11:05:30","guid":{"rendered":"https:\/\/www.apiagentura.gov.cz\/?page_id=10942"},"modified":"2019-06-20T12:07:18","modified_gmt":"2019-06-20T10:07:18","slug":"inovace-vyzva-v-inovacni-projekt","status":"publish","type":"page","link":"https:\/\/apiagentura.gov.cz\/cs\/programy-podpory\/inovace\/inovace-vyzva-v-inovacni-projekt\/","title":{"rendered":"Inovace &#8211; V\u00fdzva V (inova\u010dn\u00ed projekt)"},"content":{"rendered":"<p><\/p>\n<h3 style=\"text-align: left;\">Z\u00e1kladn\u00ed charakteristiky:<\/h3>\n<p style=\"text-align: left;\"><strong>Kdo m\u016f\u017ee \u017e\u00e1dat\u00a0<\/strong>(p\u0159\u00edjemci podpory):<\/p>\n<ul style=\"text-align: left;\">\n<li>podnikatelsk\u00e9 subjekty, \u017eadatelem mohou b\u00fdt i podniky vlastn\u011bn\u00e9 a\u017e ze 100 % ve\u0159ejn\u00fdm sektorem.<\/li>\n<\/ul>\n<p style=\"text-align: left;\"><strong>Kolik lze z\u00edskat na jeden projekt\u00a0<\/strong>(forma a v\u00fd\u0161e podpory):<\/p>\n<p style=\"text-align: left;\"><span style=\"text-decoration: underline;\">V\u00fd\u0161e podpory:<\/span><\/p>\n<ul style=\"text-align: left;\">\n<li>dotace na projekt je poskytov\u00e1na minim\u00e1ln\u011b ve v\u00fd\u0161i 1 mil. K\u010d a maxim\u00e1ln\u011b do v\u00fd\u0161e 40 mil. K\u010d<\/li>\n<\/ul>\n<p><span style=\"text-decoration: underline;\">M\u00edra\u00a0podpory:<\/span><\/p>\n<ul>\n<li>mal\u00fd podnik 45 % z prok\u00e1zan\u00fdch zp\u016fsobil\u00fdch v\u00fddaj\u016f<\/li>\n<li>st\u0159edn\u00ed podnik 35 % z prok\u00e1zan\u00fdch zp\u016fsobil\u00fdch v\u00fddaj\u016f<\/li>\n<li>velk\u00fd podnik 25 % z prok\u00e1zan\u00fdch zp\u016fsobil\u00fdch v\u00fddaj\u016f<\/li>\n<\/ul>\n<p style=\"text-align: left;\"><strong>Na co lze z\u00edskat podporu\u00a0<\/strong>(podporovan\u00e9 aktivity):<\/p>\n<ul style=\"text-align: left;\">\n<li>zv\u00fd\u0161en\u00ed technick\u00fdch a u\u017eitn\u00fdch hodnot v\u00fdrobk\u016f, technologi\u00ed a slu\u017eeb (produktov\u00e1 inovace)<\/li>\n<li>zv\u00fd\u0161en\u00ed efektivnosti proces\u016f v\u00fdroby a poskytov\u00e1n\u00ed slu\u017eeb (procesn\u00ed inovace)<\/li>\n<li>zaveden\u00ed nov\u00fdch metod organizace firemn\u00edch proces\u016f prost\u0159ednictv\u00edm zav\u00e1d\u011bn\u00ed nov\u00fdch informa\u010dn\u00edch syst\u00e9m\u016f integruj\u00edc\u00ed a automatizuj\u00edc\u00ed procesy uvnit\u0159 podniku zam\u011b\u0159en\u00e9 p\u0159edev\u0161\u00edm na propojen\u00ed v\u00fdzkumn\u00fdch a v\u00fdvojov\u00fdch (VaV) aktivit, inovac\u00ed a v\u00fdroby (organiza\u010dn\u00ed inovace)<\/li>\n<li>zv\u00fd\u0161en\u00ed prodeje v\u00fdrobk\u016f a slu\u017eeb prost\u0159ednictv\u00edm v\u00fdznamn\u00e9 zm\u011bny v designu produktu nebo balen\u00ed nebo zaveden\u00ed nov\u00fdch prodejn\u00edch kan\u00e1l\u016f (marketingov\u00e1 inovace)<\/li>\n<\/ul>\n<p style=\"text-align: left;\"><strong>Jak\u00e9 v\u00fddaje je mo\u017en\u00e9 podpo\u0159it<\/strong>\u00a0(zp\u016fsobil\u00e9 v\u00fddaje):<\/p>\n<ul>\n<li style=\"text-align: left;\">projektov\u00e1 dokumentace v\u010detn\u011b in\u017een\u00fdrsk\u00e9 \u010dinnosti<\/li>\n<li style=\"text-align: left;\">stavby<\/li>\n<li style=\"text-align: left;\">technologie<\/li>\n<li style=\"text-align: left;\">software a data<\/li>\n<li style=\"text-align: left;\">pr\u00e1va k u\u017e\u00edv\u00e1n\u00ed du\u0161evn\u00edho vlastnictv\u00ed<\/li>\n<li style=\"text-align: left;\">certifikace produkt\u016f<\/li>\n<li style=\"text-align: left;\">marketingov\u00e1 inovace<\/li>\n<\/ul>\n<p style=\"text-align: left;\"><strong>Specifika a omezen\u00ed:<\/strong><\/p>\n<ul style=\"text-align: left;\">\n<li>projekt mus\u00ed b\u00fdt realizov\u00e1n na \u00fazem\u00ed \u010cR mimo hlavn\u00edho m\u011bsta Prahy<\/li>\n<li>podpora m\u016f\u017ee b\u00fdt poskytnuta podnik\u016fm nespl\u0148uj\u00edc\u00edm definici mal\u00fdch a st\u0159edn\u00edch podnik\u016f dle p\u0159\u00edlohy \u010d. 1 Na\u0159\u00edzen\u00ed Komise (EU) \u010d. 651\/2014 pouze v p\u0159\u00edpad\u011b projekt\u016f s v\u00fdznamn\u00fdm pozitivn\u00edm dopadem na \u017eivotn\u00ed prost\u0159ed\u00ed, tedy se zam\u011b\u0159en\u00edm na n\u00edzkouhl\u00edkov\u00e9 hospod\u00e1\u0159stv\u00ed a na odolnost v\u016f\u010di zm\u011bn\u011b klimatu (k\u00f3d intervence 065)<\/li>\n<li>shoda projektu s N\u00e1rodn\u00ed v\u00fdzkumnou a inova\u010dn\u00ed strategi\u00ed pro inteligentn\u00ed specializaci \u010cesk\u00e9 republiky<\/li>\n<li>\u017eadatel (1 I\u010c), pokud se jedn\u00e1 o velk\u00fd podnik, je v t\u00e9to V\u00fdzv\u011b opr\u00e1vn\u011bn p\u0159edlo\u017eit pouze jeden projekt (tzn. jednu aktivn\u00ed \u017e\u00e1dost o podporu); pro MSP toto omezen\u00ed nen\u00ed relevantn\u00ed<\/li>\n<\/ul>\n<p style=\"text-align: left;\"><strong>Syst\u00e9m sb\u011bru \u017e\u00e1dost\u00ed:<\/strong><\/p>\n<ul>\n<li style=\"text-align: left;\">pr\u016fb\u011b\u017en\u00fd<\/li>\n<\/ul>\n<p><\/p>","protected":false},"excerpt":{"rendered":"<p>Jste podnikem, kter\u00fd p\u0159ich\u00e1z\u00ed s nov\u00fdmi n\u00e1pady a uv\u00e1d\u00ed do v\u00fdroby a n\u00e1sledn\u011b na trh inovovan\u00e9 v\u00fdrobky, technologie nebo slu\u017eby? Uva\u017eujete o zlep\u0161en\u00ed organiza\u010dn\u00edch nebo marketingov\u00fdch firemn\u00edch proces\u016f? Pokud ano, pr\u00e1v\u011b pro V\u00e1s je ur\u010den program Inovace \u2013 Inova\u010dn\u00ed projekt.<\/p>\n","protected":false},"author":1,"featured_media":0,"parent":112,"menu_order":0,"comment_status":"closed","ping_status":"closed","template":"","meta":{"inline_featured_image":false,"footnotes":""},"class_list":["post-10942","page","type-page","status-publish","hentry"],"publishpress_future_action":{"enabled":false,"date":"2026-05-06 22:14:01","action":"change-status","newStatus":"draft","terms":[],"taxonomy":"","extraData":[]},"publishpress_future_workflow_manual_trigger":{"enabledWorkflows":[]},"_links":{"self":[{"href":"https:\/\/apiagentura.gov.cz\/cs\/wp-json\/wp\/v2\/pages\/10942","targetHints":{"allow":["GET"]}}],"collection":[{"href":"https:\/\/apiagentura.gov.cz\/cs\/wp-json\/wp\/v2\/pages"}],"about":[{"href":"https:\/\/apiagentura.gov.cz\/cs\/wp-json\/wp\/v2\/types\/page"}],"author":[{"embeddable":true,"href":"https:\/\/apiagentura.gov.cz\/cs\/wp-json\/wp\/v2\/users\/1"}],"replies":[{"embeddable":true,"href":"https:\/\/apiagentura.gov.cz\/cs\/wp-json\/wp\/v2\/comments?post=10942"}],"version-history":[{"count":0,"href":"https:\/\/apiagentura.gov.cz\/cs\/wp-json\/wp\/v2\/pages\/10942\/revisions"}],"up":[{"embeddable":true,"href":"https:\/\/apiagentura.gov.cz\/cs\/wp-json\/wp\/v2\/pages\/112"}],"wp:attachment":[{"href":"https:\/\/apiagentura.gov.cz\/cs\/wp-json\/wp\/v2\/media?parent=10942"}],"curies":[{"name":"wp","href":"https:\/\/api.w.org\/{rel}","templated":true}]}}