{"id":110,"date":"2016-06-27T13:27:15","date_gmt":"2016-06-27T12:27:15","guid":{"rendered":"http:\/\/www.ci-api.dev\/?page_id=110"},"modified":"2024-08-02T10:53:20","modified_gmt":"2024-08-02T08:53:20","slug":"potencial","status":"publish","type":"page","link":"https:\/\/apiagentura.gov.cz\/cs\/programy-podpory\/potencial\/","title":{"rendered":"Potenci\u00e1l"},"content":{"rendered":"<p><\/p>\n<p style=\"text-align: left;\"><strong>Rozhodli jste se zav\u00e9st \u010di roz\u0161\u00ed\u0159it vlastn\u00ed v\u00fdzkumn\u00e9 a v\u00fdvojov\u00e9 kapacity a za\u0159adit se tak do skupiny podnikatelsk\u00fdch subjekt\u016f, kter\u00e9 prov\u00e1d\u011bj\u00ed vlastn\u00ed v\u00fdzkum a v\u00fdvoj? Jestli\u017ee ano, pak je program Potenci\u00e1l ur\u010den pr\u00e1v\u011b v\u00e1m.<\/strong><\/p>\n<p style=\"text-align: left;\">Program Potenci\u00e1l pom\u00e1h\u00e1 podnikatelsk\u00fdm subjekt\u016fm zav\u00e1d\u011bt a roz\u0161i\u0159ovat kapacity pot\u0159ebn\u00e9 pro realizaci v\u00fdzkumn\u00fdch, v\u00fdvojov\u00fdch a inova\u010dn\u00edch aktivit, jejich\u017e v\u00fdsledky jsou n\u00e1sledn\u011b vyu\u017eity ve v\u00fdrob\u011b.<\/p>\n<p style=\"text-align: left;\">V\u00edce informac\u00ed o programu podpory Potenci\u00e1l naleznete v dokumentu <a href=\"https:\/\/www.apiagentura.gov.cz\/wp-content\/uploads\/2021\/10\/sc1.1-potencial-verze-6.pdf\" target=\"_blank\" rel=\"noopener\">Text programu Potenci\u00e1l<\/a>. Specifick\u00e9 podm\u00ednky budou stanoveny jednotliv\u00fdmi V\u00fdzvami.<\/p>\n<p><\/p>","protected":false},"excerpt":{"rendered":"<p>zalo\u017een\u00ed a rozvoj center pr\u016fmyslov\u00e9ho v\u00fdzkumu, v\u00fdvoje a inovac\u00ed<\/p>\n","protected":false},"author":35,"featured_media":18030,"parent":102,"menu_order":2,"comment_status":"closed","ping_status":"closed","template":"","meta":{"inline_featured_image":false,"footnotes":""},"class_list":["post-110","page","type-page","status-publish","has-post-thumbnail","hentry"],"publishpress_future_action":{"enabled":false,"date":"2026-05-02 04:58:49","action":"change-status","newStatus":"draft","terms":[],"taxonomy":"","extraData":[]},"publishpress_future_workflow_manual_trigger":{"enabledWorkflows":[]},"_links":{"self":[{"href":"https:\/\/apiagentura.gov.cz\/cs\/wp-json\/wp\/v2\/pages\/110","targetHints":{"allow":["GET"]}}],"collection":[{"href":"https:\/\/apiagentura.gov.cz\/cs\/wp-json\/wp\/v2\/pages"}],"about":[{"href":"https:\/\/apiagentura.gov.cz\/cs\/wp-json\/wp\/v2\/types\/page"}],"author":[{"embeddable":true,"href":"https:\/\/apiagentura.gov.cz\/cs\/wp-json\/wp\/v2\/users\/35"}],"replies":[{"embeddable":true,"href":"https:\/\/apiagentura.gov.cz\/cs\/wp-json\/wp\/v2\/comments?post=110"}],"version-history":[{"count":0,"href":"https:\/\/apiagentura.gov.cz\/cs\/wp-json\/wp\/v2\/pages\/110\/revisions"}],"up":[{"embeddable":true,"href":"https:\/\/apiagentura.gov.cz\/cs\/wp-json\/wp\/v2\/pages\/102"}],"wp:featuredmedia":[{"embeddable":true,"href":"https:\/\/apiagentura.gov.cz\/cs\/wp-json\/wp\/v2\/media\/18030"}],"wp:attachment":[{"href":"https:\/\/apiagentura.gov.cz\/cs\/wp-json\/wp\/v2\/media?parent=110"}],"curies":[{"name":"wp","href":"https:\/\/api.w.org\/{rel}","templated":true}]}}