{"id":11064,"date":"2018-06-22T08:58:07","date_gmt":"2018-06-22T07:58:07","guid":{"rendered":"https:\/\/www.apiagentura.gov.cz\/?page_id=11064"},"modified":"2021-03-12T12:53:11","modified_gmt":"2021-03-12T11:53:11","slug":"nemovitosti-vyzva-iii","status":"publish","type":"page","link":"https:\/\/apiagentura.gov.cz\/cs\/programy-podpory\/nemovitosti\/nemovitosti-vyzva-iii\/","title":{"rendered":"Nemovitosti &#8211; V\u00fdzva III"},"content":{"rendered":"<p><\/p>\n<h3><strong>Upozorn\u011bn\u00ed pro \u017eadatele a p\u0159\u00edjemce<\/strong><\/h3>\n<p style=\"text-align: justify;\"><strong>12. 3. 2021:\u00a0<\/strong>\u0158\u00eddic\u00ed org\u00e1n OP PIK, Ministerstvo pr\u016fmyslu a obchodu, aktualizoval P\u0159\u00edlohu \u010d. 2 &#8211; Vymezen\u00ed zp\u016fsobil\u00fdch v\u00fddaj\u016f. Aktualizace souvis\u00ed\u00a0se zm\u011bnou v\u00a0metodice, v dokumentu jsou uvedeny \u010derven\u00fdm p\u00edsmem.<\/p>\n<p style=\"text-align: justify;\"><strong>8. 8. 2019:\u00a0<\/strong>\u0158\u00eddic\u00ed org\u00e1n OP PIK, Ministerstvo pr\u016fmyslu a obchodu, rozhodl na z\u00e1klad\u011b v\u00fdrazn\u00e9ho p\u0159evisu kvalitn\u00edch projekt\u016f ve V\u00fdzv\u011b III programu Nemovitosti o nav\u00fd\u0161en\u00ed st\u00e1vaj\u00edc\u00ed alokace, tj. 1,4 mld. K\u010d, na 1,88 mld. K\u010d.<\/p>\n<p style=\"text-align: justify;\">V\u00fd\u0161e uveden\u00fd limit se automaticky zv\u00fd\u0161\u00ed v p\u0159\u00edpad\u011b, pokud v po\u0159ad\u00ed projekt\u016f se\u0159azen\u00fdch dle bodov\u00e9ho hodnocen\u00ed budou za posledn\u00edm projektem, na kter\u00fd vysta\u010d\u00ed nav\u00fd\u0161en\u00e1 alokace, n\u00e1sledovat dal\u0161\u00ed projekty se stejn\u00fdm po\u010dtem bod\u016f tak, aby i tyto projekty byly p\u0159i zachov\u00e1n\u00ed rovn\u00e9ho p\u0159\u00edstupu k projekt\u016fm toto\u017en\u00e9 kvality pln\u011b podpo\u0159eny.<\/p>\n<hr \/>\n<p style=\"text-align: justify;\">Z\u00a0d\u016fvodu pot\u0159eby \u0158\u00eddic\u00edho org\u00e1nu sledovat a vyhodnocovat na \u00farovni programu Nemovitosti pln\u011bn\u00ed o\u010dek\u00e1van\u00fdch p\u0159\u00ednos\u016f projekt\u016f, kter\u00e9 p\u0159\u00edjemci dotace deklaruj\u00ed v\u00a0r\u00e1mci p\u0159edkl\u00e1dan\u00fdch \u017e\u00e1dost\u00ed o podporu, <strong>doch\u00e1z\u00ed s\u00a0platnost\u00ed od 1. 1. 2019 k\u00a0roz\u0161\u00ed\u0159en\u00ed po\u017eadovan\u00fdch informac\u00ed, kter\u00e9 p\u0159\u00edjemci dotace budou vykazovat v\u00a0r\u00e1mci Zpr\u00e1v o udr\u017eitelnosti<\/strong> (ZoU). Jedn\u00e1 se zejm\u00e9na o n\u00e1sleduj\u00edc\u00ed informace v\u00e1zan\u00e9 k\u00a0zrealizovan\u00e9mu projektu:<\/p>\n<ol style=\"text-align: justify;\">\n<li>zv\u00fd\u0161en\u00ed\/zm\u011bna objemu v\u00fdroby,<\/li>\n<li>zv\u00fd\u0161en\u00ed pod\u00edlu exportu na v\u00fdkonech,<\/li>\n<li>zv\u00fd\u0161en\u00ed\/zm\u011bna po\u010dtu pracovn\u00edch m\u00edst v\u00a0d\u016fsledku projektu,<\/li>\n<li>zv\u00fd\u0161en\u00ed\/zlep\u0161en\u00ed efektivnosti v\u00fdroby.<\/li>\n<\/ol>\n<p style=\"text-align: justify;\">V\u00fd\u0161e zm\u00edn\u011bn\u00e9 informace, a\u0165 ji\u017e pozitivn\u00ed, nebo negativn\u00ed (obsah informace nebude m\u00edt dopad na realizovanou akci), uv\u00e1d\u011bjte, pros\u00edm, do textov\u00e9 \u010d\u00e1sti zpr\u00e1vy. Z\u00e1rove\u0148 sv\u00e1 tvrzen\u00ed podlo\u017ete relevantn\u00edmi podklady, p\u0159\u00edpadn\u011b na n\u011b odka\u017ete, pokud tyto jsou um\u00edst\u011bny nap\u0159. na ve\u0159ejn\u011b dostupn\u00fdch rejst\u0159\u00edc\u00edch.<\/p>\n<hr \/>\n<h3 style=\"text-align: left;\">Z\u00e1kladn\u00ed charakteristiky:<\/h3>\n<p style=\"text-align: left;\"><strong>Kdo m\u016f\u017ee \u017e\u00e1dat\u00a0(p\u0159\u00edjemci podpory):<\/strong><\/p>\n<ul style=\"text-align: left;\">\n<li style=\"text-align: justify;\">mal\u00e9 a st\u0159edn\u00ed podniky; c\u00edlov\u00e1 skupina je definov\u00e1na v textu V\u00fdzvy<\/li>\n<\/ul>\n<p style=\"text-align: left;\"><strong>Kolik lze z\u00edskat na jeden projekt\u00a0(forma a v\u00fd\u0161e podpory):<\/strong><\/p>\n<ul style=\"text-align: left;\">\n<li style=\"text-align: justify;\">dotace 1 mil. &#8211; 30\u00a0mil. K\u010d<\/li>\n<li style=\"text-align: justify;\">max. v\u00fd\u0161e podpory: mal\u00fd podnik 45% ZV, st\u0159edn\u00ed podnik 35% ZV<\/li>\n<\/ul>\n<p style=\"text-align: left;\"><strong>Na co lze z\u00edskat podporu\u00a0(podporovan\u00e9 aktivity):<\/strong><\/p>\n<ul style=\"text-align: left;\">\n<li style=\"text-align: justify;\">projekt rekonstrukce objektu<\/li>\n<\/ul>\n<p style=\"text-align: left;\"><strong>Jak\u00e9 v\u00fddaje je mo\u017en\u00e9 podpo\u0159it<\/strong>\u00a0(zp\u016fsobil\u00e9 v\u00fddaje)<strong>:<\/strong><\/p>\n<ul style=\"text-align: left;\">\n<li style=\"text-align: justify;\">dlouhodob\u00fd hmotn\u00fd majetek, zejm\u00e9na \u00faprava pozemk\u016f, rekonstrukce objekt\u016f, modernizace, \u00fapravy, v\u00fdstavba \u010di odstran\u011bn\u00ed stavby, in\u017een\u00fdrsk\u00e9 s\u00edt\u011b, komunikace ke stavb\u00e1m, hardware a s\u00edt\u011b, pokud jsou bezprost\u0159edn\u011b nutn\u00e9 pro bezpe\u010dn\u00fd provoz budovy, technick\u00e1 za\u0159\u00edzen\u00ed budov<\/li>\n<li style=\"text-align: justify;\">dal\u0161\u00ed n\u00e1klady souvisej\u00edc\u00ed se stavbou, kter\u00e9 budou zahrnuty do dlouhodob\u00e9ho hmotn\u00e9ho majetku (zejm\u00e9na slu\u017eby expert\u016f, studie, projektov\u00e1 a in\u017een\u00fdrsk\u00e1 \u010dinnost, kter\u00e1 bezprost\u0159edn\u011b\u00a0souvis\u00ed s realizac\u00ed projektu)<\/li>\n<\/ul>\n<p style=\"text-align: left;\"><strong>Specifika a omezen\u00ed:<\/strong><\/p>\n<ul style=\"text-align: left;\">\n<li style=\"text-align: justify;\">skute\u010dn\u00e9 m\u00edsto dopadu realizovan\u00e9ho projektu mus\u00ed b\u00fdt \u00fazem\u00ed \u010cR mimo hlavn\u00edho m\u011bsta Prahy<\/li>\n<li style=\"text-align: justify;\">m\u00edsto realizace projektu m\u016f\u017ee b\u00fdt pouze jedno na jeden projekt<\/li>\n<li style=\"text-align: justify;\">ka\u017ed\u00fd \u017eadatel (1 I\u010c) je v t\u00e9to V\u00fdzv\u011b opr\u00e1vn\u011bn p\u0159edlo\u017eit maxim\u00e1ln\u011b 1 projekt<\/li>\n<\/ul>\n<p style=\"text-align: left;\"><strong>Syst\u00e9m sb\u011bru \u017e\u00e1dost\u00ed:<\/strong><\/p>\n<ul>\n<li style=\"text-align: left;\">pr\u016fb\u011b\u017en\u00fd<\/li>\n<\/ul>\n<p><\/p>","protected":false},"excerpt":{"rendered":"<p>Jste mal\u00fdm a st\u0159edn\u00edm podnikem a rozhodli jste se modernizovat Va\u0161i podnikatelskou nemovitost? M\u00e1te v pl\u00e1nu rekonstruovat zastaralou infrastrukturu \u010di p\u0159em\u011bnit brownfield na modern\u00ed podnikatelsk\u00fd objekt? Pr\u00e1v\u011b pro V\u00e1s je ur\u010den program Nemovitosti.<\/p>\n","protected":false},"author":1,"featured_media":0,"parent":130,"menu_order":0,"comment_status":"closed","ping_status":"closed","template":"","meta":{"inline_featured_image":false,"footnotes":""},"class_list":["post-11064","page","type-page","status-publish","hentry"],"publishpress_future_action":{"enabled":false,"date":"2026-05-06 16:45:11","action":"change-status","newStatus":"draft","terms":[],"taxonomy":"","extraData":[]},"publishpress_future_workflow_manual_trigger":{"enabledWorkflows":[]},"_links":{"self":[{"href":"https:\/\/apiagentura.gov.cz\/cs\/wp-json\/wp\/v2\/pages\/11064","targetHints":{"allow":["GET"]}}],"collection":[{"href":"https:\/\/apiagentura.gov.cz\/cs\/wp-json\/wp\/v2\/pages"}],"about":[{"href":"https:\/\/apiagentura.gov.cz\/cs\/wp-json\/wp\/v2\/types\/page"}],"author":[{"embeddable":true,"href":"https:\/\/apiagentura.gov.cz\/cs\/wp-json\/wp\/v2\/users\/1"}],"replies":[{"embeddable":true,"href":"https:\/\/apiagentura.gov.cz\/cs\/wp-json\/wp\/v2\/comments?post=11064"}],"version-history":[{"count":0,"href":"https:\/\/apiagentura.gov.cz\/cs\/wp-json\/wp\/v2\/pages\/11064\/revisions"}],"up":[{"embeddable":true,"href":"https:\/\/apiagentura.gov.cz\/cs\/wp-json\/wp\/v2\/pages\/130"}],"wp:attachment":[{"href":"https:\/\/apiagentura.gov.cz\/cs\/wp-json\/wp\/v2\/media?parent=11064"}],"curies":[{"name":"wp","href":"https:\/\/api.w.org\/{rel}","templated":true}]}}