{"id":1109,"date":"2016-08-15T16:03:28","date_gmt":"2016-08-15T15:03:28","guid":{"rendered":"http:\/\/www.ci-api.stage2.goodshape.cz\/?page_id=1109"},"modified":"2025-10-01T13:15:58","modified_gmt":"2025-10-01T11:15:58","slug":"statistiky","status":"publish","type":"page","link":"https:\/\/apiagentura.gov.cz\/cs\/op-pik-obecne\/statistiky\/","title":{"rendered":"Statistiky OP PIK"},"content":{"rendered":"<p><div class=\"visualizer-front-container\" id=\"chart_wrapper_visualizer-15958-1966238066\"><style type=\"text\/css\" name=\"visualizer-custom-css\" id=\"customcss-visualizer-15958\">.locker,.locker-loader{position:absolute;top:0;left:0;width:100%;height:100%}.locker{z-index:1000;opacity:.8;background-color:#fff;-ms-filter:\"progid:DXImageTransform.Microsoft.Alpha(Opacity=80)\";filter:alpha(opacity=80)}.locker-loader{z-index:1001;background:url(https:\/\/apiagentura.gov.cz\/wp-content\/plugins\/visualizer\/images\/ajax-loader.gif) no-repeat center center}.dt-button{display:none!important}.visualizer-front-container.visualizer-lazy-render{content-visibility: auto;}.google-visualization-controls-categoryfilter label.google-visualization-controls-label {vertical-align: middle;}.google-visualization-controls-categoryfilter li.goog-inline-block {margin: 0 0.2em;}.google-visualization-controls-categoryfilter li {padding: 0 0.2em;}.visualizer-front-container .dataTables_scrollHeadInner{margin: 0 auto;}<\/style><div id=\"visualizer-15958-1966238066\" class=\"visualizer-front  visualizer-front-15958\"><\/div><!-- Not showing structured data for chart 15958 because description is empty --><\/div><\/p>\n<p><em>Pozn.: Statistick\u00e1 data \u010derp\u00e1n\u00ed z dota\u010dn\u00edch program\u016f podpory OP PIK (statistika neobsahuje \u00fadaje o \u010derp\u00e1n\u00ed finan\u010dn\u00edch n\u00e1stroj\u016f, intern\u00edch projekt\u016f, prioritn\u00ed osy 5).<\/em><\/p>\n<p>&nbsp;<\/p>\n<h4><strong>Mapa podpo\u0159en\u00fdch projekt\u016f z OP PIK<\/strong><\/h4>\n<p><iframe loading=\"lazy\" src=\"https:\/\/www.google.com\/maps\/d\/embed?mid=1FD7snhH4oLohs7eCRQO3l2dwGKQWi7cG&amp;ehbc=2E312F\" width=\"640\" height=\"480\"><\/iframe><\/p>\n<p>V\u00edce o jednotliv\u00fdch projektech podpo\u0159en\u00fdch z OP PIK naleznete na\u00a0<a title=\"https:\/\/www.dotaceeu.cz\/cs\/statistiky-a-analyzy\/mapa-projektu?search=&amp;Theme=0&amp;region=0&amp;period=20142020&amp;city=0&amp;program=172133&amp;priorAx=0&amp;Grant=0&amp;rok=0&amp;KODSTR=0\" href=\"https:\/\/www.dotaceeu.cz\/cs\/statistiky-a-analyzy\/mapa-projektu?search=&amp;Theme=0&amp;region=0&amp;period=20142020&amp;city=0&amp;program=172133&amp;priorAx=0&amp;Grant=0&amp;rok=0&amp;KODSTR=0\">DotaceEU.cz<\/a><\/p>","protected":false},"excerpt":{"rendered":"<p>Pozn.: Statistick\u00e1 data \u010derp\u00e1n\u00ed z dota\u010dn\u00edch program\u016f podpory OP PIK (statistika neobsahuje \u00fadaje o \u010derp\u00e1n\u00ed finan\u010dn\u00edch n\u00e1stroj\u016f, intern\u00edch projekt\u016f, prioritn\u00ed osy 5). &nbsp; Mapa podpo\u0159en\u00fdch projekt\u016f z OP PIK V\u00edce o jednotliv\u00fdch projektech podpo\u0159en\u00fdch z OP PIK naleznete na\u00a0DotaceEU.cz<\/p>\n","protected":false},"author":35,"featured_media":0,"parent":84,"menu_order":0,"comment_status":"closed","ping_status":"closed","template":"","meta":{"inline_featured_image":false,"footnotes":""},"class_list":["post-1109","page","type-page","status-publish","hentry"],"publishpress_future_action":{"enabled":false,"date":"2026-05-07 17:37:17","action":"change-status","newStatus":"draft","terms":[],"taxonomy":"","extraData":[]},"publishpress_future_workflow_manual_trigger":{"enabledWorkflows":[]},"_links":{"self":[{"href":"https:\/\/apiagentura.gov.cz\/cs\/wp-json\/wp\/v2\/pages\/1109","targetHints":{"allow":["GET"]}}],"collection":[{"href":"https:\/\/apiagentura.gov.cz\/cs\/wp-json\/wp\/v2\/pages"}],"about":[{"href":"https:\/\/apiagentura.gov.cz\/cs\/wp-json\/wp\/v2\/types\/page"}],"author":[{"embeddable":true,"href":"https:\/\/apiagentura.gov.cz\/cs\/wp-json\/wp\/v2\/users\/35"}],"replies":[{"embeddable":true,"href":"https:\/\/apiagentura.gov.cz\/cs\/wp-json\/wp\/v2\/comments?post=1109"}],"version-history":[{"count":0,"href":"https:\/\/apiagentura.gov.cz\/cs\/wp-json\/wp\/v2\/pages\/1109\/revisions"}],"up":[{"embeddable":true,"href":"https:\/\/apiagentura.gov.cz\/cs\/wp-json\/wp\/v2\/pages\/84"}],"wp:attachment":[{"href":"https:\/\/apiagentura.gov.cz\/cs\/wp-json\/wp\/v2\/media?parent=1109"}],"curies":[{"name":"wp","href":"https:\/\/api.w.org\/{rel}","templated":true}]}}