{"id":11143,"date":"2018-06-26T11:40:25","date_gmt":"2018-06-26T10:40:25","guid":{"rendered":"https:\/\/www.apiagentura.gov.cz\/?page_id=11143"},"modified":"2021-01-11T15:20:19","modified_gmt":"2021-01-11T14:20:19","slug":"skolici-strediska-vyzva-iii","status":"publish","type":"page","link":"https:\/\/apiagentura.gov.cz\/cs\/programy-podpory\/skolici-strediska\/skolici-strediska-vyzva-iii\/","title":{"rendered":"\u0160kolic\u00ed st\u0159ediska &#8211; V\u00fdzva III"},"content":{"rendered":"<p><\/p>\n<p style=\"text-align: left;\"><strong>Kdo m\u016f\u017ee \u017e\u00e1dat\u00a0(p\u0159\u00edjemci podpory):<\/strong><\/p>\n<ul>\n<li style=\"text-align: left;\">mal\u00e9 a st\u0159edn\u00ed podniky<\/li>\n<\/ul>\n<p style=\"text-align: left;\"><strong>Kolik lze z\u00edskat na jeden projekt\u00a0(forma a v\u00fd\u0161e podpory):<\/strong><\/p>\n<ul>\n<li style=\"text-align: left;\">dotace 500 tis. \u2013 5 mil. K\u010d (dle pravidla \u201ede minimis\u201c)<\/li>\n<li style=\"text-align: left;\">maxim\u00e1ln\u00ed m\u00edra podpory: 50% ZV<\/li>\n<\/ul>\n<p style=\"text-align: left;\"><strong>Na co lze z\u00edskat podporu (podporovan\u00e9 aktivity):<\/strong><\/p>\n<ul>\n<li style=\"text-align: left;\">v\u00fdstavba nov\u00fdch \u0161kolic\u00edch center<\/li>\n<li style=\"text-align: left;\">rekonstrukce \u0161kolic\u00edch center<\/li>\n<li style=\"text-align: left;\">po\u0159\u00edzen\u00ed vybaven\u00ed \u0161kol\u00edc\u00edch prostor \u2013 n\u00e1bytek, IT vybaven\u00ed, praktick\u00e9 \u0161kolic\u00ed pom\u016fcky atd.<\/li>\n<li style=\"text-align: left;\">po\u0159\u00edzen\u00ed vzd\u011bl\u00e1vac\u00edch program\u016f<\/li>\n<\/ul>\n<p style=\"text-align: left;\"><strong>Jak\u00e9 v\u00fddaje je mo\u017en\u00e9 podpo\u0159it\u00a0(zp\u016fsobil\u00e9 v\u00fddaje):<\/strong><\/p>\n<ul>\n<li style=\"text-align: left;\">dlouhodob\u00fd hmotn\u00fd majetek (rekonstrukce, v\u00fdstavba \u010di odstran\u011bn\u00ed staveb, in\u017een\u00fdrsk\u00e9 s\u00edt\u011b, in\u017een\u00fdrsk\u00e1 \u010dinnost, projektov\u00e1 dokumentace souvisej\u00edc\u00ed se stavebn\u00edmi \u00fapravami, hardware a s\u00edt\u011b, technick\u00e9 za\u0159\u00edzen\u00ed, ostatn\u00ed stroje a za\u0159\u00edzen\u00ed nezbytn\u00e9 pro zaji\u0161t\u011bn\u00ed vzd\u011bl\u00e1v\u00e1n\u00ed)<\/li>\n<li style=\"text-align: left;\">dlouhodob\u00fd nehmotn\u00fd majetek (\u0161kolic\u00ed program, software a data)<\/li>\n<li style=\"text-align: left;\">drobn\u00fd dlouhodob\u00fd hmotn\u00fd a nehmotn\u00fd majetek<\/li>\n<\/ul>\n<p style=\"text-align: left;\"><strong>Specifika a omezen\u00ed:<\/strong><\/p>\n<ul>\n<li style=\"text-align: left;\">projekt mus\u00ed b\u00fdt realizov\u00e1n na \u00fazem\u00ed \u010cR mimo NUTS 2 Praha<\/li>\n<li style=\"text-align: left;\">m\u00edsto realizace projektu m\u016f\u017ee b\u00fdt pouze jedno na jeden projekt<\/li>\n<li style=\"text-align: left;\">nadpolovi\u010dn\u00ed v\u011bt\u0161inu z pro\u0161kolen\u00fdch osob (tj. 51 a v\u00edce %) mus\u00ed tvo\u0159it zam\u011bstnanci podnik\u016f z podporovan\u00fdch odv\u011btv\u00ed<\/li>\n<\/ul>\n<p style=\"text-align: left;\"><strong>Syst\u00e9m sb\u011bru \u017e\u00e1dost\u00ed:<\/strong><\/p>\n<ul>\n<li style=\"text-align: left;\">pr\u016fb\u011b\u017en\u00fd<\/li>\n<\/ul>\n<p><\/p>","protected":false},"excerpt":{"rendered":"<p>Uva\u017eujete o v\u00fdstavb\u011b nebo rekonstrukci \u0161kolic\u00edho centra? Pot\u0159ebujete zmodernizovat Va\u0161e prostory pro vzd\u011bl\u00e1v\u00e1n\u00ed zam\u011bstnanc\u016f \u010di po\u0159\u00eddit \u0161kolic\u00ed pom\u016fcky? Jste mal\u00fdm a st\u0159edn\u00edm podnikem? Pokud ano, pr\u00e1v\u011b pro V\u00e1s je ur\u010den program \u0160kolic\u00ed st\u0159ediska.<\/p>\n","protected":false},"author":1,"featured_media":0,"parent":132,"menu_order":0,"comment_status":"closed","ping_status":"closed","template":"","meta":{"inline_featured_image":false,"footnotes":""},"class_list":["post-11143","page","type-page","status-publish","hentry"],"publishpress_future_action":{"enabled":false,"date":"2026-05-02 07:32:43","action":"change-status","newStatus":"draft","terms":[],"taxonomy":"","extraData":[]},"publishpress_future_workflow_manual_trigger":{"enabledWorkflows":[]},"_links":{"self":[{"href":"https:\/\/apiagentura.gov.cz\/cs\/wp-json\/wp\/v2\/pages\/11143","targetHints":{"allow":["GET"]}}],"collection":[{"href":"https:\/\/apiagentura.gov.cz\/cs\/wp-json\/wp\/v2\/pages"}],"about":[{"href":"https:\/\/apiagentura.gov.cz\/cs\/wp-json\/wp\/v2\/types\/page"}],"author":[{"embeddable":true,"href":"https:\/\/apiagentura.gov.cz\/cs\/wp-json\/wp\/v2\/users\/1"}],"replies":[{"embeddable":true,"href":"https:\/\/apiagentura.gov.cz\/cs\/wp-json\/wp\/v2\/comments?post=11143"}],"version-history":[{"count":0,"href":"https:\/\/apiagentura.gov.cz\/cs\/wp-json\/wp\/v2\/pages\/11143\/revisions"}],"up":[{"embeddable":true,"href":"https:\/\/apiagentura.gov.cz\/cs\/wp-json\/wp\/v2\/pages\/132"}],"wp:attachment":[{"href":"https:\/\/apiagentura.gov.cz\/cs\/wp-json\/wp\/v2\/media?parent=11143"}],"curies":[{"name":"wp","href":"https:\/\/api.w.org\/{rel}","templated":true}]}}