{"id":112,"date":"2016-06-27T13:27:34","date_gmt":"2016-06-27T12:27:34","guid":{"rendered":"http:\/\/www.ci-api.dev\/?page_id=112"},"modified":"2021-10-01T11:27:18","modified_gmt":"2021-10-01T09:27:18","slug":"inovace","status":"publish","type":"page","link":"https:\/\/apiagentura.gov.cz\/cs\/programy-podpory\/inovace\/","title":{"rendered":"Inovace"},"content":{"rendered":"<p><strong>Jste podnikem, kter\u00fd p\u0159ich\u00e1z\u00ed s nov\u00fdmi n\u00e1pady a uv\u00e1d\u00ed do v\u00fdroby a n\u00e1sledn\u011b na trh inovovan\u00e9 v\u00fdrobky, technologie nebo slu\u017eby? Uva\u017eujete o zlep\u0161en\u00ed organizace firemn\u00edch proces\u016f nebo o zaveden\u00ed nov\u00fdch prodejn\u00edch kan\u00e1l\u016f? Jste vysok\u00e1 \u0161kola, ve\u0159ejn\u00e1 v\u00fdzkumn\u00e1 instituce, mal\u00fd a st\u0159edn\u00ed podnik a pot\u0159ebujete ochr\u00e1nit sv\u00e1 pr\u00e1va pr\u016fmyslov\u00e9ho vlastnictv\u00ed? Pokud ano, pr\u00e1v\u011b pro V\u00e1s je ur\u010den program Inovace.<\/strong><\/p>\n<p>Program Inovace podporuje dva typy projekt\u016f:<\/p>\n<ul>\n<li>Inova\u010dn\u00ed projekty &#8211; u projekt\u016f uplat\u0148uj\u00edc\u00edch nov\u00e1 origin\u00e1ln\u00ed \u0159e\u0161en\u00ed program umo\u017en\u00ed \u010desk\u00fdm firm\u00e1m po\u0159\u00edzen\u00ed modern\u00edch stroj\u016f, za\u0159\u00edzen\u00ed, know-how a licenc\u00ed nutn\u00fdch k jejich realizaci.<\/li>\n<li>Projekty na ochranu pr\u00e1v pr\u016fmyslov\u00e9ho vlastnictv\u00ed &#8211; v tomto p\u0159\u00edpad\u011b program p\u0159isp\u011bje k ochran\u011b nehmotn\u00fdch statk\u016f v podob\u011b patent\u016f, u\u017eitn\u00fdch vzor\u016f, pr\u016fmyslov\u00fdch vzor\u016f a ochrann\u00fdch zn\u00e1mek.<\/li>\n<\/ul>\n<p>V\u00edce informac\u00ed o programu podpory Inovace naleznete v\u00a0dokumentu <a href=\"https:\/\/www.apiagentura.gov.cz\/wp-content\/uploads\/2021\/10\/sc1.1-inovace-verze-7.pdf\" target=\"_blank\" rel=\"noopener\">Text programu Inovace<\/a>. Specifick\u00e9 podm\u00ednky budou stanoveny jednotliv\u00fdmi V\u00fdzvami. V\u00fdzvy pro oba typy projekt\u016f budou vyhla\u0161ov\u00e1ny samostatn\u011b.<\/p>","protected":false},"excerpt":{"rendered":"<p>n\u00e1kup v\u00fdrobn\u00edch za\u0159\u00edzen\u00ed, know-how a licenc\u00ed pro realizaci projekt\u016f s ukon\u010den\u00fdm VaV; ochrana du\u0161evn\u00edho vlastnictv\u00ed<\/p>\n","protected":false},"author":35,"featured_media":18029,"parent":102,"menu_order":1,"comment_status":"closed","ping_status":"closed","template":"","meta":{"inline_featured_image":false,"footnotes":""},"class_list":["post-112","page","type-page","status-publish","has-post-thumbnail","hentry"],"publishpress_future_action":{"enabled":false,"date":"2026-05-02 05:13:19","action":"change-status","newStatus":"draft","terms":[],"taxonomy":"","extraData":[]},"publishpress_future_workflow_manual_trigger":{"enabledWorkflows":[]},"_links":{"self":[{"href":"https:\/\/apiagentura.gov.cz\/cs\/wp-json\/wp\/v2\/pages\/112","targetHints":{"allow":["GET"]}}],"collection":[{"href":"https:\/\/apiagentura.gov.cz\/cs\/wp-json\/wp\/v2\/pages"}],"about":[{"href":"https:\/\/apiagentura.gov.cz\/cs\/wp-json\/wp\/v2\/types\/page"}],"author":[{"embeddable":true,"href":"https:\/\/apiagentura.gov.cz\/cs\/wp-json\/wp\/v2\/users\/35"}],"replies":[{"embeddable":true,"href":"https:\/\/apiagentura.gov.cz\/cs\/wp-json\/wp\/v2\/comments?post=112"}],"version-history":[{"count":0,"href":"https:\/\/apiagentura.gov.cz\/cs\/wp-json\/wp\/v2\/pages\/112\/revisions"}],"up":[{"embeddable":true,"href":"https:\/\/apiagentura.gov.cz\/cs\/wp-json\/wp\/v2\/pages\/102"}],"wp:featuredmedia":[{"embeddable":true,"href":"https:\/\/apiagentura.gov.cz\/cs\/wp-json\/wp\/v2\/media\/18029"}],"wp:attachment":[{"href":"https:\/\/apiagentura.gov.cz\/cs\/wp-json\/wp\/v2\/media?parent=112"}],"curies":[{"name":"wp","href":"https:\/\/api.w.org\/{rel}","templated":true}]}}