{"id":11261,"date":"2018-07-02T10:28:31","date_gmt":"2018-07-02T09:28:31","guid":{"rendered":"https:\/\/www.apiagentura.gov.cz\/?page_id=11261"},"modified":"2019-08-07T11:07:40","modified_gmt":"2019-08-07T09:07:40","slug":"uspory-energie-energeticky-efektivni-budovy-vyzva-ii","status":"publish","type":"page","link":"https:\/\/apiagentura.gov.cz\/cs\/programy-podpory\/uspory-energie\/uspory-energie-energeticky-efektivni-budovy-vyzva-ii\/","title":{"rendered":"\u00daspory energie &#8211; Energeticky efektivn\u00ed budovy &#8211; V\u00fdzva II"},"content":{"rendered":"<p><\/p>\n<table class=\"call-detail\">\n<tbody>\n<tr style=\"height: 74px;\">\n<td style=\"width: 532.97px; height: 148px;\" rowspan=\"2\"><strong>Kolik lze z\u00edskat na jeden projekt (forma a v\u00fd\u0161e podpory):<\/strong><\/p>\n<ul>\n<li>max. m\u00edra podpory: mal\u00fd podnik 80 % ZV, st\u0159edn\u00ed podnik 70 % ZV, velk\u00fd podnik 60 % ZV<\/li>\n<li>dotace na projekt je poskytov\u00e1na minim\u00e1ln\u011b ve v\u00fd\u0161i 200 tis. K\u010d a maxim\u00e1ln\u011b do v\u00fd\u0161e 200 tis. \u20ac<\/li>\n<li>maxim\u00e1ln\u00ed absolutn\u00ed v\u00fd\u0161e dotace na dokumentaci pro proveden\u00ed stavby \u2013 DPS (jej\u00ed\u017e sou\u010d\u00e1st\u00ed je pr\u016fkaz energetick\u00e9 n\u00e1ro\u010dnosti budovy, pota\u017emo energetick\u00e9 posouzen\u00ed) a DPS \u010din\u00ed 350 tis. K\u010d a sou\u010dasn\u011b nep\u0159ekro\u010d\u00ed 2 % celkov\u00fdch investi\u010dn\u00edch n\u00e1klad\u016f na stavbu<\/li>\n<\/ul>\n<p><strong>Syst\u00e9m sb\u011bru \u017e\u00e1dost\u00ed:<\/strong><\/p>\n<ul>\n<li>pr\u016fb\u011b\u017en\u00fd<\/li>\n<\/ul>\n<p><strong>Na co lze z\u00edskat podporu (podporovan\u00e9 aktivity):<\/strong><\/p>\n<ul>\n<li>podpora v\u00fdstavby nov\u00fdch energeticky efektivn\u00edch budov,<\/li>\n<li>podpora v\u00fdstavby n\u00e1staveb a p\u0159\u00edstaveb s vy\u0161\u0161\u00edm energetick\u00fdm standardem ke st\u00e1vaj\u00edc\u00edm budov\u00e1m, v souladu se z\u00e1konem \u010d. 406\/2000 Sb. o hospoda\u0159en\u00ed energi\u00ed ve zn\u011bn\u00ed pozd\u011bj\u0161\u00edch p\u0159edpis\u016f<\/li>\n<\/ul>\n<p><strong>FAQ:<\/strong><\/p>\n<ul>\n<li>\u010dasto kladen\u00e9 dotazy k programu \u00daspory energie \u2013 Energeticky efektivn\u00ed budovy\u00a0k dispozici <a href=\"https:\/\/www.apiagentura.gov.cz\/cs\/radce\/faq\/faq-program-uspory-energie-energeticky-efektivni-budovy\/\">ZDE<\/a>.<\/li>\n<\/ul>\n<p><strong>Kdo m\u016f\u017ee \u017e\u00e1dat (p\u0159\u00edjemci podpory):<\/strong><\/p>\n<ul>\n<li>mal\u00e9, st\u0159edn\u00ed i velk\u00e9 podniky<\/li>\n<\/ul>\n<\/td>\n<td style=\"width: 533.03px; height: 74px;\"><strong>Jak\u00e9 v\u00fddaje je mo\u017en\u00e9 podpo\u0159it (zp\u016fsobil\u00e9 v\u00fddaje):<\/strong><\/p>\n<ul>\n<li>Dlouhodob\u00fd hmotn\u00fd majetek. Poskytovatel podpory bude v r\u00e1mci po\u0159\u00edzen\u00ed stavebn\u00edch prac\u00ed pova\u017eovat za zp\u016fsobil\u00e9 pouze v\u00edcen\u00e1klady na proveden\u00ed budov (nov\u00e9, n\u00e1stavba, p\u0159\u00edstavba) s vy\u0161\u0161\u00edm energetick\u00fdm standardem do v\u00fd\u0161e 3 000 K\u010d\/m2 energeticky vzta\u017en\u00e9 plochy. Pokud cena za v\u00edcen\u00e1klad v\u00fd\u0161e uveden\u00fdch stavebn\u00edch prac\u00ed bude vy\u0161\u0161\u00ed ne\u017e 3 000 K\u010d\/m2 energeticky vzta\u017en\u00e9 plochy, bude tento rozd\u00edl pova\u017eov\u00e1n za nezp\u016fsobil\u00fd v\u00fddaj.<\/li>\n<li>Energetick\u00e9 posouzen\u00ed<\/li>\n<li>Technick\u00fd dozor investora<\/li>\n<li>Projektov\u00e1 dokumentace<\/li>\n<li>Blower Door Test<\/li>\n<\/ul>\n<\/td>\n<td style=\"width: 300px; height: 74px;\"><img loading=\"lazy\" decoding=\"async\" class=\"alignnone wp-image-18041 size-full\" src=\"https:\/\/www.apiagentura.gov.cz\/wp-content\/uploads\/2019\/08\/uspory-energie-768.png\" alt=\"\" width=\"768\" height=\"768\" srcset=\"https:\/\/apiagentura.gov.cz\/wp-content\/uploads\/2019\/08\/uspory-energie-768.png 768w, https:\/\/apiagentura.gov.cz\/wp-content\/uploads\/2019\/08\/uspory-energie-768-150x150.png 150w, https:\/\/apiagentura.gov.cz\/wp-content\/uploads\/2019\/08\/uspory-energie-768-300x300.png 300w\" sizes=\"auto, (max-width: 768px) 100vw, 768px\" \/><\/td>\n<\/tr>\n<tr style=\"height: 74px;\">\n<td style=\"width: 533.03px; height: 74px;\"><strong>Specifika a omezen\u00ed (I):<\/strong><\/p>\n<ul>\n<li>projekt mus\u00ed b\u00fdt realizov\u00e1n na \u00fazem\u00ed \u010cR mimo hlavn\u00edho m\u011bsta Prahy<\/li>\n<li>v r\u00e1mci t\u00e9to v\u00fdzvy lze na jeden ekonomick\u00fd subjekt (jedno I\u010c) podat maxim\u00e1ln\u011b 10 \u017e\u00e1dost\u00ed o dotaci<\/li>\n<li>budova mus\u00ed plnit parametry t\u00e9m\u011b\u0159 nulov\u00e9 budovy podle vyhl\u00e1\u0161ky \u010d. 78\/2013 Sb., ve zn\u011bn\u00ed pozd\u011bj\u0161\u00edch p\u0159edpis\u016f<\/li>\n<li>pod\u00edl v\u00fdroby energie z obnoviteln\u00fdch zdroj\u016f mus\u00ed b\u00fdt min 5 % z celkov\u00e9 dodan\u00e9 energie<\/li>\n<li>projekt nesm\u00ed b\u00fdt financov\u00e1n provozn\u00ed podporou obnoviteln\u00fdch zdroj\u016f energie<\/li>\n<\/ul>\n<\/td>\n<td style=\"width: 300px; height: 148px;\" rowspan=\"2\"><strong>Specifika a omezen\u00ed (II):<\/strong><\/p>\n<ul>\n<li>nejsou podporov\u00e1na komer\u010dn\u00ed turistick\u00e1 za\u0159\u00edzen\u00ed jako hotely, volno\u010dasov\u00e1 za\u0159\u00edzen\u00ed, l\u00e1zn\u011b, restaurace<\/li>\n<li>nejsou podporov\u00e1ny aktivity v\u00fdzkumn\u00fdch, v\u00fdvojov\u00fdch a pilotn\u00edch projekt\u016f<\/li>\n<li>nepodporuje se rekonstrukce bytov\u00fdch a rodinn\u00fdch dom\u016f a ve\u0159ejn\u00fdch budov<\/li>\n<li>budovy s p\u0159eva\u017euj\u00edc\u00ed n\u00e1vrhovou vnit\u0159n\u00ed teplotou ni\u017e\u0161\u00ed, ne\u017e 18\u00b0C (podrobnosti v textu v\u00fdzvy)<\/li>\n<li>budovy, slou\u017e\u00edc\u00ed prim\u00e1rn\u011b jako sklady a budovy, u kter\u00fdch v\u00edce ne\u017e 30 % energeticky vzta\u017en\u00e9 plochy tvo\u0159\u00ed skladov\u00e9 prostory<\/li>\n<li>nepodporuj\u00ed se budovy slou\u017e\u00edc\u00ed pro zem\u011bd\u011blskou v\u00fdrobu<\/li>\n<li>budovy, p\u0159\u00edstavby a n\u00e1stavby, kde sou\u010dtov\u00e1 plocha navazuj\u00edc\u00edch konstrukc\u00ed na p\u0159ilehl\u00e9 vyt\u00e1p\u011bn\u00e9, temperovan\u00e9 budovy nebo z\u00f3ny, je v\u011bt\u0161\u00ed, ne\u017eli sou\u010dtov\u00e1 plocha konstrukc\u00ed, kter\u00e9 jsou vystaveny p\u0159ilehl\u00e9mu prost\u0159ed\u00ed, je\u017e tvo\u0159\u00ed venkovn\u00ed vzduch, p\u0159ilehl\u00e1 zemina nebo vnit\u0159n\u00ed vzduch v p\u0159ilehl\u00e9m nevyt\u00e1p\u011bn\u00e9m prostoru<\/li>\n<li>podporovan\u00fdmi budovami nejsou budovy s pr\u016fm\u011brn\u00fdmi tepeln\u00fdmi zisky od vnit\u0159n\u00edho vybaven\u00ed v\u011bt\u0161\u00edmi ne\u017e 5 W\/m2 celkov\u00e9 vnit\u0159n\u00ed podlahov\u00e9 plochy (podrobnosti v textu v\u00fdzvy)<\/li>\n<\/ul>\n<\/td>\n<\/tr>\n<tr style=\"height: 74px;\">\n<td style=\"width: 1072px; height: 74px;\" colspan=\"2\"><img loading=\"lazy\" decoding=\"async\" class=\"alignnone wp-image-16673 size-full\" src=\"https:\/\/www.apiagentura.gov.cz\/wp-content\/uploads\/2019\/06\/ue-1072x500.jpg\" alt=\"\" width=\"1072\" height=\"500\" srcset=\"https:\/\/apiagentura.gov.cz\/wp-content\/uploads\/2019\/06\/ue-1072x500.jpg 1072w, https:\/\/apiagentura.gov.cz\/wp-content\/uploads\/2019\/06\/ue-1072x500-300x140.jpg 300w, https:\/\/apiagentura.gov.cz\/wp-content\/uploads\/2019\/06\/ue-1072x500-768x358.jpg 768w, https:\/\/apiagentura.gov.cz\/wp-content\/uploads\/2019\/06\/ue-1072x500-1024x478.jpg 1024w\" sizes=\"auto, (max-width: 1072px) 100vw, 1072px\" \/><\/td>\n<\/tr>\n<\/tbody>\n<\/table>\n<p><\/p>","protected":false},"excerpt":{"rendered":"<p>C\u00edlem programu a V\u00fdzvy je podpora sn\u00ed\u017een\u00ed energetick\u00e9 n\u00e1ro\u010dnosti podnikatelsk\u00e9ho sektoru. \u00da\u010delem programu je podpora opat\u0159en\u00ed p\u0159isp\u00edvaj\u00edc\u00ed k \u00faspo\u0159e kone\u010dn\u00e9 spot\u0159eby energie.<\/p>\n","protected":false},"author":35,"featured_media":0,"parent":138,"menu_order":0,"comment_status":"closed","ping_status":"closed","template":"","meta":{"inline_featured_image":false,"footnotes":""},"class_list":["post-11261","page","type-page","status-publish","hentry"],"publishpress_future_action":{"enabled":false,"date":"2026-05-06 19:23:05","action":"change-status","newStatus":"draft","terms":[],"taxonomy":"","extraData":[]},"publishpress_future_workflow_manual_trigger":{"enabledWorkflows":[]},"_links":{"self":[{"href":"https:\/\/apiagentura.gov.cz\/cs\/wp-json\/wp\/v2\/pages\/11261","targetHints":{"allow":["GET"]}}],"collection":[{"href":"https:\/\/apiagentura.gov.cz\/cs\/wp-json\/wp\/v2\/pages"}],"about":[{"href":"https:\/\/apiagentura.gov.cz\/cs\/wp-json\/wp\/v2\/types\/page"}],"author":[{"embeddable":true,"href":"https:\/\/apiagentura.gov.cz\/cs\/wp-json\/wp\/v2\/users\/35"}],"replies":[{"embeddable":true,"href":"https:\/\/apiagentura.gov.cz\/cs\/wp-json\/wp\/v2\/comments?post=11261"}],"version-history":[{"count":0,"href":"https:\/\/apiagentura.gov.cz\/cs\/wp-json\/wp\/v2\/pages\/11261\/revisions"}],"up":[{"embeddable":true,"href":"https:\/\/apiagentura.gov.cz\/cs\/wp-json\/wp\/v2\/pages\/138"}],"wp:attachment":[{"href":"https:\/\/apiagentura.gov.cz\/cs\/wp-json\/wp\/v2\/media?parent=11261"}],"curies":[{"name":"wp","href":"https:\/\/api.w.org\/{rel}","templated":true}]}}