{"id":11274,"date":"2018-07-02T11:40:12","date_gmt":"2018-07-02T10:40:12","guid":{"rendered":"https:\/\/www.apiagentura.gov.cz\/?page_id=11274"},"modified":"2019-09-26T15:45:59","modified_gmt":"2019-09-26T13:45:59","slug":"uspory-energie-vyzva-iv","status":"publish","type":"page","link":"https:\/\/apiagentura.gov.cz\/cs\/programy-podpory\/uspory-energie\/uspory-energie-vyzva-iv\/","title":{"rendered":"\u00daspory energie &#8211; V\u00fdzva IV"},"content":{"rendered":"<p><\/p>\n<h3>Upozorn\u011bn\u00ed pro \u017eadatele z programu \u00daspory energie<\/h3>\n<p><strong>\u0158\u00edd\u00edc\u00ed org\u00e1n OP PIK, Ministerstvo pr\u016fmyslu a obchodu, upozor\u0148uje na nedodr\u017een\u00ed form\u00e1ln\u00ed podoby energetick\u00e9ho posudku a podnikatelsk\u00e9ho z\u00e1m\u011bru u projekt\u016f z\u00a0III. a IV. V\u00fdzvy programu <a href=\"https:\/\/www.apiagentura.gov.cz\/programy-podpory\/uspory-energie\/\">\u00daspory energie<\/a>.<\/strong><\/p>\n<p>Na z\u00e1klad\u011b zku\u0161enost\u00ed z\u00a0hodnocen\u00ed projekt\u016f III. V\u00fdzvy programu \u00daspory energie chceme upozornit na povinnosti stanoven\u00e9 v kapitole 9.3) III. a IV. V\u00fdzvy:<\/p>\n<p><strong><em>1) Sou\u010d\u00e1st\u00ed okrajov\u00fdch podm\u00ednek energetick\u00e9ho posudku bude vyj\u00e1d\u0159en\u00ed energetick\u00e9ho specialisty ke specifick\u00fdm podm\u00ednk\u00e1m p\u0159ijatelnosti projektu, pokud jsou pro dan\u00fd projekt relevantn\u00ed<sup>24<\/sup>:<\/em><\/strong><\/p>\n<p>Pozn\u00e1mkou pod \u010darou <sup>24<\/sup>\u00a0v energetick\u00e9m posudku mus\u00ed b\u00fdt potvrzen soulad navrhovan\u00e9ho projektu s t\u011bmito specifick\u00fdmi podm\u00ednkami p\u0159ijatelnosti projektu, pokud jsou pro dan\u00fd projekt relevantn\u00ed.<\/p>\n<p>Tento bod mnoho energetick\u00fdch specialist\u016f \u0159e\u0161\u00ed tak, \u017ee uvedou v\u00a0energetick\u00e9m posudku p\u0159\u00edslu\u0161nou kapitolu, t\u00fdkaj\u00edc\u00ed se vyj\u00e1d\u0159en\u00ed pln\u011bn\u00ed specifick\u00fdch podm\u00ednek a) a\u017e v) tam, kde je to relevantn\u00ed, v\u010detn\u011b i odkazu na p\u0159\u00edslu\u0161n\u00e9 deklarov\u00e1n\u00ed \u010d\u00edseln\u00e9ho po\u017eadavku, nap\u0159\u00edklad na dodanou energii podle PENB. Toto je nutn\u00e9 zkontrolovat.<\/p>\n<p><em><strong>2) \u017dadatel v podnikatelsk\u00e9m z\u00e1m\u011bru mus\u00ed potvrdit soulad navrhovan\u00e9ho projektu s t\u011bmito specifick\u00fdmi podm\u00ednkami p\u0159ijatelnosti projektu:<\/strong><\/em><\/p>\n<p>Opakovan\u011b se setk\u00e1v\u00e1me s\u00a0p\u0159\u00edpady, kdy se energetick\u00fd specialista k\u00a0n\u011bkter\u00fdm bod\u016fm nevyj\u00e1d\u0159\u00ed, a t\u00edm p\u00e1dem nen\u00ed spln\u011bna form\u00e1ln\u00ed podoba Energetick\u00e9ho posudku \u010di podnikatelsk\u00e9ho z\u00e1m\u011bru. T\u011bmto projekt\u016fm hroz\u00ed vy\u0159azen\u00ed, a proto d\u016frazn\u011b upozor\u0148ujeme na vyj\u00e1d\u0159en\u00ed se ke v\u0161em specifick\u00fdm podm\u00ednk\u00e1m.<\/p>\n<hr \/>\n<h3>Z\u00e1kladn\u00ed charakteristiky:<\/h3>\n<p><strong>Kdo m\u016f\u017ee \u017e\u00e1dat (p\u0159\u00edjemci podpory):<\/strong><\/p>\n<ul>\n<li>mal\u00e9, st\u0159edn\u00ed podniky a velk\u00e9 podniky<\/li>\n<\/ul>\n<p><strong>Kolik lze z\u00edskat na jeden projekt (forma a v\u00fd\u0161e podpory):<\/strong><\/p>\n<ul>\n<li>Dotace na projekt je poskytov\u00e1na minim\u00e1ln\u011b ve v\u00fd\u0161i 300 tis. K\u010d a maxim\u00e1ln\u011b do v\u00fd\u0161e 400 mil. K\u010d a sou\u010dasn\u011b maxim\u00e1ln\u011b do v\u00fd\u0161e 15 mil. EUR.<\/li>\n<li>Maxim\u00e1ln\u00ed absolutn\u00ed v\u00fd\u0161e dotace na Energetick\u00fd posudek \u010din\u00ed 350 tis. K\u010d a z\u00e1rove\u0148 pod\u00edl n\u00e1klad\u016f na zpracov\u00e1n\u00ed energetick\u00e9ho posudku nesm\u00ed b\u00fdt vy\u0161\u0161\u00ed ne\u017e 2 % celkov\u00fdch zp\u016fsobil\u00fdch v\u00fddaj\u016f.<\/li>\n<li><span style=\"text-decoration: underline;\">M\u00edra podpory u projektu:<\/span><br \/>\na) je-li p\u0159\u00edjemcem dotace mal\u00fd podnik, je podpora poskytov\u00e1na a\u017e do v\u00fd\u0161e 50 % ZV<br \/>\nb) je-li p\u0159\u00edjemcem dotace st\u0159edn\u00ed podnik, je podpora poskytov\u00e1na a\u017e do v\u00fd\u0161e 40 % ZV<br \/>\nc) je-li p\u0159\u00edjemcem dotace velk\u00fd podnik, je podpora poskytov\u00e1na a\u017e do v\u00fd\u0161e 30 % ZV<\/li>\n<li><span style=\"text-decoration: underline;\">M\u00edra podpory na n\u00e1klady na energetick\u00fd posudek, projektovou dokumentaci a na zpracov\u00e1n\u00ed v\u00fdb\u011brov\u00e9ho \u0159\u00edzen\u00ed:<\/span><br \/>\na) je-li p\u0159\u00edjemcem dotace mal\u00fd podnik, je podpora poskytov\u00e1na a\u017e do v\u00fd\u0161e 80 % ZV<br \/>\nb) je-li p\u0159\u00edjemcem dotace st\u0159edn\u00ed podnik, je podpora poskytov\u00e1na a\u017e do v\u00fd\u0161e 70 % ZV<br \/>\nc) je-li p\u0159\u00edjemcem dotace velk\u00fd podnik, je podpora poskytov\u00e1na a\u017e do v\u00fd\u0161e 60 % ZV<\/li>\n<\/ul>\n<p><strong>Na co lze z\u00edskat podporu (podporovan\u00e9 aktivity):<\/strong><\/p>\n<ul>\n<li>Modernizace a rekonstrukce rozvod\u016f elekt\u0159iny, plynu a tepla v budov\u00e1ch a v energetick\u00fdch hospod\u00e1\u0159stv\u00edch v\u00fdrobn\u00edch z\u00e1vod\u016f za \u00fa\u010delem zv\u00fd\u0161en\u00ed \u00fa\u010dinnosti<\/li>\n<li>zav\u00e1d\u011bn\u00ed a modernizace syst\u00e9m\u016f m\u011b\u0159en\u00ed a regulace nap\u0159. opat\u0159en\u00ed hardware a s\u00edt\u011b v\u010detn\u011b p\u0159\u00edslu\u0161n\u00e9ho softwaru souvisej\u00edc\u00ed se zaveden\u00edm syst\u00e9mu managementu hospoda\u0159en\u00ed s energi\u00ed podle \u010cSN EN ISO 50001<\/li>\n<li>modernizace, rekonstrukce st\u00e1vaj\u00edc\u00edch za\u0159\u00edzen\u00ed na v\u00fdrobu energie pro vlastn\u00ed spot\u0159ebu vedouc\u00ed ke zv\u00fd\u0161en\u00ed jej\u00ed \u00fa\u010dinnosti<\/li>\n<li>modernizace soustav osv\u011btlen\u00ed budov a pr\u016fmyslov\u00fdch are\u00e1l\u016f (pouze v p\u0159\u00edpad\u011b n\u00e1hrady zastaral\u00fdch technologi\u00ed za nov\u00e9 efektivn\u00ed osv\u011btlovac\u00ed syst\u00e9my, nap\u0159. sv\u011bteln\u00fdch diod &#8211; LED)<\/li>\n<li>realizace opat\u0159en\u00ed ke sni\u017eov\u00e1n\u00ed energetick\u00e9 n\u00e1ro\u010dnosti budov v podnikatelsk\u00e9m sektoru (zateplen\u00ed obvodov\u00e9ho pl\u00e1\u0161t\u011b, v\u00fdm\u011bna a renovace otvorov\u00fdch v\u00fdpln\u00ed, dal\u0161\u00ed stavebn\u00ed opat\u0159en\u00ed maj\u00edc\u00ed prokazateln\u011b vliv na energetickou n\u00e1ro\u010dnost budovy, instalace vzduchotechniky s rekuperac\u00ed odpadn\u00edho tepla)<\/li>\n<li>vyu\u017eit\u00ed odpadn\u00ed energie ve v\u00fdrobn\u00edch procesech<\/li>\n<li>sni\u017eov\u00e1n\u00ed energetick\u00e9 n\u00e1ro\u010dnosti\/zvy\u0161ov\u00e1n\u00ed energetick\u00e9 \u00fa\u010dinnosti v\u00fdrobn\u00edch a technologick\u00fdch proces\u016f, mimo opat\u0159en\u00ed na zdroj\u00edch na v\u00fdrobu energie pro distribuci, nikoliv vlastn\u00ed spot\u0159ebu vedouc\u00ed ke zv\u00fd\u0161en\u00ed jej\u00ed \u00fa\u010dinnosti<\/li>\n<li>instalace OZE pro vlastn\u00ed spot\u0159ebu podniku (vyu\u017eit\u00ed biomasy, sol\u00e1rn\u00ed syst\u00e9my, tepeln\u00e1 \u010derpadla a fotovoltaick\u00e9 syst\u00e9my)<\/li>\n<li>instalace kogenera\u010dn\u00ed jednotky s vyu\u017eit\u00edm elektrick\u00e9 a tepeln\u00e9 energie, nebo chladu pro vlastn\u00ed spot\u0159ebu podniku s ohledem na jeho provozn\u00ed podm\u00ednky<\/li>\n<li>instalace akumulace elektrick\u00e9 energie (akumul\u00e1tor mus\u00ed b\u00fdt provozov\u00e1n v energetick\u00e9m hospod\u00e1\u0159stv\u00ed, kter\u00e9 m\u00e1 vlastn\u00ed zdroj elektrick\u00e9 energie z OZE (nap\u0159. FVE), nebo z KVET (mimo uhl\u00ed, LTO, TTO).<\/li>\n<\/ul>\n<p><strong>Jak\u00e9 v\u00fddaje je mo\u017en\u00e9 podpo\u0159it (zp\u016fsobil\u00e9 v\u00fddaje):<\/strong><\/p>\n<ul>\n<li>dlouhodob\u00fd hmotn\u00fd majetek<\/li>\n<li>dlouhodob\u00fd nehmotn\u00fd majetek (pokud je nezbytn\u00fd k \u0159\u00e1dn\u00e9mu provozov\u00e1n\u00ed dlouhodob\u00e9ho hmotn\u00e9ho majetku)<\/li>\n<li>energetick\u00fd posudek<\/li>\n<li>projektov\u00e1 dokumentace<\/li>\n<li>n\u00e1klady na organizaci v\u00fdb\u011brov\u00e9ho \u0159\u00edzen\u00ed<\/li>\n<\/ul>\n<p><strong>Specifika a omezen\u00ed:<\/strong><\/p>\n<ul>\n<li>projekt mus\u00ed b\u00fdt realizov\u00e1n na \u00fazem\u00ed \u010cR mimo hlavn\u00edho m\u011bsta Prahy<\/li>\n<li>v r\u00e1mci t\u00e9to v\u00fdzvy po\u010det \u017e\u00e1dost\u00ed na jeden ekonomick\u00fd subjekt (jedno I\u010c) nen\u00ed omezen<\/li>\n<\/ul>\n<p><strong>Syst\u00e9m sb\u011bru \u017e\u00e1dost\u00ed:<\/strong><\/p>\n<ul>\n<li>pr\u016fb\u011b\u017en\u00fd<\/li>\n<\/ul>\n<p><\/p>","protected":false},"excerpt":{"rendered":"<p>Chcete sn\u00ed\u017eit energetickou n\u00e1ro\u010dnost Va\u0161eho podniku? Chcete obm\u011bnit star\u00e9 technologie na v\u00fdrobu energie za nov\u00e9? Pl\u00e1nujete vyu\u017e\u00edvat odpadn\u00ed energie ve v\u00fdrobn\u00edch procesech nebo zav\u00e9st \u010di modernizovat syst\u00e9m m\u011b\u0159en\u00ed a regulace? Uva\u017eujete o modernizaci \u010di rekonstrukci rozvod\u016f elekt\u0159iny, plynu a tepla v budov\u00e1ch a v energetick\u00fdch hospod\u00e1\u0159stv\u00edch pr\u016fmyslov\u00fdch are\u00e1lech? Potom je pr\u00e1v\u011b pro V\u00e1s ur\u010den program \u00daspory energie.<\/p>\n","protected":false},"author":35,"featured_media":0,"parent":138,"menu_order":0,"comment_status":"closed","ping_status":"closed","template":"","meta":{"inline_featured_image":false,"footnotes":""},"class_list":["post-11274","page","type-page","status-publish","hentry"],"publishpress_future_action":{"enabled":false,"date":"2026-05-07 03:46:08","action":"change-status","newStatus":"draft","terms":[],"taxonomy":"","extraData":[]},"publishpress_future_workflow_manual_trigger":{"enabledWorkflows":[]},"_links":{"self":[{"href":"https:\/\/apiagentura.gov.cz\/cs\/wp-json\/wp\/v2\/pages\/11274","targetHints":{"allow":["GET"]}}],"collection":[{"href":"https:\/\/apiagentura.gov.cz\/cs\/wp-json\/wp\/v2\/pages"}],"about":[{"href":"https:\/\/apiagentura.gov.cz\/cs\/wp-json\/wp\/v2\/types\/page"}],"author":[{"embeddable":true,"href":"https:\/\/apiagentura.gov.cz\/cs\/wp-json\/wp\/v2\/users\/35"}],"replies":[{"embeddable":true,"href":"https:\/\/apiagentura.gov.cz\/cs\/wp-json\/wp\/v2\/comments?post=11274"}],"version-history":[{"count":0,"href":"https:\/\/apiagentura.gov.cz\/cs\/wp-json\/wp\/v2\/pages\/11274\/revisions"}],"up":[{"embeddable":true,"href":"https:\/\/apiagentura.gov.cz\/cs\/wp-json\/wp\/v2\/pages\/138"}],"wp:attachment":[{"href":"https:\/\/apiagentura.gov.cz\/cs\/wp-json\/wp\/v2\/media?parent=11274"}],"curies":[{"name":"wp","href":"https:\/\/api.w.org\/{rel}","templated":true}]}}