{"id":1137,"date":"2016-08-16T10:53:54","date_gmt":"2016-08-16T09:53:54","guid":{"rendered":"http:\/\/www.ci-api.stage2.goodshape.cz\/?page_id=1137"},"modified":"2021-11-23T12:33:58","modified_gmt":"2021-11-23T11:33:58","slug":"1137-2","status":"publish","type":"page","link":"https:\/\/apiagentura.gov.cz\/cs\/faq\/1137-2\/","title":{"rendered":"FAQ &#8211; Obecn\u00e9 dotazy k OP PIK"},"content":{"rendered":"<p><\/p>\n<ul>\n<li><strong>Kde z\u00edsk\u00e1 \u017eadatel pot\u0159ebn\u00e9 informace k dota\u010dn\u00edm titul\u016fm, kter\u00e9 jsou poskytovan\u00e9 Agenturou pro podnik\u00e1n\u00ed a inovace, a kam se m\u016f\u017ee obr\u00e1tit v p\u0159\u00edpad\u011b dotazu?<\/strong><\/li>\n<\/ul>\n<p>\u017dadatel\u016fm jsou k dispozici webov\u00e9 str\u00e1nky Agentury pro podnik\u00e1n\u00ed a inovace (API), kde jsou shrom\u00e1\u017ed\u011bny ve\u0161ker\u00e9 d\u016fle\u017eit\u00e9 informace a dokumenty k dota\u010dn\u00edm titul\u016fm, p\u0159\u00edp. mohou vyu\u017e\u00edt i webov\u00e9 str\u00e1nky <a href=\"https:\/\/www.mpo.cz\/cz\/podnikani\/dotace-a-podpora-podnikani\/oppik-2014-2020\/\" target=\"_blank\" rel=\"noopener\">Ministerstva pr\u016fmyslu a obchodu<\/a>. V p\u0159\u00edpad\u011b dotaz\u016f se \u017eadatel\u00e9 mohou obr\u00e1tit na Zelenou informa\u010dn\u00ed linku 800 800 777 (ka\u017ed\u00fd v\u0161edn\u00ed den mezi 9 a 13 hodinou), na <a href=\"\/kontakty\/\" target=\"_blank\" rel=\"noopener\">region\u00e1ln\u00ed kancel\u00e1\u0159e API<\/a> nebo zaslat sv\u016fj dotaz prost\u0159ednictv\u00edm e-mailov\u00e9 adresy <a href=\"mailto:programy@www.apiagentura.gov.cz\">programy@www.apiagentura.gov.cz<\/a>.<\/p>\n<ul>\n<li style=\"text-align: justify;\"><strong>Je mo\u017en\u00e9 domluvit si osobn\u00ed sch\u016fzku a z\u00edskat pot\u0159ebn\u00e9 informace k program\u016fm podpory z Opera\u010dn\u00edho programu Podnik\u00e1n\u00ed a inovace pro konkurenceschopnost?<\/strong><\/li>\n<\/ul>\n<p>Ano, osobn\u00ed konzultace poskytuj\u00ed mana\u017ee\u0159i region\u00e1ln\u00edch kancel\u00e1\u0159\u00ed API, kter\u00e9 se nach\u00e1zej\u00ed v ka\u017ed\u00e9m krajsk\u00e9m m\u011bst\u011b. Je tedy nutn\u00e9 se domluvit p\u0159\u00edmo s konkr\u00e9tn\u00ed region\u00e1ln\u00ed kancel\u00e1\u0159\u00ed. Kontakty na region\u00e1ln\u00ed mana\u017eery v\u010detn\u011b adres na\u0161ich pobo\u010dek naleznete na\u00a0webov\u00fdch str\u00e1nk\u00e1ch API <a href=\"\/kontakty\/\" target=\"_blank\" rel=\"noopener\">zde<\/a>. Osobn\u00ed konzultaci na centr\u00e1le API\u00a0v\u00a0Praze si lze sjednat tak\u00e9 prost\u0159ednictv\u00edm Zelen\u00e9 informa\u010dn\u00ed linky 800\u00a0800\u00a0777.<\/p>\n<ul>\n<li style=\"text-align: justify;\"><strong>Je zam\u011b\u0159en\u00ed nov\u00e9ho opera\u010dn\u00edho programu OP PIK podobn\u00e9 s OPPI pro obdob\u00ed 2007 \u2013 2013?<\/strong><\/li>\n<\/ul>\n<p>P\u0159ev\u00e1\u017en\u00e1 v\u011bt\u0161ina oblast\u00ed podpor OP PIK p\u0159\u00edmo navazuje na programy v\u00a0r\u00e1mci OPPI. OP PIK reaguje sv\u00fdm zam\u011b\u0159en\u00edm takt\u00e9\u017e na sou\u010dasn\u00e9 pot\u0159eby rozvoje a absorp\u010dn\u00ed kapacitu n\u011bkter\u00fdch program\u016f OPPI. V\u00a0OP PIK tak ji\u017e nap\u0159. nen\u00ed n\u00e1vaznost podpory na program ICT v\u00a0podnic\u00edch a naopak jsou do nov\u00e9ho opera\u010dn\u00edho programu za\u010dlen\u011bny specifick\u00e9 aktivity posiluj\u00edc\u00ed roli aplikovan\u00e9ho v\u00fdzkumu v\u00a0rozvoji, jako nap\u0159. \u201eProof of concept\u201c.<\/p>\n<ul>\n<li style=\"text-align: justify;\"><strong>Jsou podporov\u00e1ny\u00a0i projekty v Praze?<\/strong><\/li>\n<\/ul>\n<p>Ne. Provozovna, ve kter\u00e9 se bude projekt realizovat, mus\u00ed b\u00fdt situov\u00e1na mimo region hl. m. Prahy. S\u00eddlo \u017eadatele v\u0161ak m\u016f\u017ee b\u00fdt um\u00edst\u011bno na \u00fazem\u00ed hl. m. Prahy; rozhoduj\u00edc\u00ed je skute\u010dn\u00e9 m\u00edsto realizace projektu, tedy provozovna podnikatelsk\u00e9ho subjektu.<\/p>\n<ul>\n<li style=\"text-align: justify;\"><strong>Jak\u00e9 ekonomick\u00e9 \u010dinnosti jsou podporov\u00e1ny v r\u00e1mci Opera\u010dn\u00edho programu Podnik\u00e1n\u00ed a inovace pro konkurenceschopnost?<\/strong><\/li>\n<\/ul>\n<p>Podnikatelsk\u00e1 \u010dinnost subjekt\u016f, kter\u00e9 cht\u011bj\u00ed \u017e\u00e1dat o dotaci z\u00a0Opera\u010dn\u00edho programu Podnik\u00e1n\u00ed a inovace pro konkurenceschopnost, a projekt samotn\u00fd mus\u00ed sm\u011b\u0159ovat mezi podporovan\u00e9 kategorie ekonomick\u00fdch \u010dinnost\u00ed dle\u00a0CZ-NACE. \u017dadatel\u00e9 mus\u00ed splnit podm\u00ednku odv\u011btvov\u00e9ho vymezen\u00ed v oboru CZ NACE bl\u00ed\u017ee specifikovan\u00e9 v ka\u017ed\u00e9m dota\u010dn\u00edm programu.\u00a0Sou\u010dasn\u011b mus\u00ed \u017eadatel\u00e9 splnit i dal\u0161\u00ed podm\u00ednky, kter\u00e9 stanovuje dokument &#8222;V\u00fdzva&#8220; a jej\u00ed p\u0159\u00edlohy dan\u00e9ho programu podpory.<\/p>\n<ul>\n<li style=\"text-align: justify;\"><strong>Kde mohu zjistit celn\u00ed k\u00f3dy produkce?<\/strong><\/li>\n<\/ul>\n<p>Pro p\u0159esn\u00e9 ur\u010den\u00ed, zda provozovan\u00e1 \u010dinnost spad\u00e1 mezi podporovan\u00e9 odv\u011btv\u00ed v\u00a0r\u00e1mci Opera\u010dn\u00edho programu Podnik\u00e1n\u00ed a inovace pro konkurenceschopnost, je nutn\u00e9 zn\u00e1t celn\u00ed k\u00f3dy produkce. Seznam v\u0161ech celn\u00edch k\u00f3d\u016f je k dispozici na webov\u00fdch str\u00e1nk\u00e1ch\u00a0Da\u0148ov\u00e9 a celn\u00ed unie <a href=\"http:\/\/ec.europa.eu\/taxation_customs\/dds2\/taric\/taric_consultation.jsp?Lang=cs&amp;SimDate=20090612&amp;Screen=0&amp;Expand=true&amp;redirectionDate=20101216\" target=\"_blank\" rel=\"noopener\">zde.<\/a><\/p>\n<p>Celn\u00ed k\u00f3dy lze zjistit i v\u00a0celn\u00edm sazebn\u00edku TARIC\u00a0<a href=\"http:\/\/ec.europa.eu\/taxation_customs\/dds2\/taric\/taric_consultation.jsp\" target=\"_blank\" rel=\"noopener\">zde<\/a>\u00a0p\u0159es tla\u010d\u00edtko [Dal\u0161\u00ed krit\u00e9ria], pokud zad\u00e1te popis zbo\u017e\u00ed. Informace o tomto sazebn\u00edku poskytuje tak\u00e9 v pracovn\u00ed dny Po \u2013 P\u00e1: 9 \u2013 15 hod. Gener\u00e1ln\u00ed \u0159editelstv\u00ed cel na n\u00e1sleduj\u00edc\u00edch kontaktech:<\/p>\n<p>Telefonn\u00ed linky: +420 261 332 398, +420 261 332\u00a0399<br \/>\nE-mailov\u00e1 adresa:\u00a0<a href=\"mailto:oit@cs.mfcr.cz\">oit@cs.mfcr.cz<\/a><\/p>\n<p>Na webov\u00fdch str\u00e1nk\u00e1ch Celn\u00ed spr\u00e1vy \u010cR m\u016f\u017eete vyu\u017e\u00edt tak\u00e9 elektronick\u00e9ho formul\u00e1\u0159e aplikace\u00a0<a href=\"https:\/\/www.celnisprava.cz\/cz\/clo\/sazebni-zarazeni-zbozi\/Stranky\/eenvs.aspx\" target=\"_blank\" rel=\"noopener\">Elektronick\u00e1 evidence nez\u00e1vazn\u00fdch vyj\u00e1d\u0159en\u00ed a stanovisek (EENVS)<\/a>, kde lze pod\u00e1vat \u017e\u00e1dosti o vyd\u00e1n\u00ed nez\u00e1vazn\u00fdch vyj\u00e1d\u0159en\u00ed k sazebn\u00edmu za\u0159azen\u00ed zbo\u017e\u00ed a stanovisek k sazebn\u00edmu za\u0159azen\u00ed zbo\u017e\u00ed.<\/p>\n<p>Konkr\u00e9tn\u00ed celn\u00ed k\u00f3dy produkce (ide\u00e1ln\u011b osmim\u00edstn\u00e9 k\u00f3dy) pak m\u016f\u017eete poslat k\u00a0posouzen\u00ed na emailovou adresu\u00a0<a href=\"mailto:programy@www.apiagentura.gov.cz\">programy@www.apiagentura.gov.cz<\/a>.<\/p>\n<ul>\n<li style=\"text-align: justify;\"><strong>Lze z\u00edskat dotaci zp\u011btn\u011b na v\u00fddaje, kter\u00e9 ji\u017e byly vynalo\u017eeny?<\/strong><\/li>\n<\/ul>\n<p>Ne, o dotaci zp\u011btn\u011b za\u017e\u00e1dat nelze. Nejprve je nutn\u00e9 p\u0159edlo\u017eit ve vybran\u00e9m programu podpory \u017e\u00e1dost. Zp\u016fsobil\u00e9 v\u00fddaje mohou vznikat nejd\u0159\u00edve v den p\u0159ijatelnosti projektu \u2013 tj. den pod\u00e1n\u00ed P\u0159edb\u011b\u017en\u00e9 \u017e\u00e1dosti o podporu \/\u017d\u00e1dosti o podporu (v p\u0159\u00edpad\u011b jednostup\u0148ov\u00e9ho p\u0159\u00edjmu \u017e\u00e1dost\u00ed). A\u017e v\u00a0den pod\u00e1n\u00ed Registra\u010dn\u00ed \u017e\u00e1dosti o podporu\/\u017d\u00e1dosti o podporu mohou za\u010d\u00edt vznikat v\u00fddaje spojen\u00e9 s realizac\u00ed projektu, kter\u00e9 lze zahrnout mezi zp\u016fsobil\u00e9 a n\u00e1rokovat si je v\u00a0dotaci (tzv. zp\u016fsobil\u00e9 v\u00fddaje).<\/p>\n<p>P\u0159ed datem pod\u00e1n\u00ed Registra\u010dn\u00ed \u017e\u00e1dosti o podporu\/\u017d\u00e1dosti o podporu tedy nelze uzav\u0159\u00edt smlouvy, vystavit objedn\u00e1vku. V\u00a0opa\u010dn\u00e9m p\u0159\u00edpad\u011b nelze uznat v\u00fddaje z\u00a0t\u011bchto smluvn\u00edch vztah\u016f za zp\u016fsobil\u00e9.<\/p>\n<ul>\n<li style=\"text-align: justify;\"><strong>Je u dokl\u00e1d\u00e1n\u00ed p\u0159edchoz\u00edch \u010derpan\u00fdch podpor de minimis (za posledn\u00ed 3 \u00fa\u010detn\u00ed obdob\u00ed) rozhodn\u00fdm datem datum p\u0159izn\u00e1n\u00ed dotace (vyd\u00e1n\u00ed Rozhodnut\u00ed o poskytnut\u00ed dotace), \u010di re\u00e1ln\u00e9 datum vyplacen\u00ed dotace?<\/strong><\/li>\n<\/ul>\n<p>Za rozhodn\u00e9 je pova\u017eov\u00e1no datum p\u0159izn\u00e1n\u00ed dotace (vyd\u00e1n\u00ed Rozhodnut\u00ed o poskytnut\u00ed dotace). P\u0159i v\u00fdpo\u010dtu t\u0159\u00edlet\u00e9ho obdob\u00ed v p\u0159\u00edpad\u011b, \u017ee kalend\u00e1\u0159n\u00ed rok je pro podnik \u00fa\u010detn\u00edm obdob\u00edm, je nutn\u00e9 zapo\u010d\u00edtat podporu v\u00a0dan\u00e9m b\u011b\u017e\u00edc\u00edm \u00fa\u010detn\u00edm obdob\u00ed + podporu p\u0159iznanou b\u011bhem dvou uzav\u0159en\u00fdch \u00fa\u010detn\u00edch obdob\u00edch tomuto roku p\u0159edch\u00e1zej\u00edc\u00edch. Podpora se sleduje kumulativn\u011b u v\u0161ech subjekt\u016f pr\u00e1vn\u011b \u010di fakticky kontrolovan\u00fdch jedn\u00edm subjektem za t\u0159\u00edlet\u00e9 obdob\u00ed v\u00a0r\u00e1mci jednoho st\u00e1tu \u2013 tzv.\u00a0<a href=\"https:\/\/www.apiagentura.gov.cz\/cs\/metodika\/verejna-podpora-a-de-minimis\/\" target=\"_blank\" rel=\"noopener\">jeden podnik.<\/a><\/p>\n<ul>\n<li style=\"text-align: justify;\"><strong>Lze z\u00edskat dotaci i na majetek, kter\u00fd nen\u00ed nov\u00fd?<\/strong><\/li>\n<\/ul>\n<p>Ne, majetek po\u0159\u00edzen\u00fd z\u00a0dotace mus\u00ed b\u00fdt nov\u00fdm majetkem (tzn. je\u0161t\u011b nebyl p\u0159edm\u011btem odpis\u016f), pokud nen\u00ed ve v\u00fdzv\u011b p\u0159\u00edslu\u0161n\u00e9ho programu v\u00fdslovn\u011b stanoveno jinak.<\/p>","protected":false},"excerpt":{"rendered":"<p>Kde z\u00edsk\u00e1 \u017eadatel pot\u0159ebn\u00e9 informace k dota\u010dn\u00edm titul\u016fm, kter\u00e9 jsou poskytovan\u00e9 Agenturou pro podnik\u00e1n\u00ed a inovace, a kam se m\u016f\u017ee obr\u00e1tit v p\u0159\u00edpad\u011b dotazu? \u017dadatel\u016fm jsou k dispozici webov\u00e9 str\u00e1nky Agentury pro podnik\u00e1n\u00ed a inovace (API), kde jsou shrom\u00e1\u017ed\u011bny ve\u0161ker\u00e9 d\u016fle\u017eit\u00e9 informace a dokumenty k dota\u010dn\u00edm titul\u016fm, p\u0159\u00edp. mohou vyu\u017e\u00edt i webov\u00e9 str\u00e1nky Ministerstva pr\u016fmyslu [&hellip;]<\/p>\n","protected":false},"author":1,"featured_media":0,"parent":422,"menu_order":24,"comment_status":"closed","ping_status":"closed","template":"","meta":{"inline_featured_image":false,"footnotes":""},"class_list":["post-1137","page","type-page","status-publish","hentry"],"publishpress_future_action":{"enabled":false,"date":"2026-05-09 09:58:15","action":"change-status","newStatus":"draft","terms":[],"taxonomy":"","extraData":[]},"publishpress_future_workflow_manual_trigger":{"enabledWorkflows":[]},"_links":{"self":[{"href":"https:\/\/apiagentura.gov.cz\/cs\/wp-json\/wp\/v2\/pages\/1137","targetHints":{"allow":["GET"]}}],"collection":[{"href":"https:\/\/apiagentura.gov.cz\/cs\/wp-json\/wp\/v2\/pages"}],"about":[{"href":"https:\/\/apiagentura.gov.cz\/cs\/wp-json\/wp\/v2\/types\/page"}],"author":[{"embeddable":true,"href":"https:\/\/apiagentura.gov.cz\/cs\/wp-json\/wp\/v2\/users\/1"}],"replies":[{"embeddable":true,"href":"https:\/\/apiagentura.gov.cz\/cs\/wp-json\/wp\/v2\/comments?post=1137"}],"version-history":[{"count":0,"href":"https:\/\/apiagentura.gov.cz\/cs\/wp-json\/wp\/v2\/pages\/1137\/revisions"}],"up":[{"embeddable":true,"href":"https:\/\/apiagentura.gov.cz\/cs\/wp-json\/wp\/v2\/pages\/422"}],"wp:attachment":[{"href":"https:\/\/apiagentura.gov.cz\/cs\/wp-json\/wp\/v2\/media?parent=1137"}],"curies":[{"name":"wp","href":"https:\/\/api.w.org\/{rel}","templated":true}]}}