{"id":114,"date":"2016-06-27T13:27:45","date_gmt":"2016-06-27T12:27:45","guid":{"rendered":"http:\/\/www.ci-api.dev\/?page_id=114"},"modified":"2021-10-01T11:26:36","modified_gmt":"2021-10-01T09:26:36","slug":"aplikace","status":"publish","type":"page","link":"https:\/\/apiagentura.gov.cz\/cs\/programy-podpory\/aplikace\/","title":{"rendered":"Aplikace"},"content":{"rendered":"<p><strong>Jste podnikatelsk\u00fdm subjektem \u010di organizac\u00ed pro v\u00fdzkum a \u0161\u00ed\u0159en\u00ed znalost\u00ed a m\u00e1te v pl\u00e1nu realizovat pr\u016fmyslov\u00fd v\u00fdzkum a experiment\u00e1ln\u00ed v\u00fdvoj? Jestli\u017ee ano, potom je program Aplikace ur\u010den pr\u00e1v\u011b pro V\u00e1s.<\/strong><\/p>\n<p>V\u00edce informac\u00ed o programu podpory Aplikace naleznete v\u00a0dokumentu <a href=\"https:\/\/www.apiagentura.gov.cz\/wp-content\/uploads\/2021\/10\/sc-1.1.-aplikace-verze-6.pdf\" target=\"_blank\" rel=\"noopener\">Text programu Aplikace<\/a>. Specifick\u00e9 podm\u00ednky budou stanoveny jednotliv\u00fdmi V\u00fdzvami.<\/p>","protected":false},"excerpt":{"rendered":"<p>realizace pr\u016fmyslov\u00e9ho v\u00fdzkumu a experiment\u00e1ln\u00edho v\u00fdvoje<\/p>\n","protected":false},"author":35,"featured_media":17810,"parent":102,"menu_order":3,"comment_status":"closed","ping_status":"closed","template":"","meta":{"inline_featured_image":false,"footnotes":""},"class_list":["post-114","page","type-page","status-publish","has-post-thumbnail","hentry"],"publishpress_future_action":{"enabled":false,"date":"2026-05-02 06:18:54","action":"change-status","newStatus":"draft","terms":[],"taxonomy":"","extraData":[]},"publishpress_future_workflow_manual_trigger":{"enabledWorkflows":[]},"_links":{"self":[{"href":"https:\/\/apiagentura.gov.cz\/cs\/wp-json\/wp\/v2\/pages\/114","targetHints":{"allow":["GET"]}}],"collection":[{"href":"https:\/\/apiagentura.gov.cz\/cs\/wp-json\/wp\/v2\/pages"}],"about":[{"href":"https:\/\/apiagentura.gov.cz\/cs\/wp-json\/wp\/v2\/types\/page"}],"author":[{"embeddable":true,"href":"https:\/\/apiagentura.gov.cz\/cs\/wp-json\/wp\/v2\/users\/35"}],"replies":[{"embeddable":true,"href":"https:\/\/apiagentura.gov.cz\/cs\/wp-json\/wp\/v2\/comments?post=114"}],"version-history":[{"count":0,"href":"https:\/\/apiagentura.gov.cz\/cs\/wp-json\/wp\/v2\/pages\/114\/revisions"}],"up":[{"embeddable":true,"href":"https:\/\/apiagentura.gov.cz\/cs\/wp-json\/wp\/v2\/pages\/102"}],"wp:featuredmedia":[{"embeddable":true,"href":"https:\/\/apiagentura.gov.cz\/cs\/wp-json\/wp\/v2\/media\/17810"}],"wp:attachment":[{"href":"https:\/\/apiagentura.gov.cz\/cs\/wp-json\/wp\/v2\/media?parent=114"}],"curies":[{"name":"wp","href":"https:\/\/api.w.org\/{rel}","templated":true}]}}