{"id":1187,"date":"2016-08-17T09:01:25","date_gmt":"2016-08-17T08:01:25","guid":{"rendered":"http:\/\/www.ci-api.stage2.goodshape.cz\/?page_id=1187"},"modified":"2020-08-04T09:36:59","modified_gmt":"2020-08-04T07:36:59","slug":"faq-monitoring-projektu-v-op-pik","status":"publish","type":"page","link":"https:\/\/apiagentura.gov.cz\/cs\/faq\/faq-monitoring-projektu-v-op-pik\/","title":{"rendered":"FAQ &#8211; Monitoring projektu"},"content":{"rendered":"<p><\/p>\n<ul>\n<li style=\"text-align: justify;\"><strong>Jak\u00fdm zp\u016fsobem se zpr\u00e1vy t\u00fdkaj\u00edc\u00ed se monitoringu projektu pod\u00e1vaj\u00ed?\u00a0<\/strong><\/li>\n<\/ul>\n<p style=\"text-align: justify;\">\u017dadatel\u016fm je k dispozici prezentace obsahuj\u00edc\u00ed p\u0159ehled zpr\u00e1v souvisej\u00edc\u00edch s monitoringem projektu v OP PIK a postup jejich pod\u00e1n\u00ed v aplikaci IS KP14+. Prezentace &#8211; N\u00e1vod na\u00a0vypln\u011bn\u00ed zpr\u00e1v z\u00a0realizace (ZOR, ZZOR, ZOU, ZZOU) je dostupn\u00e1 v sekci Metodika v p\u0159ipojen\u00fdch souborech\u00a0<a href=\"https:\/\/www.apiagentura.gov.cz\/metodika\/\">zde<\/a>.<\/p>\n<ul style=\"text-align: justify;\">\n<li style=\"text-align: left;\"><strong>Jak\u00e9 informace m\u00e1m vypl\u0148ovat do z\u00e1lo\u017eek zpr\u00e1v t\u00fdkaj\u00edc\u00edch se monitoringu projektu?\u00a0<\/strong><\/li>\n<\/ul>\n<p style=\"text-align: justify;\">Popis jednotliv\u00fdch z\u00e1lo\u017eek ve zpr\u00e1v\u00e1ch pod\u00e1van\u00fdch p\u0159\u00edjemci v\u00a0obdob\u00ed realizace a udr\u017eitelnosti projektu je k dispozici v sekci Metodika v p\u0159ipojen\u00fdch souborech\u00a0<a href=\"https:\/\/www.apiagentura.gov.cz\/metodika\/\">zde <\/a>(Pr\u016fvodce zpr\u00e1vami z realizace pro p\u0159\u00edjemce (ZOR, ZZOR, ZOU, ZZOU).<\/p>\n<ul style=\"text-align: justify;\">\n<li><strong>Jak vyplnit z\u00e1lo\u017eku Indik\u00e1tory a nechybovat v\u00a0povinn\u00fdch z\u00e1lo\u017ek\u00e1ch?<\/strong><\/li>\n<\/ul>\n<p style=\"text-align: justify;\">Ve v\u0161ech zpr\u00e1v\u00e1ch je nutn\u00e9 v\u017edy vyplnit v\u0161echny indik\u00e1tory, i kdyby jejich aktualizovan\u00e1 hodnota m\u011bla b\u00fdt nula. Ke ka\u017ed\u00e9mu indik\u00e1toru je t\u0159eba napsat kvalitativn\u00ed koment\u00e1\u0159 do textov\u00e9ho pole. Souhrn nej\u010dast\u011bj\u0161\u00edch chyb ve vypl\u0148ov\u00e1n\u00ed sledovan\u00e9ho obdob\u00ed, etap, indik\u00e1tor\u016f naleznete v sekci Metodika v p\u0159ipojen\u00fdch souborech <a href=\"https:\/\/www.apiagentura.gov.cz\/cs\/metodika\/\">zde<\/a>.<\/p>\n<ul style=\"text-align: justify;\">\n<li style=\"text-align: left;\"><strong>Mus\u00edm pod\u00e1vat zpr\u00e1vy, i kdy\u017e je\u0161t\u011b nem\u00e1m vydan\u00e9 Rozhodnut\u00ed o poskytnut\u00ed dotace?<\/strong><\/li>\n<\/ul>\n<p style=\"text-align: justify;\">Ne. Povinnost pod\u00e1vat zpr\u00e1vy souvisej\u00edc\u00ed s\u00a0monitoringem projektu vznik\u00e1 a\u017e v\u00a0okam\u017eiku vyd\u00e1n\u00ed Rozhodnut\u00ed o poskytnut\u00ed dotace. Teprve pot\u00e9 V\u00e1m bude ze strany poskytovatele dotace vygenerov\u00e1n harmonogram zpr\u00e1v.<\/p>\n<ul style=\"text-align: justify;\">\n<li style=\"text-align: left;\"><strong>Co m\u00e1m ud\u011blat jako prvn\u00ed \u2013 podat \u017doP, nebo p\u0159\u00edslu\u0161nou ZoR?<\/strong><\/li>\n<\/ul>\n<p style=\"text-align: justify;\">Pro PRVN\u00cd pod\u00e1n\u00ed je nejd\u0159\u00edve nutn\u00e9 m\u00edt \u017doP ve stavu ,,Podeps\u00e1na\u201c a pot\u00e9 je mo\u017en\u00e9 p\u0159istoupit k\u00a0pod\u00e1n\u00ed p\u0159\u00edslu\u0161n\u00e9 ZoR. Pod\u00e1n\u00edm ZoR se \u017doP ji\u017e sama (automaticky) p\u0159eklop\u00ed na stranu poskytovatele dotace ke kontrole. N\u00e1sledn\u00e9 opravy a op\u011btovn\u00e9 zas\u00edl\u00e1n\u00ed \u017doP a ZoR ke kontrole je mo\u017en\u00e9 d\u011blat ji\u017e odd\u011blen\u011b a nez\u00e1visle na sob\u011b.<\/p>\n<ul style=\"text-align: justify;\">\n<li style=\"text-align: left;\"><strong>Mus\u00edm ve zpr\u00e1v\u011b vypl\u0148ovat ve\u0161ker\u00e9 z\u00e1lo\u017eky?<\/strong><\/li>\n<\/ul>\n<p style=\"text-align: justify;\">Ne. Syst\u00e9m hl\u00edd\u00e1 pouze povinn\u00e1 (\u017elut\u00e1) pole. Mimo t\u011bchto pol\u00ed vypl\u0148ujete jen pro V\u00e1s relevantn\u00ed z\u00e1lo\u017eky (nap\u0159. indik\u00e1tory). Z\u00e1lo\u017eky, kter\u00e9 pro V\u00e1s relevantn\u00ed nejsou, nen\u00ed nutn\u00e9 vypl\u0148ovat.<\/p>\n<ul style=\"text-align: justify;\">\n<li style=\"text-align: left;\"><strong>Bylo mi vyd\u00e1no Rozhodnut\u00ed o poskytnut\u00ed dotace, mohu podat \u017doP a ZOR?<\/strong><\/li>\n<\/ul>\n<p style=\"text-align: justify;\">Pokud v\u00a0IS KP14+ vid\u00edte z\u00e1lo\u017eku Zpr\u00e1vy z\u00a0realizace (um\u00edst\u011bna pod z\u00e1lo\u017ekou \u017d\u00e1dost o platbu), tak ano. V\u00a0opa\u010dn\u00e9m p\u0159\u00edpad\u011b vy\u010dkejte, dokud nebude z\u00e1lo\u017eka zobrazena, p\u0159\u00edpadn\u011b kontaktujte depe\u0161\u00ed sv\u00e9ho projektov\u00e9ho mana\u017eera.<\/p>\n<ul style=\"text-align: justify;\">\n<li style=\"text-align: left;\"><strong>Jsou term\u00edny pro pod\u00e1n\u00ed zpr\u00e1v z\u00e1vazn\u00e9?<\/strong><\/li>\n<\/ul>\n<p style=\"text-align: justify;\">Z\u00e1vazn\u00e9 jsou pouze term\u00edny u zpr\u00e1v v\u00a0dob\u011b udr\u017eitelnosti (tedy u ZoU a ZZoU).<\/p>\n<ul style=\"text-align: justify;\">\n<li style=\"text-align: left;\"><strong>Za\u010d\u00e1tek sledovan\u00e9ho obdob\u00ed n\u00e1m syst\u00e9m do prvn\u00ed zpr\u00e1vy doplnil automaticky, ale neodpov\u00edd\u00e1.<\/strong><\/li>\n<\/ul>\n<p style=\"text-align: justify;\">Syst\u00e9m v\u00a0tomto p\u0159\u00edpad\u011b dopl\u0148uje datum, ve kter\u00e9m do\u0161lo k\u00a0vyd\u00e1n\u00ed Rozhodnut\u00ed o poskytnut\u00ed dotace. Pokud V\u00e1\u0161 projekt za\u010dal v\u00fdrazn\u011b d\u0159\u00edve p\u0159ed t\u00edmto datem, je mo\u017en\u00e9 sledovan\u00e9 obdob\u00ed ru\u010dn\u011b opravit dle skute\u010dnosti \u2013\u00a0datum skute\u010dn\u00e9ho zah\u00e1jen\u00ed projektu.<\/p>\n<ul style=\"text-align: justify;\">\n<li style=\"text-align: left;\"><strong>Mohu podat ke kontrole v\u00edce zpr\u00e1v najednou?<\/strong><\/li>\n<\/ul>\n<p style=\"text-align: justify;\">Ne. Syst\u00e9m hl\u00edd\u00e1 n\u00e1vaznost a posloupnost jednotliv\u00fdch zpr\u00e1v dle data pod\u00e1n\u00ed. Nen\u00ed mo\u017en\u00e9 podat n\u00e1sleduj\u00edc\u00ed zpr\u00e1vu do t\u00e9 doby, ne\u017e V\u00e1m bude ze strany poskytovatele dotace p\u0159edchoz\u00ed zpr\u00e1va schv\u00e1lena v\u00a0posledn\u00edm stupni, kter\u00fdm je stav ,,Schv\u00e1lena \u0158O z\u00a0hlediska obsahov\u00e9 kvality\u201c.<\/p>\n<ul style=\"text-align: justify;\">\n<li style=\"text-align: left;\"><strong>Mus\u00edm v\u00a0r\u00e1mci Zpr\u00e1v o\u00a0udr\u017eitelnosti projektu (ZoU) dokl\u00e1dat n\u011bjak\u00e9 dokumenty?<\/strong><\/li>\n<\/ul>\n<p style=\"text-align: justify;\">Ano. P\u0159edev\u0161\u00edm V\u00fdkaz zisku a ztr\u00e1ty, pokud nen\u00ed zve\u0159ejn\u011bn na Obchodn\u00edm rejst\u0159\u00edku. D\u00e1le je nutn\u00e9 dolo\u017eit st\u00e1lost vlastnictv\u00ed investi\u010dn\u00edho majetku po\u0159\u00edzen\u00e9ho v\u00a0r\u00e1mci dotace i v\u00a0dob\u011b udr\u017eitelnosti (nap\u0159. Karty majetku za sledovan\u00e9 obdob\u00ed zpr\u00e1vy). V\u00a0p\u0159\u00edpad\u011b n\u011bkter\u00fdch program\u016f je nutn\u00e9 k\u00a0vyk\u00e1zan\u00e9 hodnot\u011b konkr\u00e9tn\u00edho indik\u00e1toru dokl\u00e1dat dal\u0161\u00ed dokumenty nap\u0159. Energetick\u00fd posudek, pracovn\u00ed smlouvy, formul\u00e1\u0159e pro vyk\u00e1z\u00e1n\u00ed spln\u011bn\u00ed hodnoty indik\u00e1tor\u016f a dal\u0161\u00ed relevantn\u00ed dokumenty prokazuj\u00edc\u00ed dosa\u017een\u00ed hodnoty indik\u00e1tor\u016f.<\/p>\n<p><\/p>","protected":false},"excerpt":{"rendered":"<p>Jak\u00fdm zp\u016fsobem se zpr\u00e1vy t\u00fdkaj\u00edc\u00ed se monitoringu projektu pod\u00e1vaj\u00ed?\u00a0 \u017dadatel\u016fm je k dispozici prezentace obsahuj\u00edc\u00ed p\u0159ehled zpr\u00e1v souvisej\u00edc\u00edch s monitoringem projektu v OP PIK a postup jejich pod\u00e1n\u00ed v aplikaci IS KP14+. Prezentace &#8211; N\u00e1vod na\u00a0vypln\u011bn\u00ed zpr\u00e1v z\u00a0realizace (ZOR, ZZOR, ZOU, ZZOU) je dostupn\u00e1 v sekci Metodika v p\u0159ipojen\u00fdch souborech\u00a0zde. Jak\u00e9 informace m\u00e1m vypl\u0148ovat do [&hellip;]<\/p>\n","protected":false},"author":1,"featured_media":0,"parent":422,"menu_order":22,"comment_status":"closed","ping_status":"closed","template":"","meta":{"inline_featured_image":false,"footnotes":""},"class_list":["post-1187","page","type-page","status-publish","hentry"],"publishpress_future_action":{"enabled":false,"date":"2026-05-02 13:32:58","action":"change-status","newStatus":"draft","terms":[],"taxonomy":"","extraData":[]},"publishpress_future_workflow_manual_trigger":{"enabledWorkflows":[]},"_links":{"self":[{"href":"https:\/\/apiagentura.gov.cz\/cs\/wp-json\/wp\/v2\/pages\/1187","targetHints":{"allow":["GET"]}}],"collection":[{"href":"https:\/\/apiagentura.gov.cz\/cs\/wp-json\/wp\/v2\/pages"}],"about":[{"href":"https:\/\/apiagentura.gov.cz\/cs\/wp-json\/wp\/v2\/types\/page"}],"author":[{"embeddable":true,"href":"https:\/\/apiagentura.gov.cz\/cs\/wp-json\/wp\/v2\/users\/1"}],"replies":[{"embeddable":true,"href":"https:\/\/apiagentura.gov.cz\/cs\/wp-json\/wp\/v2\/comments?post=1187"}],"version-history":[{"count":0,"href":"https:\/\/apiagentura.gov.cz\/cs\/wp-json\/wp\/v2\/pages\/1187\/revisions"}],"up":[{"embeddable":true,"href":"https:\/\/apiagentura.gov.cz\/cs\/wp-json\/wp\/v2\/pages\/422"}],"wp:attachment":[{"href":"https:\/\/apiagentura.gov.cz\/cs\/wp-json\/wp\/v2\/media?parent=1187"}],"curies":[{"name":"wp","href":"https:\/\/api.w.org\/{rel}","templated":true}]}}