{"id":120,"date":"2016-06-27T13:28:35","date_gmt":"2016-06-27T12:28:35","guid":{"rendered":"http:\/\/www.ci-api.dev\/?page_id=120"},"modified":"2021-10-01T14:22:37","modified_gmt":"2021-10-01T12:22:37","slug":"sluzby-infrastruktury","status":"publish","type":"page","link":"https:\/\/apiagentura.gov.cz\/cs\/programy-podpory\/sluzby-infrastruktury\/","title":{"rendered":"Slu\u017eby infrastruktury"},"content":{"rendered":"<p><\/p>\n<p style=\"text-align: left;\"><strong>Hlavn\u00edm c\u00edlem programu je zkvalit\u0148ov\u00e1n\u00ed slu\u017eeb podp\u016frn\u00e9 infrastruktury, kter\u00e1 povede ke zv\u00fd\u0161en\u00ed intenzity spole\u010dn\u00fdch v\u00fdzkumn\u00fdch, v\u00fdvojov\u00fdch a inova\u010dn\u00edch aktivit mezi podnikatelsk\u00fdmi subjekty a mezi ve\u0159ejn\u00fdm a podnikov\u00fdm sektorem se zam\u011b\u0159en\u00edm zejm\u00e9na na realizaci nov\u00fdch technologi\u00ed a konkurenceschopn\u00fdch v\u00fdrobk\u016f a slu\u017eeb.<\/strong><\/p>\n<p style=\"text-align: left;\">V\u00a0r\u00e1mci programu je podporov\u00e1no zejm\u00e9na poskytov\u00e1n\u00ed slu\u017eeb inova\u010dn\u00edm podnik\u016fm a provozov\u00e1n\u00ed st\u00e1vaj\u00edc\u00edho v\u011bdeckotechnick\u00e9ho parku (VTP), podnikatelsk\u00e9ho inkub\u00e1toru nebo inova\u010dn\u00edho centra. V\u00a0ojedin\u011bl\u00fdch p\u0159\u00edpadech lze tak\u00e9 podpo\u0159it roz\u0161\u00ed\u0159en\u00ed prostor VTP a po\u0159\u00edzen\u00ed nov\u00e9ho vybaven\u00ed a d\u00e1le v\u00fdstavbu nov\u00e9 sd\u00edlen\u00e9 infrastruktury v\u00a0regionu.<\/p>\n<p style=\"text-align: left;\">V\u00edce informac\u00ed o programu naleznete v\u00a0dokumentu <a href=\"https:\/\/www.apiagentura.gov.cz\/wp-content\/uploads\/2021\/10\/sc1.2-sluzby-infrastruktury-verze-3.pdf\" target=\"_blank\" rel=\"noopener\">Text programu Slu\u017eby infrastruktury.<\/a> Specifick\u00e9 podm\u00ednky budou stanoveny jednotliv\u00fdmi V\u00fdzvami.<\/p>\n<p><\/p>","protected":false},"excerpt":{"rendered":"<p>v\u00fdstavba, provoz \u010di roz\u0161\u00ed\u0159en\u00ed inova\u010dn\u00ed infrastruktury (v\u011bdeckotechnick\u00e9 parky, podnikatelsk\u00e9 inkub\u00e1tory, inova\u010dn\u00ed centra)<\/p>\n","protected":false},"author":35,"featured_media":18034,"parent":102,"menu_order":7,"comment_status":"closed","ping_status":"closed","template":"","meta":{"inline_featured_image":false,"footnotes":""},"class_list":["post-120","page","type-page","status-publish","has-post-thumbnail","hentry"],"publishpress_future_action":{"enabled":false,"date":"2026-05-07 08:19:19","action":"change-status","newStatus":"draft","terms":[],"taxonomy":"","extraData":[]},"publishpress_future_workflow_manual_trigger":{"enabledWorkflows":[]},"_links":{"self":[{"href":"https:\/\/apiagentura.gov.cz\/cs\/wp-json\/wp\/v2\/pages\/120","targetHints":{"allow":["GET"]}}],"collection":[{"href":"https:\/\/apiagentura.gov.cz\/cs\/wp-json\/wp\/v2\/pages"}],"about":[{"href":"https:\/\/apiagentura.gov.cz\/cs\/wp-json\/wp\/v2\/types\/page"}],"author":[{"embeddable":true,"href":"https:\/\/apiagentura.gov.cz\/cs\/wp-json\/wp\/v2\/users\/35"}],"replies":[{"embeddable":true,"href":"https:\/\/apiagentura.gov.cz\/cs\/wp-json\/wp\/v2\/comments?post=120"}],"version-history":[{"count":0,"href":"https:\/\/apiagentura.gov.cz\/cs\/wp-json\/wp\/v2\/pages\/120\/revisions"}],"up":[{"embeddable":true,"href":"https:\/\/apiagentura.gov.cz\/cs\/wp-json\/wp\/v2\/pages\/102"}],"wp:featuredmedia":[{"embeddable":true,"href":"https:\/\/apiagentura.gov.cz\/cs\/wp-json\/wp\/v2\/media\/18034"}],"wp:attachment":[{"href":"https:\/\/apiagentura.gov.cz\/cs\/wp-json\/wp\/v2\/media?parent=120"}],"curies":[{"name":"wp","href":"https:\/\/api.w.org\/{rel}","templated":true}]}}