{"id":124,"date":"2016-06-27T13:28:58","date_gmt":"2016-06-27T12:28:58","guid":{"rendered":"http:\/\/www.ci-api.dev\/?page_id=124"},"modified":"2021-09-07T07:32:43","modified_gmt":"2021-09-07T05:32:43","slug":"technologie","status":"publish","type":"page","link":"https:\/\/apiagentura.gov.cz\/cs\/programy-podpory\/technologie\/","title":{"rendered":"Technologie"},"content":{"rendered":"<p><\/p>\n<p style=\"text-align: left;\"><strong>Pot\u0159ebujete z\u00edskat nov\u00e9 v\u00fdrobn\u00ed kapacity? Pot\u0159ebujete vyr\u00e1b\u011bt rychleji, s vy\u0161\u0161\u00ed p\u0159esnost\u00ed a efektivn\u011bji? Jste za\u010d\u00ednaj\u00edc\u00edm drobn\u00fdm podnikatelem \u010di mal\u00fdm a st\u0159edn\u00edm podnikem? Jestli\u017ee ano, pr\u00e1v\u011b pro V\u00e1s je ur\u010den program Technologie.<\/strong><\/p>\n<p style=\"text-align: left;\">V\u00edce informac\u00ed o programu naleznete v\u00a0dokumentu <a href=\"https:\/\/www.apiagentura.gov.cz\/wp-content\/uploads\/2021\/09\/sc2.1-technologie-verze-07-2021.pdf\" target=\"_blank\" rel=\"noopener\">Text programu Technologie.<\/a> Specifick\u00e9 podm\u00ednky budou stanoveny jednotliv\u00fdmi V\u00fdzvami.<\/p>\n<p><\/p>","protected":false},"excerpt":{"rendered":"<p>po\u0159\u00edzen\u00ed nov\u00fdch stroj\u016f, technologick\u00fdch za\u0159\u00edzen\u00ed a vybaven\u00ed<\/p>\n","protected":false},"author":35,"featured_media":18036,"parent":102,"menu_order":9,"comment_status":"closed","ping_status":"closed","template":"","meta":{"inline_featured_image":false,"footnotes":""},"class_list":["post-124","page","type-page","status-publish","has-post-thumbnail","hentry"],"publishpress_future_action":{"enabled":false,"date":"2026-05-02 04:58:48","action":"change-status","newStatus":"draft","terms":[],"taxonomy":"","extraData":[]},"publishpress_future_workflow_manual_trigger":{"enabledWorkflows":[]},"_links":{"self":[{"href":"https:\/\/apiagentura.gov.cz\/cs\/wp-json\/wp\/v2\/pages\/124","targetHints":{"allow":["GET"]}}],"collection":[{"href":"https:\/\/apiagentura.gov.cz\/cs\/wp-json\/wp\/v2\/pages"}],"about":[{"href":"https:\/\/apiagentura.gov.cz\/cs\/wp-json\/wp\/v2\/types\/page"}],"author":[{"embeddable":true,"href":"https:\/\/apiagentura.gov.cz\/cs\/wp-json\/wp\/v2\/users\/35"}],"replies":[{"embeddable":true,"href":"https:\/\/apiagentura.gov.cz\/cs\/wp-json\/wp\/v2\/comments?post=124"}],"version-history":[{"count":0,"href":"https:\/\/apiagentura.gov.cz\/cs\/wp-json\/wp\/v2\/pages\/124\/revisions"}],"up":[{"embeddable":true,"href":"https:\/\/apiagentura.gov.cz\/cs\/wp-json\/wp\/v2\/pages\/102"}],"wp:featuredmedia":[{"embeddable":true,"href":"https:\/\/apiagentura.gov.cz\/cs\/wp-json\/wp\/v2\/media\/18036"}],"wp:attachment":[{"href":"https:\/\/apiagentura.gov.cz\/cs\/wp-json\/wp\/v2\/media?parent=124"}],"curies":[{"name":"wp","href":"https:\/\/api.w.org\/{rel}","templated":true}]}}