{"id":12798,"date":"2018-10-15T14:30:11","date_gmt":"2018-10-15T13:30:11","guid":{"rendered":"https:\/\/www.apiagentura.gov.cz\/?page_id=12798"},"modified":"2020-08-07T09:52:52","modified_gmt":"2020-08-07T07:52:52","slug":"podnik-v-obtizich","status":"publish","type":"page","link":"https:\/\/apiagentura.gov.cz\/cs\/metodika\/podnik-v-obtizich\/","title":{"rendered":"Podnik v obt\u00ed\u017e\u00edch"},"content":{"rendered":"<p>\u017dadatel\u016fm nab\u00edz\u00edme k vyu\u017eit\u00ed n\u00e1stroj pro zji\u0161t\u011bn\u00ed skute\u010dnosti, zda je konkr\u00e9tn\u00ed subjekt k dan\u00e9mu dni (z\u00e1le\u017e\u00ed za jak\u00e9 roky budou vypln\u011bny polo\u017eky z \u00fa\u010detn\u00edch v\u00fdkaz\u016f) podnikem v obt\u00ed\u017e\u00edch dle na\u0159\u00edzen\u00ed Komise (EU) \u010d. 651\/2014. Definice podniku v obt\u00ed\u017e\u00edch je citov\u00e1na v t\u011ble formul\u00e1\u0159e.<\/p>\n<ul>\n<li>Formul\u00e1\u0159 je nastaven pro hodnocen\u00ed jednoho konkr\u00e9tn\u00edho podniku. Vyhodnocen\u00ed cel\u00e9 skupiny je mo\u017en\u00e9 prov\u00e9st bu\u010f agregac\u00ed \u00fadaj\u016f za jednotliv\u00e9 subjekty ve skupin\u011b, nebo vypln\u011bn\u00edm formul\u00e1\u0159e za ka\u017ed\u00e9ho \u010dlena skupiny zvl\u00e1\u0161\u0165.<\/li>\n<li>V editovateln\u00e9 \u010d\u00e1sti formul\u00e1\u0159e \u017eadatel vypln\u00ed n\u00e1zev spole\u010dnosti, I\u010c, pr\u00e1vn\u00ed formu a datum vzniku. \u010c\u00e1st vypl\u0148ovan\u00fdch \u00fadaj\u016f je zalo\u017eena na prohl\u00e1\u0161en\u00ed \u017eadatele &#8211; status MSP, p\u0159\u00edpadn\u00e9 \u00fapadkov\u00e9 \u0159\u00edzen\u00ed \u010di obdr\u017een\u00ed podpory pro z\u00e1chranu.<\/li>\n<li>T\u0159et\u00ed \u010d\u00e1st formul\u00e1\u0159e obsahuje \u00fadaje z posledn\u00edch dvou uzav\u0159en\u00fdch \u00fa\u010detn\u00edch obdob\u00ed, za kter\u00e9 bylo pod\u00e1no da\u0148ov\u00e9 p\u0159izn\u00e1n\u00ed. Zde se vypln\u00ed \u00fadaje z \u00fa\u010detn\u00edch v\u00fdkaz\u016f, zadan\u00e9 \u00fadaje pot\u00e9 vstupuj\u00ed do v\u00fdpo\u010dt\u016f.<\/li>\n<li>V prav\u00e9 \u010d\u00e1sti formul\u00e1\u0159e je fin\u00e1ln\u00ed v\u00fdsledek, zda uveden\u00fd podnik je \u010di nen\u00ed v obt\u00ed\u017e\u00edch. V p\u0159\u00edpad\u011b, \u017ee se bude jednat o podnik v obt\u00ed\u017e\u00edch, formul\u00e1\u0159 informuje, dle jak\u00e9ho bodu definice k tomu do\u0161lo.<\/li>\n<\/ul>\n<p>Funk\u010dnost formul\u00e1\u0159e byla ov\u011b\u0159ov\u00e1na ve spolupr\u00e1ci se spole\u010dnost\u00ed CRIF &#8211; Czech Credit Bureau, a.s.<\/p>\n<p>Jedn\u00e1 se o pilotn\u00ed provoz uveden\u00e9ho formul\u00e1\u0159e. P\u0159\u00edpadn\u00e9 podn\u011bty a p\u0159ipom\u00ednky je mo\u017en\u00e9 adresovat na adresu <a href=\"mailto:ehp@agentura-api.cz\" target=\"_blank\" rel=\"noopener\">ehp@agentura-api.cz.<\/a><\/p>","protected":false},"excerpt":{"rendered":"<p>\u017dadatel\u016fm nab\u00edz\u00edme k vyu\u017eit\u00ed n\u00e1stroj pro zji\u0161t\u011bn\u00ed skute\u010dnosti, zda je konkr\u00e9tn\u00ed subjekt k dan\u00e9mu dni (z\u00e1le\u017e\u00ed za jak\u00e9 roky budou vypln\u011bny polo\u017eky z \u00fa\u010detn\u00edch v\u00fdkaz\u016f) podnikem v obt\u00ed\u017e\u00edch dle na\u0159\u00edzen\u00ed Komise (EU) \u010d. 651\/2014. Definice podniku v obt\u00ed\u017e\u00edch je citov\u00e1na v t\u011ble formul\u00e1\u0159e. Formul\u00e1\u0159 je nastaven pro hodnocen\u00ed jednoho konkr\u00e9tn\u00edho podniku. Vyhodnocen\u00ed cel\u00e9 skupiny je [&hellip;]<\/p>\n","protected":false},"author":35,"featured_media":0,"parent":88,"menu_order":0,"comment_status":"closed","ping_status":"closed","template":"","meta":{"inline_featured_image":false,"footnotes":""},"class_list":["post-12798","page","type-page","status-publish","hentry"],"publishpress_future_action":{"enabled":false,"date":"2026-05-08 23:06:07","action":"change-status","newStatus":"draft","terms":[],"taxonomy":"","extraData":[]},"publishpress_future_workflow_manual_trigger":{"enabledWorkflows":[]},"_links":{"self":[{"href":"https:\/\/apiagentura.gov.cz\/cs\/wp-json\/wp\/v2\/pages\/12798","targetHints":{"allow":["GET"]}}],"collection":[{"href":"https:\/\/apiagentura.gov.cz\/cs\/wp-json\/wp\/v2\/pages"}],"about":[{"href":"https:\/\/apiagentura.gov.cz\/cs\/wp-json\/wp\/v2\/types\/page"}],"author":[{"embeddable":true,"href":"https:\/\/apiagentura.gov.cz\/cs\/wp-json\/wp\/v2\/users\/35"}],"replies":[{"embeddable":true,"href":"https:\/\/apiagentura.gov.cz\/cs\/wp-json\/wp\/v2\/comments?post=12798"}],"version-history":[{"count":0,"href":"https:\/\/apiagentura.gov.cz\/cs\/wp-json\/wp\/v2\/pages\/12798\/revisions"}],"up":[{"embeddable":true,"href":"https:\/\/apiagentura.gov.cz\/cs\/wp-json\/wp\/v2\/pages\/88"}],"wp:attachment":[{"href":"https:\/\/apiagentura.gov.cz\/cs\/wp-json\/wp\/v2\/media?parent=12798"}],"curies":[{"name":"wp","href":"https:\/\/api.w.org\/{rel}","templated":true}]}}