{"id":1295,"date":"2016-08-18T09:39:47","date_gmt":"2016-08-18T08:39:47","guid":{"rendered":"http:\/\/www.ci-api.stage2.goodshape.cz\/?page_id=1295"},"modified":"2019-05-30T15:16:06","modified_gmt":"2019-05-30T13:16:06","slug":"slovnicek-pojmu-b","status":"publish","type":"page","link":"https:\/\/apiagentura.gov.cz\/cs\/faq\/slovnicek-pojmu-b\/","title":{"rendered":"Slovn\u00ed\u010dek pojm\u016f &#8211; B"},"content":{"rendered":"<p><\/p>\n<h2>B<\/h2>\n<h4>Bin\u00e1rn\u00ed krit\u00e9ria<\/h4>\n<p>Krit\u00e9ria typu ANO\/NE slou\u017e\u00edc\u00ed k hodnocen\u00ed projektu. Aby projekt mohl postoupit d\u00e1le, mus\u00ed b\u00fdt v\u0161echna tato krit\u00e9ria spln\u011bna.<\/p>\n<h4>Blokov\u00e1 v\u00fdjimka<\/h4>\n<p>Jedn\u00e1 se o\u00a0na\u0159\u00edzen\u00ed Evropsk\u00e9 komise. Pokud jsou spln\u011bny podm\u00ednky stanoven\u00e9 p\u0159\u00edslu\u0161n\u00fdm na\u0159\u00edzen\u00edm, m\u016f\u017ee b\u00fdt takov\u00e1 podpora bez dal\u0161\u00edho poskytnuta, ani\u017e by podl\u00e9hala schv\u00e1len\u00ed ze\u00a0strany Komise. Poskytovatel v\u0161ak m\u00e1 povinnost zaslat Komisi p\u0159ehled informac\u00ed t\u00fdkaj\u00edc\u00edch se poskytov\u00e1n\u00ed ve\u0159ejn\u00e9 podpory na\u00a0z\u00e1klad\u011b blokov\u00e9 v\u00fdjimky. Blokov\u00fdmi v\u00fdjimkami jsou na\u0159\u00edzen\u00ed upravuj\u00edc\u00ed ve\u0159ejnou podporu ur\u010denou mal\u00fdm a\u00a0st\u0159edn\u00edm podnik\u016fm, ve\u0159ejnou podporu na\u00a0zam\u011bstnanost,\u00a0ve\u0159ejnou podporu na\u00a0vzd\u011bl\u00e1v\u00e1n\u00ed, region\u00e1ln\u00ed rozvoj a dal\u0161\u00ed.<\/p>\n<h4>Bodov\u00e1 krit\u00e9ria<\/h4>\n<p>Krit\u00e9ria slou\u017e\u00edc\u00ed k posouzen\u00ed parametr\u016f projektu. Aby mohl b\u00fdt projekt schv\u00e1len, mus\u00ed obdr\u017eet alespo\u0148 minim\u00e1ln\u00ed po\u010det bod\u016f (minim\u00e1ln\u00ed hranice nastavena dle jednotliv\u00fdch program\u016f a V\u00fdzev k\u00a0p\u0159edkl\u00e1d\u00e1n\u00ed \u017d\u00e1dost\u00ed o podporu).<\/p>\n<h4>Brownfield<\/h4>\n<p>Nemovitost (pozemek, objekt, are\u00e1l), kter\u00e1 nen\u00ed efektivn\u011b vyu\u017e\u00edv\u00e1na, je zanedb\u00e1na a p\u0159\u00edpadn\u011b i kontaminov\u00e1na. Nelze ji vhodn\u011b a efektivn\u011b vyu\u017e\u00edvat, ani\u017e by prob\u011bhl proces jej\u00ed regenerace. Vznik\u00e1 jako poz\u016fstatek pr\u016fmyslov\u00e9, zem\u011bd\u011blsk\u00e9, reziden\u010dn\u00ed \u010di jin\u00e9 aktivity.<\/p>","protected":false},"excerpt":{"rendered":"<p>B Bin\u00e1rn\u00ed krit\u00e9ria Krit\u00e9ria typu ANO\/NE slou\u017e\u00edc\u00ed k hodnocen\u00ed projektu. Aby projekt mohl postoupit d\u00e1le, mus\u00ed b\u00fdt v\u0161echna tato krit\u00e9ria spln\u011bna. Blokov\u00e1 v\u00fdjimka Jedn\u00e1 se o\u00a0na\u0159\u00edzen\u00ed Evropsk\u00e9 komise. Pokud jsou spln\u011bny podm\u00ednky stanoven\u00e9 p\u0159\u00edslu\u0161n\u00fdm na\u0159\u00edzen\u00edm, m\u016f\u017ee b\u00fdt takov\u00e1 podpora bez dal\u0161\u00edho poskytnuta, ani\u017e by podl\u00e9hala schv\u00e1len\u00ed ze\u00a0strany Komise. Poskytovatel v\u0161ak m\u00e1 povinnost zaslat Komisi p\u0159ehled [&hellip;]<\/p>\n","protected":false},"author":1,"featured_media":0,"parent":422,"menu_order":1,"comment_status":"closed","ping_status":"closed","template":"","meta":{"inline_featured_image":false,"footnotes":""},"class_list":["post-1295","page","type-page","status-publish","hentry"],"publishpress_future_action":{"enabled":false,"date":"2026-05-06 13:29:33","action":"change-status","newStatus":"draft","terms":[],"taxonomy":"","extraData":[]},"publishpress_future_workflow_manual_trigger":{"enabledWorkflows":[]},"_links":{"self":[{"href":"https:\/\/apiagentura.gov.cz\/cs\/wp-json\/wp\/v2\/pages\/1295","targetHints":{"allow":["GET"]}}],"collection":[{"href":"https:\/\/apiagentura.gov.cz\/cs\/wp-json\/wp\/v2\/pages"}],"about":[{"href":"https:\/\/apiagentura.gov.cz\/cs\/wp-json\/wp\/v2\/types\/page"}],"author":[{"embeddable":true,"href":"https:\/\/apiagentura.gov.cz\/cs\/wp-json\/wp\/v2\/users\/1"}],"replies":[{"embeddable":true,"href":"https:\/\/apiagentura.gov.cz\/cs\/wp-json\/wp\/v2\/comments?post=1295"}],"version-history":[{"count":0,"href":"https:\/\/apiagentura.gov.cz\/cs\/wp-json\/wp\/v2\/pages\/1295\/revisions"}],"up":[{"embeddable":true,"href":"https:\/\/apiagentura.gov.cz\/cs\/wp-json\/wp\/v2\/pages\/422"}],"wp:attachment":[{"href":"https:\/\/apiagentura.gov.cz\/cs\/wp-json\/wp\/v2\/media?parent=1295"}],"curies":[{"name":"wp","href":"https:\/\/api.w.org\/{rel}","templated":true}]}}