{"id":1303,"date":"2016-08-18T09:47:16","date_gmt":"2016-08-18T08:47:16","guid":{"rendered":"http:\/\/www.ci-api.stage2.goodshape.cz\/?page_id=1303"},"modified":"2019-05-30T15:33:13","modified_gmt":"2019-05-30T13:33:13","slug":"slovnicek-pojmu-f","status":"publish","type":"page","link":"https:\/\/apiagentura.gov.cz\/cs\/faq\/slovnicek-pojmu-f\/","title":{"rendered":"Slovn\u00ed\u010dek pojm\u016f &#8211; F"},"content":{"rendered":"<p><\/p>\n<h2>F<\/h2>\n<h4>Finan\u010dn\u00ed n\u00e1stroje<\/h4>\n<p>Finan\u010dn\u00ed n\u00e1stroje p\u0159edstavuj\u00ed vyu\u017e\u00edv\u00e1n\u00ed finan\u010dn\u00edch prost\u0159edk\u016f ESI fond\u016f n\u00e1vratn\u00fdm zp\u016fsobem a sou\u010dasn\u011b p\u0159edpokl\u00e1daj\u00ed kombinaci r\u016fzn\u00fdch forem ve\u0159ejn\u00fdch a soukrom\u00fdch zdroj\u016f na podporu c\u00edl\u016f ve\u0159ejn\u00e9 politiky k \u0159e\u0161en\u00ed zvl\u00e1\u0161tn\u00edch pot\u0159eb trhu. Jedn\u00e1 se tedy o opat\u0159en\u00ed finan\u010dn\u00ed podpory poskytovan\u00e1 na dopl\u0148kov\u00e9m z\u00e1klad\u011b a zam\u011b\u0159en\u00e1 na pln\u011bn\u00ed jednoho nebo v\u00edce konkr\u00e9tn\u00edch politick\u00fdch c\u00edl\u016f EU. Tyto n\u00e1stroje mohou m\u00edt formu kapit\u00e1lov\u00fdch \u010di kvazikapit\u00e1lov\u00fdch investic, p\u016fj\u010dek nebo z\u00e1ruk anebo jin\u00fdch n\u00e1stroj\u016f ke sd\u00edlen\u00ed rizik a tam, kde je to vhodn\u00e9, mohou b\u00fdt spojeny s granty.<\/p>\n<h4>Finan\u010dn\u00ed v\u00fdkazy (FV)<\/h4>\n<p>Formul\u00e1\u0159e p\u0159edkl\u00e1dan\u00e9 \u017eadatelem obsahuj\u00edc\u00ed \u00fadaje pro ekonomick\u00e9 hodnocen\u00ed projektu. Formul\u00e1\u0159 finan\u010dn\u00ed anal\u00fdzy je k dispozici <a href=\"https:\/\/www.apiagentura.gov.cz\/ekonomicke-hodnoceni\/\">zde<\/a>.<\/p>","protected":false},"excerpt":{"rendered":"<p>F Finan\u010dn\u00ed n\u00e1stroje Finan\u010dn\u00ed n\u00e1stroje p\u0159edstavuj\u00ed vyu\u017e\u00edv\u00e1n\u00ed finan\u010dn\u00edch prost\u0159edk\u016f ESI fond\u016f n\u00e1vratn\u00fdm zp\u016fsobem a sou\u010dasn\u011b p\u0159edpokl\u00e1daj\u00ed kombinaci r\u016fzn\u00fdch forem ve\u0159ejn\u00fdch a soukrom\u00fdch zdroj\u016f na podporu c\u00edl\u016f ve\u0159ejn\u00e9 politiky k \u0159e\u0161en\u00ed zvl\u00e1\u0161tn\u00edch pot\u0159eb trhu. Jedn\u00e1 se tedy o opat\u0159en\u00ed finan\u010dn\u00ed podpory poskytovan\u00e1 na dopl\u0148kov\u00e9m z\u00e1klad\u011b a zam\u011b\u0159en\u00e1 na pln\u011bn\u00ed jednoho nebo v\u00edce konkr\u00e9tn\u00edch politick\u00fdch c\u00edl\u016f EU. [&hellip;]<\/p>\n","protected":false},"author":1,"featured_media":0,"parent":422,"menu_order":5,"comment_status":"closed","ping_status":"closed","template":"","meta":{"inline_featured_image":false,"footnotes":""},"class_list":["post-1303","page","type-page","status-publish","hentry"],"publishpress_future_action":{"enabled":false,"date":"2026-05-08 09:26:42","action":"change-status","newStatus":"draft","terms":[],"taxonomy":"","extraData":[]},"publishpress_future_workflow_manual_trigger":{"enabledWorkflows":[]},"_links":{"self":[{"href":"https:\/\/apiagentura.gov.cz\/cs\/wp-json\/wp\/v2\/pages\/1303","targetHints":{"allow":["GET"]}}],"collection":[{"href":"https:\/\/apiagentura.gov.cz\/cs\/wp-json\/wp\/v2\/pages"}],"about":[{"href":"https:\/\/apiagentura.gov.cz\/cs\/wp-json\/wp\/v2\/types\/page"}],"author":[{"embeddable":true,"href":"https:\/\/apiagentura.gov.cz\/cs\/wp-json\/wp\/v2\/users\/1"}],"replies":[{"embeddable":true,"href":"https:\/\/apiagentura.gov.cz\/cs\/wp-json\/wp\/v2\/comments?post=1303"}],"version-history":[{"count":0,"href":"https:\/\/apiagentura.gov.cz\/cs\/wp-json\/wp\/v2\/pages\/1303\/revisions"}],"up":[{"embeddable":true,"href":"https:\/\/apiagentura.gov.cz\/cs\/wp-json\/wp\/v2\/pages\/422"}],"wp:attachment":[{"href":"https:\/\/apiagentura.gov.cz\/cs\/wp-json\/wp\/v2\/media?parent=1303"}],"curies":[{"name":"wp","href":"https:\/\/api.w.org\/{rel}","templated":true}]}}