{"id":1307,"date":"2016-08-18T09:49:04","date_gmt":"2016-08-18T08:49:04","guid":{"rendered":"http:\/\/www.ci-api.stage2.goodshape.cz\/?page_id=1307"},"modified":"2019-05-30T15:39:21","modified_gmt":"2019-05-30T13:39:21","slug":"slovnicek-pojmu-i","status":"publish","type":"page","link":"https:\/\/apiagentura.gov.cz\/cs\/faq\/slovnicek-pojmu-i\/","title":{"rendered":"Slovn\u00ed\u010dek pojm\u016f &#8211; I"},"content":{"rendered":"<p><\/p>\n<h2>I<\/h2>\n<h4>ICT<\/h4>\n<p>Informa\u010dn\u00ed a komunika\u010dn\u00ed technologie = hardwarov\u00e9 a softwarov\u00e9 prost\u0159edky pro sb\u011br, p\u0159enos, ukl\u00e1d\u00e1n\u00ed, zpracov\u00e1n\u00ed a distribuci dat. Mezi hardwarov\u00e9 (technick\u00e9) prost\u0159edky pat\u0159\u00ed servery, stacion\u00e1rn\u00ed a p\u0159enosn\u00e9 person\u00e1ln\u00ed po\u010d\u00edta\u010de, tisk\u00e1rny, komunika\u010dn\u00ed a s\u00ed\u0165ov\u00e1 za\u0159\u00edzen\u00ed (p\u0159edev\u0161\u00edm vys\u00edla\u010de, sm\u011brova\u010de, p\u0159ep\u00edna\u010de) a specializovan\u00e1 koncov\u00e1 za\u0159\u00edzen\u00ed (my\u0161, tablet, scanner, kamera, PDA, mobiln\u00ed telefon apod.). Mezi softwarov\u00e9 (programov\u00e9) prost\u0159edky pat\u0159\u00ed z\u00e1kladn\u00ed software (opera\u010dn\u00ed syst\u00e9m, datab\u00e1zov\u00fd syst\u00e9m, komunika\u010dn\u00ed syst\u00e9m), aplika\u010dn\u00ed software a software pro modelov\u00e1n\u00ed a v\u00fdvoj informa\u010dn\u00edch syst\u00e9m\u016f.<\/p>\n<h4>Indik\u00e1tor<\/h4>\n<p>Indik\u00e1tory slou\u017e\u00ed pro monitorov\u00e1n\u00ed pr\u016fb\u011bhu a v\u00fdsledku realizace projekt\u016f, oblast\u00ed podpory, prioritn\u00edch os a program\u016f vzhledem ke stanoven\u00fdm c\u00edl\u016fm. Ka\u017ed\u00fd \u017eadatel o finan\u010dn\u00ed podporu je povinen v r\u00e1mci \u017e\u00e1dosti o podporu dolo\u017eit indik\u00e1tory projektu a zejm\u00e9na uv\u00e9st kvantifikaci vybran\u00fdch indik\u00e1tor\u016f, kter\u00e9 maj\u00ed vazbu na indik\u00e1tory stanoven\u00e9 v r\u00e1mci dan\u00e9 oblasti podpory v prov\u00e1d\u011bc\u00edm dokumentu. Indik\u00e1tory projektu budou n\u00e1sledn\u011b uvedeny ve smlouv\u011b o financov\u00e1n\u00ed a budou m\u00edt kl\u00ed\u010dov\u00fd v\u00fdznam p\u0159i hodnocen\u00ed realizace projektu. Pln\u011bn\u00ed indik\u00e1tor\u016f se vykazuje v monitorovac\u00edch zpr\u00e1v\u00e1ch. Nedodr\u017een\u00ed indik\u00e1tor\u016f m\u016f\u017ee v\u00e9st k \u010d\u00e1ste\u010dn\u00e9mu nebo dokonce i \u00fapln\u00e9mu odebr\u00e1n\u00ed poskytnut\u00e9 dotace.<\/p>\n<p>V\u00a0OP PIK rozli\u0161ujeme indik\u00e1tory povinn\u00e9 k\u00a0napln\u011bn\u00ed a povinn\u00e9 k\u00a0v\u00fdb\u011bru. U indik\u00e1tor\u016f povinn\u00fdch k\u00a0napln\u011bn\u00ed se p\u0159\u00edjemce zavazuje k dosa\u017een\u00ed dan\u00e9 c\u00edlov\u00e9 hodnoty, a to do p\u0159edem ur\u010den\u00e9ho data. Indik\u00e1tory povinn\u00e9 k\u00a0v\u00fdb\u011bru nemaj\u00ed stanovenou c\u00edlovou hodnotu a tedy ani \u017e\u00e1dn\u00fd ur\u010den\u00fd term\u00edn pln\u011bn\u00ed, za nespln\u011bn\u00ed hodnoty tohoto indik\u00e1toru uveden\u00e9 v\u00a0Rozhodnut\u00ed o poskytnut\u00ed dotace tak nehroz\u00ed sankce.<\/p>\n<h4>Inovace procesu<\/h4>\n<p>Inovac\u00ed procesu se rozum\u00ed zav\u00e1d\u011bn\u00ed nov\u00fdch nebo v\u00fdznamn\u011b zlep\u0161en\u00fdch zp\u016fsob\u016f v\u00fdroby a dod\u00e1vek. Inovace procesu tak zahrnuje techniky, za\u0159\u00edzen\u00ed a software pou\u017e\u00edvan\u00fd k v\u00fdrob\u011b zbo\u017e\u00ed a poskytov\u00e1n\u00ed slu\u017eeb a k zaji\u0161\u0165ov\u00e1n\u00ed logistiky firmy. Z\u00e1kladn\u00edm rysem inovace procesu je, \u017ee mus\u00ed b\u00fdt pro firmu zcela nov\u00e1 a mus\u00ed b\u00fdt skute\u010dn\u011b zavedena, tj. pou\u017e\u00edv\u00e1na v b\u011b\u017en\u00fdch firemn\u00edch operac\u00edch. P\u0159\u00edkladem inovace procesu ve v\u00fdrob\u011b m\u016f\u017ee b\u00fdt zav\u00e1d\u011bn\u00ed nov\u00fdch automatick\u00fdch v\u00fdrobn\u00edch za\u0159\u00edzen\u00ed nebo v\u00fdrobn\u00ed linky, v logistice firmy potom zav\u00e1d\u011bn\u00ed sledov\u00e1n\u00ed tok\u016f zbo\u017e\u00ed a materi\u00e1lu pomoc\u00ed syst\u00e9m\u016f \u010d\u00e1rov\u00e9ho k\u00f3du.<\/p>\n<h4>Inovace produktu<\/h4>\n<p>Inovac\u00ed produktu je zaveden\u00ed na trh nov\u00fdch nebo v\u00fdznamn\u011b zlep\u0161en\u00fdch v\u00fdrobk\u016f, technologi\u00ed a slu\u017eeb. Novost \u010di v\u00fdznamn\u00e9 zlep\u0161en\u00ed se vztahuj\u00ed k technick\u00fdm charakteristik\u00e1m produktu, jeho komponent\u016fm a pou\u017eit\u00fdm materi\u00e1l\u016fm, k zabudovan\u00e9mu softwaru, u\u017eitn\u00e9 hodnot\u011b a dal\u0161\u00edm funk\u010dn\u00edm charakteristik\u00e1m. Zm\u011bnu designu, pokud s sebou nenese i v\u00fdznamnou zm\u011bnu v charakteristik\u00e1ch produktu, nelze pova\u017eovat za inovaci produktu. Podobn\u011b rutinn\u00ed zm\u011bny \u010di pravideln\u00e9 sez\u00f3nn\u00ed \u00fapravy nejsou inovac\u00ed produktu.<\/p>\n<h4>Inova\u010dn\u00ed firmy<\/h4>\n<p>Jedn\u00e1 se zpravidla o mal\u00e9 a st\u0159edn\u00ed firmy, jejich\u017e jednou z hlavn\u00edch \u010dinnost\u00ed je realizovat projekt nov\u00e9ho produktu (v\u00fdrobku, technologie, slu\u017eby) do komer\u010dn\u00ed zralosti a uv\u00e9st je na trh.<\/p>\n<h4>Inova\u010dn\u00ed\u00a0infrastruktura<\/h4>\n<p>Budova obsahuj\u00edc\u00ed kancel\u00e1\u0159e, laborato\u0159e, v\u00fdvojov\u00e9 d\u00edlny, sd\u00edlen\u00e9 prostory (konferen\u010dn\u00ed s\u00e1l, zasedac\u00ed m\u00edstnosti, recepce, open-space\u2026), kter\u00e1 m\u00e1 inkuba\u010dn\u00ed funkci. D\u0159\u00edve zn\u00e1m\u00e9 pod pojmem V\u011bdeckotechnick\u00fd park (VTP) nebo Podnikatelsk\u00fd inkub\u00e1tor (PI), p\u0159\u00edpadn\u011b Inova\u010dn\u00ed centrum (IC).<\/p>\n<h4>Inova\u010dn\u00ed\u00a0voucher<\/h4>\n<p>Dotace, kter\u00e1 se ud\u011bluje mal\u00e9mu a st\u0159edn\u00edmu podniku na n\u00e1kup poradensk\u00fdch, expertn\u00edch a podp\u016frn\u00fdch slu\u017eeb v\u00a0oblasti inovac\u00ed od organizac\u00ed pro v\u00fdzkum a \u0161\u00ed\u0159en\u00ed znalost\u00ed a akreditovan\u00fdch laborato\u0159\u00ed s\u00a0c\u00edlem zah\u00e1jen\u00ed \u010di zintenzivn\u011bn\u00ed inova\u010dn\u00edch aktivit mal\u00fdch a st\u0159edn\u00edch podnik\u016f.<\/p>\n<h4>Intern\u00ed hodnotitel<\/h4>\n<p>Intern\u00ed hodnotitel\u00e9 Ministerstva pr\u016fmyslu a obchodu prov\u00e1d\u011bj\u00ed hodnocen\u00ed projekt\u016f z v\u011bcn\u00e9ho hlediska na z\u00e1klad\u011b v\u00fdb\u011brov\u00fdch krit\u00e9ri\u00ed dan\u00e9ho programu.<\/p>\n<h4>Investi\u010dn\u00ed projekt<\/h4>\n<p>Investi\u010dn\u00ed projekty jsou zam\u011b\u0159eny zejm\u00e9na na v\u00fdstavbu a n\u00e1kup nemovitost\u00ed, n\u00e1kup nov\u00fdch stroj\u016f a technologi\u00ed atd. Jde tedy o po\u0159\u00edzen\u00ed dlouhodob\u00e9ho hmotn\u00e9ho a nehmotn\u00e9ho majetku.<\/p>\n<h4>IS KP14+<\/h4>\n<p>\u017d\u00e1dosti do dota\u010dn\u00edch program\u016f OP PIK jsou pod\u00e1v\u00e1ny prost\u0159ednictv\u00edm internetov\u00e9ho port\u00e1lu, tzv.\u00a0Informa\u010dn\u00edho syst\u00e9mu koncov\u00e9ho p\u0159\u00edjemce (IS KP14+).\u00a0Tato aplikace je ur\u010dena pro elektronick\u00e9 zad\u00e1v\u00e1n\u00ed \u017e\u00e1dost\u00ed o podporu a spr\u00e1vu projektu po celou dobu jeho \u017eivotn\u00edho cyklu. IS KP14+ je sou\u010d\u00e1st\u00ed jednotn\u00e9ho monitorovac\u00edho syst\u00e9mu MS2014+ pro administraci evropsk\u00fdch dotac\u00ed. Aplikace IS KP14+ je dostupn\u00e1 na adrese <a href=\"https:\/\/mseu.mssf.cz\/\" target=\"_blank\" rel=\"noopener\">https:\/\/mseu.mssf.cz\/<\/a>.<\/p>\n<p>&nbsp;<\/p>","protected":false},"excerpt":{"rendered":"<p>I ICT Informa\u010dn\u00ed a komunika\u010dn\u00ed technologie = hardwarov\u00e9 a softwarov\u00e9 prost\u0159edky pro sb\u011br, p\u0159enos, ukl\u00e1d\u00e1n\u00ed, zpracov\u00e1n\u00ed a distribuci dat. Mezi hardwarov\u00e9 (technick\u00e9) prost\u0159edky pat\u0159\u00ed servery, stacion\u00e1rn\u00ed a p\u0159enosn\u00e9 person\u00e1ln\u00ed po\u010d\u00edta\u010de, tisk\u00e1rny, komunika\u010dn\u00ed a s\u00ed\u0165ov\u00e1 za\u0159\u00edzen\u00ed (p\u0159edev\u0161\u00edm vys\u00edla\u010de, sm\u011brova\u010de, p\u0159ep\u00edna\u010de) a specializovan\u00e1 koncov\u00e1 za\u0159\u00edzen\u00ed (my\u0161, tablet, scanner, kamera, PDA, mobiln\u00ed telefon apod.). Mezi softwarov\u00e9 (programov\u00e9) prost\u0159edky [&hellip;]<\/p>\n","protected":false},"author":1,"featured_media":0,"parent":422,"menu_order":7,"comment_status":"closed","ping_status":"closed","template":"","meta":{"inline_featured_image":false,"footnotes":""},"class_list":["post-1307","page","type-page","status-publish","hentry"],"publishpress_future_action":{"enabled":false,"date":"2026-05-08 08:21:56","action":"change-status","newStatus":"draft","terms":[],"taxonomy":"","extraData":[]},"publishpress_future_workflow_manual_trigger":{"enabledWorkflows":[]},"_links":{"self":[{"href":"https:\/\/apiagentura.gov.cz\/cs\/wp-json\/wp\/v2\/pages\/1307","targetHints":{"allow":["GET"]}}],"collection":[{"href":"https:\/\/apiagentura.gov.cz\/cs\/wp-json\/wp\/v2\/pages"}],"about":[{"href":"https:\/\/apiagentura.gov.cz\/cs\/wp-json\/wp\/v2\/types\/page"}],"author":[{"embeddable":true,"href":"https:\/\/apiagentura.gov.cz\/cs\/wp-json\/wp\/v2\/users\/1"}],"replies":[{"embeddable":true,"href":"https:\/\/apiagentura.gov.cz\/cs\/wp-json\/wp\/v2\/comments?post=1307"}],"version-history":[{"count":0,"href":"https:\/\/apiagentura.gov.cz\/cs\/wp-json\/wp\/v2\/pages\/1307\/revisions"}],"up":[{"embeddable":true,"href":"https:\/\/apiagentura.gov.cz\/cs\/wp-json\/wp\/v2\/pages\/422"}],"wp:attachment":[{"href":"https:\/\/apiagentura.gov.cz\/cs\/wp-json\/wp\/v2\/media?parent=1307"}],"curies":[{"name":"wp","href":"https:\/\/api.w.org\/{rel}","templated":true}]}}