{"id":1317,"date":"2016-08-18T09:53:01","date_gmt":"2016-08-18T08:53:01","guid":{"rendered":"http:\/\/www.ci-api.stage2.goodshape.cz\/?page_id=1317"},"modified":"2019-05-30T15:43:19","modified_gmt":"2019-05-30T13:43:19","slug":"slovnicek-pojmu-o","status":"publish","type":"page","link":"https:\/\/apiagentura.gov.cz\/cs\/faq\/slovnicek-pojmu-o\/","title":{"rendered":"Slovn\u00ed\u010dek pojm\u016f &#8211; O"},"content":{"rendered":"<p><\/p>\n<h2>O<\/h2>\n<h4>Organiza\u010dn\u00ed inovace<\/h4>\n<p>Organiza\u010dn\u00ed\u00a0inovac\u00ed se pro \u00fa\u010dely programu Inovace \u2013 inova\u010dn\u00ed projekt rozum\u00ed zaveden\u00ed nov\u00fdch metod organizace firemn\u00edch proces\u016f prost\u0159ednictv\u00edm zav\u00e1d\u011bn\u00ed nov\u00fdch informa\u010dn\u00edch syst\u00e9m\u016f integruj\u00edc\u00ed a automatizuj\u00edc\u00ed procesy uvnit\u0159 podniku zam\u011b\u0159en\u00e9 p\u0159edev\u0161\u00edm na propojen\u00ed VaV aktivit, inovac\u00ed a v\u00fdroby. C\u00edlem v\u00fd\u0161e uveden\u00fdch organiza\u010dn\u00edch inovac\u00ed je p\u0159edev\u0161\u00edm snaha o sn\u00ed\u017een\u00ed administrativn\u00ed a \u010dasov\u00e9 n\u00e1ro\u010dnosti v\u00fdkon\u016f p\u0159i \u0159\u00edzen\u00ed vnitropodnikov\u00fdch proces\u016f \u017eadatele o podporu, d\u00e1le pak snaha o sn\u00ed\u017een\u00ed administrativn\u00edch a transak\u010dn\u00edch n\u00e1klad\u016f apod., a to prost\u0159ednictv\u00edm vyu\u017eit\u00ed softwarov\u00fdch n\u00e1stroj\u016f. Z\u00e1kladn\u00edm krit\u00e9riem pro odli\u0161en\u00ed organiza\u010dn\u00ed inovace od ostatn\u00edch organiza\u010dn\u00edch zm\u011bn ve firemn\u00edm \u0159\u00edzen\u00ed a organizaci je jej\u00ed novost, to znamen\u00e1 situaci, kdy nov\u011b vyu\u017e\u00edvan\u00fd softwarov\u00fd n\u00e1stroj, resp. vyu\u017eit\u00ed v\u00fdstupu tohoto softwarov\u00e9ho n\u00e1stroje ve vnitropodnikov\u00fdch procesech, nebylo v p\u0159edchoz\u00edm obdob\u00ed pou\u017e\u00edv\u00e1no.<\/p>","protected":false},"excerpt":{"rendered":"<p>O Organiza\u010dn\u00ed inovace Organiza\u010dn\u00ed\u00a0inovac\u00ed se pro \u00fa\u010dely programu Inovace \u2013 inova\u010dn\u00ed projekt rozum\u00ed zaveden\u00ed nov\u00fdch metod organizace firemn\u00edch proces\u016f prost\u0159ednictv\u00edm zav\u00e1d\u011bn\u00ed nov\u00fdch informa\u010dn\u00edch syst\u00e9m\u016f integruj\u00edc\u00ed a automatizuj\u00edc\u00ed procesy uvnit\u0159 podniku zam\u011b\u0159en\u00e9 p\u0159edev\u0161\u00edm na propojen\u00ed VaV aktivit, inovac\u00ed a v\u00fdroby. C\u00edlem v\u00fd\u0161e uveden\u00fdch organiza\u010dn\u00edch inovac\u00ed je p\u0159edev\u0161\u00edm snaha o sn\u00ed\u017een\u00ed administrativn\u00ed a \u010dasov\u00e9 n\u00e1ro\u010dnosti v\u00fdkon\u016f p\u0159i [&hellip;]<\/p>\n","protected":false},"author":1,"featured_media":0,"parent":422,"menu_order":11,"comment_status":"closed","ping_status":"closed","template":"","meta":{"inline_featured_image":false,"footnotes":""},"class_list":["post-1317","page","type-page","status-publish","hentry"],"publishpress_future_action":{"enabled":false,"date":"2026-05-02 13:33:33","action":"change-status","newStatus":"draft","terms":[],"taxonomy":"","extraData":[]},"publishpress_future_workflow_manual_trigger":{"enabledWorkflows":[]},"_links":{"self":[{"href":"https:\/\/apiagentura.gov.cz\/cs\/wp-json\/wp\/v2\/pages\/1317","targetHints":{"allow":["GET"]}}],"collection":[{"href":"https:\/\/apiagentura.gov.cz\/cs\/wp-json\/wp\/v2\/pages"}],"about":[{"href":"https:\/\/apiagentura.gov.cz\/cs\/wp-json\/wp\/v2\/types\/page"}],"author":[{"embeddable":true,"href":"https:\/\/apiagentura.gov.cz\/cs\/wp-json\/wp\/v2\/users\/1"}],"replies":[{"embeddable":true,"href":"https:\/\/apiagentura.gov.cz\/cs\/wp-json\/wp\/v2\/comments?post=1317"}],"version-history":[{"count":0,"href":"https:\/\/apiagentura.gov.cz\/cs\/wp-json\/wp\/v2\/pages\/1317\/revisions"}],"up":[{"embeddable":true,"href":"https:\/\/apiagentura.gov.cz\/cs\/wp-json\/wp\/v2\/pages\/422"}],"wp:attachment":[{"href":"https:\/\/apiagentura.gov.cz\/cs\/wp-json\/wp\/v2\/media?parent=1317"}],"curies":[{"name":"wp","href":"https:\/\/api.w.org\/{rel}","templated":true}]}}