{"id":1319,"date":"2016-08-18T09:53:48","date_gmt":"2016-08-18T08:53:48","guid":{"rendered":"http:\/\/www.ci-api.stage2.goodshape.cz\/?page_id=1319"},"modified":"2019-05-30T15:43:37","modified_gmt":"2019-05-30T13:43:37","slug":"slovnicek-pojmu-p","status":"publish","type":"page","link":"https:\/\/apiagentura.gov.cz\/cs\/faq\/slovnicek-pojmu-p\/","title":{"rendered":"Slovn\u00ed\u010dek pojm\u016f &#8211; P"},"content":{"rendered":"<p><\/p>\n<h2>P<\/h2>\n<h4>Platba ex-ante<\/h4>\n<p>Jedn\u00e1 se o poskytnut\u00ed prost\u0159edk\u016f p\u0159\u00edjemci p\u0159ed realizac\u00ed jeho v\u00fddaj\u016f na projekt. Tato platba nen\u00ed u Opera\u010dn\u00edho programu Podnik\u00e1n\u00ed a inovace pro konkurenceschopnost mo\u017en\u00e1.<\/p>\n<h4>Platba ex-post<\/h4>\n<p>Jedn\u00e1 se o n\u00e1sledn\u00e9 propl\u00e1cen\u00ed v\u00fddaj\u016f, kdy p\u0159\u00edjemce m\u016f\u017ee p\u0159edlo\u017eit \u017e\u00e1dost o platbu a\u017e po realizaci projektov\u00fdch aktivit (nebo jejich \u010d\u00e1sti) se sou\u010dasn\u00fdm dolo\u017een\u00edm p\u0159\u00edslu\u0161n\u00fdch doklad\u016f, prokazuj\u00edc\u00edch \u00fahradu vynalo\u017een\u00fdch v\u00fddaj\u016f.<\/p>\n<h4>Platebn\u00ed a certifika\u010dn\u00ed org\u00e1n<\/h4>\n<p>Centr\u00e1ln\u00ed org\u00e1n, kter\u00fd zaji\u0161\u0165uje tok prost\u0159edk\u016f z fond\u016f EU do \u010cesk\u00e9 republiky. V \u010cR je to odbor N\u00e1rodn\u00edho fondu Ministerstva financ\u00ed \u010cR. Realiz\u00e1to\u0159i projekt\u016f s Platebn\u00edm a certifika\u010dn\u00edm org\u00e1nem (PCO) p\u0159\u00edmo nekomunikuj\u00ed, platby dost\u00e1vaj\u00ed prost\u0159ednictv\u00edm Zprost\u0159edkuj\u00edc\u00edho subjektu. Teprve n\u00e1sledn\u011b \u017e\u00e1d\u00e1 PCO Evropskou komisi o p\u0159eveden\u00ed prost\u0159edk\u016f z rozpo\u010dtu EU na sv\u016fj \u00fa\u010det a tyto prost\u0159edky jsou pot\u00e9 p\u0159evedeny do p\u0159\u00edslu\u0161n\u00e9 rozpo\u010dtov\u00e9 kapitoly \u0159\u00eddic\u00edho org\u00e1nu, kter\u00fd odpov\u00eddaj\u00edc\u00ed platby p\u0159edt\u00edm p\u0159edfinancoval.<\/p>\n<h4>Podlahov\u00e1 plocha<\/h4>\n<p>Podlahov\u00e1 plocha v\u0161ech m\u00edstnost\u00ed nebytov\u00e9ho prostoru nebo rozestav\u011bn\u00e9ho nebytov\u00e9ho prostoru v\u010detn\u011b ploch ur\u010den\u00fdch v\u00fdhradn\u011b k u\u017e\u00edv\u00e1n\u00ed s nebytov\u00fdm prostorem, pop\u0159\u00edpad\u011b s rozestav\u011bn\u00fdm nebytov\u00fdm prostorem. Do t\u00e9to plochy se zapo\u010d\u00edt\u00e1v\u00e1 jednou polovinou podlahov\u00e1 plocha vnit\u0159n\u00edch ochoz\u016f a jin\u00fdch ploch, kter\u00e9 jsou sou\u010d\u00e1st\u00ed meziprostoru.<\/p>\n<h4>Podpora<\/h4>\n<p>V\u00a0OP PIK nej\u010dast\u011bji dotace z\u00edskan\u00e1 p\u0159\u00edjemcem podpory na z\u00e1klad\u011b Rozhodnut\u00ed o poskytnut\u00ed dotace.<\/p>\n<h4>Poskytovatel dotace<\/h4>\n<p>Subjekt stanoven\u00fd dle \u00a714 z\u00e1kona \u010d.218\/2000 Sb. opr\u00e1vn\u011bn\u00fd vyd\u00e1vat Rozhodnut\u00ed o poskytnut\u00ed dotace. Pro \u00fa\u010dely OP PIK je to Ministerstvo pr\u016fmyslu a obchodu \u010cR.<\/p>\n<h4>Povinn\u00e1 publicita projektu<\/h4>\n<p>P\u0159\u00edjemce podpory m\u00e1 povinnost informovat ve\u0159ejnost o tom, \u017ee jeho projekt je spolufinancov\u00e1n z fond\u016f EU. Pravidla pro publicitu projekt\u016f v\u00a0OP PIK upravuj\u00ed Pravidla zp\u016fsobilosti a publicity\u00a0a Manu\u00e1l jednotn\u00e9ho vizu\u00e1ln\u00edho stylu; oba dokumenty jsou ke sta\u017een\u00ed v p\u0159\u00edloh\u00e1ch <a href=\"\/metodika\/povinna-publicita\/\" target=\"_blank\" rel=\"noopener\">zde<\/a>.<\/p>\n<h4>Pravidla pro v\u00fdb\u011br dodavatele<\/h4>\n<p>P\u0159i v\u00fdb\u011bru dodavatel\u016f mus\u00ed p\u0159\u00edjemce podpory respektovat pravidla pro jejich v\u00fdb\u011br, kter\u00e1 jsou definov\u00e1na podm\u00ednkami p\u0159\u00edslu\u0161n\u00e9ho opera\u010dn\u00edho programu. V\u00a0r\u00e1mci OP PIK postupuj\u00ed \u017eadatel\u00e9 p\u0159i v\u00fdb\u011bru dodavatele podle Pravidel pro v\u00fdb\u011br dodavatel\u016f, \u010di podle z\u00e1kona \u010d. 137\/2006 Sb., o ve\u0159ejn\u00fdch zak\u00e1zk\u00e1ch. V\u00edce informac\u00ed k problematice v\u00fdb\u011bru dodavatele v OP PIK naleznete <a href=\"\/metodika\/vyber-dodavatele\/\" target=\"_blank\" rel=\"noopener\">zde<\/a>.<\/p>\n<h4>Procesn\u00ed inovace<\/h4>\n<p>Procesn\u00ed inovac\u00ed se rozum\u00ed zav\u00e1d\u011bn\u00ed nov\u00fdch nebo v\u00fdznamn\u011b zlep\u0161en\u00fdch zp\u016fsob\u016f v\u00fdroby a dod\u00e1vek. Procesn\u00ed inovace tak zahrnuje techniky, za\u0159\u00edzen\u00ed a software pou\u017e\u00edvan\u00fd k v\u00fdrob\u011b zbo\u017e\u00ed a poskytov\u00e1n\u00ed slu\u017eeb a k zaji\u0161\u0165ov\u00e1n\u00ed logistiky firmy. Z\u00e1kladn\u00edm rysem procesn\u00ed inovace je, \u017ee mus\u00ed b\u00fdt pro firmu zcela nov\u00e1 a mus\u00ed b\u00fdt skute\u010dn\u011b zavedena, tj. pou\u017e\u00edv\u00e1na v b\u011b\u017en\u00fdch firemn\u00edch operac\u00edch. Procesn\u00ed inovace mus\u00ed navazovat na ukon\u010den\u00fd v\u00fdzkum a v\u00fdvoj.<\/p>\n<h4>Produktov\u00e1 inovace<\/h4>\n<p>Produktovou inovac\u00ed je zaveden\u00ed na trh nov\u00fdch nebo v\u00fdznamn\u011b zlep\u0161en\u00fdch v\u00fdrobk\u016f, technologi\u00ed a slu\u017eeb. Novost \u010di v\u00fdznamn\u00e9 zlep\u0161en\u00ed se vztahuj\u00ed k technick\u00fdm charakteristik\u00e1m produktu, jeho komponent\u016fm a pou\u017eit\u00fdm materi\u00e1l\u016fm, k zabudovan\u00e9mu softwaru, u\u017eitn\u00e9 hodnot\u011b a dal\u0161\u00edm funk\u010dn\u00edm charakteristik\u00e1m. Zm\u011bnu designu, pokud s sebou nenese i v\u00fdznamnou zm\u011bnu v charakteristik\u00e1ch produktu, nelze pova\u017eovat za produktovou inovaci. Podobn\u011b rutinn\u00ed zm\u011bny \u010di pravideln\u00e9 sez\u00f3nn\u00ed \u00fapravy nejsou produktovou inovac\u00ed. Produktov\u00e1 inovace mus\u00ed navazovat na ukon\u010den\u00fd v\u00fdzkum a v\u00fdvoj.<\/p>\n<h4>Profil zadavatele<\/h4>\n<p>Profilem zadavatele se rozum\u00ed elektronick\u00fd n\u00e1stroj definovan\u00fd dle \u00a7 17 p\u00edsm. w) z\u00e1kona \u010d. 137\/2006 Sb., o ve\u0159ejn\u00fdch zak\u00e1zk\u00e1ch.<\/p>\n<h4>Programovac\u00ed obdob\u00ed<\/h4>\n<p>EU realizuje c\u00edle sv\u00e9 region\u00e1ln\u00ed a struktur\u00e1ln\u00ed politiky v r\u00e1mci sedmilet\u00fdch cykl\u016f, pro kter\u00e9 \u010dlensk\u00e9 zem\u011b zpracov\u00e1vaj\u00ed v\u017edy nov\u00e9 programov\u00e9 dokumenty. V t\u011bch je stanoven rozpo\u010det a jsou definov\u00e1ny a nastaveny nov\u00e9 c\u00edle a priority, je\u017e se \u010dlensk\u00e9 st\u00e1ty v dan\u00e9m obdob\u00ed sna\u017e\u00ed dosahovat a napl\u0148ovat v souladu se z\u00e1kladn\u00edmi strategick\u00fdmi dokumenty EU.<\/p>\n<h4>Projekt<\/h4>\n<p>Projektem se rozum\u00ed ucelen\u00fd soubor aktivit financovan\u00fdch z programu, kter\u00e9 sm\u011b\u0159uj\u00ed k dosa\u017een\u00ed p\u0159edem stanoven\u00fdch a jasn\u011b definovan\u00fdch m\u011b\u0159iteln\u00fdch c\u00edl\u016f. Projekt je realizov\u00e1n v ur\u010den\u00e9m \u010dasov\u00e9m horizontu podle zvolen\u00e9 strategie a s dan\u00fdm rozpo\u010dtem.<\/p>\n<h4>Projektov\u00e1 \u017e\u00e1dost<\/h4>\n<p>Projektovou \u017e\u00e1dost (formul\u00e1\u0159) vypl\u0148uje \u017eadatel a p\u0159edkl\u00e1d\u00e1 ji s c\u00edlem z\u00edskat finan\u010dn\u00ed podporu v r\u00e1mci opera\u010dn\u00edho programu. Projektov\u00e1 \u017e\u00e1dost je u OP PIK elektronick\u00fd formul\u00e1\u0159 pod\u00e1van\u00fd prost\u0159ednictv\u00edm aplikace IS KP14+. Projektov\u00e1 \u017e\u00e1dost mus\u00ed b\u00fdt zpracov\u00e1na v souladu s podm\u00ednkami opera\u010dn\u00edho programu. Projektov\u00e1 \u017e\u00e1dost se p\u0159edkl\u00e1d\u00e1 ve stanoven\u00e9m term\u00ednu (v dob\u011b v\u00fdzvy) k tzv. zprost\u0159edkuj\u00edc\u00edmu subjektu. U v\u011bt\u0161iny program\u016f podpory OP PIK je vyu\u017e\u00edv\u00e1n jednokolov\u00fd p\u0159\u00edjem \u017e\u00e1dost\u00ed, kdy \u017eadatel\u00e9 p\u0159edkl\u00e1daj\u00ed p\u0159\u00edmo \u017d\u00e1dost o podporu (v\u00fdjime\u010dn\u011b se u n\u011bkter\u00fdch program\u016f podpory p\u0159edkl\u00e1d\u00e1 nejprve P\u0159edb\u011b\u017en\u00e1 \u017e\u00e1dost o podporu a po jej\u00edm schv\u00e1len\u00ed n\u00e1sledn\u011b \u017d\u00e1dost o podporu).<\/p>\n<h4>Projektov\u00fd cyklus<\/h4>\n<p>Projektov\u00fd cyklus je proces od p\u0159\u00edpravy projektov\u00e9ho z\u00e1m\u011bru, nalezen\u00ed vhodn\u00e9ho dota\u010dn\u00edho titulu a zdroje financov\u00e1n\u00ed, zpracov\u00e1n\u00ed \u017e\u00e1dosti, p\u0159edlo\u017een\u00ed \u017e\u00e1dosti, uskute\u010dn\u011bn\u00ed projektu, administrace v\u010d. realizace v\u00fdb\u011brov\u00fdch \u0159\u00edzen\u00ed a vyhodnocen\u00ed projektu v\u010detn\u011b jeho udr\u017een\u00ed po dobu udr\u017eitelnosti.<\/p>\n<h4>Projekty vytv\u00e1\u0159ej\u00edc\u00ed p\u0159\u00edjmy<\/h4>\n<p>Projektem vytv\u00e1\u0159ej\u00edc\u00edm p\u0159\u00edjmy se rozum\u00ed projekt, kter\u00fd v sob\u011b zahrnuje \u00fa\u010dtov\u00e1n\u00ed poplatk\u016f hrazen\u00fdch p\u0159\u00edmo u\u017eivateli za pou\u017e\u00edv\u00e1n\u00ed infrastruktury, poplatky u\u017eivatel\u016f za poskytov\u00e1n\u00ed slu\u017eeb nebo jak\u00fdkoliv projekt zahrnuj\u00edc\u00ed prodej nebo pron\u00e1jem pozemk\u016f \u010di budov.<\/p>\n<h4>Pronaj\u00edmateln\u00fd prostor Inova\u010dn\u00ed infrastruktury<\/h4>\n<p>Obsahuje u\u017eitnou plochu, kterou mohou vyu\u017e\u00edvat klienti projektu. P\u0159edev\u0161\u00edm se jedn\u00e1 o kancel\u00e1\u0159sk\u00e9 prostory k pron\u00e1jmu, laborato\u0159e, prototypov\u00e9 d\u00edlny apod. Do t\u011bchto ploch se nezahrnuj\u00ed technick\u00e9 prostory (spole\u010dn\u00e9 servrovny, kotelny), recepce, schodi\u0161t\u011b, spole\u010dn\u00e9 chodby, zasedac\u00ed m\u00edstnosti, toalety, kuchy\u0148ky, v\u00fdtahy, podzemn\u00ed gar\u00e1\u017ee apod.<\/p>\n<h4>P\u0159edb\u011b\u017en\u00e1 \u017e\u00e1dost o podporu<\/h4>\n<p>Zjednodu\u0161en\u00e1 \u017e\u00e1dost o dotaci slou\u017e\u00edc\u00ed k ov\u011b\u0159en\u00ed p\u0159edb\u011b\u017en\u00e9 p\u0159ijatelnosti \u017eadatele a projektu (1. stupe\u0148 elektronick\u00e9ho pod\u00e1n\u00ed \u017e\u00e1dosti).<\/p>\n<h4>P\u0159\u00edjemce dotace<\/h4>\n<p>\u017dadatel, jeho\u017e \u017e\u00e1dost o poskytnut\u00ed dotace byla na z\u00e1klad\u011b hodnot\u00edc\u00edho procesu schv\u00e1lena a jemu\u017e bylo poskytovatelem dotace vyd\u00e1no Rozhodnut\u00ed o poskytnut\u00ed dotace.<\/p>","protected":false},"excerpt":{"rendered":"<p>P Platba ex-ante Jedn\u00e1 se o poskytnut\u00ed prost\u0159edk\u016f p\u0159\u00edjemci p\u0159ed realizac\u00ed jeho v\u00fddaj\u016f na projekt. Tato platba nen\u00ed u Opera\u010dn\u00edho programu Podnik\u00e1n\u00ed a inovace pro konkurenceschopnost mo\u017en\u00e1. Platba ex-post Jedn\u00e1 se o n\u00e1sledn\u00e9 propl\u00e1cen\u00ed v\u00fddaj\u016f, kdy p\u0159\u00edjemce m\u016f\u017ee p\u0159edlo\u017eit \u017e\u00e1dost o platbu a\u017e po realizaci projektov\u00fdch aktivit (nebo jejich \u010d\u00e1sti) se sou\u010dasn\u00fdm dolo\u017een\u00edm p\u0159\u00edslu\u0161n\u00fdch doklad\u016f, [&hellip;]<\/p>\n","protected":false},"author":1,"featured_media":0,"parent":422,"menu_order":12,"comment_status":"closed","ping_status":"closed","template":"","meta":{"inline_featured_image":false,"footnotes":""},"class_list":["post-1319","page","type-page","status-publish","hentry"],"publishpress_future_action":{"enabled":false,"date":"2026-05-08 12:01:32","action":"change-status","newStatus":"draft","terms":[],"taxonomy":"","extraData":[]},"publishpress_future_workflow_manual_trigger":{"enabledWorkflows":[]},"_links":{"self":[{"href":"https:\/\/apiagentura.gov.cz\/cs\/wp-json\/wp\/v2\/pages\/1319","targetHints":{"allow":["GET"]}}],"collection":[{"href":"https:\/\/apiagentura.gov.cz\/cs\/wp-json\/wp\/v2\/pages"}],"about":[{"href":"https:\/\/apiagentura.gov.cz\/cs\/wp-json\/wp\/v2\/types\/page"}],"author":[{"embeddable":true,"href":"https:\/\/apiagentura.gov.cz\/cs\/wp-json\/wp\/v2\/users\/1"}],"replies":[{"embeddable":true,"href":"https:\/\/apiagentura.gov.cz\/cs\/wp-json\/wp\/v2\/comments?post=1319"}],"version-history":[{"count":0,"href":"https:\/\/apiagentura.gov.cz\/cs\/wp-json\/wp\/v2\/pages\/1319\/revisions"}],"up":[{"embeddable":true,"href":"https:\/\/apiagentura.gov.cz\/cs\/wp-json\/wp\/v2\/pages\/422"}],"wp:attachment":[{"href":"https:\/\/apiagentura.gov.cz\/cs\/wp-json\/wp\/v2\/media?parent=1319"}],"curies":[{"name":"wp","href":"https:\/\/api.w.org\/{rel}","templated":true}]}}