{"id":1323,"date":"2016-08-18T09:54:44","date_gmt":"2016-08-18T08:54:44","guid":{"rendered":"http:\/\/www.ci-api.stage2.goodshape.cz\/?page_id=1323"},"modified":"2019-05-30T15:44:14","modified_gmt":"2019-05-30T13:44:14","slug":"slovnicek-pojmu-r-2","status":"publish","type":"page","link":"https:\/\/apiagentura.gov.cz\/cs\/faq\/slovnicek-pojmu-r-2\/","title":{"rendered":"Slovn\u00ed\u010dek pojm\u016f &#8211; \u0158"},"content":{"rendered":"<p><\/p>\n<h2>\u0158<\/h2>\n<h4>\u0158\u00edd\u00edc\u00ed org\u00e1n<\/h4>\n<p>\u0158\u00edd\u00edc\u00ed org\u00e1n je subjekt, kter\u00fd odpov\u00edd\u00e1 za \u00fa\u010dinnost, spr\u00e1vnost \u0159\u00edzen\u00ed a prov\u00e1d\u011bn\u00ed pomoci v r\u00e1mci p\u0159\u00edslu\u0161n\u00e9ho opera\u010dn\u00edho programu. Odpov\u011bdnost \u0159\u00edd\u00edc\u00edho org\u00e1nu vych\u00e1zej\u00ed p\u0159edev\u0161\u00edm z Na\u0159\u00edzen\u00ed Evropsk\u00e9ho parlamentu a Rady (EU) \u010d. 1303\/2013 ze dne 17. prosince 2013. \u0158\u00edd\u00edc\u00edm org\u00e1nem pro OP PIK je Ministerstvo pr\u016fmyslu a obchodu \u010cR (MPO).<\/p>","protected":false},"excerpt":{"rendered":"<p>\u0158 \u0158\u00edd\u00edc\u00ed org\u00e1n \u0158\u00edd\u00edc\u00ed org\u00e1n je subjekt, kter\u00fd odpov\u00edd\u00e1 za \u00fa\u010dinnost, spr\u00e1vnost \u0159\u00edzen\u00ed a prov\u00e1d\u011bn\u00ed pomoci v r\u00e1mci p\u0159\u00edslu\u0161n\u00e9ho opera\u010dn\u00edho programu. Odpov\u011bdnost \u0159\u00edd\u00edc\u00edho org\u00e1nu vych\u00e1zej\u00ed p\u0159edev\u0161\u00edm z Na\u0159\u00edzen\u00ed Evropsk\u00e9ho parlamentu a Rady (EU) \u010d. 1303\/2013 ze dne 17. prosince 2013. \u0158\u00edd\u00edc\u00edm org\u00e1nem pro OP PIK je Ministerstvo pr\u016fmyslu a obchodu \u010cR (MPO).<\/p>\n","protected":false},"author":1,"featured_media":0,"parent":422,"menu_order":14,"comment_status":"closed","ping_status":"closed","template":"","meta":{"inline_featured_image":false,"footnotes":""},"class_list":["post-1323","page","type-page","status-publish","hentry"],"publishpress_future_action":{"enabled":false,"date":"2026-05-02 13:33:33","action":"change-status","newStatus":"draft","terms":[],"taxonomy":"","extraData":[]},"publishpress_future_workflow_manual_trigger":{"enabledWorkflows":[]},"_links":{"self":[{"href":"https:\/\/apiagentura.gov.cz\/cs\/wp-json\/wp\/v2\/pages\/1323","targetHints":{"allow":["GET"]}}],"collection":[{"href":"https:\/\/apiagentura.gov.cz\/cs\/wp-json\/wp\/v2\/pages"}],"about":[{"href":"https:\/\/apiagentura.gov.cz\/cs\/wp-json\/wp\/v2\/types\/page"}],"author":[{"embeddable":true,"href":"https:\/\/apiagentura.gov.cz\/cs\/wp-json\/wp\/v2\/users\/1"}],"replies":[{"embeddable":true,"href":"https:\/\/apiagentura.gov.cz\/cs\/wp-json\/wp\/v2\/comments?post=1323"}],"version-history":[{"count":0,"href":"https:\/\/apiagentura.gov.cz\/cs\/wp-json\/wp\/v2\/pages\/1323\/revisions"}],"up":[{"embeddable":true,"href":"https:\/\/apiagentura.gov.cz\/cs\/wp-json\/wp\/v2\/pages\/422"}],"wp:attachment":[{"href":"https:\/\/apiagentura.gov.cz\/cs\/wp-json\/wp\/v2\/media?parent=1323"}],"curies":[{"name":"wp","href":"https:\/\/api.w.org\/{rel}","templated":true}]}}