{"id":13287,"date":"2018-11-26T14:21:18","date_gmt":"2018-11-26T13:21:18","guid":{"rendered":"https:\/\/www.apiagentura.gov.cz\/?page_id=13287"},"modified":"2020-06-02T11:34:26","modified_gmt":"2020-06-02T09:34:26","slug":"technologie-vyzva-viii-pro-zacinajici-podniky","status":"publish","type":"page","link":"https:\/\/apiagentura.gov.cz\/cs\/programy-podpory\/technologie\/technologie-vyzva-viii-pro-zacinajici-podniky\/","title":{"rendered":"Technologie &#8211; V\u00fdzva VIII (pro za\u010d\u00ednaj\u00edc\u00ed podniky)"},"content":{"rendered":"<p><\/p>\n<h3>Ozn\u00e1men\u00ed pro \u017eadatele<\/h3>\n<p>Dne 26. 9. 2019 do\u0161lo rozhodnut\u00edm n\u00e1m\u011bstka ministra<strong> k nav\u00fd\u0161en\u00ed alokace <\/strong>v\u00fdzvy VIII. programu podpory Technologie<strong> z p\u016fvodn\u00edch 250 mil. K\u010d na 281 mil. K\u010d.<\/strong><\/p>\n<p>&nbsp;<\/p>\n<h3>Vysv\u011btlen\u00ed pro \u017eadatele<\/h3>\n<p>V\u00e1\u017een\u00ed \u017eadatel\u00e9 o dotaci,<\/p>\n<p>pro \u00fa\u010dely hodnocen\u00ed krit\u00e9ria Hospod\u00e1rnost rozpo\u010dtu se pro p\u0159epo\u010det nab\u00eddky do CZK pou\u017eije pr\u016fm\u011brn\u00fd m\u011bs\u00ed\u010dn\u00ed kurz \u010cNB m\u011bs\u00edce p\u0159edch\u00e1zej\u00edc\u00edho datu vyhl\u00e1\u0161en\u00ed v\u00fdzvy. Pro \u0159\u00edjen 2018 je pr\u016fm\u011brn\u00fd kurz 1 EUR\/25,818 K\u010d.<\/p>\n<hr \/>\n<h3>Vysv\u011btluj\u00edc\u00ed informace k\u00a0c\u00edlov\u00e9 skupin\u011b p\u0159\u00edjemc\u016f v\u00a0VIII. V\u00fdzv\u011b programu Technologie<\/h3>\n<p>V\u00e1\u017een\u00ed \u017eadatel\u00e9 o dotaci,<\/p>\n<p>\u0158\u00edd\u00edc\u00ed org\u00e1n OP PIK pro narovn\u00e1n\u00ed mo\u017en\u00fdch v\u00fdkladov\u00fdch nejasnost\u00ed ohledn\u011b bodu 3.4 V\u00fdzvy v\u00a0souvislosti s P\u0159\u00edlohou V\u00fdzvy\u00a0\u010d. 1 &#8211; CZ-NACE pod\u00e1v\u00e1 n\u00e1sleduj\u00edc\u00ed vysv\u011btluj\u00edc\u00ed informaci:\u00a0 \u0158O OP PIK bude akceptovat i \u017e\u00e1dosti podnikaj\u00edc\u00edch fyzick\u00fdch osob nezapsan\u00fdch v\u00a0\u017eivnostensk\u00e9m rejst\u0159\u00edku, pokud je tento z\u00e1pis znemo\u017en\u011bn z\u00a0legislativn\u00edch d\u016fvod\u016f a v\u00fdlu\u010dn\u011b za p\u0159edpokladu, \u017ee \u017eadatel dolo\u017e\u00ed svou pr\u00e1vn\u00ed formu z\u00a0jin\u00e9 pro n\u011bho relevantn\u00ed evidence a z\u00e1rove\u0148 bude prov\u00e1d\u011bt svou \u010dinnost v\u00a0podporovan\u00e9 kategorii CZ NACE dle P\u0159\u00edlohy \u010d. 1.<\/p>\n<hr \/>\n<h3>Z\u00e1kladn\u00ed charakteristiky:<\/h3>\n<p><strong>Kdo m\u016f\u017ee \u017e\u00e1dat<\/strong>\u00a0(p\u0159\u00edjemci podpory):<\/p>\n<ul>\n<li>podnikaj\u00edc\u00ed fyzick\u00e1 nebo pr\u00e1vnick\u00e1 osoba, kter\u00e1 spl\u0148uje definici mal\u00e9ho podniku podle definice v P\u0159\u00edloze I Na\u0159\u00edzen\u00ed Komise (EU) \u010d. 651\/2014, zapsan\u00e1 v\u00a0Registru \u017eivnostensk\u00e9ho podnik\u00e1n\u00ed<\/li>\n<\/ul>\n<p><strong>Kolik lze z\u00edskat na jeden projekt<\/strong>\u00a0(forma a v\u00fd\u0161e podpory):<\/p>\n<ul>\n<li>m\u00edra podpory: max. 45 % zp\u016fsobil\u00fdch v\u00fddaj\u016f<\/li>\n<li>dotace na projekt je poskytov\u00e1na minim\u00e1ln\u011b ve v\u00fd\u0161i 450 tis. K\u010d a maxim\u00e1ln\u011b do v\u00fd\u0161e 1 mil. K\u010d<\/li>\n<\/ul>\n<p><strong>Na co lze z\u00edskat podporu\u00a0<\/strong>(podporovan\u00e9 aktivity):<\/p>\n<ul>\n<li>podnikatelsk\u00e9 z\u00e1m\u011bry mal\u00fdch podnik\u016f, kter\u00e9 vznikly v\u00a0obdob\u00ed od 1. 1. 2014 (v\u010detn\u011b) do 31. 12. 2017 (v\u010detn\u011b) a to na po\u0159\u00edzen\u00ed nov\u00fdch stroj\u016f, technologick\u00fdch za\u0159\u00edzen\u00ed a vybaven\u00ed<\/li>\n<\/ul>\n<p><strong>Jak\u00e9 v\u00fddaje je mo\u017en\u00e9 podpo\u0159it\u00a0<\/strong>(zp\u016fsobil\u00e9 v\u00fddaje):<\/p>\n<ul>\n<li>dlouhodob\u00fd hmotn\u00fd majetek (hmotn\u00fd majetek u p\u0159\u00edjemc\u016f podpory vedouc\u00edch da\u0148ovou evidenci)<\/li>\n<li>dlouhodob\u00fd nehmotn\u00fd majetek &#8211; n\u00e1klady na po\u0159\u00edzen\u00ed patentov\u00fdch licenc\u00ed nezbytn\u00fdch pro \u0159\u00e1dn\u00fd provoz stroj\u016f a za\u0159\u00edzen\u00ed a SW s vazbou na stroje a za\u0159\u00edzen\u00ed a v\u00fdstupy po\u0159\u00edzen\u00e9 v r\u00e1mci p\u0159edm\u011btn\u00e9ho projektu<\/li>\n<\/ul>\n<p><strong>Specifika a omezen\u00ed:<\/strong><\/p>\n<ul>\n<li>projekt mus\u00ed b\u00fdt realizov\u00e1n na \u00fazem\u00ed \u010cR mimo NUTS 2 Praha<\/li>\n<li>podporu nelze poskytnout na prostou obnovu st\u00e1vaj\u00edc\u00edho strojn\u00edho za\u0159\u00edzen\u00ed<\/li>\n<li>ka\u017ed\u00fd \u017eadatel (1 I\u010c) je v t\u00e9to V\u00fdzv\u011b opr\u00e1vn\u011bn p\u0159edlo\u017eit maxim\u00e1ln\u011b 1 projekt (tzn. jednu aktivn\u00ed \u017e\u00e1dost o podporu, ve kter\u00e9 vystupuje jako p\u0159\u00edjemce)<\/li>\n<\/ul>\n<p><strong>Syst\u00e9m sb\u011bru \u017e\u00e1dost\u00ed:<\/strong><\/p>\n<ul>\n<li>pr\u016fb\u011b\u017en\u00fd<\/li>\n<\/ul>\n<p><\/p>","protected":false},"excerpt":{"rendered":"<p>Hlavn\u00edm c\u00edlem VIII. V\u00fdzvy programu Technologie je podporovat zvy\u0161ov\u00e1n\u00ed po\u010dtu realizovan\u00fdch nov\u00fdch podnikatelsk\u00fdch z\u00e1m\u011br\u016f mal\u00fdch podnik\u016f, p\u0159isp\u00edvaj\u00edc\u00edch rozvoji region\u016f a zvy\u0161ov\u00e1n\u00ed zam\u011bstnanosti.<\/p>\n","protected":false},"author":1,"featured_media":0,"parent":124,"menu_order":0,"comment_status":"closed","ping_status":"closed","template":"","meta":{"inline_featured_image":false,"footnotes":""},"class_list":["post-13287","page","type-page","status-publish","hentry"],"publishpress_future_action":{"enabled":false,"date":"2026-05-02 06:18:52","action":"change-status","newStatus":"draft","terms":[],"taxonomy":"","extraData":[]},"publishpress_future_workflow_manual_trigger":{"enabledWorkflows":[]},"_links":{"self":[{"href":"https:\/\/apiagentura.gov.cz\/cs\/wp-json\/wp\/v2\/pages\/13287","targetHints":{"allow":["GET"]}}],"collection":[{"href":"https:\/\/apiagentura.gov.cz\/cs\/wp-json\/wp\/v2\/pages"}],"about":[{"href":"https:\/\/apiagentura.gov.cz\/cs\/wp-json\/wp\/v2\/types\/page"}],"author":[{"embeddable":true,"href":"https:\/\/apiagentura.gov.cz\/cs\/wp-json\/wp\/v2\/users\/1"}],"replies":[{"embeddable":true,"href":"https:\/\/apiagentura.gov.cz\/cs\/wp-json\/wp\/v2\/comments?post=13287"}],"version-history":[{"count":0,"href":"https:\/\/apiagentura.gov.cz\/cs\/wp-json\/wp\/v2\/pages\/13287\/revisions"}],"up":[{"embeddable":true,"href":"https:\/\/apiagentura.gov.cz\/cs\/wp-json\/wp\/v2\/pages\/124"}],"wp:attachment":[{"href":"https:\/\/apiagentura.gov.cz\/cs\/wp-json\/wp\/v2\/media?parent=13287"}],"curies":[{"name":"wp","href":"https:\/\/api.w.org\/{rel}","templated":true}]}}