{"id":13292,"date":"2018-11-30T12:36:42","date_gmt":"2018-11-30T11:36:42","guid":{"rendered":"https:\/\/www.apiagentura.gov.cz\/?page_id=13292"},"modified":"2020-03-04T10:42:11","modified_gmt":"2020-03-04T09:42:11","slug":"nizkouhlikove-technologie-elektromobilita-vyzva-iv","status":"publish","type":"page","link":"https:\/\/apiagentura.gov.cz\/cs\/programy-podpory\/nizkouhlikove-technologie\/nizkouhlikove-technologie-elektromobilita-vyzva-iv\/","title":{"rendered":"N\u00edzkouhl\u00edkov\u00e9 technologie &#8211; Elektromobilita &#8211; V\u00fdzva IV"},"content":{"rendered":"<p><\/p>\n<h3>Z\u00e1kladn\u00ed charakteristiky:<\/h3>\n<p><strong>Kdo m\u016f\u017ee \u017e\u00e1dat\u00a0(p\u0159\u00edjemci podpory):<\/strong><\/p>\n<ul>\n<li>mal\u00e9, st\u0159edn\u00ed, velk\u00e9 podniky<\/li>\n<li>demonstrativn\u00ed v\u00fd\u010det typ\u016f podporovan\u00fdch pr\u00e1vn\u00edch forem\u00a0je stanoven v textu V\u00fdzvy<\/li>\n<\/ul>\n<p><strong>Kolik lze z\u00edskat na jeden projekt\u00a0(forma a v\u00fd\u0161e podpory):<\/strong><\/p>\n<p><span style=\"text-decoration: underline;\">M\u00edra podpory:<\/span><\/p>\n<ul>\n<li>je-li p\u0159\u00edjemcem mal\u00fd podnik, je podpora poskytov\u00e1na a\u017e do v\u00fd\u0161e 75 % ZV<\/li>\n<li>je-li p\u0159\u00edjemcem st\u0159edn\u00ed podnik, je podpora poskytov\u00e1na a\u017e do v\u00fd\u0161e 65 % ZV<\/li>\n<li>je-li p\u0159\u00edjemcem velk\u00fd podnik, je podpora poskytov\u00e1na a\u017e do v\u00fd\u0161e 55 % ZV<\/li>\n<\/ul>\n<p><span style=\"text-decoration: underline;\">V\u00fd\u0161e dotace:<\/span><\/p>\n<ul>\n<li>minim\u00e1ln\u00ed v\u00fd\u0161e dotace 50 tis. K\u010d a maxim\u00e1ln\u00ed do v\u00fd\u0161e 10 mil. K\u010d<\/li>\n<\/ul>\n<p><strong>Na co lze z\u00edskat podporu\u00a0(podporovan\u00e9 aktivity):<\/strong><\/p>\n<ul>\n<li>po\u0159\u00edzen\u00ed elektromobil\u016f ve v\u00fdzvou podporovan\u00fdch kategori\u00edch silni\u010dn\u00edch vozidel<\/li>\n<li>po\u0159\u00edzen\u00ed\u00a0neve\u0159ejn\u00fdch (rychlo)nab\u00edjec\u00edch stanic s\u00a0mo\u017enost\u00ed dopln\u011bn\u00ed o baterii pro elektromobily v\u00a0r\u00e1mci podnikatelsk\u00e9ho are\u00e1lu pro vlastn\u00ed pot\u0159ebu<\/li>\n<\/ul>\n<p><strong>Jak\u00e9 v\u00fddaje je mo\u017en\u00e9 podpo\u0159it\u00a0(zp\u016fsobil\u00e9 v\u00fddaje):<\/strong><\/p>\n<ul>\n<li>dlouhodob\u00fd hmotn\u00fd majetek<\/li>\n<li>dlouhodob\u00fd nehmotn\u00fd majetek (pokud je nezbytn\u00fd k \u0159\u00e1dn\u00e9mu provozov\u00e1n\u00ed dlouhodob\u00e9ho hmotn\u00e9ho majetku)<\/li>\n<\/ul>\n<p><strong>Specifika a omezen\u00ed:<\/strong><\/p>\n<ul>\n<li>projekt mus\u00ed b\u00fdt realizov\u00e1n na \u00fazem\u00ed \u010cR mimo NUTS 2 Praha<\/li>\n<li>v r\u00e1mci v\u00fdzvy lze na jeden ekonomick\u00fd subjekt (jedno I\u010c) podat maxim\u00e1ln\u011b 10 \u017e\u00e1dost\u00ed o podporu<\/li>\n<li>podpo\u0159en\u00e9 projekty budou m\u00edt povinnost realizovat disemina\u010dn\u00ed aktivity<\/li>\n<li>p\u0159i hodnocen\u00ed m\u00edry inovativnosti, respektive zp\u016fsobilosti projektu do tohoto specifick\u00e9ho c\u00edle, bude aplikov\u00e1no hodnocen\u00ed Technology Readiness Level (TRL, \u00darove\u0148 p\u0159ipravenosti technologie); podpo\u0159eny budou projekty n\u00ed\u017ee uveden\u00fdch \u00farovn\u00ed:<\/li>\n<\/ul>\n<p>\u2013 TRL 5 \u2013 technologie ov\u011b\u0159ena v relevantn\u00edm prost\u0159ed\u00ed (pr\u016fmyslov\u011b v\u00fdznamn\u00e9 prost\u0159ed\u00ed v p\u0159\u00edpad\u011b kl\u00ed\u010dov\u00fdch technologi\u00ed)<\/p>\n<p>\u2013 TRL 6 \u2013 technologie demonstrov\u00e1na v dan\u00e9m prost\u0159ed\u00ed (pr\u016fmyslov\u011b v\u00fdznamn\u00e9 prost\u0159ed\u00ed v p\u0159\u00edpad\u011b kl\u00ed\u010dov\u00fdch technologi\u00ed)<\/p>\n<p>\u2013 TRL 7 \u2013 demonstrace syst\u00e9mov\u00e9ho prototypu v provozn\u00edm prost\u0159ed\u00ed<\/p>\n<p>\u2013 TRL 8 \u2013 syst\u00e9m kompletn\u00ed a kvalifikovan\u00fd<\/p>\n<p>\u2013 TRL 9 \u2013 existuj\u00edc\u00ed syst\u00e9m byl ov\u011b\u0159en v provozn\u00edm prost\u0159ed\u00ed<\/p>\n<ul>\n<li>po\u0159izovan\u00e1 vozidla mus\u00ed spl\u0148ovat po\u017eadavky definice nov\u00e9ho dopravn\u00edho prost\u0159edku; nen\u00ed mo\u017en\u00e9 podporovat po\u0159\u00edzen\u00ed voz\u016f, kter\u00e9 ji\u017e vstoupily do odpis\u016f, p\u0159\u00edpadn\u011b \u017eadatel o podporu nen\u00ed v\u00a0TP zaps\u00e1n jako prvn\u00ed majitel vozidla<\/li>\n<\/ul>\n<p><strong>Syst\u00e9m sb\u011bru \u017e\u00e1dost\u00ed:<\/strong><\/p>\n<ul>\n<li>pr\u016fb\u011b\u017en\u00fd<\/li>\n<\/ul>\n<p><\/p>","protected":false},"excerpt":{"rendered":"<p>C\u00edlem programu N\u00edzkouhl\u00edkov\u00e9 technologie &#8211; aktivita a) Elektromobilita je podpora konkurenceschopnosti podnik\u016f a udr\u017eitelnosti \u010desk\u00e9 ekonomiky prost\u0159ednictv\u00edm zav\u00e1d\u011bn\u00edm inovativn\u00edch technologi\u00ed v oblasti elektromobility. Dal\u0161\u00edm c\u00edlem je zv\u00fd\u0161en\u00ed vyu\u017eit\u00ed efektivn\u011bj\u0161\u00edch a spolehliv\u011bj\u0161\u00edch n\u00edzkouhl\u00edkov\u00fdch technologi\u00ed, kter\u00e9 se zat\u00edm v \u010cR b\u011b\u017en\u011b neuplat\u0148uj\u00ed. V\u00fdstupem projekt\u016f bude roz\u0161i\u0159ov\u00e1n\u00ed nab\u00edjec\u00ed infrastruktury, po\u010det po\u0159\u00edzen\u00fdch elektromobil\u016f, \u010d\u00edm\u017e se zvy\u0161uje vedle konkurenceschopnosti tak\u00e9 celkov\u00fd inova\u010dn\u00ed potenci\u00e1l \u010cR.<\/p>\n","protected":false},"author":1,"featured_media":0,"parent":142,"menu_order":0,"comment_status":"closed","ping_status":"closed","template":"","meta":{"inline_featured_image":false,"footnotes":""},"class_list":["post-13292","page","type-page","status-publish","hentry"],"publishpress_future_action":{"enabled":false,"date":"2026-05-02 08:50:52","action":"change-status","newStatus":"draft","terms":[],"taxonomy":"","extraData":[]},"publishpress_future_workflow_manual_trigger":{"enabledWorkflows":[]},"_links":{"self":[{"href":"https:\/\/apiagentura.gov.cz\/cs\/wp-json\/wp\/v2\/pages\/13292","targetHints":{"allow":["GET"]}}],"collection":[{"href":"https:\/\/apiagentura.gov.cz\/cs\/wp-json\/wp\/v2\/pages"}],"about":[{"href":"https:\/\/apiagentura.gov.cz\/cs\/wp-json\/wp\/v2\/types\/page"}],"author":[{"embeddable":true,"href":"https:\/\/apiagentura.gov.cz\/cs\/wp-json\/wp\/v2\/users\/1"}],"replies":[{"embeddable":true,"href":"https:\/\/apiagentura.gov.cz\/cs\/wp-json\/wp\/v2\/comments?post=13292"}],"version-history":[{"count":0,"href":"https:\/\/apiagentura.gov.cz\/cs\/wp-json\/wp\/v2\/pages\/13292\/revisions"}],"up":[{"embeddable":true,"href":"https:\/\/apiagentura.gov.cz\/cs\/wp-json\/wp\/v2\/pages\/142"}],"wp:attachment":[{"href":"https:\/\/apiagentura.gov.cz\/cs\/wp-json\/wp\/v2\/media?parent=13292"}],"curies":[{"name":"wp","href":"https:\/\/api.w.org\/{rel}","templated":true}]}}