{"id":13293,"date":"2018-11-30T12:36:45","date_gmt":"2018-11-30T11:36:45","guid":{"rendered":"https:\/\/www.apiagentura.gov.cz\/?page_id=13293"},"modified":"2019-06-20T12:58:47","modified_gmt":"2019-06-20T10:58:47","slug":"nizkouhlikove-technologie-druhotne-suroviny-vyzva-iv","status":"publish","type":"page","link":"https:\/\/apiagentura.gov.cz\/cs\/programy-podpory\/nizkouhlikove-technologie\/nizkouhlikove-technologie-druhotne-suroviny-vyzva-iv\/","title":{"rendered":"N\u00edzkouhl\u00edkov\u00e9 technologie &#8211; Druhotn\u00e9 suroviny &#8211; V\u00fdzva IV"},"content":{"rendered":"<p><\/p>\n<h3>Z\u00e1kladn\u00ed charakteristiky:<\/h3>\n<p><strong>Kdo m\u016f\u017ee \u017e\u00e1dat\u00a0(p\u0159\u00edjemci podpory):<\/strong><\/p>\n<ul>\n<li>mal\u00e9, st\u0159edn\u00ed, velk\u00e9 podniky; \u017eadatelem mohou b\u00fdt i podniky vlastn\u011bn\u00e9 a\u017e ze 100 % ve\u0159ejn\u00fdm sektorem<\/li>\n<li>demonstrativn\u00ed v\u00fd\u010det typ\u016f podporovan\u00fdch pr\u00e1vn\u00edch forem je stanoven v textu V\u00fdzvy<\/li>\n<\/ul>\n<p><strong>Kolik lze z\u00edskat na jeden projekt\u00a0(forma a v\u00fd\u0161e podpory):<\/strong><\/p>\n<p><span style=\"text-decoration: underline;\">M\u00edra podpory:<\/span><\/p>\n<ul>\n<li>je-li p\u0159\u00edjemcem mal\u00fd podnik, je podpora poskytov\u00e1na a\u017e do v\u00fd\u0161e 45 % ZV<\/li>\n<li>je-li p\u0159\u00edjemcem st\u0159edn\u00ed podnik, je podpora poskytov\u00e1na a\u017e do v\u00fd\u0161e 35 % ZV<\/li>\n<li>je-li p\u0159\u00edjemcem velk\u00fd podnik, je podpora poskytov\u00e1na a\u017e do v\u00fd\u0161e 25 % ZV<\/li>\n<\/ul>\n<p><span style=\"text-decoration: underline;\">V\u00fd\u0161e dotace:<\/span><\/p>\n<ul>\n<li>minim\u00e1ln\u00ed v\u00fd\u0161e dotace 1 mil. K\u010d a maxim\u00e1ln\u00ed do v\u00fd\u0161e 100 mil. K\u010d<\/li>\n<\/ul>\n<p><strong>Na co lze z\u00edskat podporu\u00a0(podporovan\u00e9 aktivity):<\/strong><\/p>\n<ul>\n<li>zav\u00e1d\u011bn\u00ed inovativn\u00edch technologi\u00ed k z\u00edsk\u00e1v\u00e1n\u00ed druhotn\u00fdch surovin v kvalit\u011b vhodn\u00e9 pro dal\u0161\u00ed vyu\u017eit\u00ed v pr\u016fmyslov\u00e9 v\u00fdrob\u011b nap\u0159. z pou\u017eit\u00e9ho pap\u00edru, skla, kov\u016f, pneumatik, textilu, plast\u016f, stavebn\u00edch a demoli\u010dn\u00edch odpad\u016f, vedlej\u0161\u00edch energetick\u00fdch produkt\u016f a \u0159ady dal\u0161\u00edch v\u00fdrobk\u016f s ukon\u010denou \u017eivotnost\u00ed<\/li>\n<li>zav\u00e1d\u011bn\u00ed inovativn\u00edch technologi\u00ed, kter\u00fdmi se budou z pou\u017eit\u00fdch v\u00fdrobk\u016f z\u00edsk\u00e1vat efektivn\u00edm zp\u016fsobem cenn\u00e9 druhotn\u00e9 suroviny<\/li>\n<li>zav\u00e1d\u011bn\u00ed inovativn\u00edch technologi\u00ed na v\u00fdrobu v\u00fdrobk\u016f vyroben\u00fdch z druhotn\u00fdch surovin, v\u010detn\u011b n\u00e1hrad prim\u00e1rn\u00edch zdroj\u016f druhotn\u00fdmi surovinami tam, kde je to ekonomicky v\u00fdhodn\u00e9<\/li>\n<\/ul>\n<p><strong>Jak\u00e9 v\u00fddaje je mo\u017en\u00e9 podpo\u0159it\u00a0(zp\u016fsobil\u00e9 v\u00fddaje):<\/strong><\/p>\n<ul>\n<li>dlouhodob\u00fd hmotn\u00fd majetek (d\u00e1le jen DHM)<\/li>\n<li>dlouhodob\u00fd nehmotn\u00fd majetek (pokud je nezbytn\u00fd k \u0159\u00e1dn\u00e9mu provozov\u00e1n\u00ed dlouhodob\u00e9ho hmotn\u00e9ho majetku)<\/li>\n<li>DHM m\u016f\u017ee b\u00fdt pou\u017eit v\u00fdlu\u010dn\u011b jen v\u00a0m\u00edst\u011b realizace projektu<\/li>\n<li>DHM mus\u00ed se jednat o odepisovan\u00fd majetek<\/li>\n<li>DHM mus\u00ed b\u00fdt po\u0159\u00edzen za tr\u017en\u00edch podm\u00ednek od t\u0159et\u00edch osob nesp\u0159\u00edzn\u011bn\u00fdch s\u00a0kupuj\u00edc\u00edm<\/li>\n<\/ul>\n<p><strong>Specifika a omezen\u00ed:<\/strong><\/p>\n<ul>\n<li>projekt mus\u00ed b\u00fdt realizov\u00e1n na \u00fazem\u00ed \u010cR mimo NUTS 2 Praha<\/li>\n<li>v r\u00e1mci v\u00fdzvy lze na jeden ekonomick\u00fd subjekt (jedno I\u010c) podat maxim\u00e1ln\u011b 10 \u017e\u00e1dost\u00ed o podporu<\/li>\n<li>podpo\u0159en\u00e9 projekty budou m\u00edt povinnost realizovat disemina\u010dn\u00ed aktivity<\/li>\n<li>p\u0159i hodnocen\u00ed m\u00edry inovativnosti, respektive zp\u016fsobilosti projektu do tohoto specifick\u00e9ho c\u00edle, bude aplikov\u00e1no hodnocen\u00ed Technology Readiness Level (TRL, \u00darove\u0148 p\u0159ipravenosti technologie). Podpo\u0159eny budou projekty n\u00ed\u017ee uveden\u00fdch \u00farovn\u00ed:<\/li>\n<\/ul>\n<p>\u2013 TRL 5 \u2013 technologie ov\u011b\u0159ena v relevantn\u00edm prost\u0159ed\u00ed (pr\u016fmyslov\u011b v\u00fdznamn\u00e9 prost\u0159ed\u00ed v p\u0159\u00edpad\u011b kl\u00ed\u010dov\u00fdch technologi\u00ed)<\/p>\n<p>\u2013 TRL 6 \u2013 technologie demonstrov\u00e1na v dan\u00e9m prost\u0159ed\u00ed (pr\u016fmyslov\u011b v\u00fdznamn\u00e9 prost\u0159ed\u00ed v p\u0159\u00edpad\u011b kl\u00ed\u010dov\u00fdch technologi\u00ed)<\/p>\n<p>\u2013 TRL 7 \u2013 demonstrace syst\u00e9mov\u00e9ho prototypu v provozn\u00edm prost\u0159ed\u00ed<\/p>\n<p>\u2013 TRL 8 \u2013 syst\u00e9m kompletn\u00ed a kvalifikovan\u00fd<\/p>\n<p>\u2013 TRL 9 \u2013 existuj\u00edc\u00ed syst\u00e9m byl ov\u011b\u0159en v provozn\u00edm prost\u0159ed\u00ed<\/p>\n<p><strong>Syst\u00e9m sb\u011bru \u017e\u00e1dost\u00ed:<\/strong><\/p>\n<ul>\n<li>pr\u016fb\u011b\u017en\u00fd<\/li>\n<\/ul>\n<p><\/p>","protected":false},"excerpt":{"rendered":"<p>V\u00fdstupem projekt\u016f bude roz\u0161i\u0159ov\u00e1n\u00ed potenci\u00e1lu pro zav\u00e1d\u011bn\u00ed modern\u00edch n\u00edzkouhl\u00edkov\u00fdch technologi\u00ed v oblasti nakl\u00e1d\u00e1n\u00ed s druhotn\u00fdmi surovinami a zv\u00fd\u0161en\u00ed sob\u011bsta\u010dnosti \u010cR v surovinov\u00fdch zdroj\u00edch substituc\u00ed prim\u00e1rn\u00edch zdroj\u016f druhotn\u00fdmi surovinami, \u010d\u00edm\u017e se zvy\u0161uje vedle konkurenceschopnosti rovn\u011b\u017e i celkov\u00fd inova\u010dn\u00ed potenci\u00e1l \u010cR.<\/p>\n","protected":false},"author":1,"featured_media":0,"parent":142,"menu_order":0,"comment_status":"closed","ping_status":"closed","template":"","meta":{"inline_featured_image":false,"footnotes":""},"class_list":["post-13293","page","type-page","status-publish","hentry"],"publishpress_future_action":{"enabled":false,"date":"2026-05-07 05:36:41","action":"change-status","newStatus":"draft","terms":[],"taxonomy":"","extraData":[]},"publishpress_future_workflow_manual_trigger":{"enabledWorkflows":[]},"_links":{"self":[{"href":"https:\/\/apiagentura.gov.cz\/cs\/wp-json\/wp\/v2\/pages\/13293","targetHints":{"allow":["GET"]}}],"collection":[{"href":"https:\/\/apiagentura.gov.cz\/cs\/wp-json\/wp\/v2\/pages"}],"about":[{"href":"https:\/\/apiagentura.gov.cz\/cs\/wp-json\/wp\/v2\/types\/page"}],"author":[{"embeddable":true,"href":"https:\/\/apiagentura.gov.cz\/cs\/wp-json\/wp\/v2\/users\/1"}],"replies":[{"embeddable":true,"href":"https:\/\/apiagentura.gov.cz\/cs\/wp-json\/wp\/v2\/comments?post=13293"}],"version-history":[{"count":0,"href":"https:\/\/apiagentura.gov.cz\/cs\/wp-json\/wp\/v2\/pages\/13293\/revisions"}],"up":[{"embeddable":true,"href":"https:\/\/apiagentura.gov.cz\/cs\/wp-json\/wp\/v2\/pages\/142"}],"wp:attachment":[{"href":"https:\/\/apiagentura.gov.cz\/cs\/wp-json\/wp\/v2\/media?parent=13293"}],"curies":[{"name":"wp","href":"https:\/\/api.w.org\/{rel}","templated":true}]}}