{"id":1331,"date":"2016-08-18T09:56:27","date_gmt":"2016-08-18T08:56:27","guid":{"rendered":"http:\/\/www.ci-api.stage2.goodshape.cz\/?page_id=1331"},"modified":"2019-05-30T15:20:10","modified_gmt":"2019-05-30T13:20:10","slug":"slovnicek-pojmu-u","status":"publish","type":"page","link":"https:\/\/apiagentura.gov.cz\/cs\/faq\/slovnicek-pojmu-u\/","title":{"rendered":"Slovn\u00ed\u010dek pojm\u016f &#8211; U"},"content":{"rendered":"<p><\/p>\n<h2>U<\/h2>\n<h4>Udr\u017eitelnost projektu<\/h4>\n<p>Udr\u017eitelnost je doba, po kterou mus\u00ed p\u0159\u00edjemce podpory udr\u017eet v\u00fdstupy projektu. D\u00e9lka doby udr\u017eitelnosti projektu je stanovena v\u00a0Rozhodnut\u00ed o poskytnut\u00ed dotace; ve v\u011bt\u0161in\u011b program\u016f OP PIK \u010din\u00ed doba udr\u017eitelnosti 5 let od finan\u010dn\u00edho ukon\u010den\u00ed projektu. Napl\u0148ov\u00e1n\u00ed a udr\u017een\u00ed hodnot v\u00fdstup\u016f m\u016f\u017ee b\u00fdt p\u0159edm\u011btem kontroly ze strany p\u0159\u00edslu\u0161n\u00fdch instituc\u00ed. P\u0159i nespln\u011bn\u00ed povinnosti udr\u017eitelnosti m\u016f\u017ee b\u00fdt \u017eadatel v krajn\u00edm p\u0159\u00edpad\u011b po\u017e\u00e1d\u00e1n o vr\u00e1cen\u00ed dotace nebo jej\u00ed \u010d\u00e1sti.<\/p>","protected":false},"excerpt":{"rendered":"<p>U Udr\u017eitelnost projektu Udr\u017eitelnost je doba, po kterou mus\u00ed p\u0159\u00edjemce podpory udr\u017eet v\u00fdstupy projektu. D\u00e9lka doby udr\u017eitelnosti projektu je stanovena v\u00a0Rozhodnut\u00ed o poskytnut\u00ed dotace; ve v\u011bt\u0161in\u011b program\u016f OP PIK \u010din\u00ed doba udr\u017eitelnosti 5 let od finan\u010dn\u00edho ukon\u010den\u00ed projektu. Napl\u0148ov\u00e1n\u00ed a udr\u017een\u00ed hodnot v\u00fdstup\u016f m\u016f\u017ee b\u00fdt p\u0159edm\u011btem kontroly ze strany p\u0159\u00edslu\u0161n\u00fdch instituc\u00ed. P\u0159i nespln\u011bn\u00ed povinnosti udr\u017eitelnosti [&hellip;]<\/p>\n","protected":false},"author":1,"featured_media":0,"parent":422,"menu_order":17,"comment_status":"closed","ping_status":"closed","template":"","meta":{"inline_featured_image":false,"footnotes":""},"class_list":["post-1331","page","type-page","status-publish","hentry"],"publishpress_future_action":{"enabled":false,"date":"2026-05-07 01:12:16","action":"change-status","newStatus":"draft","terms":[],"taxonomy":"","extraData":[]},"publishpress_future_workflow_manual_trigger":{"enabledWorkflows":[]},"_links":{"self":[{"href":"https:\/\/apiagentura.gov.cz\/cs\/wp-json\/wp\/v2\/pages\/1331","targetHints":{"allow":["GET"]}}],"collection":[{"href":"https:\/\/apiagentura.gov.cz\/cs\/wp-json\/wp\/v2\/pages"}],"about":[{"href":"https:\/\/apiagentura.gov.cz\/cs\/wp-json\/wp\/v2\/types\/page"}],"author":[{"embeddable":true,"href":"https:\/\/apiagentura.gov.cz\/cs\/wp-json\/wp\/v2\/users\/1"}],"replies":[{"embeddable":true,"href":"https:\/\/apiagentura.gov.cz\/cs\/wp-json\/wp\/v2\/comments?post=1331"}],"version-history":[{"count":0,"href":"https:\/\/apiagentura.gov.cz\/cs\/wp-json\/wp\/v2\/pages\/1331\/revisions"}],"up":[{"embeddable":true,"href":"https:\/\/apiagentura.gov.cz\/cs\/wp-json\/wp\/v2\/pages\/422"}],"wp:attachment":[{"href":"https:\/\/apiagentura.gov.cz\/cs\/wp-json\/wp\/v2\/media?parent=1331"}],"curies":[{"name":"wp","href":"https:\/\/api.w.org\/{rel}","templated":true}]}}