{"id":13592,"date":"2018-12-20T13:21:26","date_gmt":"2018-12-20T12:21:26","guid":{"rendered":"https:\/\/www.apiagentura.gov.cz\/?page_id=13592"},"modified":"2020-02-21T13:57:04","modified_gmt":"2020-02-21T12:57:04","slug":"proof-of-concept-vyzva-ii","status":"publish","type":"page","link":"https:\/\/apiagentura.gov.cz\/cs\/programy-podpory\/proof-of-concept\/proof-of-concept-vyzva-ii\/","title":{"rendered":"Proof of Concept &#8211; V\u00fdzva II"},"content":{"rendered":"<p><\/p>\n<h3>Z\u00e1kladn\u00ed charakteristiky:<\/h3>\n<p><strong>Kdo m\u016f\u017ee \u017e\u00e1dat<\/strong>\u00a0(p\u0159\u00edjemci podpory):<\/p>\n<ul>\n<li>podnikatelsk\u00e9 subjekty \u2013 mal\u00e9 a st\u0159edn\u00ed podniky<\/li>\n<\/ul>\n<p><strong>Kolik lze z\u00edskat na jeden projekt<\/strong>\u00a0(forma a v\u00fd\u0161e podpory):<\/p>\n<ul>\n<li>m\u00edra podpory:<\/li>\n<\/ul>\n<p>Pro aktivitu 3.1a):<\/p>\n<p>&#8211; Maxim\u00e1ln\u00ed m\u00edra ve\u0159ejn\u00e9 podpory je 60% celkov\u00fdch zp\u016fsobil\u00fdch v\u00fddaj\u016f projektu vymezen\u00fdch v\u00a0bod\u011b 5.2 a) V\u00fdzvy pro st\u0159edn\u00ed podniky, resp. 70% pro mal\u00e9 podniky.<\/p>\n<p>&#8211; Maxim\u00e1ln\u00ed m\u00edra ve\u0159ejn\u00e9 podpory je 50% celkov\u00fdch zp\u016fsobil\u00fdch v\u00fddaj\u016f projektu vymezen\u00fdch v\u00a0bod\u011b 5.2 b) a c) V\u00fdzvy.<\/p>\n<p>Pro aktivitu 3.1b):<\/p>\n<p>&#8211; Maxim\u00e1ln\u00ed m\u00edra ve\u0159ejn\u00e9 podpory je 35% celkov\u00fdch zp\u016fsobil\u00fdch v\u00fddaj\u016f projektu vymezen\u00fdch v\u00a0bod\u011b 5.2 d) V\u00fdzvy pro st\u0159edn\u00ed podniky, resp. 45% pro mal\u00e9 podniky.<\/p>\n<p>&#8211; Maxim\u00e1ln\u00ed m\u00edra ve\u0159ejn\u00e9 podpory je 50% celkov\u00fdch zp\u016fsobil\u00fdch v\u00fddaj\u016f projektu vymezen\u00fdch v\u00a0bod\u011b 5.2 e), f) a g) V\u00fdzvy.<\/p>\n<ul>\n<li>dotace na projekt je poskytov\u00e1na\u00a0minim\u00e1ln\u011b ve v\u00fd\u0161i 300 tis. K\u010d a maxim\u00e1ln\u011b do v\u00fd\u0161e 5 mil. K\u010d\u00a0pro aktivitu 3.1 a) a maxim\u00e1ln\u011b do v\u00fd\u0161e 10 mil. K\u010d pro aktivitu 3.1 b).<\/li>\n<\/ul>\n<p><strong>Na co lze z\u00edskat podporu\u00a0<\/strong>(podporovan\u00e9 aktivity):<\/p>\n<p>Podporov\u00e1ny jsou dva typy projekt\u016f:<\/p>\n<ul>\n<li>aktivity souvisej\u00edc\u00ed s\u00a0ov\u011b\u0159en\u00edm technick\u00e9 proveditelnosti a komer\u010dn\u00edho potenci\u00e1lu v\u00fdzkumu a v\u00fdvoje s\u00a0c\u00edlem zaveden\u00ed nov\u00e9ho produktu\/slu\u017eby na trh; v\u00fdstupem projektu bude studie proveditelnosti, kter\u00e1 bude slou\u017eit jako podklad pro realizaci dal\u0161\u00ed mo\u017en\u00e9 f\u00e1ze projektu<\/li>\n<li>aktivity sm\u011b\u0159uj\u00edc\u00ed k dopracov\u00e1n\u00ed v\u00fdzkumu a v\u00fdvoje do fin\u00e1ln\u00ed f\u00e1ze a k p\u0159\u00edprav\u011b jeho komercializace<\/li>\n<\/ul>\n<p><strong>Jak\u00e9 v\u00fddaje je mo\u017en\u00e9 podpo\u0159it\u00a0<\/strong>(zp\u016fsobil\u00e9 v\u00fddaje):<\/p>\n<p>Pro aktivitu 3.1 a):<\/p>\n<ul>\n<li>n\u00e1klady p\u0159\u00edmo spojen\u00e9 s vytvo\u0159en\u00edm studie proveditelnosti<\/li>\n<li>n\u00e1klady na vysl\u00e1n\u00ed vysoce kvalifikovan\u00fdch pracovn\u00edk\u016f z organizace pro v\u00fdzkum a \u0161\u00ed\u0159en\u00ed znalost\u00ed, kte\u0159\u00ed u p\u0159\u00edjemce podpory pracuj\u00ed na \u010dinnostech v oblasti v\u00fdzkumu, v\u00fdvoje a inovac\u00ed v nov\u011b vytvo\u0159en\u00e9 funkci, av\u0161ak nenahrazuj\u00ed jin\u00e9 pracovn\u00edky<\/li>\n<li>n\u00e1klady na z\u00edsk\u00e1n\u00ed a uzn\u00e1n\u00ed patent\u016f a dal\u0161\u00edch nehmotn\u00fdch aktiv<\/li>\n<\/ul>\n<p>Pro aktivitu 3.1 b):<\/p>\n<ul>\n<li>n\u00e1klady pro tuto aktivitu jsou zp\u016fsobil\u00e9 pouze za podm\u00ednky, \u017ee projekt \u010di jeho podpo\u0159en\u00e1 \u010d\u00e1st zcela spad\u00e1 do kategorie experiment\u00e1ln\u00edho v\u00fdvoje v souladu s \u010dl. 25 Na\u0159\u00edzen\u00ed Komise (EU) \u010d. 651\/2014; kategorie n\u00e1klad\u016f jsou uvedeny ve V\u00fdzv\u011b, bod 5.2 Vymezen\u00ed zp\u016fsobil\u00fdch v\u00fddaj\u016f<\/li>\n<li>n\u00e1klady na vysl\u00e1n\u00ed vysoce kvalifikovan\u00fdch pracovn\u00edk\u016f z organizace pro v\u00fdzkum a \u0161\u00ed\u0159en\u00ed znalost\u00ed, kte\u0159\u00ed u p\u0159\u00edjemce podpory pracuj\u00ed na \u010dinnostech v oblasti v\u00fdzkumu, v\u00fdvoje a inovac\u00ed v nov\u011b vytvo\u0159en\u00e9 funkci, av\u0161ak nenahrazuj\u00ed jin\u00e9 pracovn\u00edky<\/li>\n<li>n\u00e1klady na z\u00edsk\u00e1n\u00ed a uzn\u00e1n\u00ed patent\u016f a dal\u0161\u00edch nehmotn\u00fdch aktiv<\/li>\n<li>n\u00e1klady na poradensk\u00e9 a podp\u016frn\u00e9 slu\u017eby v oblasti inovac\u00ed<\/li>\n<\/ul>\n<p><strong>Specifika a omezen\u00ed:<\/strong><\/p>\n<ul>\n<li>shoda projektu s N\u00e1rodn\u00ed v\u00fdzkumnou a inova\u010dn\u00ed strategi\u00ed pro inteligentn\u00ed specializaci \u010cesk\u00e9 republiky bude ov\u011b\u0159ena v r\u00e1mci hodnocen\u00ed projektu, a to z hlediska napl\u0148ov\u00e1n\u00ed v\u00fdb\u011brov\u00fdch krit\u00e9ri\u00ed definovan\u00fdch v t\u00e9to V\u00fdzv\u011b; pro ov\u011b\u0159en\u00ed bude \u017eadatel pou\u017e\u00edvat p\u0159\u00edlohu V\u00fdzvy s n\u00e1zvem \u201ePodkladov\u00fd materi\u00e1l pro implementaci N\u00e1rodn\u00ed RIS3 strategie\u201c.<\/li>\n<li>ka\u017ed\u00fd \u017eadatel (1 I\u010c) je v t\u00e9to V\u00fdzv\u011b opr\u00e1vn\u011bn p\u0159edlo\u017eit maxim\u00e1ln\u011b 2 projekty (tzn. 2 aktivn\u00ed \u017e\u00e1dosti o podporu)<\/li>\n<\/ul>\n<p><strong>Syst\u00e9m sb\u011bru \u017e\u00e1dost\u00ed:<\/strong><\/p>\n<ul>\n<li>kolov\u00fd<\/li>\n<\/ul>\n<p><\/p>","protected":false},"excerpt":{"rendered":"<p>C\u00edlem programu a V\u00fdzvy Proof of concept  je podpora aktivit, kter\u00e9 pomohou zajistit rozvoj transferu technologi\u00ed a znalost\u00ed mezi v\u00fdzkumn\u00fdmi organizacemi a podniky, kter\u00e9 mohou v\u00fdsledky v\u00fdzkumu uplatnit v praxi. Program si klade za c\u00edl pos\u00edlen\u00ed vazeb mezi v\u00fdzkumn\u00fdmi organizacemi (VO) a aplika\u010dn\u00ed sf\u00e9rou, rozvoj ekonomiky a konkurenceschopnosti firem. V\u00fdsledky projekt\u016f budou posilovat p\u0159edpoklad pro jejich dal\u0161\u00ed tr\u017en\u00ed uplatn\u011bn\u00ed.<\/p>\n","protected":false},"author":1,"featured_media":0,"parent":152,"menu_order":0,"comment_status":"closed","ping_status":"closed","template":"","meta":{"inline_featured_image":false,"footnotes":""},"class_list":["post-13592","page","type-page","status-publish","hentry"],"publishpress_future_action":{"enabled":false,"date":"2026-05-07 01:47:45","action":"change-status","newStatus":"draft","terms":[],"taxonomy":"","extraData":[]},"publishpress_future_workflow_manual_trigger":{"enabledWorkflows":[]},"_links":{"self":[{"href":"https:\/\/apiagentura.gov.cz\/cs\/wp-json\/wp\/v2\/pages\/13592","targetHints":{"allow":["GET"]}}],"collection":[{"href":"https:\/\/apiagentura.gov.cz\/cs\/wp-json\/wp\/v2\/pages"}],"about":[{"href":"https:\/\/apiagentura.gov.cz\/cs\/wp-json\/wp\/v2\/types\/page"}],"author":[{"embeddable":true,"href":"https:\/\/apiagentura.gov.cz\/cs\/wp-json\/wp\/v2\/users\/1"}],"replies":[{"embeddable":true,"href":"https:\/\/apiagentura.gov.cz\/cs\/wp-json\/wp\/v2\/comments?post=13592"}],"version-history":[{"count":0,"href":"https:\/\/apiagentura.gov.cz\/cs\/wp-json\/wp\/v2\/pages\/13592\/revisions"}],"up":[{"embeddable":true,"href":"https:\/\/apiagentura.gov.cz\/cs\/wp-json\/wp\/v2\/pages\/152"}],"wp:attachment":[{"href":"https:\/\/apiagentura.gov.cz\/cs\/wp-json\/wp\/v2\/media?parent=13592"}],"curies":[{"name":"wp","href":"https:\/\/api.w.org\/{rel}","templated":true}]}}