{"id":136,"date":"2016-06-27T13:30:49","date_gmt":"2016-06-27T12:30:49","guid":{"rendered":"http:\/\/www.ci-api.dev\/?page_id=136"},"modified":"2021-10-01T13:52:54","modified_gmt":"2021-10-01T11:52:54","slug":"obnovitelne-zdroje-energie","status":"publish","type":"page","link":"https:\/\/apiagentura.gov.cz\/cs\/programy-podpory\/obnovitelne-zdroje-energie\/","title":{"rendered":"Obnoviteln\u00e9 zdroje energie"},"content":{"rendered":"<p><\/p>\n<p style=\"text-align: left;\"><strong>Zam\u00fd\u0161l\u00edte vyr\u00e1b\u011bt a distribuovat energii poch\u00e1zej\u00edc\u00ed z obnoviteln\u00fdch zdroj\u016f? Pl\u00e1nujete v\u00fdstavbu \u010di rekonstrukci mal\u00e9 vodn\u00ed elektr\u00e1rny? Pak m\u016f\u017eete po\u017e\u00e1dat o podporu z programu Obnoviteln\u00e9 zdroje energie.<\/strong><\/p>\n<p style=\"text-align: left;\">Bli\u017e\u0161\u00ed informace o programu naleznete v\u00a0dokumentu <a href=\"https:\/\/www.apiagentura.gov.cz\/wp-content\/uploads\/2021\/10\/sc3.1-obnovitelne-zdroje-energie-verze-5.pdf\" target=\"_blank\" rel=\"noopener\">Text programu Obnoviteln\u00e9 zdroje energie.<\/a> Specifick\u00e9 podm\u00ednky budou stanoveny jednotliv\u00fdmi V\u00fdzvami.<\/p>\n<p><\/p>","protected":false},"excerpt":{"rendered":"<p>v\u00fdroba a distribuce energie poch\u00e1zej\u00edc\u00ed z obnoviteln\u00fdch zdroj\u016f<\/p>\n","protected":false},"author":35,"featured_media":18040,"parent":102,"menu_order":14,"comment_status":"closed","ping_status":"closed","template":"","meta":{"inline_featured_image":false,"footnotes":""},"class_list":["post-136","page","type-page","status-publish","has-post-thumbnail","hentry"],"publishpress_future_action":{"enabled":false,"date":"2026-05-07 05:36:53","action":"change-status","newStatus":"draft","terms":[],"taxonomy":"","extraData":[]},"publishpress_future_workflow_manual_trigger":{"enabledWorkflows":[]},"_links":{"self":[{"href":"https:\/\/apiagentura.gov.cz\/cs\/wp-json\/wp\/v2\/pages\/136","targetHints":{"allow":["GET"]}}],"collection":[{"href":"https:\/\/apiagentura.gov.cz\/cs\/wp-json\/wp\/v2\/pages"}],"about":[{"href":"https:\/\/apiagentura.gov.cz\/cs\/wp-json\/wp\/v2\/types\/page"}],"author":[{"embeddable":true,"href":"https:\/\/apiagentura.gov.cz\/cs\/wp-json\/wp\/v2\/users\/35"}],"replies":[{"embeddable":true,"href":"https:\/\/apiagentura.gov.cz\/cs\/wp-json\/wp\/v2\/comments?post=136"}],"version-history":[{"count":0,"href":"https:\/\/apiagentura.gov.cz\/cs\/wp-json\/wp\/v2\/pages\/136\/revisions"}],"up":[{"embeddable":true,"href":"https:\/\/apiagentura.gov.cz\/cs\/wp-json\/wp\/v2\/pages\/102"}],"wp:featuredmedia":[{"embeddable":true,"href":"https:\/\/apiagentura.gov.cz\/cs\/wp-json\/wp\/v2\/media\/18040"}],"wp:attachment":[{"href":"https:\/\/apiagentura.gov.cz\/cs\/wp-json\/wp\/v2\/media?parent=136"}],"curies":[{"name":"wp","href":"https:\/\/api.w.org\/{rel}","templated":true}]}}