{"id":138,"date":"2016-06-27T13:31:07","date_gmt":"2016-06-27T12:31:07","guid":{"rendered":"http:\/\/www.ci-api.dev\/?page_id=138"},"modified":"2021-10-01T16:40:28","modified_gmt":"2021-10-01T14:40:28","slug":"uspory-energie","status":"publish","type":"page","link":"https:\/\/apiagentura.gov.cz\/cs\/programy-podpory\/uspory-energie\/","title":{"rendered":"\u00daspory energie"},"content":{"rendered":"<p><\/p>\n<p style=\"text-align: left;\"><strong>Chcete sn\u00ed\u017eit energetickou n\u00e1ro\u010dnost Va\u0161eho podniku? Chcete obm\u011bnit star\u00e9 technologie na v\u00fdrobu energie za nov\u00e9? Pl\u00e1nujete vyu\u017e\u00edvat odpadn\u00ed energie ve v\u00fdrobn\u00edch procesech nebo zav\u00e9st \u010di modernizovat syst\u00e9m m\u011b\u0159en\u00ed a regulace? Uva\u017eujete o modernizaci \u010di rekonstrukci rozvod\u016f elekt\u0159iny, plynu a tepla v budov\u00e1ch a v energetick\u00fdch hospod\u00e1\u0159stv\u00edch pr\u016fmyslov\u00fdch are\u00e1lech? Potom je pr\u00e1v\u011b pro V\u00e1s ur\u010den program \u00daspory energie.<\/strong><\/p>\n<p style=\"text-align: left;\">Bli\u017e\u0161\u00ed informace o programu naleznete v\u00a0dokumentu <a href=\"https:\/\/www.apiagentura.gov.cz\/wp-content\/uploads\/2021\/10\/sc3.2-uspory-energie-verze-9.pdf\" target=\"_blank\" rel=\"noopener\">Text programu \u00daspory energie<\/a>. Specifick\u00e9 podm\u00ednky budou stanoveny jednotliv\u00fdmi V\u00fdzvami.<\/p>\n<p><\/p>","protected":false},"excerpt":{"rendered":"<p>sn\u00ed\u017een\u00ed energetick\u00e9 n\u00e1ro\u010dnosti podnikatelsk\u00e9ho sektoru<\/p>\n","protected":false},"author":35,"featured_media":18041,"parent":102,"menu_order":15,"comment_status":"closed","ping_status":"closed","template":"","meta":{"inline_featured_image":false,"footnotes":""},"class_list":["post-138","page","type-page","status-publish","has-post-thumbnail","hentry"],"publishpress_future_action":{"enabled":false,"date":"2026-05-06 23:08:00","action":"change-status","newStatus":"draft","terms":[],"taxonomy":"","extraData":[]},"publishpress_future_workflow_manual_trigger":{"enabledWorkflows":[]},"_links":{"self":[{"href":"https:\/\/apiagentura.gov.cz\/cs\/wp-json\/wp\/v2\/pages\/138","targetHints":{"allow":["GET"]}}],"collection":[{"href":"https:\/\/apiagentura.gov.cz\/cs\/wp-json\/wp\/v2\/pages"}],"about":[{"href":"https:\/\/apiagentura.gov.cz\/cs\/wp-json\/wp\/v2\/types\/page"}],"author":[{"embeddable":true,"href":"https:\/\/apiagentura.gov.cz\/cs\/wp-json\/wp\/v2\/users\/35"}],"replies":[{"embeddable":true,"href":"https:\/\/apiagentura.gov.cz\/cs\/wp-json\/wp\/v2\/comments?post=138"}],"version-history":[{"count":0,"href":"https:\/\/apiagentura.gov.cz\/cs\/wp-json\/wp\/v2\/pages\/138\/revisions"}],"up":[{"embeddable":true,"href":"https:\/\/apiagentura.gov.cz\/cs\/wp-json\/wp\/v2\/pages\/102"}],"wp:featuredmedia":[{"embeddable":true,"href":"https:\/\/apiagentura.gov.cz\/cs\/wp-json\/wp\/v2\/media\/18041"}],"wp:attachment":[{"href":"https:\/\/apiagentura.gov.cz\/cs\/wp-json\/wp\/v2\/media?parent=138"}],"curies":[{"name":"wp","href":"https:\/\/api.w.org\/{rel}","templated":true}]}}