{"id":142,"date":"2016-06-27T13:31:43","date_gmt":"2016-06-27T12:31:43","guid":{"rendered":"http:\/\/www.ci-api.dev\/?page_id=142"},"modified":"2021-10-01T13:40:15","modified_gmt":"2021-10-01T11:40:15","slug":"nizkouhlikove-technologie","status":"publish","type":"page","link":"https:\/\/apiagentura.gov.cz\/cs\/programy-podpory\/nizkouhlikove-technologie\/","title":{"rendered":"N\u00edzkouhl\u00edkov\u00e9 technologie"},"content":{"rendered":"<p><\/p>\n<p style=\"text-align: left;\"><strong>Pl\u00e1nujete zav\u00e9st inovativn\u00ed technologii v oblasti uhl\u00edkov\u00e9 dopravy nebo v oblasti v\u00fdroby energie z obnoviteln\u00fdch zdroj\u016f? Chyst\u00e1te se zav\u00e9st n\u00edzkouhl\u00edkov\u00e9 technologie v budov\u00e1ch, syst\u00e9m \u0159\u00edzen\u00ed spot\u0159eby energi\u00ed, off grid syst\u00e9my \u010di technologie k z\u00edsk\u00e1v\u00e1n\u00ed druhotn\u00fdch surovin v kvalit\u011b vhodn\u00e9 pro dal\u0161\u00ed vyu\u017eit\u00ed v pr\u016fmyslov\u00e9 v\u00fdrob\u011b? Potom je pro V\u00e1s vhodn\u00fd program N\u00edzkouhl\u00edkov\u00e9 technologie.<\/strong><\/p>\n<p style=\"text-align: left;\">Bli\u017e\u0161\u00ed informace o programu naleznete v\u00a0dokumentu <a href=\"https:\/\/www.apiagentura.gov.cz\/wp-content\/uploads\/2021\/10\/sc3.4.-nizkouhlikove-technologie-verze-5.pdf\" target=\"_blank\" rel=\"noopener\">Text programu N\u00edzkouhl\u00edkov\u00e9 technologie<\/a>. Specifick\u00e9 podm\u00ednky budou stanoveny jednotliv\u00fdmi V\u00fdzvami.<\/p>\n<p><\/p>","protected":false},"excerpt":{"rendered":"<p>zav\u00e1d\u011bn\u00ed nov\u00fdch technologi\u00ed v oblasti nakl\u00e1d\u00e1n\u00ed energi\u00ed a druhotn\u00fdch surovin<\/p>\n","protected":false},"author":35,"featured_media":18046,"parent":102,"menu_order":17,"comment_status":"closed","ping_status":"closed","template":"","meta":{"inline_featured_image":false,"footnotes":""},"class_list":["post-142","page","type-page","status-publish","has-post-thumbnail","hentry"],"publishpress_future_action":{"enabled":false,"date":"2026-05-02 06:18:54","action":"change-status","newStatus":"draft","terms":[],"taxonomy":"","extraData":[]},"publishpress_future_workflow_manual_trigger":{"enabledWorkflows":[]},"_links":{"self":[{"href":"https:\/\/apiagentura.gov.cz\/cs\/wp-json\/wp\/v2\/pages\/142","targetHints":{"allow":["GET"]}}],"collection":[{"href":"https:\/\/apiagentura.gov.cz\/cs\/wp-json\/wp\/v2\/pages"}],"about":[{"href":"https:\/\/apiagentura.gov.cz\/cs\/wp-json\/wp\/v2\/types\/page"}],"author":[{"embeddable":true,"href":"https:\/\/apiagentura.gov.cz\/cs\/wp-json\/wp\/v2\/users\/35"}],"replies":[{"embeddable":true,"href":"https:\/\/apiagentura.gov.cz\/cs\/wp-json\/wp\/v2\/comments?post=142"}],"version-history":[{"count":0,"href":"https:\/\/apiagentura.gov.cz\/cs\/wp-json\/wp\/v2\/pages\/142\/revisions"}],"up":[{"embeddable":true,"href":"https:\/\/apiagentura.gov.cz\/cs\/wp-json\/wp\/v2\/pages\/102"}],"wp:featuredmedia":[{"embeddable":true,"href":"https:\/\/apiagentura.gov.cz\/cs\/wp-json\/wp\/v2\/media\/18046"}],"wp:attachment":[{"href":"https:\/\/apiagentura.gov.cz\/cs\/wp-json\/wp\/v2\/media?parent=142"}],"curies":[{"name":"wp","href":"https:\/\/api.w.org\/{rel}","templated":true}]}}