{"id":14307,"date":"2019-02-07T10:56:06","date_gmt":"2019-02-07T09:56:06","guid":{"rendered":"https:\/\/www.apiagentura.gov.cz\/?page_id=14307"},"modified":"2023-04-27T10:51:34","modified_gmt":"2023-04-27T08:51:34","slug":"vysokorychlostni-internet-vyzva-ii","status":"publish","type":"page","link":"https:\/\/apiagentura.gov.cz\/cs\/programy-podpory\/vysokorychlostni-internet\/vysokorychlostni-internet-vyzva-ii\/","title":{"rendered":"Vysokorychlostn\u00ed internet &#8211; V\u00fdzva II"},"content":{"rendered":"<p><\/p>\n<h4>Ozn\u00e1men\u00ed pro \u017eadatele<\/h4>\n<p><strong>24. 6. 2022:<\/strong> Do\u0161lo k aktualizaci p\u0159\u00edlohy \u010d. 5 &#8211; Vzor Rozhodnut\u00ed o poskytnut\u00ed dotace.<\/p>\n<p><strong>19. 5. 2021:<\/strong> Do\u0161lo k aktualizaci p\u0159\u00edlohy \u010d. 5 &#8211; Vzor Rozhodnut\u00ed o poskytnut\u00ed dotace.<\/p>\n<p><strong>14. 5. 2021:\u00a0<\/strong>Do\u0161lo k aktualizaci P\u0159\u00edlohy \u010d. 4 Pravidla pro \u017eadatele a p\u0159\u00edjemce &#8211; zvl\u00e1\u0161tn\u00ed \u010d\u00e1st z d\u016fvodu dopln\u011bn\u00ed p\u0159\u00edloh k \u017d\u00e1dosti o platbu a Zpr\u00e1v o udr\u017eitelnosti a na to navazuj\u00edc\u00ed aktualizace P\u0159\u00edlohy \u010d. 5 Vzoru Rozhodnut\u00ed o poskytnut\u00ed dotace.<\/p>\n<p><strong>16. 2. 2021:<\/strong> Do\u0161lo k aktualizaci P\u0159\u00edlohy \u010d. 1 &#8211; Vymezen\u00ed zp\u016fsobil\u00fdch v\u00fddaj\u016f<\/p>\n<p><strong>2. 11. 2020:<\/strong>\u00a0Do\u0161lo k aktualizaci P\u0159\u00edlohy \u010d. 5 &#8211; Vzor Rozhodnut\u00ed o poskytnut\u00ed dotace<\/p>\n<p><strong>9. 10. 2020:<\/strong>\u00a0Do\u0161lo k aktualizaci P\u0159\u00edlohy \u010d. 5 &#8211; Vzor Rozhodnut\u00ed o poskytnut\u00ed dotace<\/p>\n<p>&nbsp;<\/p>\n<ul>\n<li><strong>J<\/strong><strong>ak\u00fd dokument je nutno dolo\u017eit v okam\u017eiku podpisu Rozhodnut\u00ed o poskytnut\u00ed dotace v p\u0159\u00edpad\u011b novostavby v rozsahu, kter\u00e9 vy\u017eaduje \u00fazemn\u00ed a stavebn\u00ed \u0159\u00edzen\u00ed?<\/strong><\/li>\n<\/ul>\n<p>Po\u017eadovan\u00fdm dokumentem je \u017d\u00e1dost o vyd\u00e1n\u00ed rozhodnut\u00ed o um\u00edst\u011bn\u00ed stavby\/\u017d\u00e1dost o stavebn\u00ed povolen\u00ed opat\u0159en\u00e1 podac\u00edm raz\u00edtkem p\u0159\u00edslu\u0161n\u00e9ho \u00fa\u0159adu\/jin\u00fdm prok\u00e1z\u00e1n\u00edm, kdy byla \u00fa\u0159adu doru\u010dena, a to alespo\u0148 na jednu d\u00edl\u010d\u00ed \u010d\u00e1st projektu, jestli\u017ee je nutn\u00e9 v r\u00e1mci v\u00fdstavby pod\u00e1vat v\u00edce ne\u017e jednu \u017d\u00e1dost. Dnem pod\u00e1n\u00ed \u017d\u00e1dosti o vyd\u00e1n\u00ed rozhodnut\u00ed o um\u00edst\u011bn\u00ed stavby\/\u017d\u00e1dosti o stavebn\u00ed povolen\u00ed se zahajuje \u00fazemn\u00ed\/stavebn\u00ed \u0159\u00edzen\u00ed.<\/p>\n<p>Dal\u0161\u00ed FAQ k programu Vysokorychlostn\u00ed internet naleznete\u00a0<a href=\"https:\/\/www.apiagentura.gov.cz\/cs\/radce\/faq\/faq-vysokorychlostni-internet\/\">zde<\/a>.<\/p>\n<h5><\/h5>\n<h5><\/h5>\n<h5>MPO mapuje dostupnost optick\u00e9 konektivity \u2013 dotazn\u00edk pro podnikatele v oblasti elektronick\u00e9 komunikace v obc\u00edch do 5 000 obyvatel &#8211; v\u00edce <a href=\"https:\/\/www.apiagentura.gov.cz\/cs\/mpo-mapuje-dostupnost-opticke-konektivity\/\">zde<\/a>.<\/h5>\n<table class=\"call-detail\">\n<tbody>\n<tr>\n<td style=\"width: 540.26px;\" rowspan=\"2\"><strong>Na co lze z\u00edskat podporu<\/strong>\u00a0(podporovan\u00e9 aktivity):<\/p>\n<ul>\n<li>roz\u0161i\u0159ov\u00e1n\u00ed (modernizace) st\u00e1vaj\u00edc\u00ed infrastruktury p\u0159\u00edstupov\u00fdch s\u00edt\u00ed pro vysokorychlostn\u00ed p\u0159\u00edstup k internetu poskytovan\u00fd v pevn\u00e9m m\u00edst\u011b tak, aby dos\u00e1hly vlastnost\u00ed s\u00edt\u00ed NGA dle \u010dl\u00e1nku 2 bodu 138 Komise (EU) \u010d. 651\/2014, s c\u00edlem nab\u00eddnout a umo\u017enit koncov\u00e9mu z\u00e1kazn\u00edkovi vysokorychlostn\u00ed p\u0159\u00edstup\u00a0k internetu b\u011b\u017en\u011b dostupnou rychlost\u00ed alespo\u0148 30 Mbit\/s s podm\u00ednkou, \u017ee do budoucna bude mo\u017en\u00e9 umo\u017enit b\u011b\u017en\u011b dostupnou rychlost min. 100 Mbit\/s pouhou v\u00fdm\u011bnou aktivn\u00edch prvk\u016f nebo jejich modernizac\u00ed<\/li>\n<li>z\u0159izov\u00e1n\u00ed nov\u00fdch s\u00edt\u00ed, kter\u00e9 maj\u00ed vlastnosti dle \u010dl\u00e1nku 2 bodu 138 Komise (EU) \u010d. 651\/2014, poskytovan\u00fdch v pevn\u00e9m m\u00edst\u011b, umo\u017e\u0148uj\u00edc\u00ed b\u011b\u017en\u011b dostupnou rychlost alespo\u0148 30 Mbit\/s za podm\u00ednky, \u017ee do konce roku 2020 mus\u00ed takov\u00e1 s\u00ed\u0165 umo\u017enit b\u011b\u017en\u011b dostupnou rychlost min. 100 Mbit\/s<\/li>\n<\/ul>\n<p><strong>FAQ:<\/strong><\/p>\n<ul>\n<li>\u010dasto kladen\u00e9 dotazy k programu Vysokorychlostn\u00ed internet k dispozici <a href=\"https:\/\/www.apiagentura.gov.cz\/cs\/radce\/faq\/faq-vysokorychlostni-internet\/\">ZDE<\/a>.<\/li>\n<\/ul>\n<p><strong>Syst\u00e9m sb\u011bru \u017e\u00e1dost\u00ed:<\/strong><\/p>\n<ul>\n<li>kolov\u00fd<\/li>\n<\/ul>\n<\/td>\n<td style=\"width: 540.28px;\"><strong>Kdo m\u016f\u017ee \u017e\u00e1dat<\/strong>\u00a0(p\u0159\u00edjemci podpory):<\/p>\n<ul>\n<li>\u017eadatelem\/p\u0159\u00edjemcem m\u016f\u017ee b\u00fdt podnikatelsk\u00fd subjekt; mal\u00fd a st\u0159edn\u00ed podnik podle definice v P\u0159\u00edloze I Na\u0159\u00edzen\u00ed Komise (EU) \u010d. 651\/2014 nebo podnikatelsk\u00fd subjekt, kter\u00fd nespl\u0148uje definici mal\u00e9ho a st\u0159edn\u00edho podniku a kter\u00fd z\u00e1rove\u0148 spl\u0148uje podm\u00ednky uveden\u00e9 zejm\u00e9na v bod\u011b 4.1 V\u00fdzvy<\/li>\n<\/ul>\n<p><strong>Kolik lze z\u00edskat na jeden projekt\u00a0<\/strong>(forma a v\u00fd\u0161e podpory):<\/p>\n<ul>\n<li>m\u00edra podpory: max. 75 % zp\u016fsobil\u00fdch v\u00fddaj\u016f<\/li>\n<li>dotace na projekt a jednoho \u017eadatele je poskytov\u00e1na minim\u00e1ln\u011b ve v\u00fd\u0161i 0,5 mil. K\u010d a maxim\u00e1ln\u011b do v\u00fd\u0161e 200 mil. K\u010d<\/li>\n<\/ul>\n<\/td>\n<td style=\"width: 204.46px;\"><img loading=\"lazy\" decoding=\"async\" class=\"alignnone wp-image-18045 size-full\" src=\"https:\/\/www.apiagentura.gov.cz\/wp-content\/uploads\/2019\/08\/vysokorychlostni-internet-768.png\" alt=\"\" width=\"768\" height=\"768\" srcset=\"https:\/\/apiagentura.gov.cz\/wp-content\/uploads\/2019\/08\/vysokorychlostni-internet-768.png 768w, https:\/\/apiagentura.gov.cz\/wp-content\/uploads\/2019\/08\/vysokorychlostni-internet-768-150x150.png 150w, https:\/\/apiagentura.gov.cz\/wp-content\/uploads\/2019\/08\/vysokorychlostni-internet-768-300x300.png 300w\" sizes=\"auto, (max-width: 768px) 100vw, 768px\" \/><\/td>\n<\/tr>\n<tr>\n<td style=\"width: 540.28px;\"><strong>Jak\u00e9 v\u00fddaje je mo\u017en\u00e9 podpo\u0159it\u00a0(zp\u016fsobil\u00e9 v\u00fddaje):<\/strong><\/p>\n<ul>\n<li>investi\u010dn\u00ed n\u00e1klady na vybudov\u00e1n\u00ed pasivn\u00ed s\u00ed\u0165ov\u00e9 infrastruktury\u00a0vysokorychlostn\u00edho p\u0159ipojen\u00ed k internetu<\/li>\n<li>investi\u010dn\u00ed n\u00e1klady na\u00a0aktivn\u00ed prvky, integrovan\u00e9 do s\u00edt\u011b vysokorychlostn\u00edho p\u0159ipojen\u00ed k internetu<\/li>\n<li>po\u0159\u00edzen\u00ed fyzick\u00e9 a s\u00ed\u0165ov\u00e9 infrastruktury formou koup\u011b<\/li>\n<li>investi\u010dn\u00ed n\u00e1klady na stavebn\u00ed a in\u017een\u00fdrsk\u00e9 pr\u00e1ce souvisej\u00edc\u00ed s v\u00fdstavbou s\u00ed\u0165ov\u00e9 infrastruktury vysokorychlostn\u00edho p\u0159ipojen\u00ed k internetu, nebo modernizac\u00ed st\u00e1vaj\u00edc\u00ed \u0161irokop\u00e1smov\u00e9 infrastruktury do stavu vysokorychlostn\u00ed infrastruktury p\u0159\u00edstupov\u00fdch s\u00edt\u00ed nov\u00e9 generace (\u201es\u00edt\u011b NGA\u201c)<\/li>\n<\/ul>\n<\/td>\n<td style=\"width: 204.46px;\" rowspan=\"2\"><strong>Specifika a omezen\u00ed:<\/strong><\/p>\n<ul>\n<li>projekt mus\u00ed b\u00fdt realizov\u00e1n na \u00fazem\u00ed \u010cR mimo NUTS II Praha<\/li>\n<li>projekt mus\u00ed sm\u011b\u0159ovat pr\u00e1v\u011b do jedn\u00e9 z interven\u010dn\u00edch oblast\u00ed, dle specifick\u00e9 p\u0159\u00edlohy \u010d. 6 t\u00e9to V\u00fdzvy<\/li>\n<li>projekt mus\u00ed b\u00fdt v souladu s c\u00edli a zam\u011b\u0159en\u00edm v\u00fdzvy, kter\u00e9 jsou prezentov\u00e1ny v kap. 2 a 3. Technick\u00e9 parametry a provoz infrastruktury mus\u00ed b\u00fdt v souladu s Technicko-provozn\u00edmi aspekty s\u00edt\u00ed NGA z\u0159izovan\u00e9 s ve\u0159ejn\u00fdch zdroj\u016f (Specifick\u00e1 P\u0159\u00edloha 4)<\/li>\n<li>projekt m\u016f\u017ee \u010derpat podporu pouze na realizaci s\u00edt\u011b v \u201eb\u00edl\u00fdch\u201c adresn\u00edch m\u00edstech obytn\u00fdch budov, tedy v adresn\u00edch m\u00edstech, ve kter\u00fdch neexistuje mo\u017enost vysokorychlostn\u00edho p\u0159ipojen\u00ed na s\u00ed\u0165ovou infrastrukturu (NGA s\u00ed\u0165) umo\u017e\u0148uj\u00edc\u00ed slu\u017ebu vysokorychlostn\u00edho p\u0159ipojen\u00ed k internetu alespo\u0148 o b\u011b\u017en\u011b dostupn\u00e9 rychlosti 30 Mbit\/s a kde je nepravd\u011bpodobn\u00e9, \u017ee tato infrastruktura bude do t\u0159\u00ed let vybudov\u00e1na za komer\u010dn\u00edch podm\u00ednek<\/li>\n<li>projekt mus\u00ed obsahovat popis z\u00e1kladn\u00edch podm\u00ednek velkoobchodn\u00edho p\u0159\u00edstupu k dotovan\u00e9 infrastruktu\u0159e s t\u00edm, \u017ee \u017eadatel mus\u00ed akceptovat pravidla z\u00e1kladn\u00edch podm\u00ednek velkoobchodn\u00edho p\u0159\u00edstupu doporu\u010den\u00fdch \u010cT\u00da a to po dobu alespo\u0148 sedmi let. Velkoobchodn\u00ed nab\u00eddka pro dal\u0161\u00ed oper\u00e1tory a dal\u0161\u00ed souvisej\u00edc\u00ed ekonomick\u00e9 aspekty infrastruktury mus\u00ed b\u00fdt v souladu s Ekonomicko-investi\u010dn\u00edmi aspekty s\u00edt\u00ed NGA z\u0159izovan\u00e9 s ve\u0159ejn\u00fdch zdroj\u016f (Specifick\u00e1 P\u0159\u00edloha 4 + odkaz na velkoobchodn\u00ed nab\u00eddku).<\/li>\n<\/ul>\n<\/td>\n<\/tr>\n<tr>\n<td style=\"width: 1086.54px;\" colspan=\"2\"><img loading=\"lazy\" decoding=\"async\" class=\"alignnone wp-image-16646 size-full\" src=\"https:\/\/www.apiagentura.gov.cz\/wp-content\/uploads\/2019\/06\/vi-1072x500-1.jpg\" alt=\"\" width=\"1072\" height=\"500\" srcset=\"https:\/\/apiagentura.gov.cz\/wp-content\/uploads\/2019\/06\/vi-1072x500-1.jpg 1072w, https:\/\/apiagentura.gov.cz\/wp-content\/uploads\/2019\/06\/vi-1072x500-1-300x140.jpg 300w, https:\/\/apiagentura.gov.cz\/wp-content\/uploads\/2019\/06\/vi-1072x500-1-768x358.jpg 768w, https:\/\/apiagentura.gov.cz\/wp-content\/uploads\/2019\/06\/vi-1072x500-1-1024x478.jpg 1024w\" sizes=\"auto, (max-width: 1072px) 100vw, 1072px\" \/><\/td>\n<\/tr>\n<\/tbody>\n<\/table>\n<p>&nbsp;<\/p>","protected":false},"excerpt":{"rendered":"<p>C\u00edlem programu je roz\u0161\u00ed\u0159en\u00ed modern\u00ed infrastruktury umo\u017e\u0148uj\u00edc\u00ed v souladu s podm\u00ednkami N\u00e1rodn\u00edho pl\u00e1nu rozvoje s\u00edt\u00ed nov\u00e9 generace spolehliv\u011b poskytovat vysokorychlostn\u00ed slu\u017eby elektronick\u00fdch komunikac\u00ed.<\/p>\n","protected":false},"author":1,"featured_media":0,"parent":148,"menu_order":0,"comment_status":"closed","ping_status":"closed","template":"","meta":{"inline_featured_image":false,"footnotes":""},"class_list":["post-14307","page","type-page","status-publish","hentry"],"publishpress_future_action":{"enabled":false,"date":"2026-05-09 11:57:15","action":"change-status","newStatus":"draft","terms":[],"taxonomy":"","extraData":[]},"publishpress_future_workflow_manual_trigger":{"enabledWorkflows":[]},"_links":{"self":[{"href":"https:\/\/apiagentura.gov.cz\/cs\/wp-json\/wp\/v2\/pages\/14307","targetHints":{"allow":["GET"]}}],"collection":[{"href":"https:\/\/apiagentura.gov.cz\/cs\/wp-json\/wp\/v2\/pages"}],"about":[{"href":"https:\/\/apiagentura.gov.cz\/cs\/wp-json\/wp\/v2\/types\/page"}],"author":[{"embeddable":true,"href":"https:\/\/apiagentura.gov.cz\/cs\/wp-json\/wp\/v2\/users\/1"}],"replies":[{"embeddable":true,"href":"https:\/\/apiagentura.gov.cz\/cs\/wp-json\/wp\/v2\/comments?post=14307"}],"version-history":[{"count":0,"href":"https:\/\/apiagentura.gov.cz\/cs\/wp-json\/wp\/v2\/pages\/14307\/revisions"}],"up":[{"embeddable":true,"href":"https:\/\/apiagentura.gov.cz\/cs\/wp-json\/wp\/v2\/pages\/148"}],"wp:attachment":[{"href":"https:\/\/apiagentura.gov.cz\/cs\/wp-json\/wp\/v2\/media?parent=14307"}],"curies":[{"name":"wp","href":"https:\/\/api.w.org\/{rel}","templated":true}]}}