{"id":14596,"date":"2019-03-28T15:46:19","date_gmt":"2019-03-28T14:46:19","guid":{"rendered":"https:\/\/www.apiagentura.gov.cz\/?page_id=14596"},"modified":"2023-02-03T16:48:14","modified_gmt":"2023-02-03T15:48:14","slug":"sluzby-infrastruktury-vyzva-vi","status":"publish","type":"page","link":"https:\/\/apiagentura.gov.cz\/cs\/programy-podpory\/sluzby-infrastruktury\/sluzby-infrastruktury-vyzva-vi\/","title":{"rendered":"Slu\u017eby infrastruktury &#8211; V\u00fdzva VI"},"content":{"rendered":"<p><strong>Upozorn\u011bn\u00ed pro \u017eadatele a p\u0159\u00edjemce:<\/strong><\/p>\n<p><strong>30. 1. 2023:<\/strong> Ministerstvo pr\u016fmyslu a obchodu dne 30. 1. 2023 uve\u0159ejnilo Metodick\u00fd pokyn \u010d. 39, kter\u00fdm se upravuje postup nav\u00fd\u0161en\u00ed poskytnut\u00e9 dotace v p\u0159\u00edpad\u011b nav\u00fd\u0161en\u00ed cen stavebn\u00edch prac\u00ed jako zp\u016fsobil\u00e9ho v\u00fddaje projektu u programu podpory Slu\u017eby infrastruktury. K tomuto kroku ministerstvo p\u0159istoupilo z d\u016fvodu v\u00fdrazn\u00e9ho r\u016fstu inflace, zejm\u00e9na zv\u00fd\u0161en\u00ed cen stavebn\u00edch materi\u00e1l\u016f a cen energi\u00ed s c\u00edlem umo\u017enit \u00fasp\u011b\u0161n\u00e9 dokon\u010den\u00ed investi\u010dn\u011b n\u00e1ro\u010dn\u00fdch projekt\u016f na podporu rozvoje region\u00e1ln\u00ed v\u00fdzkumn\u00e9 a inova\u010dn\u00ed infrastruktury.<\/p>\n<table class=\"call-detail\">\n<tbody>\n<tr>\n<td style=\"width: 533.02px;\" rowspan=\"2\"><strong>Kolik lze z\u00edskat na jeden projekt\u00a0(forma a v\u00fd\u0161e podpory):<\/strong><\/p>\n<p>Dotace na projekt je poskytov\u00e1na:<\/p>\n<p>V\u00a0p\u0159\u00edpad\u011b aktivity a):<\/p>\n<ul>\n<li>minim\u00e1ln\u011b ve v\u00fd\u0161i 1 mil. K\u010d a\u00a0maxim\u00e1ln\u011b do v\u00fd\u0161e 15 mil. K\u010d\u00a0na projekt p\u0159\u00edjemce<\/li>\n<li>minim\u00e1ln\u011b ve v\u00fd\u0161i 50\u00a0tis. K\u010d a\u00a0maxim\u00e1ln\u011b do v\u00fd\u0161e 250 tis. K\u010d\u00a0na slu\u017eby pro kone\u010dn\u00e9ho p\u0159\u00edjemce \u2013 konkr\u00e9tn\u00edho MSP<\/li>\n<\/ul>\n<p>V\u00a0p\u0159\u00edpad\u011b aktivit b), c), d):<\/p>\n<ul>\n<li>1 \u2013 30 mil. K\u010d v p\u0159\u00edpad\u011b projekt\u016f neobsahuj\u00edc\u00edch stavebn\u00ed pr\u00e1ce<\/li>\n<li>5 \u2013 100 mil. K\u010d v p\u0159\u00edpad\u011b projekt\u016f obsahuj\u00edc\u00edch stavebn\u00ed pr\u00e1ce<\/li>\n<\/ul>\n<p>M\u00edra podpory:<\/p>\n<p>V\u00a0p\u0159\u00edpad\u011b aktivity a):<\/p>\n<ul>\n<li>75 % z\u00a0prok\u00e1zan\u00fdch zp\u016fsobil\u00fdch v\u00fddaj\u016f v\u00a0p\u0159\u00edpad\u011b kone\u010dn\u00fdch p\u0159\u00edjemc\u016f (MSP) \u2013 u\u017eivatel\u016f poradensk\u00fdch slu\u017eeb<\/li>\n<li>100 % z\u00a0prok\u00e1zan\u00fdch zp\u016fsobil\u00fdch v\u00fddaj\u016f v\u00a0p\u0159\u00edpad\u011b p\u0159\u00edjemc\u016f, kte\u0159\u00ed jsou zprost\u0159edkovatelem podpory dle R\u00e1mce.<\/li>\n<\/ul>\n<p>V\u00a0p\u0159\u00edpad\u011b aktivit b), c), d):<\/p>\n<ul>\n<li>50 % z prok\u00e1zan\u00fdch zp\u016fsobil\u00fdch v\u00fddaj\u016f<\/li>\n<li>75 % z prok\u00e1zan\u00fdch zp\u016fsobil\u00fdch v\u00fddaj\u016f dle R\u00e1mce mimo re\u017eim ve\u0159ejn\u00e9 podpory pro p\u0159\u00edjemce, kte\u0159\u00ed spl\u0148uj\u00ed podm\u00ednky bod\u016f 19 a 20 Sd\u011blen\u00ed Komise \u2013 R\u00e1mec pro st\u00e1tn\u00ed podporu v\u00fdzkumu, v\u00fdvoje a inovac\u00ed (2014\/C 198\/01).<\/li>\n<\/ul>\n<p><strong>FAQ:<\/strong><\/p>\n<ul>\n<li>\u010dasto kladen\u00e9 dotazy k programu Slu\u017eby infrastruktury k dispozici <a href=\"https:\/\/www.apiagentura.gov.cz\/cs\/radce\/faq\/faq-program-sluzby-infrastruktury\/\">ZDE<\/a>.<\/li>\n<\/ul>\n<\/td>\n<td style=\"width: 532.98px;\"><strong>Specifika a omezen\u00ed:<\/strong><\/p>\n<ul>\n<li>projekt mus\u00ed b\u00fdt realizov\u00e1n na \u00fazem\u00ed \u010cR mimo NUTS 2 Praha<\/li>\n<li>ka\u017ed\u00fd \u017eadatel\/p\u0159\u00edjemce o podporu (1 I\u010c) je v t\u00e9to v\u00fdzv\u011b v r\u00e1mci podporovan\u00e9 aktivity A opr\u00e1vn\u011bn p\u0159edlo\u017eit maxim\u00e1ln\u011b jeden projekt (tzn. jednu aktivn\u00ed \u017e\u00e1dost o podporu, ve kter\u00fdch vystupuje\u00a0jako \u017eadatel\/p\u0159\u00edjemce)<\/li>\n<li>ka\u017ed\u00fd \u017eadatel\/p\u0159\u00edjemce (1 I\u010c) je v t\u00e9to V\u00fdzv\u011b v r\u00e1mci podporovan\u00fdch aktivit B, C a D opr\u00e1vn\u011bn p\u0159edlo\u017eit maxim\u00e1ln\u011b dva projekty (tzn. dv\u011b aktivn\u00ed \u017e\u00e1dosti o podporu, ve kter\u00fdch vystupuje jako p\u0159\u00edjemce)<\/li>\n<\/ul>\n<\/td>\n<td style=\"width: 88px;\"><img loading=\"lazy\" decoding=\"async\" class=\"alignnone wp-image-18034 size-full\" src=\"https:\/\/www.apiagentura.gov.cz\/wp-content\/uploads\/2019\/08\/sluzby-infrastruktury-768.png\" alt=\"\" width=\"768\" height=\"768\" srcset=\"https:\/\/apiagentura.gov.cz\/wp-content\/uploads\/2019\/08\/sluzby-infrastruktury-768.png 768w, https:\/\/apiagentura.gov.cz\/wp-content\/uploads\/2019\/08\/sluzby-infrastruktury-768-150x150.png 150w, https:\/\/apiagentura.gov.cz\/wp-content\/uploads\/2019\/08\/sluzby-infrastruktury-768-300x300.png 300w\" sizes=\"auto, (max-width: 768px) 100vw, 768px\" \/><\/td>\n<\/tr>\n<tr>\n<td style=\"width: 532.98px;\"><strong>Na co lze z\u00edskat podporu (podporovan\u00e9 aktivity):<\/strong><\/p>\n<ul>\n<li>poskytov\u00e1n\u00ed slu\u017eeb inova\u010dn\u00edm podnik\u016fm \u2013 MSP,<\/li>\n<li>provozov\u00e1n\u00ed inova\u010dn\u00ed infrastruktury \u2013 pouze v re\u017eimu de minimis,<\/li>\n<li>roz\u0161\u00ed\u0159en\u00ed prostor inova\u010dn\u00ed infrastruktury, po\u0159\u00edzen\u00ed nov\u00e9ho vybaven\u00ed a zlep\u0161en\u00ed kapacit pro spole\u010dn\u00e9 vyu\u017e\u00edv\u00e1n\u00ed technologi\u00ed,<\/li>\n<li>v\u00fdstavba nov\u00e9 sd\u00edlen\u00e9 inova\u010dn\u00ed infrastruktury v regionu, kde bude prok\u00e1z\u00e1n nedostatek vhodn\u00e9 v\u00fdzkumn\u00e9 nebo inova\u010dn\u00ed infrastruktury pro podnikatelsk\u00e9 subjekty.<\/li>\n<\/ul>\n<p><strong>Syst\u00e9m hodnocen\u00ed \u017e\u00e1dost\u00ed:<\/strong><\/p>\n<ul>\n<li>kolov\u00fd<\/li>\n<\/ul>\n<p><strong>Kdo m\u016f\u017ee \u017e\u00e1dat\u00a0(p\u0159\u00edjemci podpory):<\/strong><\/p>\n<ul>\n<li>mal\u00e9, st\u0159edn\u00ed podniky i velk\u00e9 podniky. \u017dadatelem mohou b\u00fdt i\u00a0podniky vlastn\u011bn\u00e9 a\u017e z\u00a0100 % ve\u0159ejn\u00fdm sektorem.<\/li>\n<\/ul>\n<\/td>\n<td style=\"width: 88px;\" rowspan=\"2\"><strong>Jak\u00e9 v\u00fddaje je mo\u017en\u00e9 podpo\u0159it (zp\u016fsobil\u00e9 v\u00fddaje):<\/strong><\/p>\n<p>V\u00a0p\u0159\u00edpad\u011b aktivity a):<\/p>\n<ul>\n<li>osobn\u00ed n\u00e1klady spojen\u00e9 s\u00a0poskytov\u00e1n\u00edm poradensk\u00fdch slu\u017eeb kone\u010dn\u00fdm p\u0159\u00edjemc\u016fm \u2013 inovativn\u00edm MSP (poradc\u016f a\u00a0expert\u016f),<\/li>\n<li>n\u00e1kup extern\u00edch poradensk\u00fdch slu\u017eeb,<\/li>\n<li>marketing a\u00a0propagace (maxim\u00e1ln\u011b 400 tis. K\u010d na projekt),<\/li>\n<li>re\u017eijn\u00ed n\u00e1klady (15 % z\u00a0osobn\u00edch n\u00e1klad\u016f dle bodu 5.2a).<\/li>\n<\/ul>\n<p>V\u00a0p\u0159\u00edpad\u011b aktivit b), c), d):<\/p>\n<ul>\n<li>v\u00fddaje na po\u0159\u00edzen\u00ed dlouhodob\u00e9ho hmotn\u00e9ho majetku nap\u0159. n\u00e1kup pozemk\u016f, budov, stroj\u016f a jin\u00e9ho za\u0159\u00edzen\u00ed nezbytn\u00e9ho pro vybaven\u00ed inova\u010dn\u00ed infrastruktury za podm\u00ednky, \u017ee se jedn\u00e1 o odepisovateln\u00e1 aktiva (mimo pozemek),<\/li>\n<li>v\u00fddaje na po\u0159\u00edzen\u00ed dlouhodob\u00e9ho nehmotn\u00e9ho majetku (po\u0159\u00edzen\u00ed patent\u016f, licenc\u00ed a know-how nep\u0159esahuj\u00edc\u00ed cenu obvyklou, p\u0159i\u010dem\u017e posudek nesm\u00ed b\u00fdt ke dni po\u0159\u00edzen\u00ed majetku star\u0161\u00ed ne\u017e 3 m\u011bs\u00edce; software apod.),<\/li>\n<li>n\u00e1klady na po\u0159\u00edzen\u00ed dlouhodob\u00e9ho nehmotn\u00e9ho majetku do v\u00fd\u0161e 50 % celkov\u00fdch zp\u016fsobil\u00fdch v\u00fddaj\u016f na projekt,<\/li>\n<li>provozn\u00ed n\u00e1klady, zejm\u00e9na slu\u017eby poradc\u016f, expert\u016f, studie, \u0161kolen\u00ed, semin\u00e1\u0159e, workshopy, propagace, s\u00ed\u0165ov\u00e9 neskladovateln\u00e9 dod\u00e1vky apod.,<\/li>\n<li>n\u00e1klady na povinnou publicitu projektu jsou zp\u016fsobil\u00e9 pouze tehdy, pokud napl\u0148uj\u00ed znaky povinn\u00e9 publicity uveden\u00e9 v pravidlech ur\u010den\u00fdch poskytovatelem podpory.<\/li>\n<\/ul>\n<\/td>\n<\/tr>\n<tr>\n<td style=\"width: 1072px;\" colspan=\"2\"><img loading=\"lazy\" decoding=\"async\" class=\"alignnone wp-image-16641 size-full\" src=\"https:\/\/www.apiagentura.gov.cz\/wp-content\/uploads\/2019\/06\/si-1072x500.jpg\" alt=\"\" width=\"1072\" height=\"500\" srcset=\"https:\/\/apiagentura.gov.cz\/wp-content\/uploads\/2019\/06\/si-1072x500.jpg 1072w, https:\/\/apiagentura.gov.cz\/wp-content\/uploads\/2019\/06\/si-1072x500-300x140.jpg 300w, https:\/\/apiagentura.gov.cz\/wp-content\/uploads\/2019\/06\/si-1072x500-768x358.jpg 768w, https:\/\/apiagentura.gov.cz\/wp-content\/uploads\/2019\/06\/si-1072x500-1024x478.jpg 1024w\" sizes=\"auto, (max-width: 1072px) 100vw, 1072px\" \/><\/td>\n<\/tr>\n<\/tbody>\n<\/table>\n<p><\/p>","protected":false},"excerpt":{"rendered":"<p>Hlavn\u00edm c\u00edlem programu a V\u00fdzvy VI je zkvalit\u0148ovat slu\u017eby podp\u016frn\u00e9 inova\u010dn\u00ed infrastruktury, kter\u00e1 povede ke zv\u00fd\u0161en\u00ed intenzity spole\u010dn\u00fdch v\u00fdzkumn\u00fdch, v\u00fdvojov\u00fdch a inova\u010dn\u00edch aktivit mezi podnikatelsk\u00fdmi subjekty a mezi ve\u0159ejn\u00fdm a podnikov\u00fdm sektorem se zam\u011b\u0159en\u00edm zejm\u00e9na na realizaci nov\u00fdch technologi\u00ed a konkurenceschopn\u00fdch v\u00fdrobk\u016f a slu\u017eeb.<\/p>\n","protected":false},"author":1,"featured_media":0,"parent":120,"menu_order":0,"comment_status":"closed","ping_status":"closed","template":"","meta":{"inline_featured_image":false,"footnotes":""},"class_list":["post-14596","page","type-page","status-publish","hentry"],"publishpress_future_action":{"enabled":false,"date":"2026-05-09 13:34:16","action":"change-status","newStatus":"draft","terms":[],"taxonomy":"","extraData":[]},"publishpress_future_workflow_manual_trigger":{"enabledWorkflows":[]},"_links":{"self":[{"href":"https:\/\/apiagentura.gov.cz\/cs\/wp-json\/wp\/v2\/pages\/14596","targetHints":{"allow":["GET"]}}],"collection":[{"href":"https:\/\/apiagentura.gov.cz\/cs\/wp-json\/wp\/v2\/pages"}],"about":[{"href":"https:\/\/apiagentura.gov.cz\/cs\/wp-json\/wp\/v2\/types\/page"}],"author":[{"embeddable":true,"href":"https:\/\/apiagentura.gov.cz\/cs\/wp-json\/wp\/v2\/users\/1"}],"replies":[{"embeddable":true,"href":"https:\/\/apiagentura.gov.cz\/cs\/wp-json\/wp\/v2\/comments?post=14596"}],"version-history":[{"count":0,"href":"https:\/\/apiagentura.gov.cz\/cs\/wp-json\/wp\/v2\/pages\/14596\/revisions"}],"up":[{"embeddable":true,"href":"https:\/\/apiagentura.gov.cz\/cs\/wp-json\/wp\/v2\/pages\/120"}],"wp:attachment":[{"href":"https:\/\/apiagentura.gov.cz\/cs\/wp-json\/wp\/v2\/media?parent=14596"}],"curies":[{"name":"wp","href":"https:\/\/api.w.org\/{rel}","templated":true}]}}