{"id":148,"date":"2016-06-27T13:32:53","date_gmt":"2016-06-27T12:32:53","guid":{"rendered":"http:\/\/www.ci-api.dev\/?page_id=148"},"modified":"2021-09-07T08:01:41","modified_gmt":"2021-09-07T06:01:41","slug":"vysokorychlostni-internet","status":"publish","type":"page","link":"https:\/\/apiagentura.gov.cz\/cs\/programy-podpory\/vysokorychlostni-internet\/","title":{"rendered":"Vysokorychlostn\u00ed internet"},"content":{"rendered":"<p><\/p>\n<p style=\"text-align: left;\"><strong>C\u00edlem programu je roz\u0161\u00ed\u0159en\u00ed modern\u00ed, kvalitn\u00ed a bezpe\u010dn\u00e9 infrastruktury umo\u017e\u0148uj\u00edc\u00ed vysokorychlostn\u00ed p\u0159\u00edstup k internetu (p\u0159\u00edstupov\u00e9 s\u00edt\u011b nov\u00e9 generace) do lokalit, ve kter\u00fdch nen\u00ed tento p\u0159\u00edstup zaji\u0161t\u011bn a nen\u00ed pravd\u011bpodobn\u00e9, \u017ee bude zaji\u0161t\u011bn tr\u017en\u00edmi mechanizmy na komer\u010dn\u00ed b\u00e1zi.<\/strong><\/p>\n<p style=\"text-align: left;\">Bli\u017e\u0161\u00ed informace o programu naleznete v\u00a0dokumentu <a href=\"https:\/\/www.apiagentura.gov.cz\/wp-content\/uploads\/2021\/09\/sc4.1.-vysokorychlostni-internet-verze-7.pdf\" target=\"_blank\" rel=\"noopener\">Text programu Vysokorychlostn\u00ed internet<\/a>. Specifick\u00e9 podm\u00ednky budou stanoveny jednotliv\u00fdmi V\u00fdzvami.<\/p>\n<p><\/p>","protected":false},"excerpt":{"rendered":"<p>roz\u0161\u00ed\u0159en\u00ed infrastruktury umo\u017e\u0148uj\u00edc\u00ed vysokorychlostn\u00ed p\u0159\u00edstup k internetu (p\u0159\u00edstupov\u00e9 s\u00edt\u011b nov\u00e9 generace)<\/p>\n","protected":false},"author":35,"featured_media":18045,"parent":102,"menu_order":20,"comment_status":"closed","ping_status":"closed","template":"","meta":{"inline_featured_image":false,"footnotes":""},"class_list":["post-148","page","type-page","status-publish","has-post-thumbnail","hentry"],"publishpress_future_action":{"enabled":false,"date":"2026-05-02 06:18:32","action":"change-status","newStatus":"draft","terms":[],"taxonomy":"","extraData":[]},"publishpress_future_workflow_manual_trigger":{"enabledWorkflows":[]},"_links":{"self":[{"href":"https:\/\/apiagentura.gov.cz\/cs\/wp-json\/wp\/v2\/pages\/148","targetHints":{"allow":["GET"]}}],"collection":[{"href":"https:\/\/apiagentura.gov.cz\/cs\/wp-json\/wp\/v2\/pages"}],"about":[{"href":"https:\/\/apiagentura.gov.cz\/cs\/wp-json\/wp\/v2\/types\/page"}],"author":[{"embeddable":true,"href":"https:\/\/apiagentura.gov.cz\/cs\/wp-json\/wp\/v2\/users\/35"}],"replies":[{"embeddable":true,"href":"https:\/\/apiagentura.gov.cz\/cs\/wp-json\/wp\/v2\/comments?post=148"}],"version-history":[{"count":0,"href":"https:\/\/apiagentura.gov.cz\/cs\/wp-json\/wp\/v2\/pages\/148\/revisions"}],"up":[{"embeddable":true,"href":"https:\/\/apiagentura.gov.cz\/cs\/wp-json\/wp\/v2\/pages\/102"}],"wp:featuredmedia":[{"embeddable":true,"href":"https:\/\/apiagentura.gov.cz\/cs\/wp-json\/wp\/v2\/media\/18045"}],"wp:attachment":[{"href":"https:\/\/apiagentura.gov.cz\/cs\/wp-json\/wp\/v2\/media?parent=148"}],"curies":[{"name":"wp","href":"https:\/\/api.w.org\/{rel}","templated":true}]}}