{"id":150,"date":"2016-06-27T13:33:10","date_gmt":"2016-06-27T12:33:10","guid":{"rendered":"http:\/\/www.ci-api.dev\/?page_id=150"},"modified":"2021-09-07T08:10:15","modified_gmt":"2021-09-07T06:10:15","slug":"ict-a-sdilene-sluzby","status":"publish","type":"page","link":"https:\/\/apiagentura.gov.cz\/cs\/programy-podpory\/ict-a-sdilene-sluzby\/","title":{"rendered":"ICT a sd\u00edlen\u00e9 slu\u017eby"},"content":{"rendered":"<p><\/p>\n<p style=\"text-align: left;\"><strong>M\u00e1te v pl\u00e1nu vytvo\u0159it nov\u00e9 softwarov\u00e9 \u0159e\u0161en\u00ed, z\u0159\u00eddit centrum sd\u00edlen\u00fdch slu\u017eeb nebo vybudovat datov\u00e9 centrum? Potom je pro V\u00e1s ur\u010den program ICT a sd\u00edlen\u00e9 slu\u017eby.<\/strong><\/p>\n<p style=\"text-align: left;\">Tento program je zam\u011b\u0159en na rozvoj informa\u010dn\u00ed a znalostn\u00ed spole\u010dnosti a je ur\u010den v\u0161em podnik\u016fm, kte\u0159\u00ed cht\u011bj\u00ed vyv\u00edjet vlastn\u00ed softwarov\u00e1 \u0159e\u0161en\u00ed nebo vytv\u00e1\u0159et tzv. centra strategick\u00fdch slu\u017eeb, a t\u00edm urychlit rozvoj tohoto progresivn\u00edho odv\u011btv\u00ed v \u010cesk\u00e9 republice.<\/p>\n<p style=\"text-align: left;\">Informace o programu naleznete v\u00a0dokumentu <a href=\"https:\/\/www.apiagentura.gov.cz\/wp-content\/uploads\/2021\/09\/sc4.2-ict-a-sdilene-sluzby-verze-5.pdf\" target=\"_blank\" rel=\"noopener\">Text programu ICT a sd\u00edlen\u00e9 slu\u017eby<\/a>. Bli\u017e\u0161\u00ed specifick\u00e9 podm\u00ednky naleznete v jednotliv\u00fdch v\u00fdzv\u00e1ch.<\/p>\n<p><\/p>","protected":false},"excerpt":{"rendered":"<p>tvorba nov\u00fdch IS\/ICT \u0159e\u0161en\u00ed, z\u0159izov\u00e1n\u00ed a provoz center sd\u00edlen\u00fdch slu\u017eeb, budov\u00e1n\u00ed a modernizace datov\u00fdch center<\/p>\n","protected":false},"author":35,"featured_media":18048,"parent":102,"menu_order":21,"comment_status":"closed","ping_status":"closed","template":"","meta":{"inline_featured_image":false,"footnotes":""},"class_list":["post-150","page","type-page","status-publish","has-post-thumbnail","hentry"],"publishpress_future_action":{"enabled":false,"date":"2026-05-02 04:58:49","action":"change-status","newStatus":"draft","terms":[],"taxonomy":"","extraData":[]},"publishpress_future_workflow_manual_trigger":{"enabledWorkflows":[]},"_links":{"self":[{"href":"https:\/\/apiagentura.gov.cz\/cs\/wp-json\/wp\/v2\/pages\/150","targetHints":{"allow":["GET"]}}],"collection":[{"href":"https:\/\/apiagentura.gov.cz\/cs\/wp-json\/wp\/v2\/pages"}],"about":[{"href":"https:\/\/apiagentura.gov.cz\/cs\/wp-json\/wp\/v2\/types\/page"}],"author":[{"embeddable":true,"href":"https:\/\/apiagentura.gov.cz\/cs\/wp-json\/wp\/v2\/users\/35"}],"replies":[{"embeddable":true,"href":"https:\/\/apiagentura.gov.cz\/cs\/wp-json\/wp\/v2\/comments?post=150"}],"version-history":[{"count":0,"href":"https:\/\/apiagentura.gov.cz\/cs\/wp-json\/wp\/v2\/pages\/150\/revisions"}],"up":[{"embeddable":true,"href":"https:\/\/apiagentura.gov.cz\/cs\/wp-json\/wp\/v2\/pages\/102"}],"wp:featuredmedia":[{"embeddable":true,"href":"https:\/\/apiagentura.gov.cz\/cs\/wp-json\/wp\/v2\/media\/18048"}],"wp:attachment":[{"href":"https:\/\/apiagentura.gov.cz\/cs\/wp-json\/wp\/v2\/media?parent=150"}],"curies":[{"name":"wp","href":"https:\/\/api.w.org\/{rel}","templated":true}]}}