{"id":16479,"date":"2019-06-06T10:32:41","date_gmt":"2019-06-06T08:32:41","guid":{"rendered":"https:\/\/www.apiagentura.gov.cz\/?page_id=16479"},"modified":"2020-10-08T15:59:46","modified_gmt":"2020-10-08T13:59:46","slug":"spoluprace-technologicke-platformy-vyzva-iii","status":"publish","type":"page","link":"https:\/\/apiagentura.gov.cz\/cs\/programy-podpory\/spoluprace\/spoluprace-technologicke-platformy-vyzva-iii\/","title":{"rendered":"Spolupr\u00e1ce &#8211; Technologick\u00e9 platformy &#8211; V\u00fdzva III"},"content":{"rendered":"<p><\/p>\n<h3>Ozn\u00e1men\u00ed pro \u017eadatele<\/h3>\n<p style=\"text-align: justify;\">Pokud jsou v\u00a0r\u00e1mci \u017d\u00e1dosti o platbu n\u00e1rokov\u00e1ny osobn\u00ed n\u00e1klady zam\u011bstnanc\u016f ve zp\u016fsobil\u00fdch v\u00fddaj\u00edch projektu, <strong>jsou \u017eadatel\u00e9 od <\/strong><strong>6.10.2020 povinni dolo\u017eit na z\u00e1klad\u011b v\u00fdzvy projektov\u00e9ho mana\u017eera vzorek mzdov\u00fdch list\u016f<\/strong> n\u00e1rokovan\u00fdch zam\u011bstnanc\u016f.\u00a0Jedn\u00e1 se o n\u00e1pravn\u00e9 opat\u0159en\u00ed pro sn\u00ed\u017een\u00ed chybovosti p\u0159i vypl\u0148ov\u00e1n\u00ed mzdov\u00e9 tabulky ze strany \u017eadatel\u016f.<\/p>\n<p>&nbsp;<\/p>\n<table class=\"call-detail\">\n<tbody>\n<tr>\n<td style=\"width: 151.34px;\" rowspan=\"2\"><strong>Na co lze z\u00edskat podporu<\/strong>\u00a0(podporovan\u00e9 aktivity):<\/p>\n<p>Projekt mus\u00ed obsahovat napl\u00e1novan\u00e9 aktivity a definovat jednotliv\u00e9 v\u00fdstupy v r\u00e1mci hlavn\u00edch podporovan\u00fdch aktivit dle bodu 3.1 V\u00fdzvy, tj. za aktivity A), B) i C), nelze realizovat nap\u0159. pouze jednu z aktivit.<\/p>\n<ul>\n<li>podpora rozvoje n\u00e1rodn\u00edch technologick\u00fdch platforem (TP) vedouc\u00ed k propojen\u00ed ve\u0159ejn\u00e9ho a soukrom\u00e9ho sektoru ve\u00a0 v\u00fdzkumu, v\u00fdvoji a inovac\u00edch v\u00a0technologick\u00fdch oblastech v\u00fdznamn\u00fdch pro podnikatelskou sf\u00e9ru. Podporov\u00e1ny jsou koordina\u010dn\u00ed \u010dinnosti technologick\u00e9 platformy, a to zejm\u00e9na:<\/li>\n<\/ul>\n<p>A) v oblasti \u0159e\u0161en\u00ed pr\u016fmyslov\u00fdch (a souvisej\u00edc\u00edch spole\u010densk\u00fdch) v\u00fdzev dan\u00e9ho odv\u011btv\u00ed a uplatn\u011bn\u00ed pokro\u010dil\u00fdch technologi\u00ed<\/p>\n<p>B) nav\u00e1z\u00e1n\u00ed hlub\u0161\u00ed spolupr\u00e1ce TP s evropsk\u00fdmi technologick\u00fdmi a inova\u010dn\u00edmi platformami (ETIP)\u00a0nebo obdobn\u00fdm strategick\u00fdm partnerem na evropsk\u00e9 \u00farovni<\/p>\n<p>C) koordinace \u010desk\u00fdch\u00a0\u010desk\u00fdch podnikatelsk\u00fdch subjekt\u016f a organizac\u00ed pro v\u00fdzkum a \u0161\u00ed\u0159en\u00ed znalost\u00ed v\u00a0p\u0159\u00edstupu do programu Horizont 2020 a dal\u0161\u00edch evropsk\u00fdch program\u016f<\/p>\n<ul>\n<li>podporov\u00e1ny jsou d\u00e1le aktivity sm\u011b\u0159uj\u00edc\u00ed k rozvoji oboru a TP, zlep\u0161en\u00ed inova\u010dn\u00edho prost\u0159ed\u00ed, odstra\u0148ov\u00e1n\u00ed identifikovan\u00fdch bari\u00e9r jeho rozvoje, sd\u00edlen\u00ed znalost\u00ed a informac\u00ed, technologick\u00fd foresight a iniciace v\u00fdzkumn\u00fdch a v\u00fdvojov\u00fdch projekt\u016f v oblastech definovan\u00fdch v SVA a IAP jako kl\u00ed\u010dov\u00fdch pro budouc\u00ed konkurenceschopnost a udr\u017eiteln\u00fd rozvoj; podporov\u00e1no je dal\u0161\u00ed rozpracov\u00e1n\u00ed\/aktualizace strategick\u00fdch dokument\u016f<\/li>\n<\/ul>\n<\/td>\n<td style=\"width: 151.33px;\"><strong>Kdo m\u016f\u017ee \u017e\u00e1dat<\/strong>\u00a0(p\u0159\u00edjemci podpory):<\/p>\n<ul>\n<li>\u00fa\u010delov\u011b z\u0159\u00edzen\u00e9 sdru\u017een\u00ed podnikatel\u016f spolu s organizacemi pro v\u00fdzkum a \u0161\u00ed\u0159en\u00ed znalost\u00ed \u010di jin\u00fdmi institucemi a organizacemi, pokud sm\u011b\u0159uje k napl\u0148ov\u00e1n\u00ed c\u00edl\u016f stanoven\u00fdch v \u010d\u00e1sti 2 a 12 V\u00fdzvy; demonstrativn\u00ed v\u00fd\u010det podporovan\u00fdch pr\u00e1vn\u00edch forem stanovuje text V\u00fdzvy<\/li>\n<\/ul>\n<p><strong>Kolik lze z\u00edskat na jeden projekt<\/strong>\u00a0(forma a v\u00fd\u0161e podpory):<\/p>\n<ul>\n<li>dotace je poskytov\u00e1na do maxim\u00e1ln\u00ed v\u00fd\u0161e 75 % zp\u016fsobil\u00fdch v\u00fddaj\u016f<\/li>\n<li>min. absolutn\u00ed dotace pro jeden projekt:\u00a0 500 000 K\u010d<\/li>\n<li>max. absolutn\u00ed dotace pro jeden projekt: 5\u00a0000\u00a0000 K\u010d<\/li>\n<\/ul>\n<\/td>\n<td style=\"width: 151.33px;\"><img loading=\"lazy\" decoding=\"async\" class=\"alignnone wp-image-18032 size-full\" src=\"https:\/\/www.apiagentura.gov.cz\/wp-content\/uploads\/2019\/08\/spoluprace-768.png\" alt=\"\" width=\"768\" height=\"768\" srcset=\"https:\/\/apiagentura.gov.cz\/wp-content\/uploads\/2019\/08\/spoluprace-768.png 768w, https:\/\/apiagentura.gov.cz\/wp-content\/uploads\/2019\/08\/spoluprace-768-150x150.png 150w, https:\/\/apiagentura.gov.cz\/wp-content\/uploads\/2019\/08\/spoluprace-768-300x300.png 300w\" sizes=\"auto, (max-width: 768px) 100vw, 768px\" \/><\/td>\n<\/tr>\n<tr>\n<td style=\"width: 151.33px;\"><strong>Jak\u00e9 v\u00fddaje je mo\u017en\u00e9 podpo\u0159it<\/strong>\u00a0(zp\u016fsobil\u00e9 v\u00fddaje):<\/p>\n<ul>\n<li>mzdy a pojistn\u00e9; hardware a software; slu\u017eby poradc\u016f, expert\u016f, studie; semin\u00e1\u0159e, konference; marketing a propagace; n\u00e1jem; dodate\u010dn\u00e9 re\u017eijn\u00ed n\u00e1klady<\/li>\n<\/ul>\n<p><strong>Syst\u00e9m sb\u011bru \u017e\u00e1dost\u00ed:<\/strong><\/p>\n<ul>\n<li>kolov\u00fd<\/li>\n<\/ul>\n<p><strong>FAQ:<\/strong><\/p>\n<ul>\n<li>\u010dasto kladen\u00e9 dotazy k programu Spolupr\u00e1ce \u2013 Technologick\u00e9 platformy k dispozici <a href=\"https:\/\/www.apiagentura.gov.cz\/cs\/radce\/faq\/faq-program-spoluprace-technologicke-platformy\/\">ZDE<\/a>.<\/li>\n<\/ul>\n<\/td>\n<td style=\"width: 151.33px;\" rowspan=\"2\"><strong>Specifika a omezen\u00ed:<\/strong><\/p>\n<ul>\n<li>projekt mus\u00ed b\u00fdt realizov\u00e1n na \u00fazem\u00ed \u010cR mimo NUTS 2 Praha a z\u00e1rove\u0148 v\u011bt\u0161ina \u010dlen\u016f technologick\u00e9 platformy mus\u00ed m\u00edt s\u00eddlo na \u00fazem\u00ed \u010cR mimo NUTS 2 Praha<\/li>\n<li>TP sdru\u017euje podnikatelsk\u00e9 subjekty, instituce terci\u00e1rn\u00edho vzd\u011bl\u00e1v\u00e1n\u00ed a organizace pro v\u00fdzkum a \u0161\u00ed\u0159en\u00ed znalost\u00ed, jejich\u017e aktivity \u00fazce souvisej\u00ed s p\u0159edm\u011btem \u0159e\u0161en\u00ed projektu a jejich\u017e po\u010det i slo\u017een\u00ed je v\u00fdznamn\u00e9 v\u016f\u010di oboru p\u016fsobnosti na n\u00e1rodn\u00ed \u00farovni<\/li>\n<li>ve smlouv\u011b o zalo\u017een\u00ed\/stanov\u00e1ch jsou definov\u00e1ny hlavn\u00ed a vedlej\u0161\u00ed c\u00edle TP, kter\u00e9 jsou v souladu s c\u00edli programu<\/li>\n<li>shoda projektu s\u00a0N\u00e1rodn\u00ed v\u00fdzkumnou a inova\u010dn\u00ed strategi\u00ed pro inteligentn\u00ed specializaci \u010cesk\u00e9 republiky (N\u00e1rodn\u00ed RIS3 strategie) bude ov\u011b\u0159ena v\u00a0r\u00e1mci hodnocen\u00ed projektu<\/li>\n<li>ka\u017ed\u00fd \u017eadatel (1 I\u010c) je v\u00a0t\u00e9to V\u00fdzv\u011b opr\u00e1vn\u011bn p\u0159edlo\u017eit maxim\u00e1ln\u011b 1 projekt (tzn.\u00a01\u00a0aktivn\u00ed \u017e\u00e1dost o podporu, ve kter\u00e9 vystupuje jako p\u0159\u00edjemce); projekty podpo\u0159en\u00e9 v p\u0159edchoz\u00edch v\u00fdzv\u00e1ch v r\u00e1mci programu Spolupr\u00e1ce \u2013 Technologick\u00e9 platformy se nesm\u00ed \u010dasov\u011b p\u0159ekr\u00fdvat s projekty p\u0159edlo\u017een\u00fdmi v\u00a0III. V\u00fdzv\u011b programu Spolupr\u00e1ce \u2013 Technologick\u00e9 platformy<\/li>\n<\/ul>\n<\/td>\n<\/tr>\n<tr>\n<td style=\"width: 151.34px;\" colspan=\"2\"><img loading=\"lazy\" decoding=\"async\" class=\"alignnone wp-image-16476 size-full\" src=\"https:\/\/www.apiagentura.gov.cz\/wp-content\/uploads\/2019\/06\/web-foto-crop-1.jpg\" alt=\"\" width=\"1072\" height=\"500\" srcset=\"https:\/\/apiagentura.gov.cz\/wp-content\/uploads\/2019\/06\/web-foto-crop-1.jpg 1072w, https:\/\/apiagentura.gov.cz\/wp-content\/uploads\/2019\/06\/web-foto-crop-1-300x140.jpg 300w, https:\/\/apiagentura.gov.cz\/wp-content\/uploads\/2019\/06\/web-foto-crop-1-768x358.jpg 768w, https:\/\/apiagentura.gov.cz\/wp-content\/uploads\/2019\/06\/web-foto-crop-1-1024x478.jpg 1024w\" sizes=\"auto, (max-width: 1072px) 100vw, 1072px\" \/><\/td>\n<\/tr>\n<\/tbody>\n<\/table>\n<p><\/p>","protected":false},"excerpt":{"rendered":"<p>V\u00fdzva napl\u0148uje c\u00edl programu podpo\u0159it rozvoj inova\u010dn\u00edch s\u00edt\u00ed \u2013 technologick\u00fdch platforem jako n\u00e1stroje pro zv\u00fd\u0161en\u00ed intenzity spole\u010dn\u00fdch v\u00fdzkumn\u00fdch, v\u00fdvojov\u00fdch a inova\u010dn\u00edch aktivit mezi podnikatelsk\u00fdmi subjekty a v\u00fdzkumnou sf\u00e9rou.<\/p>\n","protected":false},"author":1,"featured_media":0,"parent":118,"menu_order":0,"comment_status":"closed","ping_status":"closed","template":"","meta":{"inline_featured_image":false,"footnotes":""},"class_list":["post-16479","page","type-page","status-publish","hentry"],"publishpress_future_action":{"enabled":false,"date":"2026-05-06 17:00:53","action":"change-status","newStatus":"draft","terms":[],"taxonomy":"","extraData":[]},"publishpress_future_workflow_manual_trigger":{"enabledWorkflows":[]},"_links":{"self":[{"href":"https:\/\/apiagentura.gov.cz\/cs\/wp-json\/wp\/v2\/pages\/16479","targetHints":{"allow":["GET"]}}],"collection":[{"href":"https:\/\/apiagentura.gov.cz\/cs\/wp-json\/wp\/v2\/pages"}],"about":[{"href":"https:\/\/apiagentura.gov.cz\/cs\/wp-json\/wp\/v2\/types\/page"}],"author":[{"embeddable":true,"href":"https:\/\/apiagentura.gov.cz\/cs\/wp-json\/wp\/v2\/users\/1"}],"replies":[{"embeddable":true,"href":"https:\/\/apiagentura.gov.cz\/cs\/wp-json\/wp\/v2\/comments?post=16479"}],"version-history":[{"count":0,"href":"https:\/\/apiagentura.gov.cz\/cs\/wp-json\/wp\/v2\/pages\/16479\/revisions"}],"up":[{"embeddable":true,"href":"https:\/\/apiagentura.gov.cz\/cs\/wp-json\/wp\/v2\/pages\/118"}],"wp:attachment":[{"href":"https:\/\/apiagentura.gov.cz\/cs\/wp-json\/wp\/v2\/media?parent=16479"}],"curies":[{"name":"wp","href":"https:\/\/api.w.org\/{rel}","templated":true}]}}