{"id":17288,"date":"2019-07-03T09:07:50","date_gmt":"2019-07-03T07:07:50","guid":{"rendered":"https:\/\/www.apiagentura.gov.cz\/?page_id=17288"},"modified":"2020-05-20T11:37:30","modified_gmt":"2020-05-20T09:37:30","slug":"technologie-vyzva-x","status":"publish","type":"page","link":"https:\/\/apiagentura.gov.cz\/cs\/programy-podpory\/technologie\/technologie-vyzva-x\/","title":{"rendered":"Technologie &#8211; V\u00fdzva X"},"content":{"rendered":"<p><\/p>\n<h3><strong>Ozn\u00e1men\u00ed pro \u017eadatele<\/strong><\/h3>\n<p>Dne 6. 5. 2020 do\u0161lo rozhodnut\u00edm n\u00e1m\u011bstka ministra<strong> k nav\u00fd\u0161en\u00ed alokace v\u00fdzvy X. programu podpory Technologie z p\u016fvodn\u00ed 1\u00a0mld.\u00a0K\u010d na 1,5\u00a0mld.\u00a0K\u010d.<\/strong><\/p>\n<p>&nbsp;<\/p>\n<p>Ve V\u00fdzv\u011b X. byla 23.9.2019 provedena aktualizace bodu 9.3. Dokumenty k jednozna\u010dn\u00e9mu prok\u00e1z\u00e1n\u00ed nabyt\u00ed vlastnick\u00fdch nebo jin\u00fdch pr\u00e1v k\u00a0nemovitostem nebudou vy\u017eadov\u00e1ny v\u00a0okam\u017eiku pod\u00e1n\u00ed\u00a0\u017e\u00e1dosti o podporu, ale a\u017e v\u00a0okam\u017eiku podpisu Rozhodnut\u00ed o poskytnut\u00ed dotace.<\/p>\n<table class=\"call-detail\">\n<tbody>\n<tr style=\"height: 306px;\">\n<td style=\"width: 264.5px; height: 330px;\" rowspan=\"2\"><strong>Jak\u00e9 v\u00fddaje je mo\u017en\u00e9 podpo\u0159it\u00a0<\/strong>(zp\u016fsobil\u00e9 v\u00fddaje):<\/p>\n<ul>\n<li>dlouhodob\u00fd hmotn\u00fd majetek (hmotn\u00fd majetek u p\u0159\u00edjemc\u016f vedouc\u00edch da\u0148ovou evidenci) \u2013 v\u00fddaje na po\u0159\u00edzen\u00ed v\u00fdrobn\u00edch a nev\u00fdrobn\u00edch technologi\u00ed, za\u0159\u00edzen\u00ed a provozn\u00edch soubor\u016f;\u00a0v\u00fddaje na po\u0159\u00edzen\u00ed hardwarov\u00e9ho vybaven\u00ed a lok\u00e1ln\u00edch s\u00edt\u00ed v\u010detn\u011b souvisej\u00edc\u00edho software; do t\u00e9to rozpo\u010dtov\u00e9 polo\u017eky mohou b\u00fdt zahrnuty v\u00fddaje a dod\u00e1vky souvisej\u00edc\u00ed s\u00a0instalac\u00ed technologi\u00ed a budov\u00e1n\u00edm s\u00edt\u00ed v\u00a0p\u0159\u00edpad\u011b, \u017ee tyto v\u00fddaje budou za\u00fa\u010dtov\u00e1ny k p\u0159\u00edslu\u0161n\u00e9 technologii \u010di hardware; uveden\u00fd dlouhodob\u00fd majetek nesm\u00ed b\u00fdt p\u0159ed realizac\u00ed projektu p\u0159edm\u011btem odpis\u016f<\/li>\n<li>dlouhodob\u00fd nehmotn\u00fd majetek \u2013 n\u00e1klady na po\u0159\u00edzen\u00ed patentov\u00fdch licenc\u00ed nezbytn\u00fdch pro \u0159\u00e1dn\u00fd provoz stroj\u016f a za\u0159\u00edzen\u00ed a SW s vazbou na technologie a za\u0159\u00edzen\u00ed a v\u00fdstupy po\u0159\u00edzen\u00e9 v\u00a0r\u00e1mci p\u0159edm\u011btn\u00e9ho projektu<\/li>\n<\/ul>\n<p><strong>FAQ:<\/strong><\/p>\n<ul>\n<li>\u010dasto kladen\u00e9 dotazy k programu Technologie k dispozici <a href=\"https:\/\/www.apiagentura.gov.cz\/cs\/radce\/faq\/faq-program-technologie\/\">ZDE<\/a>.<\/li>\n<\/ul>\n<p><strong>Syst\u00e9m sb\u011bru \u017e\u00e1dost\u00ed:<\/strong><\/p>\n<ul>\n<li>pr\u016fb\u011b\u017en\u00fd<\/li>\n<\/ul>\n<\/td>\n<td style=\"width: 264.5px; height: 306px;\"><strong>Kdo m\u016f\u017ee \u017e\u00e1dat<\/strong>\u00a0(p\u0159\u00edjemci podpory):<\/p>\n<ul>\n<li>c\u00edlovou skupinou jsou mal\u00e9 a st\u0159edn\u00ed podniky (d\u00e1le tak\u00e9 \u201eMSP\u201c)<\/li>\n<\/ul>\n<p><strong>Kolik lze z\u00edskat na jeden projekt<\/strong>\u00a0(forma a v\u00fd\u0161e podpory):<\/p>\n<ul>\n<li>m\u00edra podpory: max. 45 % zp\u016fsobil\u00fdch v\u00fddaj\u016f u mal\u00fdch podnik\u016f a max. 35 % zp\u016fsobil\u00fdch v\u00fddaj\u016f u st\u0159edn\u00edch podnik\u016f<\/li>\n<li>dotace na projekt je poskytov\u00e1na minim\u00e1ln\u011b ve v\u00fd\u0161i 1 mil. K\u010d a maxim\u00e1ln\u011b do v\u00fd\u0161e 40 mil. K\u010d<\/li>\n<\/ul>\n<\/td>\n<td style=\"width: 300px; height: 306px;\"><img loading=\"lazy\" decoding=\"async\" class=\"alignnone wp-image-18036 size-full\" src=\"https:\/\/www.apiagentura.gov.cz\/wp-content\/uploads\/2019\/08\/technologie-768.png\" alt=\"\" width=\"768\" height=\"768\" srcset=\"https:\/\/apiagentura.gov.cz\/wp-content\/uploads\/2019\/08\/technologie-768.png 768w, https:\/\/apiagentura.gov.cz\/wp-content\/uploads\/2019\/08\/technologie-768-150x150.png 150w, https:\/\/apiagentura.gov.cz\/wp-content\/uploads\/2019\/08\/technologie-768-300x300.png 300w\" sizes=\"auto, (max-width: 768px) 100vw, 768px\" \/><\/td>\n<\/tr>\n<tr style=\"height: 24px;\">\n<td style=\"width: 264.5px; height: 24px;\"><strong>Na co lze z\u00edskat podporu\u00a0<\/strong>(podporovan\u00e9 aktivity):<\/p>\n<ul>\n<li>podporov\u00e1ny budou projekty, kter\u00e9 maj\u00ed stanovenou strategii dal\u0161\u00edho rozvoje v\u00a0oblasti digit\u00e1ln\u00ed transformace spole\u010dnosti prost\u0159ednictv\u00edm po\u0159\u00edzen\u00ed nov\u00fdch technologick\u00fdch za\u0159\u00edzen\u00ed a vybaven\u00ed, kter\u00e1 mus\u00ed b\u00fdt propojena se st\u00e1vaj\u00edc\u00edmi nebo nov\u011b po\u0159izovan\u00fdmi technologiemi informa\u010dn\u00edm syst\u00e9mem (IS \u010di ERP, MES, MIS) a jeho dal\u0161\u00edmi implementovan\u00fdmi moduly integruj\u00edc\u00ed v\u0161echny nebo v\u011bt\u0161inu oblast\u00ed podnikov\u00e9 \u010dinnosti, p\u0159edev\u0161\u00edm pl\u00e1nov\u00e1n\u00ed a \u0159\u00edzen\u00ed v\u00fdroby, z\u00e1soby, n\u00e1kup, prodej, finance, personalistika atd.;\u00a0v\u00a0p\u0159\u00edpad\u011b, \u017ee spole\u010dnost \u017eadatele nedisponuje obdobn\u00fdm informa\u010dn\u00edm syst\u00e9mem, je povinna takov\u00fd syst\u00e9m po\u0159\u00eddit a implementovat v\u00a0r\u00e1mci realizace p\u0159edkl\u00e1dan\u00e9ho projektu<\/li>\n<\/ul>\n<\/td>\n<td style=\"width: 300px; height: 61px;\" rowspan=\"2\"><strong>Specifika a omezen\u00ed:<\/strong><\/p>\n<ul>\n<li>projekt mus\u00ed b\u00fdt realizov\u00e1n na \u00fazem\u00ed \u010cR mimo NUTS 2 Praha<\/li>\n<li>po\u010det projekt\u016f od jednoho \u017eadatele (1 I\u010c) v r\u00e1mci V\u00fdzvy je omezen na jednu aktivn\u00ed \u017e\u00e1dost (aktivn\u00ed \u017e\u00e1dost je takov\u00e1 \u017e\u00e1dost, kter\u00e1 je podan\u00e1 ke kontrole a z\u00e1rove\u0148 nen\u00ed zam\u00edtnut\u00e1 nebo odstoupen\u00e1); v\u00fdjimka z\u00a0tohoto ustanoven\u00ed je pops\u00e1na v\u00a0\u010dl. 10 V\u00fdzvy<\/li>\n<li>\u017eadatel mus\u00ed m\u00edt nabyt\u00e1 vlastnick\u00e1 nebo jin\u00e1 pr\u00e1va k\u00a0nemovitostem a pozemk\u016fm, kde bude projekt realizov\u00e1n a na vyzv\u00e1n\u00ed je povinen tato pr\u00e1va dolo\u017eit<\/li>\n<li>projekt nebyl zah\u00e1jen p\u0159ed datem pod\u00e1n\u00ed \u017e\u00e1dosti o podporu<\/li>\n<\/ul>\n<\/td>\n<\/tr>\n<tr style=\"height: 37px;\">\n<td style=\"width: 535px; height: 37px;\" colspan=\"2\"><img loading=\"lazy\" decoding=\"async\" class=\"alignnone wp-image-17289 size-full\" src=\"https:\/\/www.apiagentura.gov.cz\/wp-content\/uploads\/2019\/07\/tech-x-1072x500.jpg\" alt=\"\" width=\"1072\" height=\"500\" srcset=\"https:\/\/apiagentura.gov.cz\/wp-content\/uploads\/2019\/07\/tech-x-1072x500.jpg 1072w, https:\/\/apiagentura.gov.cz\/wp-content\/uploads\/2019\/07\/tech-x-1072x500-300x140.jpg 300w, https:\/\/apiagentura.gov.cz\/wp-content\/uploads\/2019\/07\/tech-x-1072x500-768x358.jpg 768w, https:\/\/apiagentura.gov.cz\/wp-content\/uploads\/2019\/07\/tech-x-1072x500-1024x478.jpg 1024w\" sizes=\"auto, (max-width: 1072px) 100vw, 1072px\" \/><\/td>\n<\/tr>\n<\/tbody>\n<\/table>\n<p><\/p>","protected":false},"excerpt":{"rendered":"<p>C\u00edlem v\u00fdzvy programu Technologie je podporovat r\u016fst a posilov\u00e1n\u00ed konkurenceschopnosti mal\u00fdch a st\u0159edn\u00edch podnik\u016f prost\u0159ednictv\u00edm digit\u00e1ln\u00ed transformace, a p\u0159isp\u00edvat tak k rozvoji region\u016f.<\/p>\n","protected":false},"author":1,"featured_media":0,"parent":124,"menu_order":0,"comment_status":"closed","ping_status":"closed","template":"","meta":{"inline_featured_image":false,"footnotes":""},"class_list":["post-17288","page","type-page","status-publish","hentry"],"publishpress_future_action":{"enabled":false,"date":"2026-05-02 06:19:11","action":"change-status","newStatus":"draft","terms":[],"taxonomy":"","extraData":[]},"publishpress_future_workflow_manual_trigger":{"enabledWorkflows":[]},"_links":{"self":[{"href":"https:\/\/apiagentura.gov.cz\/cs\/wp-json\/wp\/v2\/pages\/17288","targetHints":{"allow":["GET"]}}],"collection":[{"href":"https:\/\/apiagentura.gov.cz\/cs\/wp-json\/wp\/v2\/pages"}],"about":[{"href":"https:\/\/apiagentura.gov.cz\/cs\/wp-json\/wp\/v2\/types\/page"}],"author":[{"embeddable":true,"href":"https:\/\/apiagentura.gov.cz\/cs\/wp-json\/wp\/v2\/users\/1"}],"replies":[{"embeddable":true,"href":"https:\/\/apiagentura.gov.cz\/cs\/wp-json\/wp\/v2\/comments?post=17288"}],"version-history":[{"count":0,"href":"https:\/\/apiagentura.gov.cz\/cs\/wp-json\/wp\/v2\/pages\/17288\/revisions"}],"up":[{"embeddable":true,"href":"https:\/\/apiagentura.gov.cz\/cs\/wp-json\/wp\/v2\/pages\/124"}],"wp:attachment":[{"href":"https:\/\/apiagentura.gov.cz\/cs\/wp-json\/wp\/v2\/media?parent=17288"}],"curies":[{"name":"wp","href":"https:\/\/api.w.org\/{rel}","templated":true}]}}