{"id":17328,"date":"2019-07-04T08:29:31","date_gmt":"2019-07-04T06:29:31","guid":{"rendered":"https:\/\/www.apiagentura.gov.cz\/?page_id=17328"},"modified":"2021-03-12T12:48:56","modified_gmt":"2021-03-12T11:48:56","slug":"nemovitosti-vyzva-iv","status":"publish","type":"page","link":"https:\/\/apiagentura.gov.cz\/cs\/programy-podpory\/nemovitosti\/nemovitosti-vyzva-iv\/","title":{"rendered":"Nemovitosti \u2013 Cestovn\u00ed ruch &#8211; V\u00fdzva IV"},"content":{"rendered":"<p><\/p>\n<h3 style=\"text-align: justify;\"><strong>Upozorn\u011bn\u00ed pro \u017eadatele a p\u0159\u00edjemce<\/strong><\/h3>\n<p style=\"text-align: justify;\"><strong>12. 3. 2021:\u00a0<\/strong><span style=\"color: #000000;\">\u0158\u00eddic\u00ed org\u00e1n OP PIK, Ministerstvo pr\u016fmyslu a obchodu, aktualizoval P\u0159\u00edlohu \u010d. 2 &#8211; Vymezen\u00ed zp\u016fsobil\u00fdch v\u00fddaj\u016f. Aktualizace souvis\u00ed\u00a0se zm\u011bnou v\u00a0metodice, v dokumentu jsou uvedeny \u010derven\u00fdm p\u00edsmem.<\/span><\/p>\n<p style=\"text-align: justify;\">Dle posledn\u00edho\u00a0<a href=\"https:\/\/www.mpo.cz\/cz\/podnikani\/dotace-a-podpora-podnikani\/oppik-2014-2020\/aktualni-informace\/ministerstvo-prumyslu-a-obchodu-prodluzuje-terminy-pro-prijem-zadosti-u-vyzev-op-pik--254817\/\">rozhodnut\u00ed MPO<\/a> se <strong>term\u00edn pro p\u0159\u00edjem \u017e\u00e1dost\u00ed o podporu prodlu\u017euje do 30. 6. 2020<\/strong>. <span style=\"color: #000000;\">Nejzaz\u0161\u00ed term\u00edn pro p\u0159edlo\u017een\u00ed stavebn\u00edho povolen\u00ed v pr\u00e1vn\u00ed moci\/ohl\u00e1\u0161en\u00ed\/potvrzen\u00ed stavebn\u00edho \u00fa\u0159adu, \u017ee dan\u00e1 stavba stavebn\u00ed povolen\u00ed ani ohl\u00e1\u0161ku nevy\u017eaduje, je 28. 9. 2020. Nejzaz\u0161\u00edm term\u00ednem pro ukon\u010den\u00ed realizace projektu je nov\u011b datum 29. 6. 2023.<\/span><\/p>\n<p style=\"text-align: justify;\"><span style=\"color: #000000;\">Dle rozhodnut\u00ed MPO se term\u00edn pro p\u0159\u00edjem \u017e\u00e1dost\u00ed o podporu prodlu\u017euje do 31. 5. 2020.\u00a0Nejzaz\u0161\u00ed term\u00edn pro p\u0159edlo\u017een\u00ed stavebn\u00edho povolen\u00ed v pr\u00e1vn\u00ed moci\/ohl\u00e1\u0161en\u00ed\/potvrzen\u00ed stavebn\u00edho \u00fa\u0159adu, \u017ee dan\u00e1 stavba stavebn\u00ed povolen\u00ed ani ohl\u00e1\u0161ku nevy\u017eaduje, je 29. 8. 2020. Nejzaz\u0161\u00edm term\u00ednem pro ukon\u010den\u00ed realizace projektu je nov\u011b datum 30. 5. 2023.\u00a0Souvisej\u00edc\u00ed tiskovou zpr\u00e1vu MPO ze dne 24. 4. 2020 naleznete <a style=\"color: #000000;\" href=\"https:\/\/www.mpo.cz\/cz\/podnikani\/dotace-a-podpora-podnikani\/oppik-2014-2020\/aktualni-informace\/ministerstvo-prumyslu-a-obchodu-prodluzuje-terminy-pro-prijem-zadosti-u-vyzev-op-pik--254193\/\">zde<\/a>.<\/span><\/p>\n<p style=\"text-align: justify;\"><span style=\"color: #000000;\">Dle rozhodnut\u00ed MPO se term\u00edn pro p\u0159\u00edjem \u017e\u00e1dost\u00ed o podporu prodlu\u017euje do 30. 4. 2020. Nejzaz\u0161\u00ed term\u00edn pro p\u0159edlo\u017een\u00ed stavebn\u00edho povolen\u00ed v pr\u00e1vn\u00ed moci\/ohl\u00e1\u0161en\u00ed\/potvrzen\u00ed stavebn\u00edho \u00fa\u0159adu, \u017ee dan\u00e1 stavba stavebn\u00ed povolen\u00ed ani ohl\u00e1\u0161ku nevy\u017eaduje, je 30. 7. 2020. Nejzaz\u0161\u00edm term\u00ednem pro ukon\u010den\u00ed realizace projektu je nov\u011b datum 30. 4. 2023.<\/span><\/p>\n<p style=\"text-align: justify;\"><span style=\"color: #000000;\">Souvisej\u00edc\u00ed <a style=\"color: #000000;\" href=\"https:\/\/www.mpo.cz\/cz\/rozcestnik\/pro-media\/tiskove-zpravy\/mpo-prodluzuje-terminy-vyzev-u-op-pik--podnikatele-budou-mit-vice-casu-na-zadost-o-dotaci---253569\/\">tiskov\u00e1 zpr\u00e1va MPO ze dne 19. b\u0159ezna 2020.<\/a><\/span><\/p>\n<table class=\"call-detail\">\n<tbody>\n<tr>\n<td style=\"width: 533px;\" rowspan=\"2\"><strong>Jak\u00e9 v\u00fddaje je mo\u017en\u00e9 podpo\u0159it<\/strong>\u00a0(zp\u016fsobil\u00e9 v\u00fddaje)<strong>:<\/strong><\/p>\n<ul>\n<li>dlouhodob\u00fd hmotn\u00fd majetek, zejm\u00e9na \u00faprava pozemk\u016f, rekonstrukce objekt\u016f, modernizace, \u00fapravy, v\u00fdstavba \u010di odstran\u011bn\u00ed stavby, in\u017een\u00fdrsk\u00e9 s\u00edt\u011b, komunikace ke stavb\u00e1m, hardware a s\u00edt\u011b, pokud jsou bezprost\u0159edn\u011b nutn\u00e9 pro bezpe\u010dn\u00fd provoz budovy, technick\u00e1 za\u0159\u00edzen\u00ed budov; n\u00e1klady souvisej\u00edc\u00ed s\u00a0technick\u00fdm vybaven\u00edm rekonstruovan\u00fdch nemovitost\u00ed, resp. objekt\u016f, je\u017e jsou sou\u010d\u00e1st\u00ed p\u0159edlo\u017een\u00e9ho projektu<\/li>\n<li>dal\u0161\u00ed n\u00e1klady souvisej\u00edc\u00ed se stavbou nebo um\u00edst\u011bn\u00edm a instalac\u00ed technologi\u00ed, kter\u00e9 budou zahrnuty do dlouhodob\u00e9ho hmotn\u00e9ho majetku (zejm\u00e9na slu\u017eby expert\u016f, studie, projektov\u00e1 a in\u017een\u00fdrsk\u00e1 \u010dinnost, kter\u00e1 bezprost\u0159edn\u011b souvis\u00ed s realizac\u00ed projektu)<\/li>\n<\/ul>\n<p><strong>Kolik lze z\u00edskat na jeden projekt\u00a0(forma a v\u00fd\u0161e podpory):<\/strong><\/p>\n<ul>\n<li>dotace 1 mil. &#8211; 100\u00a0mil. K\u010d<\/li>\n<li>max. v\u00fd\u0161e podpory: mal\u00fd podnik 45% ZV, st\u0159edn\u00ed podnik 35% ZV<\/li>\n<\/ul>\n<\/td>\n<td style=\"width: 533px;\"><strong>Kdo m\u016f\u017ee \u017e\u00e1dat\u00a0(p\u0159\u00edjemci podpory):<\/strong><\/p>\n<ul>\n<li>mal\u00e9 a st\u0159edn\u00ed podniky (MSP)<\/li>\n<\/ul>\n<p><strong>Syst\u00e9m sb\u011bru \u017e\u00e1dost\u00ed:<\/strong><\/p>\n<ul>\n<li>kolov\u00fd<\/li>\n<\/ul>\n<p><strong>FAQ:<\/strong><\/p>\n<ul>\n<li>\u010dasto kladen\u00e9 dotazy k programu Nemovitosti k dispozici <a href=\"https:\/\/www.apiagentura.gov.cz\/cs\/radce\/faq\/faq-program-nemovitosti\/\">ZDE<\/a><\/li>\n<\/ul>\n<\/td>\n<td style=\"width: 93px;\"><img loading=\"lazy\" decoding=\"async\" class=\"alignnone wp-image-18038 size-full\" src=\"https:\/\/www.apiagentura.gov.cz\/wp-content\/uploads\/2019\/08\/nemovitosti-768.png\" alt=\"\" width=\"768\" height=\"768\" srcset=\"https:\/\/apiagentura.gov.cz\/wp-content\/uploads\/2019\/08\/nemovitosti-768.png 768w, https:\/\/apiagentura.gov.cz\/wp-content\/uploads\/2019\/08\/nemovitosti-768-150x150.png 150w, https:\/\/apiagentura.gov.cz\/wp-content\/uploads\/2019\/08\/nemovitosti-768-300x300.png 300w\" sizes=\"auto, (max-width: 768px) 100vw, 768px\" \/><\/td>\n<\/tr>\n<tr>\n<td style=\"width: 533px;\"><strong>Specifika a omezen\u00ed:<\/strong><\/p>\n<ul>\n<li>projekt mus\u00ed b\u00fdt realizov\u00e1n na \u00fazem\u00ed vymezen\u00e9m P\u0159\u00edlohou \u010d. 8 V\u00fdzvy<\/li>\n<li>\u017eadatel mus\u00ed m\u00edt nabyt\u00e1 vlastnick\u00e1 nebo jin\u00e1 pr\u00e1va k nemovitostem a pozemk\u016fm, kde bude projekt realizov\u00e1n a na vyzv\u00e1n\u00ed je povinen tato pr\u00e1va dolo\u017eit;\u00a0v p\u0159\u00edpad\u011b, kdy p\u0159\u00edjemce nen\u00ed v okam\u017eiku pod\u00e1n\u00ed \u017d\u00e1dosti o podporu vlastn\u00edkem dot\u010den\u00fdch nemovitost\u00ed (nem\u016f\u017ee prok\u00e1zat sv\u00e1 vlastnick\u00e1 pr\u00e1va), m\u00e1 za povinnost st\u00e1t se jejich vlastn\u00edkem nejpozd\u011bji k okam\u017eiku schv\u00e1len\u00ed 1. \u017d\u00e1dosti o platbu v 1. stupni<\/li>\n<li>m\u00edsto realizace projektu m\u016f\u017ee b\u00fdt pouze jedno na jeden projekt<\/li>\n<li>ka\u017ed\u00fd \u017eadatel (1 I\u010c) je v t\u00e9to V\u00fdzv\u011b opr\u00e1vn\u011bn p\u0159edlo\u017eit maxim\u00e1ln\u011b\u00a03 projekty (tzn.\u00a0t\u0159i\u00a0aktivn\u00ed \u017d\u00e1dosti o podporu)<\/li>\n<\/ul>\n<\/td>\n<td style=\"width: 93px;\" rowspan=\"2\"><strong>Na co lze z\u00edskat podporu\u00a0(podporovan\u00e9 aktivity):<\/strong><\/p>\n<ul>\n<li>rekonstrukce objektu a od\u016fvodn\u011bn\u00e9 souvisej\u00edc\u00ed infrastruktury \u2013 realizac\u00ed dojde k rekonstrukci technicky (nikoliv v\u00fdhradn\u011b dispozi\u010dn\u011b) nevyhovuj\u00edc\u00edho objektu nebo objektu typu brownfield na podnikatelsk\u00fd objekt k prov\u00e1d\u011bn\u00ed \u010dinnost\u00ed uveden\u00fdch v seznamu podporovan\u00fdch CZ-NACE (P\u0159\u00edloha \u010d. 1 \u010d\u00e1st A); v\u00a0p\u0159\u00edpad\u011b sou\u010dasn\u00fdch p\u0159\u00edstaveb a dostaveb takto definovan\u00fdch (nevyhovuj\u00edc\u00edch) objekt\u016f, kter\u00e9 vy\u017eaduj\u00ed z\u00e1bor zem\u011bd\u011blsk\u00e9ho p\u016fdn\u00edho fondu, bude podpora poskytnuta jen p\u0159i vylou\u010den\u00ed negativn\u00edch\u00a0environment\u00e1ln\u00edch vliv\u016f a v souladu s udr\u017eitelnou v\u00fdstavbou budov \u2013 z\u00e1vazek \u00fasp\u011b\u0161n\u00e9 certifikace dle BREEAM nebo LEED; v\u00fdstupem projekt\u016f tak bude nov\u011b zrekonstruovan\u00e1 a vybudovan\u00e1 podnikatelsk\u00e1 multifunk\u010dn\u00ed infrastruktura cestovn\u00edho ruchu, v\u00fdsledkem aktivit specifick\u00e9ho c\u00edle bude r\u016fst celkov\u00e9 rozlohy regenerovan\u00fdch lokalit vyu\u017eiteln\u00fdch pro podnikatelsk\u00e9 aktivity MSP a v tomto typu projektu doprovodn\u011b i vytvo\u0159en\u00ed nov\u00fdch pracovn\u00edch m\u00edst<\/li>\n<\/ul>\n<\/td>\n<\/tr>\n<tr>\n<td style=\"width: 1072px;\" colspan=\"2\"><img loading=\"lazy\" decoding=\"async\" class=\"alignnone wp-image-17330 size-full\" src=\"https:\/\/www.apiagentura.gov.cz\/wp-content\/uploads\/2019\/07\/nem-cestovni-ruch-1072x500.jpg\" alt=\"\" width=\"1072\" height=\"500\" srcset=\"https:\/\/apiagentura.gov.cz\/wp-content\/uploads\/2019\/07\/nem-cestovni-ruch-1072x500.jpg 1072w, https:\/\/apiagentura.gov.cz\/wp-content\/uploads\/2019\/07\/nem-cestovni-ruch-1072x500-300x140.jpg 300w, https:\/\/apiagentura.gov.cz\/wp-content\/uploads\/2019\/07\/nem-cestovni-ruch-1072x500-768x358.jpg 768w, https:\/\/apiagentura.gov.cz\/wp-content\/uploads\/2019\/07\/nem-cestovni-ruch-1072x500-1024x478.jpg 1024w\" sizes=\"auto, (max-width: 1072px) 100vw, 1072px\" \/><\/td>\n<\/tr>\n<\/tbody>\n<\/table>\n<p><\/p>","protected":false},"excerpt":{"rendered":"<p>C\u00edlem V\u00fdzvy IV je v\u00fdhradn\u011b modernizace zastaral\u00fdch, prostorov\u011b a technicky nevyhovuj\u00edc\u00edch objekt\u016f, budov a are\u00e1l\u016f, kter\u00e9 budou vyu\u017eity pro rozvoj podnikatelsk\u00fdch \u010dinnost\u00ed a slu\u017eeb MSP v cestovn\u00edm ruchu. Rekonstrukce st\u00e1vaj\u00edc\u00edch objekt\u016f m\u016f\u017ee b\u00fdt v r\u00e1mci dobudov\u00e1n\u00ed multifunk\u010dn\u00ed infrastruktury spojena s po\u0159\u00edzen\u00edm nov\u00e9ho technologick\u00e9ho vybaven\u00ed do maxim\u00e1ln\u00ed v\u00fd\u0161e 30 % zp\u016fsobil\u00fdch v\u00fddaj\u016f.<\/p>\n","protected":false},"author":1,"featured_media":0,"parent":130,"menu_order":0,"comment_status":"closed","ping_status":"closed","template":"","meta":{"inline_featured_image":false,"footnotes":""},"class_list":["post-17328","page","type-page","status-publish","hentry"],"publishpress_future_action":{"enabled":false,"date":"2026-05-02 07:45:07","action":"change-status","newStatus":"draft","terms":[],"taxonomy":"","extraData":[]},"publishpress_future_workflow_manual_trigger":{"enabledWorkflows":[]},"_links":{"self":[{"href":"https:\/\/apiagentura.gov.cz\/cs\/wp-json\/wp\/v2\/pages\/17328","targetHints":{"allow":["GET"]}}],"collection":[{"href":"https:\/\/apiagentura.gov.cz\/cs\/wp-json\/wp\/v2\/pages"}],"about":[{"href":"https:\/\/apiagentura.gov.cz\/cs\/wp-json\/wp\/v2\/types\/page"}],"author":[{"embeddable":true,"href":"https:\/\/apiagentura.gov.cz\/cs\/wp-json\/wp\/v2\/users\/1"}],"replies":[{"embeddable":true,"href":"https:\/\/apiagentura.gov.cz\/cs\/wp-json\/wp\/v2\/comments?post=17328"}],"version-history":[{"count":0,"href":"https:\/\/apiagentura.gov.cz\/cs\/wp-json\/wp\/v2\/pages\/17328\/revisions"}],"up":[{"embeddable":true,"href":"https:\/\/apiagentura.gov.cz\/cs\/wp-json\/wp\/v2\/pages\/130"}],"wp:attachment":[{"href":"https:\/\/apiagentura.gov.cz\/cs\/wp-json\/wp\/v2\/media?parent=17328"}],"curies":[{"name":"wp","href":"https:\/\/api.w.org\/{rel}","templated":true}]}}