{"id":17347,"date":"2019-07-04T11:18:26","date_gmt":"2019-07-04T09:18:26","guid":{"rendered":"https:\/\/www.apiagentura.gov.cz\/?page_id=17347"},"modified":"2022-09-23T14:29:53","modified_gmt":"2022-09-23T12:29:53","slug":"uspory-energie-vyzva-v","status":"publish","type":"page","link":"https:\/\/apiagentura.gov.cz\/cs\/programy-podpory\/uspory-energie\/uspory-energie-vyzva-v\/","title":{"rendered":"\u00daspory energie &#8211; V\u00fdzva V"},"content":{"rendered":"<p><\/p>\n<h3 style=\"text-align: justify;\"><strong>Upozorn\u011bn\u00ed pro \u017eadatele<\/strong><\/h3>\n<p>S\u00a0ohledem na opakuj\u00edc\u00ed se dotazy \u017eadatel\u016f informujeme o zp\u0159esn\u011bn\u00ed definice komplexn\u00edho projektu.<\/p>\n<p>V pr\u016fb\u011bhu implementace programu \u00daspory energie byl zm\u011bn\u011bn v\u00fdklad sm\u011brnice o energetick\u00e9 \u00fa\u010dinnosti ve v\u011bci vykazov\u00e1n\u00ed energie OZE v r\u00e1mci komplexn\u00edch projekt\u016f viz Doporu\u010den\u00ed Komise (EU) 2019\/1658 ze dne 25. z\u00e1\u0159\u00ed 2019 k prov\u00e1d\u011bn\u00ed povinn\u00fdch \u00faspor energie podle sm\u011brnice o energetick\u00e9 \u00fa\u010dinnosti do vnitrost\u00e1tn\u00edch pr\u00e1vn\u00edch p\u0159edpis\u016f. <em>Zdroj: <a href=\"https:\/\/eur-lex.europa.eu\/legal-content\/CS\/TXT\/PDF\/?uri=OJ:L:2019:275:FULL&amp;from=EN\">\u00da\u0159edn\u00ed v\u011bstn\u00edk EU<\/a><\/em><\/p>\n<p>S\u00a0ohledem na nemo\u017enost zapo\u010d\u00edt\u00e1n\u00ed \u00faspory energie z\u00a0OZE do pln\u011bn\u00ed sm\u011brnice o energetick\u00e9 \u00fa\u010dinnosti je nutn\u00e9, aby u projekt\u016f V. v\u00fdzvy \u00daE byly realizov\u00e1ny komplexn\u00ed projekty, kde v\u00fd\u0161e \u00faspory energie z\u00a0OZE (fotovoltaick\u00e9 a sol\u00e1rn\u00ed termick\u00e9 syst\u00e9my)\u00a0 nep\u0159ekro\u010d\u00ed hranici 50%.<\/p>\n<p><span style=\"text-decoration: underline;\"><em>Aktualizace zde dne 27. 7. 2020:<\/em><\/span> Dle posledn\u00edho rozhodnut\u00ed MPO se term\u00edn pro <strong>p\u0159\u00edjem \u017e\u00e1dost\u00ed o podporu prodlu\u017euje do 30. 6. 2020.\u00a0<\/strong>Term\u00edn pro p\u0159edlo\u017een\u00ed stavebn\u00edho povolen\u00ed v pr\u00e1vn\u00ed moci\/\u00fa\u010dinn\u00e9 ve\u0159ejnopr\u00e1vn\u00ed smlouvy\/certifik\u00e1tu vydan\u00e9ho autorizovan\u00fdm inspektorem\/\u00fazemn\u00edho rozhodnut\u00ed\/\u00fazemn\u00edho souhlasu\/ohl\u00e1\u0161en\u00ed\/potvrzen\u00ed stavebn\u00edho \u00fa\u0159adu, \u017ee dan\u00e1 stavba stavebn\u00ed povolen\u00ed ani ohl\u00e1\u0161ku nevy\u017eaduje, je\u00a0<strong>do 390 dn\u016f od syst\u00e9mov\u00e9 depe\u0161e v\u00a0r\u00e1mci MS2014+<\/strong>\u00a0s\u00a0informac\u00ed, \u017ee \u017e\u00e1dost o podporu byla doporu\u010dena k\u00a0financov\u00e1n\u00ed (stav PP27a nebo stav PP27b nebo stav PU27a \u2013 \u017e\u00e1dost o podporu za\u0159azena mezi n\u00e1hradn\u00ed projekty).<\/p>\n<p style=\"text-align: justify;\"><strong>Nejzaz\u0161\u00edm term\u00ednem pro ukon\u010den\u00ed realizace projektu<\/strong>\u00a0<strong>je nov\u011b datum<\/strong>\u00a0<strong>30. 5. 2023.\u00a0<\/strong>Souvisej\u00edc\u00ed tiskovou zpr\u00e1vu MPO ze dne 24. 4. 2020 naleznete <a href=\"https:\/\/www.mpo.cz\/cz\/podnikani\/dotace-a-podpora-podnikani\/oppik-2014-2020\/aktualni-informace\/ministerstvo-prumyslu-a-obchodu-prodluzuje-terminy-pro-prijem-zadosti-u-vyzev-op-pik--254193\/\">zde<\/a>.<\/p>\n<p>&nbsp;<\/p>\n<p style=\"text-align: justify;\"><span style=\"color: silver;\">Dle rozhodnut\u00ed MPO se term\u00edn pro p\u0159\u00edjem \u017e\u00e1dost\u00ed o podporu prodlu\u017euje do 29. 5. 2020. Nejzaz\u0161\u00ed term\u00edn pro p\u0159edlo\u017een\u00ed stavebn\u00edho povolen\u00ed v pr\u00e1vn\u00ed moci\/\u00fa\u010dinn\u00e9 ve\u0159ejnopr\u00e1vn\u00ed smlouvy\/certifik\u00e1tu vydan\u00e9ho autorizovan\u00fdm inspektorem\/\u00fazemn\u00edho rozhodnut\u00ed\/\u00fazemn\u00edho souhlasu\/ohl\u00e1\u0161en\u00ed\/potvrzen\u00ed stavebn\u00edho \u00fa\u0159adu, \u017ee dan\u00e1 stavba stavebn\u00ed povolen\u00ed ani ohl\u00e1\u0161ku nevy\u017eaduje, je\u00a0<strong>do 390 dn\u016f od syst\u00e9mov\u00e9 depe\u0161e v\u00a0r\u00e1mci MS2014+<\/strong> s\u00a0informac\u00ed, \u017ee \u017e\u00e1dost o podporu byla doporu\u010dena k\u00a0financov\u00e1n\u00ed (stav PP27a nebo stav PP27b nebo stav PU27a \u2013 \u017e\u00e1dost o podporu za\u0159azena mezi n\u00e1hradn\u00ed projekty).\u00a0<strong>Nejzaz\u0161\u00edm term\u00ednem pro ukon\u010den\u00ed realizace projektu<\/strong>\u00a0je nov\u011b datum\u00a0<strong>30. 4. 2023.\u00a0<\/strong>Souvisej\u00edc\u00ed <a href=\"https:\/\/www.mpo.cz\/cz\/rozcestnik\/pro-media\/tiskove-zpravy\/mpo-prodluzuje-terminy-vyzev-u-op-pik--podnikatele-budou-mit-vice-casu-na-zadost-o-dotaci---253569\/\">tiskov\u00e1 zpr\u00e1va MPO ze dne 19. b\u0159ezna 2020.<\/a><\/span><\/p>\n<p>&nbsp;<\/p>\n<table class=\"call-detail\">\n<tbody>\n<tr>\n<td style=\"width: 533px;\" rowspan=\"2\"><strong>Kolik lze z\u00edskat na jeden projekt (forma a v\u00fd\u0161e podpory):<\/strong><\/p>\n<ul>\n<li>dotace na projekt je poskytov\u00e1na minim\u00e1ln\u011b ve v\u00fd\u0161i 500 tis. K\u010d a maxim\u00e1ln\u011b do v\u00fd\u0161e\u00a015 mil.\u00a0EUR<\/li>\n<li>m\u00edra podpory u projektu:<br \/>\na) je-li p\u0159\u00edjemcem dotace mal\u00fd podnik, je podpora poskytov\u00e1na a\u017e do v\u00fd\u0161e 50 % ZV<br \/>\nb) je-li p\u0159\u00edjemcem dotace st\u0159edn\u00ed podnik, je podpora poskytov\u00e1na a\u017e do v\u00fd\u0161e 40 % ZV<br \/>\nc) je-li p\u0159\u00edjemcem dotace velk\u00fd podnik, je podpora poskytov\u00e1na a\u017e do v\u00fd\u0161e 30 % ZV<\/li>\n<li>m\u00edra podpory na v\u00fddaje na zpracov\u00e1n\u00ed energetick\u00e9ho posudku, projektov\u00e9 dokumentace a v\u00fddaje na zpracov\u00e1n\u00ed v\u00fdb\u011brov\u00e9ho \u0159\u00edzen\u00ed:<br \/>\na) je-li p\u0159\u00edjemcem dotace mal\u00fd podnik, je podpora poskytov\u00e1na a\u017e do v\u00fd\u0161e 50 % ZV<br \/>\nb) je-li p\u0159\u00edjemcem dotace st\u0159edn\u00ed podnik, je podpora poskytov\u00e1na a\u017e do v\u00fd\u0161e 40 % ZV<br \/>\nc) je-li p\u0159\u00edjemcem dotace velk\u00fd podnik, je podpora poskytov\u00e1na a\u017e do v\u00fd\u0161e 30 % ZV<\/li>\n<\/ul>\n<p><strong>FAQ:<\/strong><\/p>\n<ul>\n<li>\u010dasto kladen\u00e9 dotazy k programu \u00daspory energie k dispozici <a href=\"https:\/\/www.apiagentura.gov.cz\/cs\/radce\/faq\/faq-program-uspory-energie\/\">ZDE<\/a><\/li>\n<\/ul>\n<p><strong>Kdo m\u016f\u017ee \u017e\u00e1dat (p\u0159\u00edjemci podpory):<\/strong><\/p>\n<ul>\n<li>mal\u00e9, st\u0159edn\u00ed a velk\u00e9 podniky v\u010detn\u011b podnikatelsk\u00fdch subjekt\u016f s\u00a0majetkovou \u00fa\u010dast\u00ed (a\u017e do v\u00fd\u0161e 100 %) obc\u00ed, m\u011bst, kraj\u016f a st\u00e1tu<\/li>\n<\/ul>\n<p><strong>Syst\u00e9m sb\u011bru \u017e\u00e1dost\u00ed:<\/strong><\/p>\n<ul>\n<li>pr\u016fb\u011b\u017en\u00fd<\/li>\n<\/ul>\n<\/td>\n<td style=\"width: 533px;\"><strong>Jak\u00e9 v\u00fddaje je mo\u017en\u00e9 podpo\u0159it (zp\u016fsobil\u00e9 v\u00fddaje):<\/strong><\/p>\n<ul>\n<li>dlouhodob\u00fd hmotn\u00fd majetek<\/li>\n<li>dlouhodob\u00fd nehmotn\u00fd majetek (pokud je nezbytn\u00fd k \u0159\u00e1dn\u00e9mu provozov\u00e1n\u00ed dlouhodob\u00e9ho hmotn\u00e9ho majetku)<\/li>\n<li>in\u017een\u00fdrsk\u00e1 \u010dinnost<\/li>\n<li>energetick\u00fd posudek<\/li>\n<li>projektov\u00e1 dokumentace<\/li>\n<li>n\u00e1klady na organizaci v\u00fdb\u011brov\u00e9ho \u0159\u00edzen\u00ed<\/li>\n<\/ul>\n<\/td>\n<td style=\"width: 165px;\"><img loading=\"lazy\" decoding=\"async\" class=\"alignnone wp-image-18041 size-full\" src=\"https:\/\/www.apiagentura.gov.cz\/wp-content\/uploads\/2019\/08\/uspory-energie-768.png\" alt=\"\" width=\"768\" height=\"768\" srcset=\"https:\/\/apiagentura.gov.cz\/wp-content\/uploads\/2019\/08\/uspory-energie-768.png 768w, https:\/\/apiagentura.gov.cz\/wp-content\/uploads\/2019\/08\/uspory-energie-768-150x150.png 150w, https:\/\/apiagentura.gov.cz\/wp-content\/uploads\/2019\/08\/uspory-energie-768-300x300.png 300w\" sizes=\"auto, (max-width: 768px) 100vw, 768px\" \/><\/td>\n<\/tr>\n<tr>\n<td style=\"width: 533px;\"><strong>Specifika a omezen\u00ed:<\/strong><\/p>\n<ul>\n<li>projekt mus\u00ed b\u00fdt realizov\u00e1n na \u00fazem\u00ed \u010cR mimo\u00a0NUTS II\u00a0Praha<\/li>\n<li>v\u00a0r\u00e1mci v\u00fdzvy nebude podpo\u0159en projekt, kter\u00fd neprok\u00e1\u017ee \u00fasporu energie<\/li>\n<li>podpo\u0159eny nebudou projekty zam\u011b\u0159en\u00e9 na rekonstrukci\/v\u00fdstavbu zdroje kombinovan\u00e9 v\u00fdroby elekt\u0159iny a tepla a monov\u00fdroby tepla, kter\u00e1 vyu\u017e\u00edv\u00e1 jako palivo uhl\u00ed nebo spoluspalov\u00e1n\u00ed uhl\u00ed a biomasy<\/li>\n<li>projekt nesm\u00ed b\u00fdt financov\u00e1n provozn\u00ed podporou obnoviteln\u00fdch zdroj\u016f energie.<\/li>\n<li>v\u00a0p\u0159\u00edpad\u011b, \u017ee v\u00fdrobna elekt\u0159iny z KVET a fotovoltaick\u00fdch syst\u00e9m\u016f je p\u0159ipojena do p\u0159enosov\u00e9 nebo distribu\u010dn\u00ed soustavy nesm\u00ed dodat do p\u0159enosov\u00e9 nebo distribu\u010dn\u00ed soustavy v\u00edce ne\u017e dvacet procent ro\u010dn\u00edho mno\u017estv\u00ed elekt\u0159iny vyroben\u00e9 v j\u00edm provozovan\u00e9 v\u00fdrobn\u011b elekt\u0159iny, sn\u00ed\u017een\u00e9ho o technologickou vlastn\u00ed spot\u0159ebu elekt\u0159iny<\/li>\n<\/ul>\n<\/td>\n<td style=\"width: 165px;\" rowspan=\"2\"><strong>Na co lze z\u00edskat podporu (podporovan\u00e9 aktivity):<\/strong><\/p>\n<ul>\n<li>modernizace a rekonstrukce rozvod\u016f elekt\u0159iny, plynu a tepla v budov\u00e1ch a v energetick\u00fdch hospod\u00e1\u0159stv\u00edch v\u00fdrobn\u00edch z\u00e1vod\u016f<\/li>\n<li>zav\u00e1d\u011bn\u00ed a modernizace syst\u00e9m\u016f m\u011b\u0159en\u00ed a regulace nap\u0159. opat\u0159en\u00ed HW a s\u00edt\u011b v\u010detn\u011b p\u0159\u00edslu\u0161n\u00e9ho SW souvisej\u00edc\u00ed se zaveden\u00edm syst\u00e9mu managementu hospoda\u0159en\u00ed s energi\u00ed podle \u010cSN EN ISO 50001<\/li>\n<li>modernizace, rekonstrukce st\u00e1vaj\u00edc\u00edch za\u0159\u00edzen\u00ed na v\u00fdrobu energie pro vlastn\u00ed spot\u0159ebu<\/li>\n<li>modernizace soustav osv\u011btlen\u00ed budov a pr\u016fmyslov\u00fdch are\u00e1l\u016f<\/li>\n<li>realizace opat\u0159en\u00ed ke sni\u017eov\u00e1n\u00ed energetick\u00e9 n\u00e1ro\u010dnosti budov v podnikatelsk\u00e9m sektoru (zateplen\u00ed obvodov\u00e9ho pl\u00e1\u0161t\u011b, v\u00fdm\u011bna a renovace otvorov\u00fdch v\u00fdpln\u00ed, dal\u0161\u00ed stavebn\u00ed opat\u0159en\u00ed maj\u00edc\u00ed prokazateln\u011b vliv na energetickou n\u00e1ro\u010dnost budovy, instalace vzduchotechniky s rekuperac\u00ed odpadn\u00edho tepla)<\/li>\n<li>vyu\u017eit\u00ed odpadn\u00ed energie ve v\u00fdrobn\u00edch procesech<\/li>\n<li>sni\u017eov\u00e1n\u00ed energetick\u00e9 n\u00e1ro\u010dnosti\/zvy\u0161ov\u00e1n\u00ed energetick\u00e9 \u00fa\u010dinnosti \u00fa\u010dinnosti v\u00fdrobn\u00edch a technologick\u00fdch proces\u016f mimo opat\u0159en\u00ed vyjmenovan\u00e9 v\u00a0bod\u011b 3.2 d) v\u00fdzvy<\/li>\n<li>instalace OZE pro vlastn\u00ed spot\u0159ebu podniku (vyu\u017eit\u00ed biomasy, sol\u00e1rn\u00ed syst\u00e9my, tepeln\u00e1 \u010derpadla a fotovoltaick\u00e9 syst\u00e9my)<\/li>\n<li>instalace kogenera\u010dn\u00ed jednotky s vyu\u017eit\u00edm elektrick\u00e9 a tepeln\u00e9 energie, nebo chladu pro vlastn\u00ed spot\u0159ebu podniku s ohledem na jeho provozn\u00ed podm\u00ednky<\/li>\n<li>instalace akumulace elektrick\u00e9 energie<\/li>\n<\/ul>\n<\/td>\n<\/tr>\n<tr>\n<td style=\"width: 1072px;\" colspan=\"2\"><img loading=\"lazy\" decoding=\"async\" class=\"alignnone wp-image-17348 size-full\" src=\"https:\/\/www.apiagentura.gov.cz\/wp-content\/uploads\/2019\/07\/ue-1072x500.jpg\" alt=\"\" width=\"1072\" height=\"500\" srcset=\"https:\/\/apiagentura.gov.cz\/wp-content\/uploads\/2019\/07\/ue-1072x500.jpg 1072w, https:\/\/apiagentura.gov.cz\/wp-content\/uploads\/2019\/07\/ue-1072x500-300x140.jpg 300w, https:\/\/apiagentura.gov.cz\/wp-content\/uploads\/2019\/07\/ue-1072x500-768x358.jpg 768w, https:\/\/apiagentura.gov.cz\/wp-content\/uploads\/2019\/07\/ue-1072x500-1024x478.jpg 1024w\" sizes=\"auto, (max-width: 1072px) 100vw, 1072px\" \/><\/td>\n<\/tr>\n<\/tbody>\n<\/table>\n<p><\/p>","protected":false},"excerpt":{"rendered":"<p>C\u00edlem V\u00fdzvy je podpora sn\u00ed\u017een\u00ed energetick\u00e9 n\u00e1ro\u010dnosti podnikatelsk\u00e9ho sektoru. \u00da\u010delem programu je podpora opat\u0159en\u00ed p\u0159isp\u00edvaj\u00edc\u00ed k \u00faspo\u0159e kone\u010dn\u00e9 spot\u0159eby energie.<\/p>\n","protected":false},"author":1,"featured_media":0,"parent":138,"menu_order":0,"comment_status":"closed","ping_status":"closed","template":"","meta":{"inline_featured_image":false,"footnotes":""},"class_list":["post-17347","page","type-page","status-publish","hentry"],"publishpress_future_action":{"enabled":false,"date":"2026-05-06 21:58:28","action":"change-status","newStatus":"draft","terms":[],"taxonomy":"","extraData":[]},"publishpress_future_workflow_manual_trigger":{"enabledWorkflows":[]},"_links":{"self":[{"href":"https:\/\/apiagentura.gov.cz\/cs\/wp-json\/wp\/v2\/pages\/17347","targetHints":{"allow":["GET"]}}],"collection":[{"href":"https:\/\/apiagentura.gov.cz\/cs\/wp-json\/wp\/v2\/pages"}],"about":[{"href":"https:\/\/apiagentura.gov.cz\/cs\/wp-json\/wp\/v2\/types\/page"}],"author":[{"embeddable":true,"href":"https:\/\/apiagentura.gov.cz\/cs\/wp-json\/wp\/v2\/users\/1"}],"replies":[{"embeddable":true,"href":"https:\/\/apiagentura.gov.cz\/cs\/wp-json\/wp\/v2\/comments?post=17347"}],"version-history":[{"count":0,"href":"https:\/\/apiagentura.gov.cz\/cs\/wp-json\/wp\/v2\/pages\/17347\/revisions"}],"up":[{"embeddable":true,"href":"https:\/\/apiagentura.gov.cz\/cs\/wp-json\/wp\/v2\/pages\/138"}],"wp:attachment":[{"href":"https:\/\/apiagentura.gov.cz\/cs\/wp-json\/wp\/v2\/media?parent=17347"}],"curies":[{"name":"wp","href":"https:\/\/api.w.org\/{rel}","templated":true}]}}