{"id":18719,"date":"2019-09-23T13:51:15","date_gmt":"2019-09-23T11:51:15","guid":{"rendered":"https:\/\/www.apiagentura.gov.cz\/?page_id=18719"},"modified":"2020-10-08T16:06:13","modified_gmt":"2020-10-08T14:06:13","slug":"partnerstvi-znalostniho-transferu-vyzva-v","status":"publish","type":"page","link":"https:\/\/apiagentura.gov.cz\/cs\/programy-podpory\/partnerstvi-znalostniho-transferu\/partnerstvi-znalostniho-transferu-vyzva-v\/","title":{"rendered":"Partnerstv\u00ed znalostn\u00edho transferu &#8211; V\u00fdzva V"},"content":{"rendered":"<p><\/p>\n<h4>Upozorn\u011bn\u00ed pro \u017eadatele<\/h4>\n<p>Pokud jsou v\u00a0r\u00e1mci \u017d\u00e1dosti o platbu n\u00e1rokov\u00e1ny osobn\u00ed n\u00e1klady zam\u011bstnanc\u016f ve zp\u016fsobil\u00fdch v\u00fddaj\u00edch projektu, <strong>jsou \u017eadatel\u00e9 od <\/strong><strong>6.10.2020 povinni dolo\u017eit na z\u00e1klad\u011b v\u00fdzvy projektov\u00e9ho mana\u017eera vzorek mzdov\u00fdch list\u016f<\/strong> n\u00e1rokovan\u00fdch zam\u011bstnanc\u016f.\u00a0Jedn\u00e1 se o n\u00e1pravn\u00e9 opat\u0159en\u00ed pro sn\u00ed\u017een\u00ed chybovosti p\u0159i vypl\u0148ov\u00e1n\u00ed mzdov\u00e9 tabulky ze strany \u017eadatel\u016f.<\/p>\n<p>&nbsp;<\/p>\n<table class=\"call-detail\" style=\"height: 228px; width: 627px;\" width=\"481\">\n<tbody>\n<tr>\n<td style=\"width: 174.1px;\" rowspan=\"2\"><strong>Na co lze z\u00edskat podporu<\/strong>\u00a0(podporovan\u00e9 aktivity):<\/p>\n<ul>\n<li>podporovanou aktivitou je vytvo\u0159en\u00ed partnerstv\u00ed mezi mal\u00fdm a st\u0159edn\u00edm podnikem a organizac\u00ed pro v\u00fdzkum a \u0161\u00ed\u0159en\u00ed znalost\u00ed za \u00fa\u010delem transferu znalost\u00ed, souvisej\u00edc\u00edch technologi\u00ed a dovednost\u00ed, ke kter\u00fdm podnik nem\u00e1 p\u0159\u00edstup<\/li>\n<\/ul>\n<p><strong>FAQ:<\/strong><\/p>\n<ul>\n<li>\u010dasto kladen\u00e9 dotazy k programu Partnerstv\u00ed znalostn\u00edho transferu k dispozici <a href=\"https:\/\/www.apiagentura.gov.cz\/cs\/radce\/faq\/faq-program-partnerstvi-znalostniho-transferu\/\">ZDE<\/a><\/li>\n<\/ul>\n<p><strong>Syst\u00e9m sb\u011bru \u017e\u00e1dost\u00ed:<\/strong><\/p>\n<ul>\n<li>pr\u016fb\u011b\u017en\u00fd<\/li>\n<\/ul>\n<\/td>\n<td style=\"width: 162.283px;\"><strong>Kdo m\u016f\u017ee \u017e\u00e1dat\u00a0(p\u0159\u00edjemci podpory):<\/strong><\/p>\n<ul>\n<li>c\u00edlovou skupinou jsou mal\u00e9 a st\u0159edn\u00ed podniky a znalostn\u00ed organizace<\/li>\n<\/ul>\n<p><strong>Kolik lze z\u00edskat na jeden projekt\u00a0<\/strong>(forma a v\u00fd\u0161e podpory):<\/p>\n<ul>\n<li>dotace bude poskytov\u00e1na do maxim\u00e1ln\u00ed v\u00fd\u0161e 70 % pro v\u0161echny typy \u017eadatel\u016f<\/li>\n<li>dotace na projekt je poskytov\u00e1na minim\u00e1ln\u011b ve v\u00fd\u0161i 500 tis. K\u010d a maxim\u00e1ln\u011b do v\u00fd\u0161e 5 mil. K\u010d<\/li>\n<\/ul>\n<\/td>\n<td style=\"width: 268.617px;\"><img loading=\"lazy\" decoding=\"async\" class=\"alignnone size-full wp-image-18031\" src=\"https:\/\/www.apiagentura.gov.cz\/wp-content\/uploads\/2019\/08\/pzt-768.png\" alt=\"\" width=\"768\" height=\"768\" srcset=\"https:\/\/apiagentura.gov.cz\/wp-content\/uploads\/2019\/08\/pzt-768.png 768w, https:\/\/apiagentura.gov.cz\/wp-content\/uploads\/2019\/08\/pzt-768-150x150.png 150w, https:\/\/apiagentura.gov.cz\/wp-content\/uploads\/2019\/08\/pzt-768-300x300.png 300w\" sizes=\"auto, (max-width: 768px) 100vw, 768px\" \/><\/td>\n<\/tr>\n<tr>\n<td style=\"width: 162.283px;\"><strong>Jak\u00e9 v\u00fddaje je mo\u017en\u00e9 podpo\u0159it\u00a0(zp\u016fsobil\u00e9 v\u00fddaje):<\/strong><\/p>\n<ul>\n<li>MSP: hardware a s\u00edt\u011b, stroje a za\u0159\u00edzen\u00ed, software a data, mzdy a pojistn\u00e9, cestovn\u00e9, materi\u00e1l<\/li>\n<li>znalostn\u00ed organizace: mzdy a pojistn\u00e9, cestovn\u00e9, semin\u00e1\u0159e, workshopy, slu\u017eby expert\u016f, p\u0159\u00edstup k informac\u00edm, datab\u00e1z\u00edm<\/li>\n<li>znalostn\u00ed organizace m\u016f\u017ee d\u00e1le uplatnit nep\u0159\u00edm\u00e9 (re\u017eijn\u00ed) v\u00fddaje pau\u0161\u00e1ln\u00ed sazbou ve v\u00fd\u0161i a\u017e 15 % rozpo\u010dtov\u00e9 polo\u017eky Mzdy a pojistn\u00e9 (nezahrnuje mzdy a pojistn\u00e9 MSP): osobn\u00ed n\u00e1klady administrativn\u00edch pracovn\u00edk\u016f, n\u00e1klady na vyu\u017eit\u00ed za\u0159\u00edzen\u00ed znalostn\u00ed organizace, \u00fa\u010detnictv\u00ed, telefonn\u00ed poplatky, s\u00ed\u0165ov\u00e9 dod\u00e1vky, spot\u0159ebn\u00ed materi\u00e1l, n\u00e1klady na po\u0159\u00e1d\u00e1n\u00ed pracovn\u00edch setk\u00e1n\u00ed, povinn\u00e1 publicita<\/li>\n<\/ul>\n<\/td>\n<td style=\"width: 268.617px;\" rowspan=\"2\"><strong>Specifika a omezen\u00ed:<\/strong><\/p>\n<ul>\n<li>projekt mus\u00ed b\u00fdt realizov\u00e1n na \u00fazem\u00ed \u010cR mimo NUTS 2 Praha, rozhodn\u00e9 je um\u00edst\u011bn\u00ed provozovny podniku, ve kter\u00e9 je projekt realizov\u00e1n<\/li>\n<li>shoda projektu s N\u00e1rodn\u00ed v\u00fdzkumnou a inova\u010dn\u00ed strategi\u00ed pro inteligentn\u00ed specializaci \u010cR bude ov\u011b\u0159ena v r\u00e1mci hodnocen\u00ed projektu<\/li>\n<li>ve\u0161ker\u00fd zisk z transferu znalost\u00ed prov\u00e1d\u011bn\u00e9ho znalostn\u00ed organizac\u00ed mus\u00ed b\u00fdt znovu investov\u00e1n do prim\u00e1rn\u00ed \u010dinnosti t\u00e9to organizace<\/li>\n<li>ka\u017ed\u00fd \u017eadatel (1 I\u010c) je v t\u00e9to V\u00fdzv\u011b opr\u00e1vn\u011bn p\u0159edlo\u017eit maxim\u00e1ln\u011b 2 projekty (tzn. 2 aktivn\u00ed \u017e\u00e1dosti o podporu); znalostn\u00ed organizace se m\u016f\u017ee \u00fa\u010dastnit v\u00edce partnerstv\u00ed dle vlastn\u00edch kapacit<\/li>\n<\/ul>\n<\/td>\n<\/tr>\n<tr>\n<td style=\"width: 342.383px;\" colspan=\"2\"><img loading=\"lazy\" decoding=\"async\" class=\"alignnone size-full wp-image-18720\" src=\"https:\/\/www.apiagentura.gov.cz\/wp-content\/uploads\/2019\/09\/pzt-1072x500.jpg\" alt=\"\" width=\"1072\" height=\"500\" srcset=\"https:\/\/apiagentura.gov.cz\/wp-content\/uploads\/2019\/09\/pzt-1072x500.jpg 1072w, https:\/\/apiagentura.gov.cz\/wp-content\/uploads\/2019\/09\/pzt-1072x500-300x140.jpg 300w, https:\/\/apiagentura.gov.cz\/wp-content\/uploads\/2019\/09\/pzt-1072x500-768x358.jpg 768w, https:\/\/apiagentura.gov.cz\/wp-content\/uploads\/2019\/09\/pzt-1072x500-1024x478.jpg 1024w\" sizes=\"auto, (max-width: 1072px) 100vw, 1072px\" \/><\/td>\n<\/tr>\n<\/tbody>\n<\/table>\n<p><\/p>","protected":false},"excerpt":{"rendered":"<p>C\u00edlem programu je pos\u00edlen\u00ed mobility a rozvoje transferu znalost\u00ed mezi podnikovou a akademickou sf\u00e9rou s c\u00edlem podpo\u0159it a urychlit inova\u010dn\u00ed procesy v podnic\u00edch a sbl\u00ed\u017een\u00ed v\u00fdzkumn\u00fdch t\u00e9mat prov\u00e1d\u011bn\u00fdch ve ve\u0159ejn\u00e9m sektoru s pot\u0159ebami podnik\u016f.<\/p>\n","protected":false},"author":35,"featured_media":0,"parent":116,"menu_order":0,"comment_status":"closed","ping_status":"closed","template":"","meta":{"inline_featured_image":false,"footnotes":""},"class_list":["post-18719","page","type-page","status-publish","hentry"],"publishpress_future_action":{"enabled":false,"date":"2026-05-02 08:50:24","action":"change-status","newStatus":"draft","terms":[],"taxonomy":"","extraData":[]},"publishpress_future_workflow_manual_trigger":{"enabledWorkflows":[]},"_links":{"self":[{"href":"https:\/\/apiagentura.gov.cz\/cs\/wp-json\/wp\/v2\/pages\/18719","targetHints":{"allow":["GET"]}}],"collection":[{"href":"https:\/\/apiagentura.gov.cz\/cs\/wp-json\/wp\/v2\/pages"}],"about":[{"href":"https:\/\/apiagentura.gov.cz\/cs\/wp-json\/wp\/v2\/types\/page"}],"author":[{"embeddable":true,"href":"https:\/\/apiagentura.gov.cz\/cs\/wp-json\/wp\/v2\/users\/35"}],"replies":[{"embeddable":true,"href":"https:\/\/apiagentura.gov.cz\/cs\/wp-json\/wp\/v2\/comments?post=18719"}],"version-history":[{"count":0,"href":"https:\/\/apiagentura.gov.cz\/cs\/wp-json\/wp\/v2\/pages\/18719\/revisions"}],"up":[{"embeddable":true,"href":"https:\/\/apiagentura.gov.cz\/cs\/wp-json\/wp\/v2\/pages\/116"}],"wp:attachment":[{"href":"https:\/\/apiagentura.gov.cz\/cs\/wp-json\/wp\/v2\/media?parent=18719"}],"curies":[{"name":"wp","href":"https:\/\/api.w.org\/{rel}","templated":true}]}}