{"id":19637,"date":"2019-12-02T13:45:57","date_gmt":"2019-12-02T12:45:57","guid":{"rendered":"https:\/\/www.apiagentura.gov.cz\/?page_id=19637"},"modified":"2021-03-31T09:13:06","modified_gmt":"2021-03-31T07:13:06","slug":"uspory-energie-v-szt-vyzva-iv","status":"publish","type":"page","link":"https:\/\/apiagentura.gov.cz\/cs\/programy-podpory\/uspory-energie-v-szt\/uspory-energie-v-szt-vyzva-iv\/","title":{"rendered":"\u00daspory energie v SZT &#8211; V\u00fdzva IV"},"content":{"rendered":"<p><\/p>\n<h3 style=\"text-align: justify;\"><strong>Ozn\u00e1men\u00ed pro \u017eadatele<\/strong><\/h3>\n<p><strong>20. 10. 2020:<\/strong> S ohledem na dosud nevyu\u017eitou alokaci\u00a0IV. v\u00fdzvy programu \u00daspory energie v SZT, rozhodlo Ministerstvo pr\u016fmyslu a obchodu o <strong>prodlou\u017een\u00ed p\u0159\u00edjmu \u017e\u00e1dost\u00ed u t\u00e9to aktivity do 30. 6. 2021<\/strong> (24:00h). Upozor\u0148ujeme, \u017ee se jedn\u00e1 v\u00fdhradn\u011b o posun term\u00ednu pro p\u0159ijet\u00ed \u017e\u00e1dost\u00ed. Ve\u0161ker\u00e9 dal\u0161\u00ed term\u00edny uveden\u00e9 ve v\u00fdzv\u011b z\u016fst\u00e1vaj\u00ed v platnosti.<\/p>\n<p>&nbsp;<\/p>\n<p style=\"text-align: justify;\">S\u00a0ohledem na problematick\u00e9 zaji\u0161t\u011bn\u00ed ekonomick\u00e9ho zdrav\u00ed \u017eadatele u spole\u010dnost\u00ed vlastn\u011bn\u00fdch ve\u0159ejn\u00fdm sektorem (obce \u010di kraje), se poskytovatel dotace rozhodl umo\u017enit prokazov\u00e1n\u00ed ekonomick\u00e9 a da\u0148ov\u00e9 historie \u017eadatele v\u010detn\u011b prokazov\u00e1n\u00ed historie subjektem odli\u0161n\u00fdm od \u017eadatele, za p\u0159edpokladu dolo\u017een\u00ed souhlasu obce \u010di kraje s\u00a0realizac\u00ed projektu. Metodick\u00e9 dokumenty byly vlo\u017eeny mezi p\u0159\u00edlohy v\u00fdzvy.<\/p>\n<table class=\"call-detail\" style=\"height: 270px;\" width=\"514\">\n<tbody>\n<tr>\n<td style=\"width: 175px;\" rowspan=\"2\"><strong>Na co lze z\u00edskat podporu<\/strong>\u00a0(podporovan\u00e9 aktivity):<\/p>\n<ul>\n<li>v\u00fdstavba, rozvoj a propojov\u00e1n\u00ed existuj\u00edc\u00edch soustav z\u00e1sobov\u00e1n\u00ed tepelnou energi\u00ed<\/li>\n<li>rekonstrukce st\u00e1vaj\u00edc\u00edch soustav z\u00e1sobov\u00e1n\u00ed tepelnou energi\u00ed<\/li>\n<li>instalace a modernizace technologick\u00fdch za\u0159\u00edzen\u00ed souvisej\u00edc\u00edch s distribuc\u00ed<\/li>\n<li>instalace a rekonstrukce vysoko\u00fa\u010dinn\u00fdch plynov\u00fdch kogenera\u010dn\u00edch jednotek<\/li>\n<li>instalace sol\u00e1rn\u00edch kolektor\u016f a tepeln\u00fdch \u010derpadel pro p\u0159edeh\u0159ev TV<\/li>\n<li>instalace a rekonstrukce v\u00fdtopen na zemn\u00ed plyn<\/li>\n<\/ul>\n<p>&nbsp;<\/p>\n<p><strong>Kdo m\u016f\u017ee \u017e\u00e1dat<\/strong>\u00a0(p\u0159\u00edjemci podpory):<\/p>\n<ul>\n<li>mal\u00e9, st\u0159edn\u00ed a velk\u00e9 podniky<\/li>\n<li>ve\u0159ejn\u00fd sektor v\u010detn\u011b podnikatelsk\u00fdch subjekt\u016f s\u00a0 majetkovou \u00fa\u010dast\u00ed (a\u017e do v\u00fd\u0161e 100%) obc\u00ed, m\u011bst, kraj\u016f a st\u00e1tu<\/li>\n<li>fyzick\u00e9 \u010di pr\u00e1vnick\u00e9 osoby na z\u00e1klad\u011b licence na v\u00fdrobutepeln\u00e9 energiea\/nebo elektrick\u00e9 energiea licence na rozvod tepeln\u00e9 energie<\/li>\n<\/ul>\n<p><strong>Syst\u00e9m sb\u011bru \u017e\u00e1dost\u00ed:<\/strong><\/p>\n<ul>\n<li>pr\u016fb\u011b\u017en\u00fd<\/li>\n<\/ul>\n<\/td>\n<td style=\"width: 162px;\"><strong>Kolik lze z\u00edskat na jeden projekt\u00a0<\/strong>(forma a v\u00fd\u0161e podpory):<\/p>\n<p><strong>Dotace na projekt je poskytov\u00e1na minim\u00e1ln\u011b ve v\u00fd\u0161i 0,5 mil. K\u010d a maxim\u00e1ln\u011b do v\u00fd\u0161e 200 mil. K\u010d.<\/strong><\/p>\n<p>Z\u00e1kladn\u00ed m\u00edra podpory je 40 %, mal\u00fd podnik m\u00e1 bonus 10 % a st\u0159edn\u00ed podnik m\u00e1 bonus 5 %.<\/p>\n<p>M\u00edra podpory:<\/p>\n<ul>\n<li>mal\u00fd podnik &#8211; a\u017e 50 % ZV<\/li>\n<li>st\u0159edn\u00ed podnik &#8211; a\u017e 45 % ZV<\/li>\n<li>velk\u00fd podnik &#8211; a\u017e 40 % ZV<\/li>\n<\/ul>\n<p>&nbsp;<\/td>\n<td style=\"width: 155px;\"><img loading=\"lazy\" decoding=\"async\" class=\"alignnone size-full wp-image-19701\" src=\"https:\/\/www.apiagentura.gov.cz\/wp-content\/uploads\/2019\/12\/uspory-energie-v-sztn-768.png\" alt=\"\" width=\"768\" height=\"768\" srcset=\"https:\/\/apiagentura.gov.cz\/wp-content\/uploads\/2019\/12\/uspory-energie-v-sztn-768.png 768w, https:\/\/apiagentura.gov.cz\/wp-content\/uploads\/2019\/12\/uspory-energie-v-sztn-768-150x150.png 150w, https:\/\/apiagentura.gov.cz\/wp-content\/uploads\/2019\/12\/uspory-energie-v-sztn-768-300x300.png 300w\" sizes=\"auto, (max-width: 768px) 100vw, 768px\" \/><\/td>\n<\/tr>\n<tr>\n<td style=\"width: 162px;\"><strong>Jak\u00e9 v\u00fddaje je mo\u017en\u00e9 podpo\u0159it\u00a0<\/strong>(zp\u016fsobil\u00e9 v\u00fddaje):<\/p>\n<ul>\n<li>v\u00fddaje na stavbu a technologick\u00e1 za\u0159\u00edzen\u00ed<\/li>\n<li>dlouhodob\u00fd hmotn\u00fd majetek<\/li>\n<li>dlouhodob\u00fd nehmotn\u00fd majetek<\/li>\n<li>projektov\u00e1 dokumentace<\/li>\n<li>in\u017een\u00fdrsk\u00e1 \u010dinnost<\/li>\n<li>energetick\u00fd posudek<\/li>\n<\/ul>\n<\/td>\n<td style=\"width: 155px;\" rowspan=\"2\"><strong>Specifika a omezen\u00ed:<\/strong><\/p>\n<ul>\n<li>projekt mus\u00ed b\u00fdt realizov\u00e1n na \u00fazem\u00ed \u010cR mimo NUTS 2 Praha<\/li>\n<li>\u00a0jeden ekonomick\u00fd subjekt (jedno I\u010c) podat maxim\u00e1ln\u011b 8 \u017e\u00e1dost\u00ed o podporu<\/li>\n<\/ul>\n<p>&nbsp;<\/td>\n<\/tr>\n<tr>\n<td style=\"width: 343px;\" colspan=\"2\"><img loading=\"lazy\" decoding=\"async\" class=\"alignnone size-full wp-image-19702\" src=\"https:\/\/www.apiagentura.gov.cz\/wp-content\/uploads\/2019\/12\/ue-v-szt-iv.jpg\" alt=\"\" width=\"1072\" height=\"500\" srcset=\"https:\/\/apiagentura.gov.cz\/wp-content\/uploads\/2019\/12\/ue-v-szt-iv.jpg 1072w, https:\/\/apiagentura.gov.cz\/wp-content\/uploads\/2019\/12\/ue-v-szt-iv-300x140.jpg 300w, https:\/\/apiagentura.gov.cz\/wp-content\/uploads\/2019\/12\/ue-v-szt-iv-768x358.jpg 768w, https:\/\/apiagentura.gov.cz\/wp-content\/uploads\/2019\/12\/ue-v-szt-iv-1024x478.jpg 1024w\" sizes=\"auto, (max-width: 1072px) 100vw, 1072px\" \/><\/td>\n<\/tr>\n<\/tbody>\n<\/table>\n<p><\/p>","protected":false},"excerpt":{"rendered":"<p>C\u00edlem programu je podpora konkurenceschopnosti a udr\u017eitelnosti \u010desk\u00e9 ekonomiky prost\u0159ednictv\u00edm<br \/>\nmaxim\u00e1ln\u00edho vyu\u017eit\u00ed kombinovan\u00e9 v\u00fdroby elekt\u0159iny a tepla.<\/p>\n","protected":false},"author":1,"featured_media":0,"parent":144,"menu_order":0,"comment_status":"closed","ping_status":"closed","template":"","meta":{"inline_featured_image":false,"footnotes":""},"class_list":["post-19637","page","type-page","status-publish","hentry"],"publishpress_future_action":{"enabled":false,"date":"2026-05-02 08:50:26","action":"change-status","newStatus":"draft","terms":[],"taxonomy":"","extraData":[]},"publishpress_future_workflow_manual_trigger":{"enabledWorkflows":[]},"_links":{"self":[{"href":"https:\/\/apiagentura.gov.cz\/cs\/wp-json\/wp\/v2\/pages\/19637","targetHints":{"allow":["GET"]}}],"collection":[{"href":"https:\/\/apiagentura.gov.cz\/cs\/wp-json\/wp\/v2\/pages"}],"about":[{"href":"https:\/\/apiagentura.gov.cz\/cs\/wp-json\/wp\/v2\/types\/page"}],"author":[{"embeddable":true,"href":"https:\/\/apiagentura.gov.cz\/cs\/wp-json\/wp\/v2\/users\/1"}],"replies":[{"embeddable":true,"href":"https:\/\/apiagentura.gov.cz\/cs\/wp-json\/wp\/v2\/comments?post=19637"}],"version-history":[{"count":0,"href":"https:\/\/apiagentura.gov.cz\/cs\/wp-json\/wp\/v2\/pages\/19637\/revisions"}],"up":[{"embeddable":true,"href":"https:\/\/apiagentura.gov.cz\/cs\/wp-json\/wp\/v2\/pages\/144"}],"wp:attachment":[{"href":"https:\/\/apiagentura.gov.cz\/cs\/wp-json\/wp\/v2\/media?parent=19637"}],"curies":[{"name":"wp","href":"https:\/\/api.w.org\/{rel}","templated":true}]}}