{"id":19868,"date":"2019-12-13T09:52:18","date_gmt":"2019-12-13T08:52:18","guid":{"rendered":"https:\/\/www.apiagentura.gov.cz\/?page_id=19868"},"modified":"2021-09-03T17:02:36","modified_gmt":"2021-09-03T15:02:36","slug":"uspory-energie-fotovoltaicke-systemy-s-bez-akumulace-pro-vlastni-spotrebu-vyzva-iii","status":"publish","type":"page","link":"https:\/\/apiagentura.gov.cz\/cs\/programy-podpory\/uspory-energie\/uspory-energie-fotovoltaicke-systemy-s-bez-akumulace-pro-vlastni-spotrebu-vyzva-iii\/","title":{"rendered":"\u00daspory energie &#8211; Fotovoltaick\u00e9 syst\u00e9my s\/bez akumulace pro vlastn\u00ed spot\u0159ebu &#8211; V\u00fdzva III"},"content":{"rendered":"<p><\/p>\n<h3><strong>Ozn\u00e1men\u00ed pro \u017eadatele<\/strong><\/h3>\n<p style=\"text-align: justify;\"><strong>1. 9. 2021:\u00a0<\/strong>S\u00a0ohledem na omezen\u00e9 fungov\u00e1n\u00ed \u010dinnosti stavebn\u00edch \u00fa\u0159ad\u016f\u00a0v\u00a0pr\u016fb\u011bhu covidov\u00fdch opat\u0159en\u00ed v\u00a0roce 2020 a 2021, rozhodlo Ministerstvo pr\u016fmyslu a obchodu o prodlou\u017een\u00ed term\u00ednu\u00a0dolo\u017een\u00ed povinn\u00fdch p\u0159\u00edloh po\u017eadovan\u00fdch k\u00a0vyd\u00e1n\u00ed Rozhodnut\u00ed o poskytnut\u00ed dotace (RoPD) o\u00a0<strong>60 dn\u016f<\/strong>, tzn. \u017eadatel\u00e9 nyn\u00ed maj\u00ed povinnost dolo\u017eit p\u0159\u00edlohy k\u00a0RoPD\u00a0<strong>do 420 dn\u016f<\/strong>\u00a0od syst\u00e9mov\u00e9 depe\u0161e v r\u00e1mci MS2014+ s informac\u00ed, \u017ee \u017e\u00e1dost o podporu byla doporu\u010dena k financov\u00e1n\u00ed (stav PP27a nebo stav PP27b nebo stav PU27a \u2013 \u017e\u00e1dost o podporu za\u0159azena mezi n\u00e1hradn\u00ed projekty).<\/p>\n<p style=\"text-align: justify;\"><strong>24. 8 . 2021:<\/strong> Do\u0161lo k <strong>aktualizaci p\u0159\u00edlohy \u010d. 4 Pravidla pro \u017eadatele a p\u0159\u00edjemce &#8211; zvl\u00e1\u0161tn\u00ed \u010d\u00e1st<\/strong>. P\u0159ehled zm\u011bn naleznete na str. 4.<\/p>\n<p style=\"text-align: justify;\"><strong>8. 10 . 2020:<\/strong> Do\u0161lo k <strong>aktualizaci p\u0159\u00edlohy \u010d. 4 Pravidla pro \u017eadatele a p\u0159\u00edjemce &#8211; zvl\u00e1\u0161tn\u00ed \u010d\u00e1st<\/strong>. P\u0159ehled zm\u011bn naleznete na str. 4.<\/p>\n<p style=\"text-align: justify;\"><strong>13. 8. 2020:\u00a0<\/strong><strong>Up\u0159es\u0148uj\u00edc\u00ed informace pro zadavatele k po\u0159\u00edzen\u00ed fotovoltaick\u00fdch syst\u00e9m\u016f:<\/strong><\/p>\n<p style=\"text-align: justify;\">Na z\u00e1klad\u011b st\u00e1le p\u0159etrv\u00e1vaj\u00edc\u00edch nejasnost\u00ed p\u0159i ur\u010den\u00ed spr\u00e1vn\u00e9ho druhu zak\u00e1zky u ve\u0159ejn\u00fdch zak\u00e1zek, jejich\u017e p\u0159edm\u011btem je po\u0159\u00edzen\u00ed fotovoltaick\u00fdch syst\u00e9m\u016f na podnikatelsk\u00e9 budovy, zadavatele upozor\u0148ujeme, \u017ee je nutn\u00e9 zvolit druh zak\u00e1zky podle jej\u00edho hlavn\u00edho p\u0159edm\u011btu. V t\u011bchto p\u0159\u00edpadech je tedy nutn\u00e9 postupovat v souladu s ust. \u00a7 15. odst. 3) ZZVZ, kter\u00fd stanovuje, \u017ee pokud jsou p\u0159edm\u011btem ve\u0159ejn\u00e9 zak\u00e1zky z\u00e1rove\u0148 dod\u00e1vky a stavebn\u00ed pr\u00e1ce, ur\u010d\u00ed se hlavn\u00ed p\u0159edm\u011bt zak\u00e1zky podle z\u00e1kladn\u00edho \u00fa\u010delu ve\u0159ejn\u00e9 zak\u00e1zky. Hlavn\u00edm p\u0159edm\u011btem pln\u011bn\u00ed zak\u00e1zky je v tomto p\u0159\u00edpad\u011b dod\u00e1vka fotovoltaick\u00fdch panel\u016f, jej\u00ed\u017e sou\u010d\u00e1st\u00ed je i vlastn\u00ed instalace syst\u00e9mu. Je nepochybn\u00e9, \u017ee sou\u010d\u00e1st\u00ed v\u011bt\u0161iny zak\u00e1zek na instalaci fotovoltaick\u00fdch panel\u016f jsou i stavebn\u00ed, respektive mont\u00e1\u017en\u00ed pr\u00e1ce, nicm\u00e9n\u011b zejm\u00e9na v p\u0159\u00edpadech, kdy jsou tyto stavebn\u00ed pr\u00e1ce neodd\u011bliteln\u00e9 od hlavn\u00edho p\u0159edm\u011btu zak\u00e1zky, jedn\u00e1\u00a0 se o zak\u00e1zku na dod\u00e1vky.<\/p>\n<p style=\"text-align: justify;\">Nutnost zaji\u0161t\u011bn\u00ed stavebn\u00edho povolen\u00ed nem\u016f\u017ee b\u00fdt pova\u017eov\u00e1na za jedin\u00fd faktor ovliv\u0148uj\u00edc\u00ed ur\u010den\u00ed a stanoven\u00ed druhu ve\u0159ejn\u00e9 zak\u00e1zky. Realizovanou zak\u00e1zku na dod\u00e1vky lze pod\u0159adit p\u0159\u00edmo pod CPV k\u00f3d 09331200-0 (Sol\u00e1rn\u00ed fotovoltaick\u00e9 moduly). CPV k\u00f3dy mont\u00e1\u017en\u00edch prac\u00ed, kter\u00e9 jsou \u0159azeny pod zak\u00e1zky na stavebn\u00ed pr\u00e1ce, mohou b\u00fdt vyu\u017eity jako dopl\u0148kov\u00e9 ve vztahu k hlavn\u00edmu p\u0159edm\u011btu zak\u00e1zky.<\/p>\n<p style=\"text-align: justify;\">Na z\u00e1v\u011br je t\u0159eba dodat, \u017ee ka\u017ed\u00fd projekt, respektive ka\u017ed\u00fd p\u0159edm\u011bt pln\u011bn\u00ed konkr\u00e9tn\u00ed ve\u0159ejn\u00e9 zak\u00e1zky, je specifick\u00fd a je nutno v\u017edy individu\u00e1ln\u011b posoudit a zv\u00e1\u017eit, zda se jedn\u00e1 o zak\u00e1zku na stavebn\u00ed pr\u00e1ce \u010di zak\u00e1zku na dod\u00e1vky.<\/p>\n<p>&nbsp;<\/p>\n<p>&nbsp;<\/p>\n<p>Dne 6. \u00fanora 2020 do\u0161lo <b>ke zm\u011bn\u011b Pravidel pro \u017eadatele a p\u0159\u00edjemce z OP PIK &#8211; zvl\u00e1\u0161tn\u00ed \u010d\u00e1st. <\/b>Popis zm\u011bny naleznete v dokumentu na stran\u011b \u010d. 4.<\/p>\n<p>&nbsp;<\/p>\n<table class=\"call-detail\" style=\"height: 1142px;\" width=\"644\">\n<tbody>\n<tr style=\"height: 556px;\">\n<td style=\"width: 208.264px; height: 998px;\" rowspan=\"2\"><strong>Na co lze z\u00edskat podporu<\/strong>\u00a0(podporovan\u00e9 aktivity):<\/p>\n<ul>\n<li>instalace fotovoltaick\u00fdch syst\u00e9m\u016f a instalace fotovoltaick\u00fdch syst\u00e9m\u016f v\u010detn\u011b akumulace<br \/>\nelektrick\u00e9 energie pro vlastn\u00ed spot\u0159ebu podniku<\/li>\n<\/ul>\n<p><strong>Kdo m\u016f\u017ee \u017e\u00e1dat<\/strong>\u00a0(p\u0159\u00edjemci podpory):<\/p>\n<ul>\n<li>mal\u00e9 a st\u0159edn\u00ed podniky<\/li>\n<li>velk\u00e9 podniky v\u010detn\u011b podnikatelsk\u00fdch subjekt\u016f s majetkovou \u00fa\u010dast\u00ed (a\u017e do v\u00fd\u0161e 100 %) obc\u00ed, m\u011bst, kraj\u016f a st\u00e1tu, vyjma\u00a0 zdravotnick\u00fdch subjekt\u016f vlastn\u011bn\u00fdch 100 % ve\u0159ejn\u00fdm subjektem pov\u011b\u0159en\u00fdch Slu\u017ebou obecn\u00e9ho hospod\u00e1\u0159sk\u00e9ho z\u00e1jmu (SGEI) od sv\u00e9ho z\u0159izovatele<\/li>\n<\/ul>\n<p><strong>FAQ:<\/strong><\/p>\n<ul>\n<li>\u010dasto kladen\u00e9 dotazy k programu \u00daspory energie &#8211; Fotovoltaick\u00e9 syst\u00e9my k dispozici <a href=\"https:\/\/www.apiagentura.gov.cz\/cs\/radce\/faq\/faq-uspory-energie-fotovoltaicke-systemy\/\">ZDE<\/a><\/li>\n<\/ul>\n<p><strong>Syst\u00e9m sb\u011bru \u017e\u00e1dost\u00ed:<\/strong><\/p>\n<ul>\n<li>pr\u016fb\u011b\u017en\u00fd<\/li>\n<\/ul>\n<\/td>\n<td style=\"width: 209.375px; height: 556px;\"><strong>Kolik lze z\u00edskat na jeden projekt\u00a0<\/strong>(forma a v\u00fd\u0161e podpory):<\/p>\n<p><strong>Dotace na projekt je poskytov\u00e1na minim\u00e1ln\u011b ve v\u00fd\u0161i 2 mil. K\u010d a maxim\u00e1ln\u011b do v\u00fd\u0161e 50 mil. K\u010d.<\/strong><\/p>\n<p>M\u00edra podpory:<\/p>\n<ul>\n<li>mal\u00fd podnik &#8211; 80 % ZV<\/li>\n<li>st\u0159edn\u00ed podnik &#8211; 70 % ZV<\/li>\n<li>velk\u00fd podnik &#8211; 60 % ZV<\/li>\n<\/ul>\n<\/td>\n<td style=\"width: 209.375px; height: 556px;\"><img loading=\"lazy\" decoding=\"async\" class=\"alignnone size-medium wp-image-19880\" src=\"https:\/\/www.apiagentura.gov.cz\/wp-content\/uploads\/2019\/12\/uspory-energie-768-300x300.png\" alt=\"\" width=\"300\" height=\"300\" srcset=\"https:\/\/apiagentura.gov.cz\/wp-content\/uploads\/2019\/12\/uspory-energie-768-300x300.png 300w, https:\/\/apiagentura.gov.cz\/wp-content\/uploads\/2019\/12\/uspory-energie-768-150x150.png 150w, https:\/\/apiagentura.gov.cz\/wp-content\/uploads\/2019\/12\/uspory-energie-768.png 768w\" sizes=\"auto, (max-width: 300px) 100vw, 300px\" \/><\/td>\n<\/tr>\n<tr style=\"height: 442px;\">\n<td style=\"width: 209.375px; height: 442px;\"><strong>Jak\u00e9 v\u00fddaje je mo\u017en\u00e9 podpo\u0159it\u00a0(zp\u016fsobil\u00e9 v\u00fddaje):<\/strong><\/p>\n<ul>\n<li>dlouhodob\u00fd hmotn\u00fd majetek<\/li>\n<li>dlouhodob\u00fd nehmotn\u00fd majetek<\/li>\n<li>projektov\u00e1 dokumentace dle P\u0159\u00edlohy \u010d. 2<\/li>\n<li>in\u017een\u00fdrsk\u00e1 \u010dinnost<\/li>\n<\/ul>\n<\/td>\n<td style=\"width: 209.375px; height: 586px;\" rowspan=\"2\"><strong>Specifika a omezen\u00ed:<\/strong><\/p>\n<ul>\n<li>projekt mus\u00ed b\u00fdt realizov\u00e1n na \u00fazem\u00ed \u010cR mimo NUTS 2 Praha<\/li>\n<li>v r\u00e1mci v\u00fdzvy nebude podpo\u0159en projekt, kter\u00fd neprok\u00e1\u017ee pom\u011brnou dobu ro\u010dn\u00edho vyu\u017eit\u00ed<br \/>\ninstalovan\u00e9ho v\u00fdkonu alespo\u0148 ve v\u00fd\u0161i 860 hodin\/rok<\/li>\n<li>na jeden ekonomick\u00fd subjekt (jedno I\u010c) lze podat maxim\u00e1ln\u011b 20 \u017e\u00e1dost\u00ed o podporu<\/li>\n<\/ul>\n<\/td>\n<\/tr>\n<tr style=\"height: 144px;\">\n<td style=\"width: 422.708px; height: 144px;\" colspan=\"2\"><img loading=\"lazy\" decoding=\"async\" class=\"alignnone wp-image-19991 size-large\" src=\"https:\/\/www.apiagentura.gov.cz\/wp-content\/uploads\/2019\/12\/oze-iii-fotovoltaicke-sys-1072x500-1024x478.jpg\" alt=\"\" width=\"1024\" height=\"478\" srcset=\"https:\/\/apiagentura.gov.cz\/wp-content\/uploads\/2019\/12\/oze-iii-fotovoltaicke-sys-1072x500-1024x478.jpg 1024w, https:\/\/apiagentura.gov.cz\/wp-content\/uploads\/2019\/12\/oze-iii-fotovoltaicke-sys-1072x500-300x140.jpg 300w, https:\/\/apiagentura.gov.cz\/wp-content\/uploads\/2019\/12\/oze-iii-fotovoltaicke-sys-1072x500-768x358.jpg 768w, https:\/\/apiagentura.gov.cz\/wp-content\/uploads\/2019\/12\/oze-iii-fotovoltaicke-sys-1072x500.jpg 1072w\" sizes=\"auto, (max-width: 1024px) 100vw, 1024px\" \/><\/td>\n<\/tr>\n<\/tbody>\n<\/table>\n<p><\/p>","protected":false},"excerpt":{"rendered":"<p>C\u00edlem programu a V\u00fdzvy je podpora sn\u00ed\u017een\u00ed energetick\u00e9 n\u00e1ro\u010dnosti podnikatelsk\u00e9ho sektoru. \u00da\u010delem programu je podpora opat\u0159en\u00ed p\u0159isp\u00edvaj\u00edc\u00ed k \u00faspo\u0159e kone\u010dn\u00e9 spot\u0159eby energie prost\u0159ednictv\u00edm instalace fotovoltaick\u00fdch syst\u00e9m\u016f a instalace fotovoltaick\u00fdch syst\u00e9m\u016f v\u010detn\u011b akumulace energie pro vlastn\u00ed spot\u0159ebu podniku.<\/p>\n","protected":false},"author":1,"featured_media":0,"parent":138,"menu_order":0,"comment_status":"closed","ping_status":"closed","template":"","meta":{"inline_featured_image":false,"footnotes":""},"class_list":["post-19868","page","type-page","status-publish","hentry"],"publishpress_future_action":{"enabled":false,"date":"2026-05-06 22:23:25","action":"change-status","newStatus":"draft","terms":[],"taxonomy":"","extraData":[]},"publishpress_future_workflow_manual_trigger":{"enabledWorkflows":[]},"_links":{"self":[{"href":"https:\/\/apiagentura.gov.cz\/cs\/wp-json\/wp\/v2\/pages\/19868","targetHints":{"allow":["GET"]}}],"collection":[{"href":"https:\/\/apiagentura.gov.cz\/cs\/wp-json\/wp\/v2\/pages"}],"about":[{"href":"https:\/\/apiagentura.gov.cz\/cs\/wp-json\/wp\/v2\/types\/page"}],"author":[{"embeddable":true,"href":"https:\/\/apiagentura.gov.cz\/cs\/wp-json\/wp\/v2\/users\/1"}],"replies":[{"embeddable":true,"href":"https:\/\/apiagentura.gov.cz\/cs\/wp-json\/wp\/v2\/comments?post=19868"}],"version-history":[{"count":0,"href":"https:\/\/apiagentura.gov.cz\/cs\/wp-json\/wp\/v2\/pages\/19868\/revisions"}],"up":[{"embeddable":true,"href":"https:\/\/apiagentura.gov.cz\/cs\/wp-json\/wp\/v2\/pages\/138"}],"wp:attachment":[{"href":"https:\/\/apiagentura.gov.cz\/cs\/wp-json\/wp\/v2\/media?parent=19868"}],"curies":[{"name":"wp","href":"https:\/\/api.w.org\/{rel}","templated":true}]}}