{"id":19941,"date":"2019-12-16T11:27:07","date_gmt":"2019-12-16T10:27:07","guid":{"rendered":"https:\/\/www.apiagentura.gov.cz\/?page_id=19941"},"modified":"2019-12-16T11:43:48","modified_gmt":"2019-12-16T10:43:48","slug":"vyrocni-konference-op-pik","status":"publish","type":"page","link":"https:\/\/apiagentura.gov.cz\/cs\/novinky\/vyrocni-konference-op-pik\/","title":{"rendered":"V\u00fdro\u010dn\u00ed konference OP PIK"},"content":{"rendered":"<p><\/p>\n<p style=\"text-align: justify;\">Dne 10. prosince 2019 se v Praze uskute\u010dnila ji\u017e \u010dtvrt\u00e1 v\u00fdro\u010dn\u00ed konference OP PIK. N\u00e1m\u011bstek ministra Piecha informoval o pokroku v realizaci programu, kter\u00e9ho bylo b\u011bhem roku 2019 dosa\u017eeno. Zd\u016fraznil fakt, \u017ee se poda\u0159ilo proplatit finan\u010dn\u00ed prost\u0159edky p\u0159\u00edjemc\u016fm podpory ve v\u00fd\u0161i nutn\u00e9 k napln\u011bn\u00ed tzv. pravidla n+3 a dokonce ho p\u0159es\u00e1hnout. Jen za rok 2019 bylo proplaceno ji\u017e 10,5 mld. K\u010d, od po\u010d\u00e1tku obdob\u00ed pak 30 mld. K\u010d. Nejsiln\u011bj\u0161\u00ed byl listopad leto\u0161n\u00edho roku, kdy do\u0161lo k proplacen\u00ed 2,5 mld. K\u010d. V OP PIK bylo dosud vyhl\u00e1\u0161eno 290 v\u00fdzev za necel\u00fdch 172 mld. K\u010d a p\u0159ijato 16 550 \u017e\u00e1dost\u00ed o podporu v objemu p\u0159evy\u0161uj\u00edc\u00edm 121 mld. K\u010d. Vedle samotn\u00e9 podpory \u010derp\u00e1n\u00ed prost\u0159edk\u016f bude do budoucna podle n\u00e1m\u011bstka Piechy kl\u00ed\u010dov\u00e1 podpora tzv. uheln\u00fdch region\u016f, tedy Karlovarsk\u00e9ho, \u00dasteck\u00e9ho a Moravskoslezsk\u00e9ho kraje, kter\u00e9 doposud zaost\u00e1vaj\u00ed za pr\u016fm\u011brem \u010cesk\u00e9 republiky p\u0159edev\u0161\u00edm v \u010derp\u00e1n\u00ed prost\u0159edk\u016f do oblasti v\u00fdzkumu a v\u00fdvoje. Pro rok 2020 si Ministerstvo pr\u016fmyslu a obchodu vyty\u010dilo za c\u00edl vy\u010derpat do konce roku minim\u00e1ln\u011b 41 mld. K\u010d, a t\u00edm z\u00e1rove\u0148 splnit pravidlo n+3 pro tento rok.<\/p>\n<p style=\"text-align: justify;\">Na konferenci byl p\u0159edstaven nov\u00fd n\u00e1zev opera\u010dn\u00edho programu pro obdob\u00ed 2021-2027, kter\u00fd zn\u00ed Opera\u010dn\u00ed program Technologie a aplikace pro konkurenceschopnost, zkr\u00e1cen\u011b OP TAK.<\/p>\n<p style=\"text-align: justify;\">Agenturu pro podnik\u00e1n\u00ed a inovace reprezentoval na konferenci gener\u00e1ln\u00ed \u0159editel, Luk\u00e1\u0161 Vym\u011btal, kter\u00fd vystoupil s\u00a0prezentac\u00ed v\u011bnuj\u00edc\u00ed se \u010dinnostem na\u0161ich region\u00e1ln\u00edch kancel\u00e1\u0159\u00ed. Ty jsou pro \u017eadatele a p\u0159\u00edjemce k\u00a0dispozici v\u00a0ka\u017ed\u00e9m krajsk\u00e9m m\u011bst\u011b \u010cR a vedle aktivit na posilov\u00e1n\u00ed absorp\u010dn\u00ed kapacity OP PIK poskytuj\u00ed poradenstv\u00ed, konzultace a pomoc \u017eadatel\u016fm a p\u0159\u00edjemc\u016fm o dotace v\u00a0OP PIK.<\/p>\n<p>Prezentace jednotliv\u00fdch vystupuj\u00edc\u00edch jsou k dispozici n\u00ed\u017ee ke sta\u017een\u00ed.<\/p>\n<p>Tiskov\u00e1 zpr\u00e1va MPO ke konferenci je dostupn\u00e1\u00a0<a href=\"https:\/\/www.mpo.cz\/cz\/rozcestnik\/pro-media\/tiskove-zpravy\/mpo-vyresilo-problem-s-pozastavenou-certifikaci-a-letos-podnikatelum-proplatilo-jiz-10-5-mld--kc---251456\/\">zde<\/a>.<\/p>\n<p><img loading=\"lazy\" decoding=\"async\" class=\"wp-image-19910 alignleft\" src=\"https:\/\/www.apiagentura.gov.cz\/wp-content\/uploads\/2019\/12\/fb-vyrocni-konference-2019-300x157.jpg\" alt=\"\" width=\"804\" height=\"421\" srcset=\"https:\/\/apiagentura.gov.cz\/wp-content\/uploads\/2019\/12\/fb-vyrocni-konference-2019-300x157.jpg 300w, https:\/\/apiagentura.gov.cz\/wp-content\/uploads\/2019\/12\/fb-vyrocni-konference-2019-768x402.jpg 768w, https:\/\/apiagentura.gov.cz\/wp-content\/uploads\/2019\/12\/fb-vyrocni-konference-2019-1024x536.jpg 1024w, https:\/\/apiagentura.gov.cz\/wp-content\/uploads\/2019\/12\/fb-vyrocni-konference-2019.jpg 1083w\" sizes=\"auto, (max-width: 804px) 100vw, 804px\" \/><\/p>","protected":false},"excerpt":{"rendered":"<p>T\u00e9matem bylo zhodnocen\u00ed aktu\u00e1ln\u00edho stavu OP PIK a novinek pro rok 2020 i pro p\u0159\u00ed\u0161t\u00ed programov\u00e9 obdob\u00ed<\/p>\n","protected":false},"author":1,"featured_media":19910,"parent":79,"menu_order":0,"comment_status":"closed","ping_status":"closed","template":"","meta":{"inline_featured_image":false,"footnotes":""},"class_list":["post-19941","page","type-page","status-publish","has-post-thumbnail","hentry"],"publishpress_future_action":{"enabled":false,"date":"2026-05-07 03:09:00","action":"change-status","newStatus":"draft","terms":[],"taxonomy":"","extraData":[]},"publishpress_future_workflow_manual_trigger":{"enabledWorkflows":[]},"_links":{"self":[{"href":"https:\/\/apiagentura.gov.cz\/cs\/wp-json\/wp\/v2\/pages\/19941","targetHints":{"allow":["GET"]}}],"collection":[{"href":"https:\/\/apiagentura.gov.cz\/cs\/wp-json\/wp\/v2\/pages"}],"about":[{"href":"https:\/\/apiagentura.gov.cz\/cs\/wp-json\/wp\/v2\/types\/page"}],"author":[{"embeddable":true,"href":"https:\/\/apiagentura.gov.cz\/cs\/wp-json\/wp\/v2\/users\/1"}],"replies":[{"embeddable":true,"href":"https:\/\/apiagentura.gov.cz\/cs\/wp-json\/wp\/v2\/comments?post=19941"}],"version-history":[{"count":0,"href":"https:\/\/apiagentura.gov.cz\/cs\/wp-json\/wp\/v2\/pages\/19941\/revisions"}],"up":[{"embeddable":true,"href":"https:\/\/apiagentura.gov.cz\/cs\/wp-json\/wp\/v2\/pages\/79"}],"wp:featuredmedia":[{"embeddable":true,"href":"https:\/\/apiagentura.gov.cz\/cs\/wp-json\/wp\/v2\/media\/19910"}],"wp:attachment":[{"href":"https:\/\/apiagentura.gov.cz\/cs\/wp-json\/wp\/v2\/media?parent=19941"}],"curies":[{"name":"wp","href":"https:\/\/api.w.org\/{rel}","templated":true}]}}