{"id":20301,"date":"2020-01-09T13:21:31","date_gmt":"2020-01-09T12:21:31","guid":{"rendered":"https:\/\/www.apiagentura.gov.cz\/?page_id=20301"},"modified":"2020-01-10T10:30:51","modified_gmt":"2020-01-10T09:30:51","slug":"cookies","status":"publish","type":"page","link":"https:\/\/apiagentura.gov.cz\/cs\/cookies\/","title":{"rendered":"Cookies"},"content":{"rendered":"<p><strong>Pokyny pro pou\u017e\u00edv\u00e1n\u00ed cookies<\/strong><\/p>\n<p>Cookies jsou mal\u00e9 soubory, kter\u00e9 webov\u00e1 str\u00e1nka p\u0159i n\u00e1v\u0161t\u011bv\u011b u\u017eivatele ukl\u00e1d\u00e1 do jeho notebooku, desktopov\u00e9ho nebo mobiln\u00edho za\u0159\u00edzen\u00ed. Z toho m\u016f\u017ee Agentura pro podnik\u00e1n\u00ed a inovace (d\u00e1le jen API) nap\u0159\u00edklad rozpoznat, zda mezi za\u0159\u00edzen\u00edm u\u017eivatele a webov\u00fdmi str\u00e1nkami API do\u0161lo ke vz\u00e1jemn\u00e9 komunikaci u\u017e v minulosti nebo kter\u00fd jazyk \u010di nastaven\u00ed u\u017eivatel preferuje. Soubory cookies mohou obsahovat osobn\u00ed \u00fadaje.<br \/>\nWebov\u00e9 str\u00e1nky API lze nav\u0161t\u00edvit i bez souhlasu s pou\u017e\u00edv\u00e1n\u00edm cookies. U\u017eivatel jejich pou\u017eit\u00ed m\u016f\u017ee odm\u00edtnout a cookies kdykoliv vymazat, pokud provede p\u0159\u00edslu\u0161n\u00e1 nastaven\u00ed ve sv\u00e9m za\u0159\u00edzen\u00ed. Nastaven\u00ed m\u016f\u017ee zm\u011bnit tak, \u017ee ve sv\u00e9m prohl\u00ed\u017ee\u010di aktivuje \u201eneakceptovat cookies\u201c. St\u00e1vaj\u00edc\u00ed cookies m\u016f\u017ee nav\u00edc kdykoliv vymazat. P\u0159esn\u00e9 nastaven\u00ed t\u00e9to funkce je k\u00a0nalezen\u00ed v n\u00e1vodu konkr\u00e9tn\u00edho prohl\u00ed\u017ee\u010de anebo v pokynech v\u00fdrobce za\u0159\u00edzen\u00ed. Pou\u017eit\u00ed cookies, stejn\u011b jako jejich odm\u00edtnut\u00ed nebo vymaz\u00e1n\u00ed, je spojeno s pou\u017e\u00edvan\u00fdm za\u0159\u00edzen\u00edm, a nav\u00edc s p\u0159\u00edslu\u0161n\u00fdm prohl\u00ed\u017ee\u010dem. Cookies je mo\u017en\u00e9 odm\u00edtnout, resp. vymazat, pro ka\u017ed\u00e9 za\u0159\u00edzen\u00ed a p\u0159i pou\u017eit\u00ed n\u011bkolika prohl\u00ed\u017ee\u010d\u016f tak\u00e9 pro ka\u017ed\u00fd prohl\u00ed\u017ee\u010d samostatn\u011b.<br \/>\nPokud se u\u017eivatel rozhodne cookies nevyu\u017e\u00edvat, m\u016f\u017ee se st\u00e1t, \u017ee nebude m\u00edt k dispozici v\u0161echny funkce webov\u00fdch str\u00e1nek API nebo bude m\u00edt jednotliv\u00e9 funkce k dispozici pouze omezen\u011b.<\/p>\n<p><strong>Vyhodnocen\u00ed u\u017eivatelsk\u00fdch \u00fadaj\u016f a pou\u017e\u00edv\u00e1n\u00ed analytick\u00fdch n\u00e1stroj\u016f<\/strong><\/p>\n<p>API se sna\u017e\u00ed c\u00edlen\u011b nastavovat sv\u00e9 webov\u00e9 str\u00e1nky pro pot\u0159eby n\u00e1v\u0161t\u011bvn\u00edk\u016f t\u011bchto str\u00e1nek, a neust\u00e1le tak zlep\u0161ovat svoji nab\u00eddku. Pro identifikaci preferenc\u00ed u\u017eivatel\u016f, zejm\u00e9na pak popul\u00e1rn\u00edch sekc\u00ed webov\u00fdch str\u00e1nek, pou\u017e\u00edv\u00e1 n\u00e1stroje anal\u00fdzy, p\u0159i kter\u00fdch mohou b\u00fdt \u00fadaje p\u0159eneseny do server\u016f um\u00edst\u011bn\u00fdch v zem\u00edch\u00a0mimo Evropskou unii a zde zpracov\u00e1v\u00e1ny. Pokud si u\u017eivatel nep\u0159eje, aby API shroma\u017e\u010fovala a vyhodnocovala informace uveden\u00fdch analytick\u00fdch n\u00e1stroj\u016f o jeho n\u00e1v\u0161t\u011bv\u011b na webov\u00fdch str\u00e1nk\u00e1ch API, m\u016f\u017ee proti takov\u00e9mu postupu kdykoliv vyslovit n\u00e1mitku (tzv. opt-out). Za \u00fa\u010delem technick\u00e9 realizace t\u00e9to n\u00e1mitky bude v jeho prohl\u00ed\u017ee\u010di ulo\u017een cookie opt-out. Tento cookie slou\u017e\u00ed pouze k\u00a0p\u0159i\u0159azen\u00ed konkr\u00e9tn\u00ed n\u00e1mitky u\u017eivatele. U\u017eivatel by m\u011bl m\u00edt na pam\u011bti, \u017ee cookie opt-out m\u016f\u017ee b\u00fdt z technick\u00fdch d\u016fvod\u016f pou\u017eit pouze pro prohl\u00ed\u017ee\u010d, z n\u011bho\u017e byl spu\u0161t\u011bn. Pokud u\u017eivatel cookies vyma\u017ee nebo pou\u017eije jin\u00fd prohl\u00ed\u017ee\u010d \u010di jin\u00e9 koncov\u00e9 za\u0159\u00edzen\u00ed, mus\u00ed opt-out prov\u00e9st opakovan\u011b.<\/p>\n<p>V r\u00e1mci vyhodnocov\u00e1n\u00ed t\u011bchto \u00fadaj\u016f API vyu\u017e\u00edv\u00e1 analytick\u00fd n\u00e1stroj spole\u010dnosti Google Inc.<\/p>\n<p>Tyto cookies umo\u017e\u0148uj\u00ed:<\/p>\n<ul>\n<li>identifikovat u\u017eivatele p\u0159i p\u0159ech\u00e1zen\u00ed mezi jednotliv\u00fdmi str\u00e1nkami webu a p\u0159i op\u011btovn\u00fdch n\u00e1v\u0161t\u011bv\u00e1ch, nebo pro pot\u0159eby zobrazen\u00ed r\u016fzn\u00fdch verz\u00ed webu v\u00a0p\u0159\u00edpad\u011b v\u00edce variant;<\/li>\n<li>zaznamenat si, \u017ee u\u017eivatel ud\u011blili souhlas s\u00a0pou\u017e\u00edv\u00e1n\u00edm cookies;<\/li>\n<li>zaji\u0161t\u011bn\u00ed bezpe\u010dnosti;<\/li>\n<li>evidovat, zkoumat a odstra\u0148ovat poruchy a nefunk\u010dn\u00ed sou\u010d\u00e1sti webu.<\/li>\n<\/ul>\n<p>D\u00e1le jsou do za\u0159\u00edzen\u00ed ulo\u017eeny cookies z webu, kter\u00e9 umo\u017e\u0148uj\u00ed:<\/p>\n<ul>\n<li>sledovat n\u00e1v\u0161t\u011bvnost webu, jeho jednotliv\u00fdch str\u00e1nek, vytv\u00e1\u0159et statistiky a p\u0159ehledy a m\u011b\u0159it \u00fa\u010dinnost p\u0159\u00edpadn\u00e9 reklamy;<\/li>\n<li>zobrazovat r\u016fzn\u00e9 varianty na\u0161eho webu nebo nov\u00fdch funkcionalit;<\/li>\n<li>p\u0159izp\u016fsobovat obsah webu.<\/li>\n<\/ul>\n<p>Takov\u00e9 cookies a dal\u0161\u00ed soubory jsou nezbytn\u00e9 pro fungov\u00e1n\u00ed webu. Pokud ve sv\u00e9m prohl\u00ed\u017ee\u010di u\u017eivatel zablokuje cookies, webov\u00e9 str\u00e1nky nemus\u00ed fungovat spr\u00e1vn\u011b.<\/p>\n<p><strong>Zpracov\u00e1n\u00ed osobn\u00edch \u00fadaj\u016f<\/strong><\/p>\n<p>V\u00a0n\u00e1vaznosti na implementaci po\u017eadavk\u016f na\u0159\u00edzen\u00ed Evropsk\u00e9ho parlamentu a rady (EU) 2016\/679 ze dne 27.\u00a0dubna 2016 o ochran\u011b fyzick\u00fdch osob v\u00a0souvislosti se zpracov\u00e1n\u00edm osobn\u00edch \u00fadaj\u016f a o voln\u00e9m pohybu t\u011bchto \u00fadaj\u016f a o zru\u0161en\u00ed sm\u011brnice 95\/46\/ES (d\u00e1le jen \u201eGDPR\u201c), zpracov\u00e1v\u00e1 Agentura pro podnik\u00e1n\u00ed a inovace (d\u00e1le jen \u201eSpr\u00e1vce), se s\u00eddlem \u017ditn\u00e1 566\/18, 120 00 Praha 2, I\u010cO: 05108861,osobn\u00ed \u00fadaje v\u00a0rozsahu, v\u00a0jak\u00e9m byli poskytnuty Spr\u00e1vci v\u00a0souvislosti s\u00a0procesem poskytov\u00e1n\u00ed podpory z\u00a0evropsk\u00fdch struktur\u00e1ln\u00edch a investi\u010dn\u00edch fond\u016f (d\u00e1le jen \u201eESI fondy\u201c) a pro \u00fa\u010dely pot\u0159eby realizace politiky soudr\u017enosti prost\u0159ednictv\u00edm ESI fond\u016f.<\/p>\n<p>Pr\u00e1vn\u00edm z\u00e1kladem pro zpracov\u00e1n\u00ed osobn\u00edch \u00fadaj\u016f je skute\u010dnost, \u017ee se jedn\u00e1 o nezbytn\u00e9 zpracov\u00e1n\u00ed pro spln\u011bn\u00ed pr\u00e1vn\u00edch povinnost\u00ed, kter\u00e9 plynou z\u00a0pr\u00e1vn\u00edch p\u0159edpis\u016f na \u00farovni \u010cR a EU. Jde zejm\u00e9na o pr\u00e1vn\u00ed povinnosti plynouc\u00ed z:<\/p>\n<ul>\n<li>Na\u0159\u00edzen\u00ed Rady (ES) \u010d. 1083\/2006 o\u00a0Evropsk\u00e9m fondu pro region\u00e1ln\u00ed rozvoj, Evropsk\u00e9m soci\u00e1ln\u00edm fondu a Fondu soudr\u017enosti a o\u00a0zru\u0161en\u00ed na\u0159\u00edzen\u00ed \u010d. 1260\/1999 a dal\u0161\u00edch relevantn\u00edch na\u0159\u00edzen\u00ed,<\/li>\n<li>Na\u0159\u00edzen\u00ed Evropsk\u00e9ho parlamentu a Rady (ES) \u010d. 1080\/2006 ze dne 5. \u010dervence 2006 o Evropsk\u00e9m fondu pro region\u00e1ln\u00ed rozvoj a o zru\u0161en\u00ed na\u0159\u00edzen\u00ed (ES) \u010d. 1783\/1999.<\/li>\n<\/ul>\n<p>D\u00e1le se jedn\u00e1 o nezbytn\u00e1 zpracov\u00e1n\u00ed pro spln\u011bn\u00ed pr\u00e1vn\u00edch povinnost\u00ed, kter\u00e1 plynou ze z\u00e1kona \u010d. 218\/2000 Sb., rozpo\u010dtov\u00e1 pravidla, ve zn\u011bn\u00ed pozd\u011bj\u0161\u00edch p\u0159edpis\u016f, a z\u00e1kona \u010d. 320\/2001 Sb., o finan\u010dn\u00ed kontrole, ve zn\u011bn\u00ed pozd\u011bj\u0161\u00edch p\u0159edpis\u016f.<\/p>\n<p>Zpracov\u00e1n\u00ed osobn\u00edch \u00fadaj\u016f prov\u00e1d\u00ed Spr\u00e1vce korektn\u011b, z\u00e1konn\u00fdm a transparentn\u00edm zp\u016fsobem. Ke zpracov\u00e1n\u00ed doch\u00e1z\u00ed prost\u0159ednictv\u00edm v\u00fdpo\u010detn\u00ed techniky, pop\u0159. i manu\u00e1ln\u00edm zp\u016fsobem u osobn\u00edch \u00fadaj\u016f v\u00a0listinn\u00e9 podob\u011b, za dodr\u017een\u00ed v\u0161ech bezpe\u010dnostn\u00edch z\u00e1sad pro spr\u00e1vu a zpracov\u00e1n\u00ed osobn\u00edch \u00fadaj\u016f.<\/p>\n<p>Spr\u00e1vce prim\u00e1rn\u011b vyu\u017e\u00edv\u00e1 pr\u00e1vn\u00ed tituly ke zpracov\u00e1n\u00ed osobn\u00edch \u00fadaj\u016f pro spln\u011bn\u00ed pr\u00e1vn\u00ed povinnosti, pro spln\u011bn\u00ed \u00fakol\u016f ve ve\u0159ejn\u00e9m z\u00e1jmu nebo p\u0159i v\u00fdkonu ve\u0159ejn\u00e9 moci a k\u00a0pln\u011bn\u00ed nezbytn\u00e9m pro spln\u011bn\u00ed smlouvy. Spr\u00e1vce m\u016f\u017ee vyu\u017e\u00edvat i ostatn\u00edch pr\u00e1vn\u00edch titul\u016f jako je souhlas se zpracov\u00e1n\u00edm osobn\u00edch \u00fadaj\u016f poskytnut\u00fd Subjektem \u00fadaj\u016f a pro opr\u00e1vn\u011bn\u00e9 z\u00e1jmy spr\u00e1vce.<\/p>\n<p>V\u00a0souladu s\u00a0\u010dl. 12 GDPR informuje Spr\u00e1vce Subjekt \u00fadaj\u016f, na jeho \u017e\u00e1dost, o pr\u00e1vu na p\u0159\u00edstup k\u00a0osobn\u00edm \u00fadaj\u016fm a k\u00a0n\u00e1sleduj\u00edc\u00edm informac\u00edm o:<\/p>\n<ul>\n<li>\u00fa\u010delu zpracov\u00e1n\u00ed,<\/li>\n<li>kategorii dot\u010den\u00fdch osobn\u00edch \u00fadaj\u016f,<\/li>\n<li>p\u0159\u00edjemci nebo kategorii p\u0159\u00edjemc\u016f, kter\u00fdm osobn\u00ed \u00fadaje byly nebo budou zp\u0159\u00edstupn\u011bny,<\/li>\n<li>pl\u00e1novan\u00e9 dob\u011b, po kterou budou osobn\u00ed \u00fadaje ulo\u017eeny,<\/li>\n<li>ve\u0161ker\u00fdch dostupn\u00fdch informac\u00edch o zdroji osobn\u00edch \u00fadaj\u016f,<\/li>\n<li>skute\u010dnosti, zda doch\u00e1z\u00ed k\u00a0automatizovan\u00e9mu rozhodov\u00e1n\u00ed, v\u010detn\u011b profilov\u00e1n\u00ed.<\/li>\n<\/ul>\n<p>Ka\u017ed\u00fd Subjekt \u00fadaj\u016f m\u00e1 pr\u00e1vo:<\/p>\n<ul>\n<li>po\u017eadovat opravu nep\u0159esn\u00fdch osobn\u00edch \u00fadaj\u016f (pokud se domn\u00edv\u00e1, \u017ee jeho osobn\u00ed \u00fadaje zpracov\u00e1van\u00e9 Spr\u00e1vcem jsou nep\u0159esn\u00e9),<\/li>\n<li>po\u017eadovat omezen\u00ed jejich zpracov\u00e1n\u00ed,<\/li>\n<li>po\u017eadovat dopln\u011bn\u00ed nebo vymaz\u00e1n\u00ed osobn\u00edch \u00fadaj\u016f bez zbyte\u010dn\u00e9ho odkladu,<\/li>\n<li>podat st\u00ed\u017enost u dozorov\u00e9ho org\u00e1nu,<\/li>\n<li>v\u00a0p\u0159\u00edpad\u011b, \u017ee dojde k\u00a0poru\u0161en\u00ed zabezpe\u010den\u00ed osobn\u00edch \u00fadaj\u016f, kter\u00e9 bude m\u00edt za n\u00e1sledek vysok\u00e9 riziko pro pr\u00e1va a svobody Subjektu \u00fadaj\u016f, bude Subjektu \u00fadaj\u016f toto bez zbyte\u010dn\u00e9ho odkladu ozn\u00e1meno,<\/li>\n<\/ul>\n<p>Spr\u00e1vce poskytne Subjektu \u00fadaj\u016f na z\u00e1klad\u011b jeho \u017e\u00e1dosti informace uveden\u00e9 v\u00a0\u010dl. 13, 14 a 15 GDPR. Spr\u00e1vce m\u00e1 pr\u00e1vo za poskytnut\u00ed informace po\u017eadovat po Subjektu \u00fadaj\u016f p\u0159im\u011b\u0159enou \u00fahradu nep\u0159evy\u0161uj\u00edc\u00ed n\u00e1klady nezbytn\u00e9 na poskytnut\u00ed informace.<\/p>\n<p>Sv\u00e1 pr\u00e1va v\u016f\u010di Spr\u00e1vci osobn\u00edch \u00fadaj\u016f, tj. Agentu\u0159e pro podnik\u00e1n\u00ed a inovace, uplat\u0148uje Subjekt \u00fadaj\u016f cestou kontaktn\u00ed osoby ve v\u011bci zpracov\u00e1n\u00ed osobn\u00edch \u00fadaj\u016f, tj. prost\u0159ednictv\u00edm pov\u011b\u0159ence pro ochranu osobn\u00edch \u00fadaj\u016f \u2013 tel.: +420\u00a0224\u00a0851 111; email: poverenec@mpo.cz.<\/p>\n<p>V\u00fd\u0161e uveden\u00e1 pr\u00e1va m\u016f\u017ee Subjekt \u00fadaj\u016f uplatnit prost\u0159ednictv\u00edm formul\u00e1\u0159e \u201e\u017d\u00e1dost Subjektu osobn\u00edch \u00fadaj\u016f\u201c uveden\u00e9ho <a href=\"https:\/\/www.apiagentura.gov.cz\/wp-content\/uploads\/2019\/10\/3-zadost-subjektu-osobnich-udaju.pdf\">zde<\/a>.<\/p>","protected":false},"excerpt":{"rendered":"<p>Pokyny pro pou\u017e\u00edv\u00e1n\u00ed cookies Cookies jsou mal\u00e9 soubory, kter\u00e9 webov\u00e1 str\u00e1nka p\u0159i n\u00e1v\u0161t\u011bv\u011b u\u017eivatele ukl\u00e1d\u00e1 do jeho notebooku, desktopov\u00e9ho nebo mobiln\u00edho za\u0159\u00edzen\u00ed. Z toho m\u016f\u017ee Agentura pro podnik\u00e1n\u00ed a inovace (d\u00e1le jen API) nap\u0159\u00edklad rozpoznat, zda mezi za\u0159\u00edzen\u00edm u\u017eivatele a webov\u00fdmi str\u00e1nkami API do\u0161lo ke vz\u00e1jemn\u00e9 komunikaci u\u017e v minulosti nebo kter\u00fd jazyk \u010di nastaven\u00ed [&hellip;]<\/p>\n","protected":false},"author":35,"featured_media":0,"parent":0,"menu_order":0,"comment_status":"closed","ping_status":"closed","template":"","meta":{"inline_featured_image":false,"footnotes":""},"class_list":["post-20301","page","type-page","status-publish","hentry"],"publishpress_future_action":{"enabled":false,"date":"2026-05-07 06:41:58","action":"change-status","newStatus":"draft","terms":[],"taxonomy":"","extraData":[]},"publishpress_future_workflow_manual_trigger":{"enabledWorkflows":[]},"_links":{"self":[{"href":"https:\/\/apiagentura.gov.cz\/cs\/wp-json\/wp\/v2\/pages\/20301","targetHints":{"allow":["GET"]}}],"collection":[{"href":"https:\/\/apiagentura.gov.cz\/cs\/wp-json\/wp\/v2\/pages"}],"about":[{"href":"https:\/\/apiagentura.gov.cz\/cs\/wp-json\/wp\/v2\/types\/page"}],"author":[{"embeddable":true,"href":"https:\/\/apiagentura.gov.cz\/cs\/wp-json\/wp\/v2\/users\/35"}],"replies":[{"embeddable":true,"href":"https:\/\/apiagentura.gov.cz\/cs\/wp-json\/wp\/v2\/comments?post=20301"}],"version-history":[{"count":0,"href":"https:\/\/apiagentura.gov.cz\/cs\/wp-json\/wp\/v2\/pages\/20301\/revisions"}],"wp:attachment":[{"href":"https:\/\/apiagentura.gov.cz\/cs\/wp-json\/wp\/v2\/media?parent=20301"}],"curies":[{"name":"wp","href":"https:\/\/api.w.org\/{rel}","templated":true}]}}