{"id":21016,"date":"2020-02-17T14:57:52","date_gmt":"2020-02-17T13:57:52","guid":{"rendered":"https:\/\/www.apiagentura.gov.cz\/?page_id=21016"},"modified":"2020-04-29T14:59:29","modified_gmt":"2020-04-29T12:59:29","slug":"technologie-vyzva-xi-pro-zacinajici-podniky","status":"publish","type":"page","link":"https:\/\/apiagentura.gov.cz\/cs\/programy-podpory\/technologie\/technologie-vyzva-xi-pro-zacinajici-podniky\/","title":{"rendered":"Technologie &#8211; V\u00fdzva XI (pro za\u010d\u00ednaj\u00edc\u00ed podniky)"},"content":{"rendered":"<p><\/p>\n<table class=\"call-detail\" style=\"height: 265px;\" width=\"668\">\n<tbody>\n<tr>\n<td style=\"width: 215px;\" rowspan=\"2\">Na co lze z\u00edskat podporu\u00a0(podporovan\u00e9 aktivity):<\/p>\n<ul>\n<li>podporov\u00e1ny budou podnikatelsk\u00e9 z\u00e1m\u011bry mal\u00fdch podnik\u016f, kter\u00e9 vznikly v obdob\u00ed od 1. 1. 2015 (v\u010detn\u011b) do 31. 12. 2018 (v\u010detn\u011b), a to na po\u0159\u00edzen\u00ed nov\u00fdch stroj\u016f, technologick\u00fdch za\u0159\u00edzen\u00ed a vybaven\u00ed<\/li>\n<\/ul>\n<p>Kdo m\u016f\u017ee \u017e\u00e1dat\u00a0(p\u0159\u00edjemci podpory):<\/p>\n<ul>\n<li>mal\u00e9 podniky<\/li>\n<\/ul>\n<p>FAQ:<\/p>\n<ul>\n<li>\u010dasto kladen\u00e9 dotazy k programu Technologie k dispozici\u00a0<a href=\"https:\/\/www.apiagentura.gov.cz\/cs\/radce\/faq\/faq-program-technologie\/\">ZDE<\/a><\/li>\n<\/ul>\n<p>Syst\u00e9m sb\u011bru \u017e\u00e1dost\u00ed:<\/p>\n<ul>\n<li>pr\u016fb\u011b\u017en\u00fd<\/li>\n<\/ul>\n<\/td>\n<td style=\"width: 215px;\">Kolik lze z\u00edskat na jeden projekt\u00a0(forma a v\u00fd\u0161e podpory):<\/p>\n<ul>\n<li>dotace na projekt je poskytov\u00e1na minim\u00e1ln\u011b ve v\u00fd\u0161i 450 tis. K\u010d a maxim\u00e1ln\u011b do v\u00fd\u0161e 1,5 mil. K\u010d<\/li>\n<li>v \u017e\u00e1dosti o podporu bude dotace v\u017edy uvedena jako \u010d\u00e1stka rovnaj\u00edc\u00ed se maxim\u00e1ln\u011b 45 % z prok\u00e1zan\u00fdch zp\u016fsobil\u00fdch v\u00fddaj\u016f<\/li>\n<\/ul>\n<\/td>\n<td style=\"width: 216px;\"><img loading=\"lazy\" decoding=\"async\" class=\"alignnone size-full wp-image-21018\" src=\"https:\/\/www.apiagentura.gov.cz\/wp-content\/uploads\/2020\/02\/technologie-768.png\" alt=\"\" width=\"768\" height=\"768\" srcset=\"https:\/\/apiagentura.gov.cz\/wp-content\/uploads\/2020\/02\/technologie-768.png 768w, https:\/\/apiagentura.gov.cz\/wp-content\/uploads\/2020\/02\/technologie-768-150x150.png 150w, https:\/\/apiagentura.gov.cz\/wp-content\/uploads\/2020\/02\/technologie-768-300x300.png 300w\" sizes=\"auto, (max-width: 768px) 100vw, 768px\" \/><\/td>\n<\/tr>\n<tr>\n<td style=\"width: 215px;\">Jak\u00e9 v\u00fddaje je mo\u017en\u00e9 podpo\u0159it\u00a0(zp\u016fsobil\u00e9 v\u00fddaje):<\/p>\n<ul>\n<li>dlouhodob\u00fd hmotn\u00fd majetek<\/li>\n<li>dlouhodob\u00fd nehmotn\u00fd majetek &#8211;\u00a0n\u00e1klady na po\u0159\u00edzen\u00ed patentov\u00fdch licenc\u00ed nezbytn\u00fdch pro \u0159\u00e1dn\u00fd provoz stroj\u016f a za\u0159\u00edzen\u00ed a SW s vazbou na stroje a za\u0159\u00edzen\u00ed a v\u00fdstupy po\u0159\u00edzen\u00e9 v r\u00e1mci p\u0159edm\u011btn\u00e9ho projektu<\/li>\n<\/ul>\n<\/td>\n<td style=\"width: 216px;\" rowspan=\"2\">Specifika a omezen\u00ed:<\/p>\n<ul>\n<li>projekt mus\u00ed b\u00fdt realizov\u00e1n na \u00fazem\u00ed \u010cR mimo NUTS 2 Praha<\/li>\n<li>ka\u017ed\u00fd \u017eadatel (1 I\u010c) je v t\u00e9to V\u00fdzv\u011b opr\u00e1vn\u011bn p\u0159edlo\u017eit maxim\u00e1ln\u011b 1 projekt<\/li>\n<li>podporu nelze poskytnout na prostou obnovu st\u00e1vaj\u00edc\u00edho strojn\u00edho za\u0159\u00edzen\u00ed<\/li>\n<\/ul>\n<\/td>\n<\/tr>\n<tr>\n<td style=\"width: 215px;\" colspan=\"2\"><img loading=\"lazy\" decoding=\"async\" class=\"alignnone size-large wp-image-21040\" src=\"https:\/\/www.apiagentura.gov.cz\/wp-content\/uploads\/2020\/02\/tech-xi-1072x500-1024x478.png\" alt=\"\" width=\"1024\" height=\"478\" srcset=\"https:\/\/apiagentura.gov.cz\/wp-content\/uploads\/2020\/02\/tech-xi-1072x500-1024x478.png 1024w, https:\/\/apiagentura.gov.cz\/wp-content\/uploads\/2020\/02\/tech-xi-1072x500-300x140.png 300w, https:\/\/apiagentura.gov.cz\/wp-content\/uploads\/2020\/02\/tech-xi-1072x500-768x358.png 768w, https:\/\/apiagentura.gov.cz\/wp-content\/uploads\/2020\/02\/tech-xi-1072x500.png 1072w\" sizes=\"auto, (max-width: 1024px) 100vw, 1024px\" \/><\/td>\n<\/tr>\n<\/tbody>\n<\/table>\n<p><\/p>","protected":false},"excerpt":{"rendered":"<p>C\u00edlem V\u00fdzvy je podpora zvy\u0161ov\u00e1n\u00ed po\u010dtu realizovan\u00fdch nov\u00fdch podnikatelsk\u00fdch z\u00e1m\u011br\u016f mal\u00fdch podnik\u016f, p\u0159isp\u00edvaj\u00edc\u00edch rozvoji region\u016f a zvy\u0161ov\u00e1n\u00ed zam\u011bstnanosti.<\/p>\n","protected":false},"author":1,"featured_media":0,"parent":124,"menu_order":0,"comment_status":"closed","ping_status":"closed","template":"","meta":{"inline_featured_image":false,"footnotes":""},"class_list":["post-21016","page","type-page","status-publish","hentry"],"publishpress_future_action":{"enabled":false,"date":"2026-05-02 06:18:53","action":"change-status","newStatus":"draft","terms":[],"taxonomy":"","extraData":[]},"publishpress_future_workflow_manual_trigger":{"enabledWorkflows":[]},"_links":{"self":[{"href":"https:\/\/apiagentura.gov.cz\/cs\/wp-json\/wp\/v2\/pages\/21016","targetHints":{"allow":["GET"]}}],"collection":[{"href":"https:\/\/apiagentura.gov.cz\/cs\/wp-json\/wp\/v2\/pages"}],"about":[{"href":"https:\/\/apiagentura.gov.cz\/cs\/wp-json\/wp\/v2\/types\/page"}],"author":[{"embeddable":true,"href":"https:\/\/apiagentura.gov.cz\/cs\/wp-json\/wp\/v2\/users\/1"}],"replies":[{"embeddable":true,"href":"https:\/\/apiagentura.gov.cz\/cs\/wp-json\/wp\/v2\/comments?post=21016"}],"version-history":[{"count":0,"href":"https:\/\/apiagentura.gov.cz\/cs\/wp-json\/wp\/v2\/pages\/21016\/revisions"}],"up":[{"embeddable":true,"href":"https:\/\/apiagentura.gov.cz\/cs\/wp-json\/wp\/v2\/pages\/124"}],"wp:attachment":[{"href":"https:\/\/apiagentura.gov.cz\/cs\/wp-json\/wp\/v2\/media?parent=21016"}],"curies":[{"name":"wp","href":"https:\/\/api.w.org\/{rel}","templated":true}]}}