{"id":21593,"date":"2020-03-18T09:38:32","date_gmt":"2020-03-18T08:38:32","guid":{"rendered":"https:\/\/www.apiagentura.gov.cz\/?page_id=21593"},"modified":"2023-02-03T16:46:52","modified_gmt":"2023-02-03T15:46:52","slug":"sluzby-infrastruktury-vyzva-vii","status":"publish","type":"page","link":"https:\/\/apiagentura.gov.cz\/cs\/programy-podpory\/sluzby-infrastruktury\/sluzby-infrastruktury-vyzva-vii\/","title":{"rendered":"Slu\u017eby infrastruktury &#8211; V\u00fdzva VII"},"content":{"rendered":"<p><strong>Upozorn\u011bn\u00ed pro \u017eadatele a p\u0159\u00edjemce:<\/strong><\/p>\n<p><strong>30. 1. 2023:<\/strong> Ministerstvo pr\u016fmyslu a obchodu dne 30. 1. 2023 uve\u0159ejnilo Metodick\u00fd pokyn \u010d. 39, kter\u00fdm se upravuje postup nav\u00fd\u0161en\u00ed poskytnut\u00e9 dotace v p\u0159\u00edpad\u011b nav\u00fd\u0161en\u00ed cen stavebn\u00edch prac\u00ed jako zp\u016fsobil\u00e9ho v\u00fddaje projektu u programu podpory Slu\u017eby infrastruktury. K tomuto kroku ministerstvo p\u0159istoupilo z d\u016fvodu v\u00fdrazn\u00e9ho r\u016fstu inflace, zejm\u00e9na zv\u00fd\u0161en\u00ed cen stavebn\u00edch materi\u00e1l\u016f a cen energi\u00ed s c\u00edlem umo\u017enit \u00fasp\u011b\u0161n\u00e9 dokon\u010den\u00ed investi\u010dn\u011b n\u00e1ro\u010dn\u00fdch projekt\u016f na podporu rozvoje region\u00e1ln\u00ed v\u00fdzkumn\u00e9 a inova\u010dn\u00ed infrastruktury.<\/p>\n<table class=\"call-detail\" style=\"height: 240px;\" width=\"581\">\n<tbody>\n<tr style=\"height: 194px;\">\n<td style=\"width: 192px; height: 218px;\" rowspan=\"2\"><strong>Na co lze z\u00edskat podporu\u00a0(podporovan\u00e9 aktivity):<\/strong><\/p>\n<ul>\n<li>poskytov\u00e1n\u00ed slu\u017eeb inova\u010dn\u00edm podnik\u016fm (A)<\/li>\n<li>provozov\u00e1n\u00ed inova\u010dn\u00ed infrastruktury (B)<\/li>\n<li>roz\u0161\u00ed\u0159en\u00ed prostor inova\u010dn\u00ed infrastruktury, po\u0159\u00edzen\u00ed nov\u00e9ho vybaven\u00ed a zlep\u0161en\u00ed kapacit pro<br \/>\nspole\u010dn\u00e9 vyu\u017e\u00edv\u00e1n\u00ed technologi\u00ed (C)<\/li>\n<li>v\u00fdstavba nov\u00e9 sd\u00edlen\u00e9 inova\u010dn\u00ed infrastruktury (D)<\/li>\n<\/ul>\n<p><strong>Kdo m\u016f\u017ee \u017e\u00e1dat\u00a0(p\u0159\u00edjemci podpory):<\/strong><\/p>\n<ul>\n<li>mal\u00e9, st\u0159edn\u00ed i velk\u00e9 podniky<\/li>\n<li>\u017eadatelem mohou<br \/>\nb\u00fdt i podniky vlastn\u011bn\u00e9 a\u017e ze 100 % ve\u0159ejn\u00fdm sektorem<\/li>\n<\/ul>\n<p><strong>FAQ:<\/strong><\/p>\n<ul>\n<li>\u010dasto kladen\u00e9 dotazy k programu Slu\u017eby infrastruktury k dispozici\u00a0<a href=\"https:\/\/www.apiagentura.gov.cz\/cs\/radce\/faq\/faq-program-sluzby-infrastruktury\/\">ZDE<\/a><\/li>\n<\/ul>\n<p><strong>Syst\u00e9m sb\u011bru \u017e\u00e1dost\u00ed:<\/strong><\/p>\n<ul>\n<li>jednokolov\u00fd<\/li>\n<\/ul>\n<p>&nbsp;<\/p>\n<p>&nbsp;<\/td>\n<td style=\"width: 197px; height: 194px;\"><strong>Kolik lze z\u00edskat na jeden projekt\u00a0(forma a v\u00fd\u0161e podpory):<\/strong><\/p>\n<p>Pro aktivitu A:<\/p>\n<ul>\n<li>dotace na projekt p\u0159\u00edjemci poskytov\u00e1na minim\u00e1ln\u011b ve v\u00fd\u0161i 1 mil. K\u010d a maxim\u00e1ln\u011b do v\u00fd\u0161e 15 mil. K\u010d.<\/li>\n<li>dotace na slu\u017eby pro kone\u010dn\u00e9ho p\u0159\u00edjemce &#8211; konkr\u00e9tn\u00edho MSP je poskytov\u00e1na minim\u00e1ln\u011b ve v\u00fd\u0161i 50 tis. K\u010d a maxim\u00e1ln\u011b do v\u00fd\u0161e 250 tis. K\u010d.<\/li>\n<\/ul>\n<p>Pro aktivity B, C a D:<\/p>\n<ul>\n<li>1 &#8211; 30 mil. K\u010d v p\u0159\u00edpad\u011b projekt\u016f neobsahuj\u00edc\u00edch stavebn\u00ed pr\u00e1ce<\/li>\n<li>5 &#8211; 200 mil. K\u010d v p\u0159\u00edpad\u011b projekt\u016f obsahuj\u00edc\u00edch stavebn\u00ed pr\u00e1ce<\/li>\n<\/ul>\n<\/td>\n<td style=\"width: 170px; height: 194px;\"><img loading=\"lazy\" decoding=\"async\" class=\"alignnone size-full wp-image-21594\" src=\"https:\/\/www.apiagentura.gov.cz\/wp-content\/uploads\/2020\/03\/sluzby-infrastruktury-768.png\" alt=\"\" width=\"768\" height=\"768\" srcset=\"https:\/\/apiagentura.gov.cz\/wp-content\/uploads\/2020\/03\/sluzby-infrastruktury-768.png 768w, https:\/\/apiagentura.gov.cz\/wp-content\/uploads\/2020\/03\/sluzby-infrastruktury-768-150x150.png 150w, https:\/\/apiagentura.gov.cz\/wp-content\/uploads\/2020\/03\/sluzby-infrastruktury-768-300x300.png 300w, https:\/\/apiagentura.gov.cz\/wp-content\/uploads\/2020\/03\/sluzby-infrastruktury-768-50x50.png 50w, https:\/\/apiagentura.gov.cz\/wp-content\/uploads\/2020\/03\/sluzby-infrastruktury-768-500x500.png 500w\" sizes=\"auto, (max-width: 768px) 100vw, 768px\" \/><\/td>\n<\/tr>\n<tr style=\"height: 24px;\">\n<td style=\"width: 197px; height: 24px;\"><strong>Jak\u00e9 v\u00fddaje je mo\u017en\u00e9 podpo\u0159it\u00a0(zp\u016fsobil\u00e9 v\u00fddaje):<\/strong><\/p>\n<p>V r\u00e1mci aktivity A:<\/p>\n<ul>\n<li>osobn\u00ed n\u00e1klady spojen\u00e9 s poskytov\u00e1n\u00edm poradensk\u00fdch slu\u017eeb kone\u010dn\u00fdm p\u0159\u00edjemc\u016fm<\/li>\n<li>n\u00e1kup extern\u00edch poradensk\u00fdch slu\u017eeb<\/li>\n<li>marketing a propagace<\/li>\n<li>re\u017eijn\u00ed n\u00e1klady<\/li>\n<\/ul>\n<p>V r\u00e1mci aktivit B, C a D:<\/p>\n<ul>\n<li>dlouhodob\u00fd hmotn\u00fd majetek<\/li>\n<li>dlouhodob\u00fd nehmotn\u00fd majetek<\/li>\n<li>provozn\u00ed n\u00e1klady, zejm\u00e9na slu\u017eby poradc\u016f, expert\u016f, studie, \u0161kolen\u00ed, semin\u00e1\u0159e, apod.<\/li>\n<li>n\u00e1klady na povinnou publicitu projektu<\/li>\n<li>projektov\u00e1 dokumentace<\/li>\n<\/ul>\n<\/td>\n<td style=\"width: 170px; height: 46px;\" rowspan=\"2\"><strong>Specifika a omezen\u00ed:<\/strong><\/p>\n<ul>\n<li>ka\u017ed\u00fd \u017eadatel o podporu (1 I\u010c) je v r\u00e1mci podporovan\u00e9 aktivity A opr\u00e1vn\u011bn p\u0159edlo\u017eit<br \/>\nmaxim\u00e1ln\u011b jeden projekt<\/li>\n<li>ka\u017ed\u00fd \u017eadatel (1 I\u010c) je v r\u00e1mci podporovan\u00fdch aktivit B, C a D opr\u00e1vn\u011bn p\u0159edlo\u017eit<br \/>\nmaxim\u00e1ln\u011b dva projekty<\/li>\n<li>projekt mus\u00ed b\u00fdt realizov\u00e1n na \u00fazem\u00ed \u010cR mimo \u00fazem\u00ed NUTS 2 Praha<\/li>\n<\/ul>\n<\/td>\n<\/tr>\n<tr style=\"height: 22px;\">\n<td style=\"width: 395px; height: 22px;\" colspan=\"2\"><img loading=\"lazy\" decoding=\"async\" class=\"alignnone size-large wp-image-21660\" src=\"https:\/\/www.apiagentura.gov.cz\/wp-content\/uploads\/2020\/03\/si-vii-1072x500-1024x478.png\" alt=\"\" width=\"1024\" height=\"478\" srcset=\"https:\/\/apiagentura.gov.cz\/wp-content\/uploads\/2020\/03\/si-vii-1072x500-1024x478.png 1024w, https:\/\/apiagentura.gov.cz\/wp-content\/uploads\/2020\/03\/si-vii-1072x500-300x140.png 300w, https:\/\/apiagentura.gov.cz\/wp-content\/uploads\/2020\/03\/si-vii-1072x500-768x358.png 768w, https:\/\/apiagentura.gov.cz\/wp-content\/uploads\/2020\/03\/si-vii-1072x500-150x70.png 150w, https:\/\/apiagentura.gov.cz\/wp-content\/uploads\/2020\/03\/si-vii-1072x500-500x233.png 500w, https:\/\/apiagentura.gov.cz\/wp-content\/uploads\/2020\/03\/si-vii-1072x500.png 1072w\" sizes=\"auto, (max-width: 1024px) 100vw, 1024px\" \/><\/td>\n<\/tr>\n<\/tbody>\n<\/table>\n<p><\/p>","protected":false},"excerpt":{"rendered":"<p>C\u00edlem v\u00fdzvy je prost\u0159ednictv\u00edm podpory zkvalit\u0148ovat slu\u017eby podp\u016frn\u00e9 inova\u010dn\u00ed infrastruktury, kter\u00e1 povede ke zv\u00fd\u0161en\u00ed intenzity spole\u010dn\u00fdch v\u00fdzkumn\u00fdch, v\u00fdvojov\u00fdch a inova\u010dn\u00edch aktivit mezi podnikatelsk\u00fdmi subjekty a mezi ve\u0159ejn\u00fdm a podnikov\u00fdm sektorem zam\u011b\u0159en\u00fdm zejm\u00e9na na  realizaci nov\u00fdch technologi\u00ed a konkurenceschopn\u00fdch v\u00fdrobk\u016f a slu\u017eeb.<\/p>\n","protected":false},"author":1,"featured_media":0,"parent":120,"menu_order":0,"comment_status":"closed","ping_status":"closed","template":"","meta":{"inline_featured_image":false,"footnotes":""},"class_list":["post-21593","page","type-page","status-publish","hentry"],"publishpress_future_action":{"enabled":false,"date":"2026-05-07 03:27:21","action":"change-status","newStatus":"draft","terms":[],"taxonomy":"","extraData":[]},"publishpress_future_workflow_manual_trigger":{"enabledWorkflows":[]},"_links":{"self":[{"href":"https:\/\/apiagentura.gov.cz\/cs\/wp-json\/wp\/v2\/pages\/21593","targetHints":{"allow":["GET"]}}],"collection":[{"href":"https:\/\/apiagentura.gov.cz\/cs\/wp-json\/wp\/v2\/pages"}],"about":[{"href":"https:\/\/apiagentura.gov.cz\/cs\/wp-json\/wp\/v2\/types\/page"}],"author":[{"embeddable":true,"href":"https:\/\/apiagentura.gov.cz\/cs\/wp-json\/wp\/v2\/users\/1"}],"replies":[{"embeddable":true,"href":"https:\/\/apiagentura.gov.cz\/cs\/wp-json\/wp\/v2\/comments?post=21593"}],"version-history":[{"count":0,"href":"https:\/\/apiagentura.gov.cz\/cs\/wp-json\/wp\/v2\/pages\/21593\/revisions"}],"up":[{"embeddable":true,"href":"https:\/\/apiagentura.gov.cz\/cs\/wp-json\/wp\/v2\/pages\/120"}],"wp:attachment":[{"href":"https:\/\/apiagentura.gov.cz\/cs\/wp-json\/wp\/v2\/media?parent=21593"}],"curies":[{"name":"wp","href":"https:\/\/api.w.org\/{rel}","templated":true}]}}