{"id":21772,"date":"2020-03-25T11:30:47","date_gmt":"2020-03-25T10:30:47","guid":{"rendered":"https:\/\/www.apiagentura.gov.cz\/?page_id=21772"},"modified":"2020-12-03T13:37:28","modified_gmt":"2020-12-03T12:37:28","slug":"partnerstvi-znalostniho-transferu-vyzva-vi","status":"publish","type":"page","link":"https:\/\/apiagentura.gov.cz\/cs\/programy-podpory\/partnerstvi-znalostniho-transferu\/partnerstvi-znalostniho-transferu-vyzva-vi\/","title":{"rendered":"Partnerstv\u00ed znalostn\u00edho transferu \u2013 V\u00fdzva VI"},"content":{"rendered":"<p><\/p>\n<h4>Upozorn\u011bn\u00ed pro \u017eadatele<\/h4>\n<p>Pokud jsou v\u00a0r\u00e1mci \u017d\u00e1dosti o platbu n\u00e1rokov\u00e1ny osobn\u00ed n\u00e1klady zam\u011bstnanc\u016f ve zp\u016fsobil\u00fdch v\u00fddaj\u00edch projektu, <strong>jsou \u017eadatel\u00e9 od <\/strong><strong>6.10.2020 povinni dolo\u017eit na z\u00e1klad\u011b v\u00fdzvy projektov\u00e9ho mana\u017eera vzorek mzdov\u00fdch list\u016f<\/strong> n\u00e1rokovan\u00fdch zam\u011bstnanc\u016f.\u00a0Jedn\u00e1 se o n\u00e1pravn\u00e9 opat\u0159en\u00ed pro sn\u00ed\u017een\u00ed chybovosti p\u0159i vypl\u0148ov\u00e1n\u00ed mzdov\u00e9 tabulky ze strany \u017eadatel\u016f.<\/p>\n<p>&nbsp;<\/p>\n<table class=\"call-detail\" style=\"height: 242px;\" width=\"613\">\n<tbody>\n<tr>\n<td style=\"width: 197px;\" rowspan=\"2\"><strong>Na co lze z\u00edskat podporu\u00a0(podporovan\u00e9 aktivity):<\/strong><\/p>\n<ul>\n<li>vytvo\u0159en\u00ed partnerstv\u00ed mezi mal\u00fdm a st\u0159edn\u00edm podnikem a organizac\u00ed pro v\u00fdzkum a \u0161\u00ed\u0159en\u00ed znalost\u00ed za \u00fa\u010delem transferu znalost\u00ed, souvisej\u00edc\u00edch technologi\u00ed a dovednost\u00ed, ke kter\u00fdm podnik nem\u00e1 p\u0159\u00edstup<\/li>\n<li>podm\u00ednkou je zam\u011b\u0159en\u00ed na minim\u00e1ln\u011b jednu z n\u00e1sleduj\u00edc\u00edch aktivit<\/li>\n<\/ul>\n<p style=\"padding-left: 30px;\">a) zlep\u0161en\u00ed v\u00fdrobn\u00edch proces\u016f<br \/>\nb) v\u00fdvoj\/inovace nov\u00fdch produkt\u016f a slu\u017eeb nebo inovace procesu p\u0159i v\u00fdvoji a zav\u00e1d\u011bn\u00ed nov\u00fdch<br \/>\nprodukt\u016f a slu\u017eeb v\u010detn\u011b designu<br \/>\nc) zlep\u0161en\u00ed podnikov\u00fdch proces\u016f v\u010detn\u011b procesu produktov\u00e9 certifikace<\/p>\n<p><strong>Kdo m\u016f\u017ee \u017e\u00e1dat\u00a0(p\u0159\u00edjemci podpory):<\/strong><\/p>\n<ul>\n<li>mal\u00e9 a st\u0159edn\u00ed podniky<\/li>\n<li>znalostn\u00ed organizace<\/li>\n<\/ul>\n<p><strong>FAQ:<\/strong><\/p>\n<ul>\n<li>\u010dasto kladen\u00e9 dotazy k programu Partnerstv\u00ed znalostn\u00edho transferu k dispozici\u00a0<a href=\"https:\/\/www.apiagentura.gov.cz\/cs\/radce\/faq\/faq-program-partnerstvi-znalostniho-transferu\/\">ZDE<\/a><\/li>\n<\/ul>\n<p><strong>Syst\u00e9m sb\u011bru \u017e\u00e1dost\u00ed:<\/strong><\/p>\n<ul>\n<li>jednokolov\u00fd<\/li>\n<\/ul>\n<p>&nbsp;<\/td>\n<td style=\"width: 197px;\"><strong>Kolik lze z\u00edskat na jeden projekt\u00a0(forma a v\u00fd\u0161e podpory):<\/strong><\/p>\n<ul>\n<li>dotace na projekt je poskytov\u00e1na minim\u00e1ln\u011b ve v\u00fd\u0161i 500 tis. K\u010d a maxim\u00e1ln\u011b do v\u00fd\u0161e 5 mil. K\u010d<\/li>\n<li>dotace bude poskytov\u00e1na do maxim\u00e1ln\u00ed v\u00fd\u0161e\u00a0 \u00a0 70 % pro v\u0161echny typy \u017eadatel\u016f<\/li>\n<\/ul>\n<\/td>\n<td style=\"width: 197px;\"><img loading=\"lazy\" decoding=\"async\" class=\"alignnone size-full wp-image-21773\" src=\"https:\/\/www.apiagentura.gov.cz\/wp-content\/uploads\/2020\/03\/pzt-768.png\" alt=\"\" width=\"768\" height=\"768\" srcset=\"https:\/\/apiagentura.gov.cz\/wp-content\/uploads\/2020\/03\/pzt-768.png 768w, https:\/\/apiagentura.gov.cz\/wp-content\/uploads\/2020\/03\/pzt-768-150x150.png 150w, https:\/\/apiagentura.gov.cz\/wp-content\/uploads\/2020\/03\/pzt-768-300x300.png 300w, https:\/\/apiagentura.gov.cz\/wp-content\/uploads\/2020\/03\/pzt-768-50x50.png 50w, https:\/\/apiagentura.gov.cz\/wp-content\/uploads\/2020\/03\/pzt-768-500x500.png 500w\" sizes=\"auto, (max-width: 768px) 100vw, 768px\" \/><\/td>\n<\/tr>\n<tr>\n<td style=\"width: 197px;\"><strong>Jak\u00e9 v\u00fddaje je mo\u017en\u00e9 podpo\u0159it\u00a0(zp\u016fsobil\u00e9 v\u00fddaje):<\/strong><\/p>\n<ul>\n<li>pro MSP: hardware a s\u00edt\u011b, stroje a za\u0159\u00edzen\u00ed, software a data, mzdy a pojistn\u00e9, cestovn\u00e9, materi\u00e1l<\/li>\n<li>pro ZO: mzdy a pojistn\u00e9, cestovn\u00e9, semin\u00e1\u0159e, workshopy, slu\u017eby expert\u016f, p\u0159\u00edstup k informac\u00edm, datab\u00e1z\u00edm<\/li>\n<li>ZO m\u016f\u017ee d\u00e1le uplatnit nep\u0159\u00edm\u00e9 (re\u017eijn\u00ed) v\u00fddaje. Zp\u016fsobil\u00e9 v\u00fddaje pro nep\u0159\u00edm\u00e9 v\u00fddaje jsou: osobn\u00ed n\u00e1klady administrativn\u00edch pracovn\u00edk\u016f, n\u00e1klady na vyu\u017eit\u00ed za\u0159\u00edzen\u00ed\u00a0znalostn\u00ed organizace, \u00fa\u010detnictv\u00ed, s\u00ed\u0165ov\u00e9 dod\u00e1vky, apod.<\/li>\n<\/ul>\n<\/td>\n<td style=\"width: 197px;\" rowspan=\"2\"><strong>Specifika a omezen\u00ed:<\/strong><\/p>\n<ul>\n<li>ka\u017ed\u00fd \u017eadatel (1 I\u010c) je opr\u00e1vn\u011bn p\u0159edlo\u017eit maxim\u00e1ln\u011b 2 projekty<\/li>\n<li>projekt mus\u00ed b\u00fdt realizov\u00e1n na \u00fazem\u00ed \u010cR mimo NUTS 2 Praha<\/li>\n<\/ul>\n<\/td>\n<\/tr>\n<tr>\n<td style=\"width: 197px;\" colspan=\"2\"><img loading=\"lazy\" decoding=\"async\" class=\"alignnone size-large wp-image-21774\" src=\"https:\/\/www.apiagentura.gov.cz\/wp-content\/uploads\/2020\/03\/pzt-vi-1072x500-1024x478.png\" alt=\"\" width=\"1024\" height=\"478\" srcset=\"https:\/\/apiagentura.gov.cz\/wp-content\/uploads\/2020\/03\/pzt-vi-1072x500-1024x478.png 1024w, https:\/\/apiagentura.gov.cz\/wp-content\/uploads\/2020\/03\/pzt-vi-1072x500-300x140.png 300w, https:\/\/apiagentura.gov.cz\/wp-content\/uploads\/2020\/03\/pzt-vi-1072x500-768x358.png 768w, https:\/\/apiagentura.gov.cz\/wp-content\/uploads\/2020\/03\/pzt-vi-1072x500-150x70.png 150w, https:\/\/apiagentura.gov.cz\/wp-content\/uploads\/2020\/03\/pzt-vi-1072x500-500x233.png 500w, https:\/\/apiagentura.gov.cz\/wp-content\/uploads\/2020\/03\/pzt-vi-1072x500.png 1072w\" sizes=\"auto, (max-width: 1024px) 100vw, 1024px\" \/><\/td>\n<\/tr>\n<\/tbody>\n<\/table>\n<p><\/p>","protected":false},"excerpt":{"rendered":"<p>V\u00fdzva sm\u011b\u0159uje na na pos\u00edlen\u00ed mobility a rozvoj transferu znalost\u00ed mezi podnikovou a akademickou sf\u00e9rou s c\u00edlem podpo\u0159it a urychlit inova\u010dn\u00ed procesy v podnic\u00edch a sbl\u00ed\u017een\u00ed v\u00fdzkumn\u00fdch t\u00e9mat prov\u00e1d\u011bn\u00fdch ve ve\u0159ejn\u00e9m sektoru s pot\u0159ebami podnik\u016f.<\/p>\n","protected":false},"author":1,"featured_media":0,"parent":116,"menu_order":0,"comment_status":"closed","ping_status":"closed","template":"","meta":{"inline_featured_image":false,"footnotes":""},"class_list":["post-21772","page","type-page","status-publish","hentry"],"publishpress_future_action":{"enabled":false,"date":"2026-05-02 07:50:26","action":"change-status","newStatus":"draft","terms":[],"taxonomy":"","extraData":[]},"publishpress_future_workflow_manual_trigger":{"enabledWorkflows":[]},"_links":{"self":[{"href":"https:\/\/apiagentura.gov.cz\/cs\/wp-json\/wp\/v2\/pages\/21772","targetHints":{"allow":["GET"]}}],"collection":[{"href":"https:\/\/apiagentura.gov.cz\/cs\/wp-json\/wp\/v2\/pages"}],"about":[{"href":"https:\/\/apiagentura.gov.cz\/cs\/wp-json\/wp\/v2\/types\/page"}],"author":[{"embeddable":true,"href":"https:\/\/apiagentura.gov.cz\/cs\/wp-json\/wp\/v2\/users\/1"}],"replies":[{"embeddable":true,"href":"https:\/\/apiagentura.gov.cz\/cs\/wp-json\/wp\/v2\/comments?post=21772"}],"version-history":[{"count":0,"href":"https:\/\/apiagentura.gov.cz\/cs\/wp-json\/wp\/v2\/pages\/21772\/revisions"}],"up":[{"embeddable":true,"href":"https:\/\/apiagentura.gov.cz\/cs\/wp-json\/wp\/v2\/pages\/116"}],"wp:attachment":[{"href":"https:\/\/apiagentura.gov.cz\/cs\/wp-json\/wp\/v2\/media?parent=21772"}],"curies":[{"name":"wp","href":"https:\/\/api.w.org\/{rel}","templated":true}]}}