{"id":22025,"date":"2020-04-14T12:55:09","date_gmt":"2020-04-14T10:55:09","guid":{"rendered":"https:\/\/www.apiagentura.gov.cz\/?page_id=22025"},"modified":"2021-04-14T10:01:34","modified_gmt":"2021-04-14T08:01:34","slug":"technologie-vyzva-covid-19","status":"publish","type":"page","link":"https:\/\/apiagentura.gov.cz\/cs\/programy-podpory\/technologie\/technologie-vyzva-covid-19\/","title":{"rendered":"Technologie COVID-19 &#8211; V\u00fdzva XII"},"content":{"rendered":"<p><\/p>\n<div><\/div>\n<h3>Ozn\u00e1men\u00ed pro \u017eadatele<\/h3>\n<p>Aktualizov\u00e1no dne 3. 9. 2020.<\/p>\n<p style=\"text-align: justify;\"><strong>Do\u0161lo k aktualizaci textu XII. V\u00fdzvy programu Technologie, a to na str. 5 kap. 5.1 Podm\u00ednky zp\u016fsobilosti v\u00fddaj\u016f, bod c). Nejzaz\u0161\u00ed datum pro vznik zp\u016fsobil\u00fdch v\u00fddaj\u016f bylo posunuto z\u00a031. 12. 2020 na nejzaz\u0161\u00ed datum zdaniteln\u00e9ho pln\u011bn\u00ed posledn\u00ed vy\u00fa\u010dtovac\u00ed faktury, kter\u00e9 je 6 m\u011bs\u00edc\u016f od vyd\u00e1n\u00ed rozhodnut\u00ed.<\/strong> D\u016fvodem zm\u011bny je d\u00e1n\u00ed do souladu v\u00fdzvou stanoven\u00e9 nejzaz\u0161\u00ed datum pro ukon\u010den\u00ed fyzick\u00e9 realizace operace, tj. nejd\u00e9le 6 m\u011bs\u00edc\u016f od data vyd\u00e1n\u00ed Rozhodnut\u00ed o poskytnut\u00ed dotace s\u00a0nejzaz\u0161\u00edm mo\u017en\u00fdm datem pro vyd\u00e1n\u00ed Rozhodnut\u00ed, kter\u00e9 bylo dle platn\u00e9 notifikace stanoveno na 31.12.2020.<\/p>\n<p style=\"text-align: justify;\">P\u016fvodn\u00ed text:<\/p>\n<p style=\"text-align: justify;\"><strong>5.1 Podm\u00ednky zp\u016fsobilosti v\u00fddaj\u016f<\/strong><\/p>\n<p style=\"text-align: justify;\"><strong>c) Mus\u00ed vzniknout nejd\u0159\u00edve v den 1. 2. 2020, p\u0159i\u010dem\u017e nejzaz\u0161\u00ed datum zdaniteln\u00e9ho pln\u011bn\u00ed posledn\u00ed vy\u00fa\u010dtovac\u00ed faktury je 31. 12. 2020.<\/strong><\/p>\n<p style=\"text-align: justify;\">Nov\u00fd text:<\/p>\n<p style=\"text-align: justify;\"><strong>5.1 Podm\u00ednky zp\u016fsobilosti v\u00fddaj\u016f<\/strong><\/p>\n<p style=\"text-align: justify;\"><strong>c) Mus\u00ed vzniknout nejd\u0159\u00edve v den 1. 2. 2020, p\u0159i\u010dem\u017e nejzaz\u0161\u00ed datum zdaniteln\u00e9ho pln\u011bn\u00ed posledn\u00ed vy\u00fa\u010dtovac\u00ed faktury je 6 m\u011bs\u00edc\u016f od vyd\u00e1n\u00ed rozhodnut\u00ed.<\/strong><\/p>\n<p>&nbsp;<\/p>\n<p>Dne 3.7.2020 byla nav\u00fd\u0161ena alokace na 560 mil. K\u010d<\/p>\n<p>&nbsp;<\/p>\n<p>Aktualizov\u00e1no dne 7. 5. 2020.<\/p>\n<p style=\"text-align: justify;\">Up\u0159es\u0148ujeme v\u00fdklad krit\u00e9ria pro hodnocen\u00ed \u010d. 4 MH v\u00fdzvy XII. COVID-19 programu Technologie t\u00fdkaj\u00edc\u00ed se napravitelnosti tzv. Transparentn\u00edho bal\u00ed\u010dku. <strong>Krit\u00e9rium je ozna\u010deno jako napraviteln\u00e9, proto pokud \u017eadatel nespln\u00ed ke dni pod\u00e1n\u00ed \u017e\u00e1dosti o podporu podm\u00ednky stanoven\u00e9 v\u00fdzvou odst. 4.2 body f-h, bude vyzv\u00e1n k odstran\u011bn\u00ed vad, a to ve lh\u016ft\u011b 8 pracovn\u00edch dn\u00ed n\u00e1sleduj\u00edc\u00edch<\/strong> ode dne p\u0159ed\u00e1n\u00ed v\u00fdzvy k odstran\u011bn\u00ed. \u017dadateli bude tedy v\u017edy umo\u017en\u011bno napravit vady v r\u00e1mci tohoto krit\u00e9ria pro hodnocen\u00ed.<\/p>\n<p style=\"text-align: justify;\"><strong>D\u00e1le up\u0159es\u0148ujeme povinnost \u017eadatele, vypl\u00fdvaj\u00edc\u00ed z tohoto krit\u00e9ria, uve\u0159ejnit v Obchodn\u00edm rejst\u0159\u00edku \u00da\u010detn\u00ed z\u00e1v\u011brku, \u010di dolo\u017eit n\u00e1vrh na z\u00e1pis do Obchodn\u00edho rejst\u0159\u00edku.<\/strong> Tato povinnost se net\u00fdk\u00e1 projekt\u016f s po\u017eadovanou dotac\u00ed pod 2,5 mil. K\u010d v\u010detn\u011b, dle odst. 4.2 bod f) v\u00fdzvy.<\/p>\n<p>&nbsp;<\/p>\n<p>Aktualizov\u00e1no dne 30. 4. 2020.<\/p>\n<p style=\"text-align: justify;\">V\u00e1\u017een\u00ed \u017eadatel\u00e9, informujeme V\u00e1s, \u017ee <strong>v\u00fdzva XII. COVID-19 v programu Technologie byla op\u011bt zp\u0159\u00edstupn\u011bna v ISKP14+ k zakl\u00e1d\u00e1n\u00ed nov\u00fdch \u017d\u00e1dost\u00ed o podporu a k editaci rozpracovan\u00fdch \u017e\u00e1dost\u00ed<\/strong>. \u017dadatel\u016fm, kte\u0159\u00ed ji\u017e maj\u00ed rozpracovanou \u017e\u00e1dost v ISKP14+, bude zasl\u00e1n e-mail s instrukcemi k po\u017eadovan\u00fdm \u00faprav\u00e1m vztahuj\u00edc\u00edm se k ve\u0159ejn\u00e9 podpo\u0159e. \u017d\u00e1dosti o podporu, kter\u00e9 se p\u0159ed 29. 4. 2020 nach\u00e1zely ji\u017e ve stavu Z3 \u201ePodeps\u00e1ny signat\u00e1\u0159i v\u00a0ISKP\u201c, byly odfinalizov\u00e1ny. <strong>U \u017e\u00e1dost\u00ed rozpracovan\u00fdch p\u0159ed 29. 4. 2020 bude nutn\u00e9 v\u00a0ISKP prov\u00e9st opravu Ve\u0159ejn\u00e9 podpory<\/strong> <strong>a prov\u00e9st nov\u00fd Rozpad zdroj\u016f financov\u00e1n\u00ed.<\/strong> N\u00e1vod naleznete <strong><a href=\"https:\/\/www.apiagentura.gov.cz\/wp-content\/uploads\/2020\/04\/oprava-verejne-podpory-vyzva-xii-covid.pdf\">ZDE<\/a>. <\/strong><\/p>\n<p style=\"text-align: justify;\"><strong>P\u0159\u00edjem \u017e\u00e1dost\u00ed o podporu bude zah\u00e1jen v pond\u011bl\u00ed 4. 5. 2020 v 10:00.<\/strong> V p\u0159\u00edpad\u011b v\u00fdrazn\u011bj\u0161\u00edho p\u0159evisu kvalitn\u00edch projekt\u016f\u00a0 lze o\u010dek\u00e1vat adekv\u00e1tn\u00ed nav\u00fd\u0161en\u00ed alokace na tuto v\u00fdzvu.<\/p>\n<p>&nbsp;<\/p>\n<p><strong>P\u0159\u00edjem \u017d\u00e1dosti<\/strong> o podporu do XII. V\u00fdzvy programu Technologie OPPIK <strong>bude odlo\u017een o t\u00fdden, tj. na 4. 5. 2020 10:00<\/strong>. V t\u00e9to souvislosti bude posunut i term\u00edn pro posledn\u00ed mo\u017en\u00e9 pod\u00e1n\u00ed \u017e\u00e1dost\u00ed, o to z 29. 5. 2020 10:00 na 5. 6. 2020 10:00.<\/p>\n<p>D\u016fvodem pro posunut\u00ed zah\u00e1jen\u00ed p\u0159\u00edjmu je nutn\u00fd z\u00e1sah do syst\u00e9mu MS2014+ za \u00fa\u010delem nov\u00e9ho nastaven\u00ed rozpo\u010dtu s vazbou na ve\u0159ejnou podporu.\u00a0Upozor\u0148ujeme, \u017ee s touto opravou <strong>bude nutn\u00e9<\/strong> u ji\u017e rozpracovan\u00fdch \u017d\u00e1dost\u00ed o podporu aktualizovat \u010d\u00edseln\u00edky vztahuj\u00edc\u00ed se k ve\u0159ejn\u00e9 podpo\u0159e \u2013 do\u010dasn\u00fd r\u00e1mec.\u00a0V t\u00e9to souvislosti bude na za\u010d\u00e1tku p\u0159\u00ed\u0161t\u00edho t\u00fddne aktualizovan\u00e1 p\u0159\u00edloha v\u00fdzvy \u010d. 5 Pravidla pro \u017eadatele a p\u0159\u00edjemce zvl. \u010d\u00e1st, o postup pro aktualizaci dat na rozpracovan\u00e9 \u017d\u00e1dosti o podporu.<\/p>\n<table class=\"call-detail\" style=\"height: 267px;\" width=\"538\">\n<tbody>\n<tr>\n<td style=\"width: 172px;\" rowspan=\"2\"><strong>Na co lze z\u00edskat podporu\u00a0(podporovan\u00e9 aktivity):<\/strong><\/p>\n<ul>\n<li>produkce materi\u00e1l\u016f, technologi\u00ed a produkt\u016f z oblasti zdravotnick\u00fdch prost\u0159edk\u016f a prost\u0159edk\u016f osobn\u00ed ochrany<\/li>\n<li>likvidace infek\u010dn\u00edho odpadu pro p\u0159\u00edm\u00fd boj proti dal\u0161\u00edmu\u00a0 \u0161\u00ed\u0159en\u00ed koronavirov\u00e9 infekce<\/li>\n<\/ul>\n<p><strong>Kdo m\u016f\u017ee \u017e\u00e1dat\u00a0(p\u0159\u00edjemci podpory):<\/strong><\/p>\n<ul>\n<li>mal\u00e9 a st\u0159edn\u00ed podniky<\/li>\n<\/ul>\n<p><strong>FAQ:<\/strong><\/p>\n<ul>\n<li>\u010dasto kladen\u00e9 dotazy k v\u00fdzv\u011b XII. COVID-19 k dispozici\u00a0<a href=\"https:\/\/www.apiagentura.gov.cz\/cs\/radce\/faq\/faq-program-technologie-covid-19\/\">ZDE<\/a><\/li>\n<\/ul>\n<p><strong>Syst\u00e9m sb\u011bru \u017e\u00e1dost\u00ed:<\/strong><\/p>\n<ul>\n<li>jednokolov\u00fd<\/li>\n<\/ul>\n<\/td>\n<td style=\"width: 172px;\"><strong>Kolik lze z\u00edskat na jeden projekt\u00a0(forma a v\u00fd\u0161e podpory):<\/strong><\/p>\n<ul>\n<li>dotace na projekt je poskytov\u00e1na minim\u00e1ln\u011b ve v\u00fd\u0161i 250 tis. K\u010d a maxim\u00e1ln\u011b do v\u00fd\u0161e 20 mil. K\u010d<\/li>\n<li>v \u017e\u00e1dosti o podporu bude dotace v\u017edy uvedena jako \u010d\u00e1stka rovnaj\u00edc\u00ed se maxim\u00e1ln\u011b 50 % zp\u016fsobil\u00fdch v\u00fddaj\u016f pro MSP<\/li>\n<li>v p\u0159\u00edpad\u011b po\u017eadovan\u00e9 dotace v \u017e\u00e1dosti o podporu 250 tis. \u2013 2,5 mil. K\u010d (v\u010detn\u011b) nen\u00ed kladen po\u017eadavek na historii spole\u010dnosti<\/li>\n<\/ul>\n<\/td>\n<td style=\"width: 172px;\"><img loading=\"lazy\" decoding=\"async\" class=\"alignnone size-full wp-image-21018\" src=\"https:\/\/www.apiagentura.gov.cz\/wp-content\/uploads\/2020\/02\/technologie-768.png\" alt=\"\" width=\"768\" height=\"768\" srcset=\"https:\/\/apiagentura.gov.cz\/wp-content\/uploads\/2020\/02\/technologie-768.png 768w, https:\/\/apiagentura.gov.cz\/wp-content\/uploads\/2020\/02\/technologie-768-150x150.png 150w, https:\/\/apiagentura.gov.cz\/wp-content\/uploads\/2020\/02\/technologie-768-300x300.png 300w\" sizes=\"auto, (max-width: 768px) 100vw, 768px\" \/><\/td>\n<\/tr>\n<tr>\n<td style=\"width: 172px;\"><strong>Jak\u00e9 v\u00fddaje je mo\u017en\u00e9 podpo\u0159it\u00a0(zp\u016fsobil\u00e9 v\u00fddaje):<\/strong><\/p>\n<ul>\n<li>dlouhodob\u00fd hmotn\u00fd majetek<\/li>\n<li>v\u00fddaje na po\u0159\u00edzen\u00ed stroj\u016f a za\u0159\u00edzen\u00ed a provozn\u00edch soubor\u016f, jejich\u017e v\u00fdsledkem bude produkce materi\u00e1l\u016f, technologi\u00ed a produkt\u016f z oblasti zdravotnick\u00fdch prost\u0159edk\u016f a osobn\u00edch ochrann\u00fdch\u00a0prost\u0159edk\u016f nebo likvidace infek\u010dn\u00edho odpadu<\/li>\n<\/ul>\n<\/td>\n<td style=\"width: 172px;\" rowspan=\"2\"><strong>Specifika a omezen\u00ed:<\/strong><\/p>\n<ul>\n<li>projekt <strong>nebyl<\/strong> zah\u00e1jen p\u0159ed datem 1. 2. 2020<\/li>\n<li>projekt mus\u00ed b\u00fdt realizov\u00e1n na \u00fazem\u00ed \u010cR mimo NUTS 2 Praha<\/li>\n<li>ka\u017ed\u00fd \u017eadatel (1 I\u010c) je opr\u00e1vn\u011bn p\u0159edlo\u017eit maxim\u00e1ln\u011b 1 projekt<\/li>\n<li>projekt mus\u00ed b\u00fdt jedno-etapov\u00fd<\/li>\n<\/ul>\n<\/td>\n<\/tr>\n<tr>\n<td style=\"width: 172px;\" colspan=\"2\"><img loading=\"lazy\" decoding=\"async\" class=\"alignnone size-large wp-image-22049\" src=\"https:\/\/www.apiagentura.gov.cz\/wp-content\/uploads\/2020\/04\/tech-covid-19-1072x500-1024x478.png\" alt=\"\" width=\"1024\" height=\"478\" srcset=\"https:\/\/apiagentura.gov.cz\/wp-content\/uploads\/2020\/04\/tech-covid-19-1072x500-1024x478.png 1024w, https:\/\/apiagentura.gov.cz\/wp-content\/uploads\/2020\/04\/tech-covid-19-1072x500-300x140.png 300w, https:\/\/apiagentura.gov.cz\/wp-content\/uploads\/2020\/04\/tech-covid-19-1072x500-768x358.png 768w, https:\/\/apiagentura.gov.cz\/wp-content\/uploads\/2020\/04\/tech-covid-19-1072x500-150x70.png 150w, https:\/\/apiagentura.gov.cz\/wp-content\/uploads\/2020\/04\/tech-covid-19-1072x500-500x233.png 500w, https:\/\/apiagentura.gov.cz\/wp-content\/uploads\/2020\/04\/tech-covid-19-1072x500.png 1072w\" sizes=\"auto, (max-width: 1024px) 100vw, 1024px\" \/><\/td>\n<\/tr>\n<\/tbody>\n<\/table>\n<p><\/p>","protected":false},"excerpt":{"rendered":"<p>C\u00edlem v\u00fdzvy COVID-19 je podporovat r\u016fst a posilov\u00e1n\u00ed konkurenceschopnosti mal\u00fdch a st\u0159edn\u00edch podnik\u016f v oblasti produkce zdravotnick\u00fdch prost\u0159edk\u016f a osobn\u00edch ochrann\u00fdch prost\u0159edk\u016f nebo likvidace infek\u010dn\u00edho odpadu pro p\u0159\u00edm\u00fd boj proti koronavirov\u00e9 infekci.<\/p>\n","protected":false},"author":1,"featured_media":0,"parent":124,"menu_order":0,"comment_status":"closed","ping_status":"closed","template":"","meta":{"inline_featured_image":false,"footnotes":""},"class_list":["post-22025","page","type-page","status-publish","hentry"],"publishpress_future_action":{"enabled":false,"date":"2026-05-07 01:19:08","action":"change-status","newStatus":"draft","terms":[],"taxonomy":"","extraData":[]},"publishpress_future_workflow_manual_trigger":{"enabledWorkflows":[]},"_links":{"self":[{"href":"https:\/\/apiagentura.gov.cz\/cs\/wp-json\/wp\/v2\/pages\/22025","targetHints":{"allow":["GET"]}}],"collection":[{"href":"https:\/\/apiagentura.gov.cz\/cs\/wp-json\/wp\/v2\/pages"}],"about":[{"href":"https:\/\/apiagentura.gov.cz\/cs\/wp-json\/wp\/v2\/types\/page"}],"author":[{"embeddable":true,"href":"https:\/\/apiagentura.gov.cz\/cs\/wp-json\/wp\/v2\/users\/1"}],"replies":[{"embeddable":true,"href":"https:\/\/apiagentura.gov.cz\/cs\/wp-json\/wp\/v2\/comments?post=22025"}],"version-history":[{"count":0,"href":"https:\/\/apiagentura.gov.cz\/cs\/wp-json\/wp\/v2\/pages\/22025\/revisions"}],"up":[{"embeddable":true,"href":"https:\/\/apiagentura.gov.cz\/cs\/wp-json\/wp\/v2\/pages\/124"}],"wp:attachment":[{"href":"https:\/\/apiagentura.gov.cz\/cs\/wp-json\/wp\/v2\/media?parent=22025"}],"curies":[{"name":"wp","href":"https:\/\/api.w.org\/{rel}","templated":true}]}}