{"id":22092,"date":"2020-04-16T14:16:04","date_gmt":"2020-04-16T12:16:04","guid":{"rendered":"https:\/\/www.apiagentura.gov.cz\/?page_id=22092"},"modified":"2021-01-27T11:32:38","modified_gmt":"2021-01-27T10:32:38","slug":"inovacni-vouchery-vyzva-v-covid-19","status":"publish","type":"page","link":"https:\/\/apiagentura.gov.cz\/cs\/programy-podpory\/inovacni-vouchery\/inovacni-vouchery-vyzva-v-covid-19\/","title":{"rendered":"Inova\u010dn\u00ed vouchery COVID-19 &#8211; V\u00fdzva V"},"content":{"rendered":"<p><\/p>\n<table class=\"call-detail\" style=\"height: 246px; width: 613px;\" width=\"631\">\n<tbody>\n<tr>\n<td style=\"width: 201px;\" rowspan=\"2\"><strong>Na co lze z\u00edskat podporu\u00a0(podporovan\u00e9 aktivity):<\/strong><\/p>\n<ul>\n<li>N\u00e1kup poradensk\u00fdch, expertn\u00edch a podp\u016frn\u00fdch slu\u017eeb v oblasti inovac\u00ed od organizac\u00ed pro<br \/>\nv\u00fdzkum a \u0161\u00ed\u0159en\u00ed znalost\u00ed nebo akreditovan\u00fdch laborato\u0159\u00ed<\/li>\n<\/ul>\n<p><strong>Kdo m\u016f\u017ee \u017e\u00e1dat\u00a0(p\u0159\u00edjemci podpory):<\/strong><\/p>\n<ul>\n<li>mal\u00e9 a st\u0159edn\u00ed podniky<\/li>\n<\/ul>\n<p><strong>FAQ:<\/strong><\/p>\n<ul>\n<li>\u010dasto kladen\u00e9 dotazy k programu Inova\u010dn\u00ed vouchery k dispozici\u00a0<a href=\"https:\/\/www.apiagentura.gov.cz\/cs\/radce\/faq\/faq-inovacni-vouchery\/\">ZDE<\/a><\/li>\n<\/ul>\n<p><strong>Syst\u00e9m sb\u011bru \u017e\u00e1dost\u00ed:<\/strong><\/p>\n<ul>\n<li>jednokolov\u00fd<\/li>\n<\/ul>\n<\/td>\n<td style=\"width: 198px;\"><strong>Kolik lze z\u00edskat na jeden projekt\u00a0(forma a v\u00fd\u0161e podpory):<\/strong><\/p>\n<ul>\n<li>dotace na projekt je poskytov\u00e1na minim\u00e1ln\u011b ve v\u00fd\u0161i 50 tis. K\u010d a maxim\u00e1ln\u011b do v\u00fd\u0161e 999 999 K\u010d<\/li>\n<li>podpora je poskytov\u00e1na v re\u017eimech 50 % a 85 % z prok\u00e1zan\u00fdch zp\u016fsobil\u00fdch v\u00fddaj\u016f<\/li>\n<li>pro v\u00fd\u0161i ZV od 58 824 do 498 823 K\u010d \u010din\u00ed m\u00edra podpory 85 %<\/li>\n<li>pro v\u00fd\u0161i ZV od 500 000 K\u010d do 1 999 999 K\u010d \u010din\u00ed m\u00edra podpory 50 %<\/li>\n<\/ul>\n<\/td>\n<td style=\"width: 192px;\"><img loading=\"lazy\" decoding=\"async\" class=\"alignnone size-full wp-image-22093\" src=\"https:\/\/www.apiagentura.gov.cz\/wp-content\/uploads\/2020\/04\/inovacni-vouchery-768.png\" alt=\"\" width=\"768\" height=\"768\" srcset=\"https:\/\/apiagentura.gov.cz\/wp-content\/uploads\/2020\/04\/inovacni-vouchery-768.png 768w, https:\/\/apiagentura.gov.cz\/wp-content\/uploads\/2020\/04\/inovacni-vouchery-768-150x150.png 150w, https:\/\/apiagentura.gov.cz\/wp-content\/uploads\/2020\/04\/inovacni-vouchery-768-300x300.png 300w, https:\/\/apiagentura.gov.cz\/wp-content\/uploads\/2020\/04\/inovacni-vouchery-768-50x50.png 50w, https:\/\/apiagentura.gov.cz\/wp-content\/uploads\/2020\/04\/inovacni-vouchery-768-500x500.png 500w\" sizes=\"auto, (max-width: 768px) 100vw, 768px\" \/><\/td>\n<\/tr>\n<tr>\n<td style=\"width: 198px;\"><strong>Jak\u00e9 v\u00fddaje je mo\u017en\u00e9 podpo\u0159it\u00a0(zp\u016fsobil\u00e9 v\u00fddaje):<\/strong><\/p>\n<p>poradensk\u00e9, expertn\u00ed a podp\u016frn\u00e9 slu\u017eby zam\u011b\u0159en\u00e9 na:<\/p>\n<ul>\n<li>m\u011b\u0159en\u00ed, diagnostika, testov\u00e1n\u00ed, zkou\u0161ky, rozbory, anal\u00fdzy, ov\u011b\u0159ov\u00e1n\u00ed, certifikace v\u00fdrobku, v\u00fdpo\u010dty, n\u00e1vrhy nov\u00fdch syst\u00e9m\u016f, technologick\u00fdch postup\u016f, unik\u00e1tn\u00edch konstruk\u010dn\u00edch \u0159e\u0161en\u00ed, modelov\u00e1n\u00ed, v\u00fdvoj softwaru, hardwaru, apod.<\/li>\n<\/ul>\n<\/td>\n<td style=\"width: 192px;\" rowspan=\"2\"><strong>Specifika a omezen\u00ed:<\/strong><\/p>\n<ul>\n<li>projekt mus\u00ed b\u00fdt realizov\u00e1n na \u00fazem\u00ed \u010cR mimo NUTS 2 Praha<\/li>\n<li>ka\u017ed\u00fd \u017eadatel ( 1 I\u010c) je opr\u00e1vn\u011bn p\u0159edlo\u017eit maxim\u00e1ln\u011b 3 projekty<\/li>\n<\/ul>\n<\/td>\n<\/tr>\n<tr>\n<td style=\"width: 405px;\" colspan=\"2\"><img loading=\"lazy\" decoding=\"async\" class=\"alignnone size-large wp-image-22094\" src=\"https:\/\/www.apiagentura.gov.cz\/wp-content\/uploads\/2020\/04\/iv-covid-19-1072x500-1024x478.png\" alt=\"\" width=\"1024\" height=\"478\" srcset=\"https:\/\/apiagentura.gov.cz\/wp-content\/uploads\/2020\/04\/iv-covid-19-1072x500-1024x478.png 1024w, https:\/\/apiagentura.gov.cz\/wp-content\/uploads\/2020\/04\/iv-covid-19-1072x500-300x140.png 300w, https:\/\/apiagentura.gov.cz\/wp-content\/uploads\/2020\/04\/iv-covid-19-1072x500-768x358.png 768w, https:\/\/apiagentura.gov.cz\/wp-content\/uploads\/2020\/04\/iv-covid-19-1072x500-150x70.png 150w, https:\/\/apiagentura.gov.cz\/wp-content\/uploads\/2020\/04\/iv-covid-19-1072x500-500x233.png 500w, https:\/\/apiagentura.gov.cz\/wp-content\/uploads\/2020\/04\/iv-covid-19-1072x500.png 1072w\" sizes=\"auto, (max-width: 1024px) 100vw, 1024px\" \/><\/td>\n<\/tr>\n<\/tbody>\n<\/table>\n<p><\/p>","protected":false},"excerpt":{"rendered":"<p>C\u00edlem v\u00fdzvy Inova\u010dn\u00ed vouchery COVID-19 je sd\u00edlen\u00ed poznatk\u016f a know-how mezi podnikovou a v\u00fdzkumnou sf\u00e9rou, kter\u00e9 mohou podnikatelsk\u00e9 subjekty vyu\u017e\u00edt pro boj proti koronavirov\u00e9 infekci, z toho vypl\u00fdvaj\u00edc\u00edch opat\u0159en\u00ed na zm\u00edrn\u011bn\u00ed dopadu dal\u0161\u00edho \u0161\u00ed\u0159en\u00ed a podporu vzniku preventivn\u00edch opat\u0159en\u00ed uplatniteln\u00fdch na trhu.<\/p>\n","protected":false},"author":1,"featured_media":0,"parent":122,"menu_order":0,"comment_status":"closed","ping_status":"closed","template":"","meta":{"inline_featured_image":false,"footnotes":""},"class_list":["post-22092","page","type-page","status-publish","hentry"],"publishpress_future_action":{"enabled":false,"date":"2026-05-07 01:19:17","action":"change-status","newStatus":"draft","terms":[],"taxonomy":"","extraData":[]},"publishpress_future_workflow_manual_trigger":{"enabledWorkflows":[]},"_links":{"self":[{"href":"https:\/\/apiagentura.gov.cz\/cs\/wp-json\/wp\/v2\/pages\/22092","targetHints":{"allow":["GET"]}}],"collection":[{"href":"https:\/\/apiagentura.gov.cz\/cs\/wp-json\/wp\/v2\/pages"}],"about":[{"href":"https:\/\/apiagentura.gov.cz\/cs\/wp-json\/wp\/v2\/types\/page"}],"author":[{"embeddable":true,"href":"https:\/\/apiagentura.gov.cz\/cs\/wp-json\/wp\/v2\/users\/1"}],"replies":[{"embeddable":true,"href":"https:\/\/apiagentura.gov.cz\/cs\/wp-json\/wp\/v2\/comments?post=22092"}],"version-history":[{"count":0,"href":"https:\/\/apiagentura.gov.cz\/cs\/wp-json\/wp\/v2\/pages\/22092\/revisions"}],"up":[{"embeddable":true,"href":"https:\/\/apiagentura.gov.cz\/cs\/wp-json\/wp\/v2\/pages\/122"}],"wp:attachment":[{"href":"https:\/\/apiagentura.gov.cz\/cs\/wp-json\/wp\/v2\/media?parent=22092"}],"curies":[{"name":"wp","href":"https:\/\/api.w.org\/{rel}","templated":true}]}}