{"id":22122,"date":"2020-04-16T16:34:12","date_gmt":"2020-04-16T14:34:12","guid":{"rendered":"https:\/\/www.apiagentura.gov.cz\/?page_id=22122"},"modified":"2021-07-20T14:33:11","modified_gmt":"2021-07-20T12:33:11","slug":"vysokorychlostni-internet-vyzva-iii-vznik-a-rozvoj-digitalnich-technickych-map-kraju-dtm","status":"publish","type":"page","link":"https:\/\/apiagentura.gov.cz\/cs\/programy-podpory\/vysokorychlostni-internet\/vysokorychlostni-internet-vyzva-iii-vznik-a-rozvoj-digitalnich-technickych-map-kraju-dtm\/","title":{"rendered":"Vysokorychlostn\u00ed internet &#8211; V\u00fdzva III Vznik a rozvoj digit\u00e1ln\u00edch technick\u00fdch map kraj\u016f (DTM)"},"content":{"rendered":"<p><\/p>\n<h4>Ozn\u00e1men\u00ed pro \u017eadatele<\/h4>\n<p><strong>20.7.2021:<\/strong> \u0158\u00eddic\u00ed org\u00e1n OP PIK rozhodl o <strong>nav\u00fd\u0161en\u00ed alokace<\/strong> ve V\u00fdzv\u011b III Vznik a rozvoj digit\u00e1ln\u00edch technick\u00fdch map kraj\u016f (DTM) o 460 mil. K\u010d, tzn. ze 2 mld. K\u010d na <strong>2 460 000 000 K\u010d<\/strong>.<\/p>\n<p><strong>14.4.2021:\u00a0<\/strong>Do\u0161lo k aktualizaci V\u00fdzvy III Vznik a rozvoj digit\u00e1ln\u00edch technick\u00fdch map kraj\u016f.<strong> Datum ukon\u010den\u00ed p\u0159\u00edjmu \u017e\u00e1dost\u00ed o podporu se prodlu\u017euje<\/strong>\u00a0z\u202f16.4.2021 09:00\u00a0<strong>na<\/strong>\u00a0<strong>16.9.2021 09:00 hod<\/strong>. V\u00a0P\u0159\u00edloze \u010d. 4 byla up\u0159esn\u011bna\u00a0<strong>zp\u016fsobilost mapov\u00e1n\u00ed a konsolidace DTI a objekt\u016f ZPS<\/strong>\u00a0u r\u016fzn\u00fdch pr\u00e1vnick\u00fdch osob a d\u00e1le byly up\u0159esn\u011bny\u00a0<strong>podm\u00ednky vyu\u017eit\u00ed leteck\u00e9 fotogrammetrie<\/strong>.<\/p>\n<p><strong>26.2.2021:<\/strong>\u00a0Dokument Dopl\u0148uj\u00edc\u00ed informace k P\u0159\u00edloze \u010d. 3 &#8211; Osnova studie proveditelnosti se aktualizoval z d\u016fvodu up\u0159esn\u011bn\u00ed pravidel zp\u016fsobilosti v\u00fddaj\u016f v kap. 13 Studie proveditelnosti.<\/p>\n<p>Do\u0161lo k aktualizaci dokumentu P\u0159\u00edloha \u010d. 4 &#8211; Pravidla pro \u017eadatele a p\u0159\u00edjemce dotace &#8211; zvl\u00e1\u0161tn\u00ed \u010d\u00e1st z d\u016fvodu up\u0159esn\u011bn\u00ed pravidel zp\u016fsobilosti v\u00fddaj\u016f v kap. 4.3.<\/p>\n<p><strong>12.2.2021:\u00a0<\/strong>Do\u0161lo k aktualizaci dokumentu Vysokorychlostn\u00ed internet &#8211; V\u00fdzva III \u2013 Vznik a rozvoj digit\u00e1ln\u00edch technick\u00fdch map kraj\u016f z d\u016fvodu zm\u011bny investi\u010dn\u00ed priority.<\/p>\n<p><strong>5.2.2021:<\/strong> Do\u0161lo k aktualizaci dokumentu Vysokorychlostn\u00ed internet &#8211; V\u00fdzva III \u2013 Vznik a rozvoj digit\u00e1ln\u00edch technick\u00fdch map kraj\u016f. Zm\u011bny jsou n\u00e1sleduj\u00edc\u00ed:<\/p>\n<p>\u017dadatelem \/ p\u0159\u00edjemcem nem\u016f\u017ee b\u00fdt subjekt, pokud k datu pod\u00e1n\u00ed \u017e\u00e1dosti o podporu podle sv\u00e9ho \u010destn\u00e9ho prohl\u00e1\u0161en\u00ed a ostatn\u00edch p\u0159\u00edloh\u00a0neuvedl v\u00a0Prohl\u00e1\u0161en\u00ed k \u017e\u00e1dosti o podporu bez de minimis \u00fadaje v rozsahu po\u017eadovan\u00e9m dle \u00a7 14, odst. 3, p\u00edsm. e) z\u00e1kona \u010d. 218\/2000Sb., o rozpo\u010dtov\u00fdch pravidlech a o zm\u011bn\u011b n\u011bkter\u00fdch souvisej\u00edc\u00edch z\u00e1kon\u016f, ve zn\u011bn\u00ed pozd\u011bj\u0161\u00edch p\u0159edpis\u016f.<\/p>\n<p>\u017dadatel mus\u00ed v okam\u017eiku pod\u00e1n\u00ed \u017e\u00e1dosti o podporu p\u0159edlo\u017eit krom\u011b jin\u00e9ho dokument Prohl\u00e1\u0161en\u00ed k \u017e\u00e1dosti o podporu bez de minimis.<\/p>\n<p><strong>28.1.2021:<\/strong> Byla schv\u00e1lena Metodika po\u0159izov\u00e1n\u00ed, spr\u00e1vy a zp\u016fsobu poskytov\u00e1n\u00ed dat digit\u00e1ln\u00ed technick\u00e9 mapy (metodika \u010c\u00daZK). V\u00a0souborech k\u00a0v\u00fdzv\u011b je tak\u00e9 zve\u0159ejn\u011bna d\u0159\u00edve vydan\u00e1 Technick\u00e1 specifikace slu\u017eeb rozhran\u00ed IS DMVS (metodika \u010c\u00daZK).<\/p>\n<p><strong>23.11.2020:<\/strong> Byla aktualizov\u00e1na p\u0159\u00edloha \u010d.4 Pravidla pro \u017eadatele a p\u0159\u00edjemce &#8211; zvl\u00e1\u0161tn\u00ed \u010d\u00e1st.<\/p>\n<p>Zm\u011bny se t\u00fdkaj\u00ed zm\u011bny up\u0159esn\u011bn\u00ed m\u011brn\u00e9 jednotky Indik\u00e1toru 30202 Po\u010det po\u0159\u00edzen\u00fdch digit\u00e1ln\u00edch technick\u00fdch map pro aktivitu Vznik a rozvoj digit\u00e1ln\u00edch technick\u00fdch map kraj\u016f v odstavci 3.1.1.<\/p>\n<p><strong>23.11.2020:<\/strong> Byla aktualizov\u00e1na p\u0159\u00edloha \u010d.7 Specifikace technick\u00fdch standard\u016f.<\/p>\n<p>Zm\u011bna se t\u00fdk\u00e1 upozorn\u011bn\u00ed na mo\u017enost pod\u00e1n\u00ed od\u016fvodn\u011bn\u00e9 \u017e\u00e1dosti o zm\u011bnu projektu v p\u0159\u00edpad\u011b, \u017ee pro spln\u011bn\u00ed c\u00edle projektu bude nutn\u00e9 vyu\u017e\u00edt jin\u00e9 ne\u017e uveden\u00e9 postupy \u010di metody.<\/p>\n<p><strong>23. 10. 2020:\u00a0<\/strong>Byla aktualizov\u00e1na p\u0159\u00edloha \u010d.7 Specifikace technick\u00fdch standard\u016f.<\/p>\n<p>Zm\u011bny se t\u00fdkaj\u00ed p\u0159edev\u0161\u00edm kapitoly \u010d. 5 Datov\u00e1 architektura a po\u017eadavky na kvalitu datov\u00e9 b\u00e1ze.<\/p>\n<p>Dopln\u011bn\u00ed jsou navrhov\u00e1na zejm\u00e9na z d\u016fvod\u016f uveden\u00ed do souladu s aktu\u00e1ln\u00edm zn\u011bn\u00edm n\u00e1vrhu vyhl\u00e1\u0161ky o DTM kraje, d\u00e1le pak za \u00fa\u010delem up\u0159esn\u011bn\u00ed kvality po\u0159izovan\u00fdch dat, up\u0159esn\u011bn\u00ed n\u011bkter\u00fdch funkcionalit komponent IS DTM, nebo odstran\u011bn\u00ed rozhran\u00ed, kter\u00e1 v sou\u010dasn\u00e9 dob\u011b nejsou nikde v\u00edce specifikov\u00e1na a nen\u00ed mo\u017en\u00e9 kraje zavazovat k jejich pln\u011bn\u00ed, atd.<\/p>\n<table class=\"call-detail\" style=\"height: 295px;\" width=\"688\">\n<tbody>\n<tr>\n<td style=\"width: 222px;\" rowspan=\"2\"><strong>Na co lze z\u00edskat podporu\u00a0(podporovan\u00e9 aktivity):<\/strong><\/p>\n<ul>\n<li>po\u0159\u00edzen\u00ed a rozvoj digit\u00e1ln\u00edch technick\u00fdch map kraj\u016f (DTM)<\/li>\n<li>po\u0159\u00edzen\u00ed a rozvoj informa\u010dn\u00edho syst\u00e9mu (IS DTM kraje)<\/li>\n<\/ul>\n<p><strong>Kdo m\u016f\u017ee \u017e\u00e1dat\u00a0(p\u0159\u00edjemci podpory):<\/strong><\/p>\n<ul>\n<li>v\u0161ichni u\u017eivatel\u00e9 DTM<\/li>\n<\/ul>\n<p><strong>FAQ:<\/strong><\/p>\n<ul>\n<li>\u010dasto kladen\u00e9 dotazy k programu Vysokorychlostn\u00ed internet k dispozici <a href=\"https:\/\/www.apiagentura.gov.cz\/cs\/radce\/faq\/faq-program-vysokorychlostni-internet-vznik-a-rozvoj-digitalnich-technickych-map\/\">ZDE<\/a><\/li>\n<\/ul>\n<p><strong>Syst\u00e9m sb\u011bru \u017e\u00e1dost\u00ed:<\/strong><\/p>\n<ul>\n<li>jednokolov\u00fd<\/li>\n<\/ul>\n<\/td>\n<td style=\"width: 222px;\"><strong>Kolik lze z\u00edskat na jeden projekt\u00a0(forma a v\u00fd\u0161e podpory):<\/strong><\/p>\n<ul>\n<li>dotace na projekt je poskytov\u00e1na minim\u00e1ln\u011b ve v\u00fd\u0161i 5 mil. K\u010d a maxim\u00e1ln\u011b do v\u00fd\u0161e 200 mil. K\u010d<\/li>\n<li>m\u00edra podpory je 85 % ze zp\u016fsobil\u00fdch v\u00fddaj\u016f<\/li>\n<\/ul>\n<p>&nbsp;<\/td>\n<td style=\"width: 222px;\"><img loading=\"lazy\" decoding=\"async\" class=\"alignnone size-full wp-image-22123\" src=\"https:\/\/www.apiagentura.gov.cz\/wp-content\/uploads\/2020\/04\/vysokorychlostni-internet-768.png\" alt=\"\" width=\"768\" height=\"768\" srcset=\"https:\/\/apiagentura.gov.cz\/wp-content\/uploads\/2020\/04\/vysokorychlostni-internet-768.png 768w, https:\/\/apiagentura.gov.cz\/wp-content\/uploads\/2020\/04\/vysokorychlostni-internet-768-150x150.png 150w, https:\/\/apiagentura.gov.cz\/wp-content\/uploads\/2020\/04\/vysokorychlostni-internet-768-300x300.png 300w, https:\/\/apiagentura.gov.cz\/wp-content\/uploads\/2020\/04\/vysokorychlostni-internet-768-50x50.png 50w, https:\/\/apiagentura.gov.cz\/wp-content\/uploads\/2020\/04\/vysokorychlostni-internet-768-500x500.png 500w\" sizes=\"auto, (max-width: 768px) 100vw, 768px\" \/><\/td>\n<\/tr>\n<tr>\n<td style=\"width: 222px;\"><strong>Jak\u00e9 v\u00fddaje je mo\u017en\u00e9 podpo\u0159it\u00a0(zp\u016fsobil\u00e9 v\u00fddaje):<\/strong><\/p>\n<ul>\n<li>dlouhodob\u00fd hmotn\u00fd majetek<\/li>\n<li>dlouhodob\u00fd nehmotn\u00fd majetek<\/li>\n<li>slu\u017eby poradc\u016f, expert\u016f, studie<\/li>\n<li>n\u00e1klady na zaji\u0161t\u011bn\u00ed organizace v\u00fdb\u011brov\u00fdch \u0159\u00edzen\u00ed<\/li>\n<li>povinn\u00e1 publicita<\/li>\n<\/ul>\n<\/td>\n<td style=\"width: 222px;\" rowspan=\"2\"><strong>Specifika a omezen\u00ed:<\/strong><\/p>\n<ul>\n<li>projekt mus\u00ed b\u00fdt realizov\u00e1n na \u00fazem\u00ed \u010cR mimo NUTS 2 Praha<\/li>\n<li>\u017eadatelem\/p\u0159\u00edjemcem m\u016f\u017ee b\u00fdt kraj, kter\u00fd mus\u00ed v\u00e9st odd\u011blen\u00e9 \u00fa\u010detnictv\u00ed u projektu<\/li>\n<\/ul>\n<\/td>\n<\/tr>\n<tr>\n<td style=\"width: 222px;\" colspan=\"2\"><img loading=\"lazy\" decoding=\"async\" class=\"alignnone size-large wp-image-22125\" src=\"https:\/\/www.apiagentura.gov.cz\/wp-content\/uploads\/2020\/04\/vi-iii-1072x500-1024x478.png\" alt=\"\" width=\"1024\" height=\"478\" srcset=\"https:\/\/apiagentura.gov.cz\/wp-content\/uploads\/2020\/04\/vi-iii-1072x500-1024x478.png 1024w, https:\/\/apiagentura.gov.cz\/wp-content\/uploads\/2020\/04\/vi-iii-1072x500-300x140.png 300w, https:\/\/apiagentura.gov.cz\/wp-content\/uploads\/2020\/04\/vi-iii-1072x500-768x358.png 768w, https:\/\/apiagentura.gov.cz\/wp-content\/uploads\/2020\/04\/vi-iii-1072x500-150x70.png 150w, https:\/\/apiagentura.gov.cz\/wp-content\/uploads\/2020\/04\/vi-iii-1072x500-500x233.png 500w, https:\/\/apiagentura.gov.cz\/wp-content\/uploads\/2020\/04\/vi-iii-1072x500.png 1072w\" sizes=\"auto, (max-width: 1024px) 100vw, 1024px\" \/><\/td>\n<\/tr>\n<\/tbody>\n<\/table>\n<p><\/p>","protected":false},"excerpt":{"rendered":"<p>C\u00edlem v\u00fdzvy je usnadnit a sn\u00ed\u017eit n\u00e1klady na zav\u00e1d\u011bn\u00ed vysokorychlostn\u00edch s\u00edt\u00ed elektronick\u00fdch komunikac\u00ed sd\u00edlen\u00edm existuj\u00edc\u00ed fyzick\u00e9 infrastruktury a lep\u0161\u00ed koordinac\u00ed stavebn\u00edch prac\u00ed p\u0159i budov\u00e1n\u00ed nov\u00e9 NGA infrastruktury a sou\u010dasn\u011b vytvo\u0159it digit\u00e1ln\u00ed technick\u00e9 mapy kraj\u016f.<\/p>\n","protected":false},"author":1,"featured_media":0,"parent":148,"menu_order":0,"comment_status":"closed","ping_status":"closed","template":"","meta":{"inline_featured_image":false,"footnotes":""},"class_list":["post-22122","page","type-page","status-publish","hentry"],"publishpress_future_action":{"enabled":false,"date":"2026-05-06 23:48:20","action":"change-status","newStatus":"draft","terms":[],"taxonomy":"","extraData":[]},"publishpress_future_workflow_manual_trigger":{"enabledWorkflows":[]},"_links":{"self":[{"href":"https:\/\/apiagentura.gov.cz\/cs\/wp-json\/wp\/v2\/pages\/22122","targetHints":{"allow":["GET"]}}],"collection":[{"href":"https:\/\/apiagentura.gov.cz\/cs\/wp-json\/wp\/v2\/pages"}],"about":[{"href":"https:\/\/apiagentura.gov.cz\/cs\/wp-json\/wp\/v2\/types\/page"}],"author":[{"embeddable":true,"href":"https:\/\/apiagentura.gov.cz\/cs\/wp-json\/wp\/v2\/users\/1"}],"replies":[{"embeddable":true,"href":"https:\/\/apiagentura.gov.cz\/cs\/wp-json\/wp\/v2\/comments?post=22122"}],"version-history":[{"count":0,"href":"https:\/\/apiagentura.gov.cz\/cs\/wp-json\/wp\/v2\/pages\/22122\/revisions"}],"up":[{"embeddable":true,"href":"https:\/\/apiagentura.gov.cz\/cs\/wp-json\/wp\/v2\/pages\/148"}],"wp:attachment":[{"href":"https:\/\/apiagentura.gov.cz\/cs\/wp-json\/wp\/v2\/media?parent=22122"}],"curies":[{"name":"wp","href":"https:\/\/api.w.org\/{rel}","templated":true}]}}